{"id":7430,"date":"2022-07-01T08:27:59","date_gmt":"2022-07-01T06:27:59","guid":{"rendered":"http:\/\/www.parruccheonline.com\/stagingg\/prodotto\/default-category\/tutte-le-parrucche\/best-seller\/parrucche-change\/parrucca-diva-mono-part\/"},"modified":"2025-03-10T11:21:49","modified_gmt":"2025-03-10T10:21:49","slug":"parrucca-diva-mono-part","status":"publish","type":"product","link":"https:\/\/www.parruccheonline.com\/stagingg\/parrucca-diva-mono-part\/","title":{"rendered":"Parrucca Diva Mono Part"},"content":{"rendered":"<p>Parrucca Diva Mono Part in fibra sintetica termoresistente della collezione Changes di Ellen Wille.<br \/>\nUn modello lungo e mosso, con monofilamento sulla riga centrale per un effetto cute che la render\u00e0 ancora pi\u00f9 naturale. Impreziosita dal lace frontale (attaccatura frontale invisibile) che ti permetter\u00e0 di tenere il ciuffo scostato dalla fronte.<br \/>\nLa fibra termoresistente con cui \u00e8 creata vi dar\u00e0 l&#8217;opportunit\u00e0 di modificare la piega secondo il proprio gusto personale.<br \/>\nConsigliamo l&#8217;utilizzo di una piastra con regolazione di temperatura, utilizzabile fino a un massimo di 130\u00b0.<\/p>\n<p>Dispositivo medico CE<\/p>\n<p>Spedizione gratuita in tutta Italia<\/p>\n","protected":false},"excerpt":{"rendered":"<p>Parrucca in fibra sintetica termoresistente della collezione Changes di Ellen Wille.<\/p>\n<p>I colori delle foto sono indicativamente champagne con effetto finta ricrescita e tabacco con finta ricrescita.<\/p>\n<p>Taglia : 54-56 cm<\/p>\n","protected":false},"featured_media":7419,"comment_status":"open","ping_status":"closed","template":"","meta":{"_acf_changed":false},"product_cat":[1593,1594,1600,1621,1610,1597,1550,1554,1580],"product_tag":[],"class_list":{"0":"post-7430","1":"product","2":"type-product","3":"status-publish","4":"has-post-thumbnail","6":"product_cat-tutte-le-parrucche","7":"product_cat-tutte-le-parrucche-donna","8":"product_cat-parrucche-sintetiche-donna","9":"product_cat-parrucche-change","10":"product_cat-best-seller","11":"product_cat-parrucche-chemioterapia-donna","12":"product_cat-parrucche-lunghe","13":"product_cat-parrucche-ricce-e-mosse","14":"product_cat-ellen-wille-parrucche","15":"pa_brand-marchi-ellen-wille","16":"pa_colori_parrucche-candyblonde-rooted","17":"pa_colori_parrucche-14-castanochiaroconfintaricre","18":"pa_colori_parrucche-02-champagneconfintaricrescit","19":"pa_colori_parrucche-2d-cioccolatoconfintaricresci","20":"pa_colori_parrucche-e6-cioccolatoscuroconeffettof","21":"pa_colori_parrucche-b7-espressoconfintaricrescita","22":"pa_colori_parrucche-bf-tabaccoconfintaricrescita_","23":"pa_dispositivo_medico-si","24":"pa_featured-no","25":"pa_lace_front_attaccatura-si","26":"pa_lavorazione_parrucca-c6-amacchinaconmonofilamentos","27":"pa_piega-mossa","28":"pa_taglia-parrucca-media","29":"pa_taglio-lungo","30":"pa_tipologia_capelli-fibratermoresistente","32":"first","33":"instock","34":"sale","35":"taxable","36":"shipping-taxable","37":"purchasable","38":"product-type-variable","swatches":"rey-swatches","show_selected":""},"acf":[],"yoast_head":"<!-- This site is optimized with the Yoast SEO Premium plugin v24.8 (Yoast SEO v27.0) - https:\/\/yoast.com\/product\/yoast-seo-premium-wordpress\/ -->\n<title>Parrucca Diva Mono Part<\/title>\n<meta name=\"description\" content=\"parrucca sintetica in fibra termoresistente, una fibra innovativa per cambiare piega alla tua parrucca solo su parruccheonline.com\" \/>\n<meta name=\"robots\" content=\"noindex, follow, max-snippet:-1, max-image-preview:large, max-video-preview:-1\" \/>\n<meta property=\"og:locale\" content=\"it_IT\" \/>\n<meta property=\"og:type\" content=\"article\" \/>\n<meta property=\"og:title\" content=\"Parrucca Diva Mono Part\" \/>\n<meta property=\"og:description\" content=\"parrucca sintetica in fibra termoresistente, una fibra innovativa per cambiare piega alla tua parrucca solo su parruccheonline.com\" \/>\n<meta property=\"og:url\" content=\"https:\/\/www.parruccheonline.com\/stagingg\/parrucca-diva-mono-part\/\" \/>\n<meta property=\"og:site_name\" content=\"Parrucche Online\" \/>\n<meta property=\"article:publisher\" content=\"https:\/\/www.facebook.com\/farcaphair\" \/>\n<meta property=\"article:modified_time\" content=\"2025-03-10T10:21:49+00:00\" \/>\n<meta property=\"og:image\" content=\"https:\/\/www.parruccheonline.com\/stagingg\/wp-content\/uploads\/2022\/07\/diva_02.jpg\" \/>\n\t<meta property=\"og:image:width\" content=\"726\" \/>\n\t<meta property=\"og:image:height\" content=\"900\" \/>\n\t<meta property=\"og:image:type\" content=\"image\/jpeg\" \/>\n<meta name=\"twitter:card\" content=\"summary_large_image\" \/>\n<script type=\"application\/ld+json\" class=\"yoast-schema-graph\">{\"@context\":\"https:\/\/schema.org\",\"@graph\":[{\"@type\":\"WebPage\",\"@id\":\"https:\/\/www.parruccheonline.com\/stagingg\/parrucca-diva-mono-part\/\",\"url\":\"https:\/\/www.parruccheonline.com\/stagingg\/parrucca-diva-mono-part\/\",\"name\":\"Parrucca Diva Mono Part\",\"isPartOf\":{\"@id\":\"https:\/\/www.parruccheonline.com\/#website\"},\"primaryImageOfPage\":{\"@id\":\"https:\/\/www.parruccheonline.com\/stagingg\/parrucca-diva-mono-part\/#primaryimage\"},\"image\":{\"@id\":\"https:\/\/www.parruccheonline.com\/stagingg\/parrucca-diva-mono-part\/#primaryimage\"},\"thumbnailUrl\":\"https:\/\/www.parruccheonline.com\/stagingg\/wp-content\/uploads\/2022\/07\/diva_02.jpg\",\"datePublished\":\"2022-07-01T06:27:59+00:00\",\"dateModified\":\"2025-03-10T10:21:49+00:00\",\"description\":\"parrucca sintetica in fibra termoresistente, una fibra innovativa per cambiare piega alla tua parrucca solo su parruccheonline.com\",\"breadcrumb\":{\"@id\":\"https:\/\/www.parruccheonline.com\/stagingg\/parrucca-diva-mono-part\/#breadcrumb\"},\"inLanguage\":\"it-IT\",\"potentialAction\":[{\"@type\":\"ReadAction\",\"target\":[\"https:\/\/www.parruccheonline.com\/stagingg\/parrucca-diva-mono-part\/\"]}]},{\"@type\":\"ImageObject\",\"inLanguage\":\"it-IT\",\"@id\":\"https:\/\/www.parruccheonline.com\/stagingg\/parrucca-diva-mono-part\/#primaryimage\",\"url\":\"https:\/\/www.parruccheonline.com\/stagingg\/wp-content\/uploads\/2022\/07\/diva_02.jpg\",\"contentUrl\":\"https:\/\/www.parruccheonline.com\/stagingg\/wp-content\/uploads\/2022\/07\/diva_02.jpg\",\"width\":726,\"height\":900,\"caption\":\"Parrucca Diva Mono Part\"},{\"@type\":\"BreadcrumbList\",\"@id\":\"https:\/\/www.parruccheonline.com\/stagingg\/parrucca-diva-mono-part\/#breadcrumb\",\"itemListElement\":[{\"@type\":\"ListItem\",\"position\":1,\"name\":\"Home\",\"item\":\"https:\/\/www.parruccheonline.com\/stagingg\/\"},{\"@type\":\"ListItem\",\"position\":2,\"name\":\"Shop\",\"item\":\"https:\/\/www.parruccheonline.com\/stagingg\/shop\/\"},{\"@type\":\"ListItem\",\"position\":3,\"name\":\"Parrucca Diva Mono Part\"}]},{\"@type\":\"WebSite\",\"@id\":\"https:\/\/www.parruccheonline.com\/#website\",\"url\":\"https:\/\/www.parruccheonline.com\/\",\"name\":\"Parrucche Online\",\"description\":\"\",\"publisher\":{\"@id\":\"https:\/\/www.parruccheonline.com\/#organization\"},\"potentialAction\":[{\"@type\":\"SearchAction\",\"target\":{\"@type\":\"EntryPoint\",\"urlTemplate\":\"https:\/\/www.parruccheonline.com\/?s={search_term_string}\"},\"query-input\":{\"@type\":\"PropertyValueSpecification\",\"valueRequired\":true,\"valueName\":\"search_term_string\"}}],\"inLanguage\":\"it-IT\"},{\"@type\":\"Organization\",\"@id\":\"https:\/\/www.parruccheonline.com\/#organization\",\"name\":\"Parrucche Online\",\"url\":\"https:\/\/www.parruccheonline.com\/\",\"logo\":{\"@type\":\"ImageObject\",\"inLanguage\":\"it-IT\",\"@id\":\"https:\/\/www.parruccheonline.com\/#\/schema\/logo\/image\/\",\"url\":\"http:\/\/www.parruccheonline.com\/stagingg\/wp-content\/uploads\/2024\/11\/logo_parrucche-online_nero.svg\",\"contentUrl\":\"http:\/\/www.parruccheonline.com\/stagingg\/wp-content\/uploads\/2024\/11\/logo_parrucche-online_nero.svg\",\"width\":1000,\"height\":280,\"caption\":\"Parrucche Online\"},\"image\":{\"@id\":\"https:\/\/www.parruccheonline.com\/#\/schema\/logo\/image\/\"},\"sameAs\":[\"https:\/\/www.facebook.com\/farcaphair\",\"https:\/\/www.instagram.com\/parrucche_online_official\/\"]}]}<\/script>\n<!-- \/ Yoast SEO Premium plugin. -->","yoast_head_json":{"title":"Parrucca Diva Mono Part","description":"parrucca sintetica in fibra termoresistente, una fibra innovativa per cambiare piega alla tua parrucca solo su parruccheonline.com","robots":{"index":"noindex","follow":"follow","max-snippet":"max-snippet:-1","max-image-preview":"max-image-preview:large","max-video-preview":"max-video-preview:-1"},"og_locale":"it_IT","og_type":"article","og_title":"Parrucca Diva Mono Part","og_description":"parrucca sintetica in fibra termoresistente, una fibra innovativa per cambiare piega alla tua parrucca solo su parruccheonline.com","og_url":"https:\/\/www.parruccheonline.com\/stagingg\/parrucca-diva-mono-part\/","og_site_name":"Parrucche Online","article_publisher":"https:\/\/www.facebook.com\/farcaphair","article_modified_time":"2025-03-10T10:21:49+00:00","og_image":[{"width":726,"height":900,"url":"https:\/\/www.parruccheonline.com\/stagingg\/wp-content\/uploads\/2022\/07\/diva_02.jpg","type":"image\/jpeg"}],"twitter_card":"summary_large_image","schema":{"@context":"https:\/\/schema.org","@graph":[{"@type":"WebPage","@id":"https:\/\/www.parruccheonline.com\/stagingg\/parrucca-diva-mono-part\/","url":"https:\/\/www.parruccheonline.com\/stagingg\/parrucca-diva-mono-part\/","name":"Parrucca Diva Mono Part","isPartOf":{"@id":"https:\/\/www.parruccheonline.com\/#website"},"primaryImageOfPage":{"@id":"https:\/\/www.parruccheonline.com\/stagingg\/parrucca-diva-mono-part\/#primaryimage"},"image":{"@id":"https:\/\/www.parruccheonline.com\/stagingg\/parrucca-diva-mono-part\/#primaryimage"},"thumbnailUrl":"https:\/\/www.parruccheonline.com\/stagingg\/wp-content\/uploads\/2022\/07\/diva_02.jpg","datePublished":"2022-07-01T06:27:59+00:00","dateModified":"2025-03-10T10:21:49+00:00","description":"parrucca sintetica in fibra termoresistente, una fibra innovativa per cambiare piega alla tua parrucca solo su parruccheonline.com","breadcrumb":{"@id":"https:\/\/www.parruccheonline.com\/stagingg\/parrucca-diva-mono-part\/#breadcrumb"},"inLanguage":"it-IT","potentialAction":[{"@type":"ReadAction","target":["https:\/\/www.parruccheonline.com\/stagingg\/parrucca-diva-mono-part\/"]}]},{"@type":"ImageObject","inLanguage":"it-IT","@id":"https:\/\/www.parruccheonline.com\/stagingg\/parrucca-diva-mono-part\/#primaryimage","url":"https:\/\/www.parruccheonline.com\/stagingg\/wp-content\/uploads\/2022\/07\/diva_02.jpg","contentUrl":"https:\/\/www.parruccheonline.com\/stagingg\/wp-content\/uploads\/2022\/07\/diva_02.jpg","width":726,"height":900,"caption":"Parrucca Diva Mono Part"},{"@type":"BreadcrumbList","@id":"https:\/\/www.parruccheonline.com\/stagingg\/parrucca-diva-mono-part\/#breadcrumb","itemListElement":[{"@type":"ListItem","position":1,"name":"Home","item":"https:\/\/www.parruccheonline.com\/stagingg\/"},{"@type":"ListItem","position":2,"name":"Shop","item":"https:\/\/www.parruccheonline.com\/stagingg\/shop\/"},{"@type":"ListItem","position":3,"name":"Parrucca Diva Mono Part"}]},{"@type":"WebSite","@id":"https:\/\/www.parruccheonline.com\/#website","url":"https:\/\/www.parruccheonline.com\/","name":"Parrucche Online","description":"","publisher":{"@id":"https:\/\/www.parruccheonline.com\/#organization"},"potentialAction":[{"@type":"SearchAction","target":{"@type":"EntryPoint","urlTemplate":"https:\/\/www.parruccheonline.com\/?s={search_term_string}"},"query-input":{"@type":"PropertyValueSpecification","valueRequired":true,"valueName":"search_term_string"}}],"inLanguage":"it-IT"},{"@type":"Organization","@id":"https:\/\/www.parruccheonline.com\/#organization","name":"Parrucche Online","url":"https:\/\/www.parruccheonline.com\/","logo":{"@type":"ImageObject","inLanguage":"it-IT","@id":"https:\/\/www.parruccheonline.com\/#\/schema\/logo\/image\/","url":"http:\/\/www.parruccheonline.com\/stagingg\/wp-content\/uploads\/2024\/11\/logo_parrucche-online_nero.svg","contentUrl":"http:\/\/www.parruccheonline.com\/stagingg\/wp-content\/uploads\/2024\/11\/logo_parrucche-online_nero.svg","width":1000,"height":280,"caption":"Parrucche Online"},"image":{"@id":"https:\/\/www.parruccheonline.com\/#\/schema\/logo\/image\/"},"sameAs":["https:\/\/www.facebook.com\/farcaphair","https:\/\/www.instagram.com\/parrucche_online_official\/"]}]}},"_links":{"self":[{"href":"https:\/\/www.parruccheonline.com\/stagingg\/wp-json\/wp\/v2\/product\/7430","targetHints":{"allow":["GET"]}}],"collection":[{"href":"https:\/\/www.parruccheonline.com\/stagingg\/wp-json\/wp\/v2\/product"}],"about":[{"href":"https:\/\/www.parruccheonline.com\/stagingg\/wp-json\/wp\/v2\/types\/product"}],"replies":[{"embeddable":true,"href":"https:\/\/www.parruccheonline.com\/stagingg\/wp-json\/wp\/v2\/comments?post=7430"}],"wp:featuredmedia":[{"embeddable":true,"href":"https:\/\/www.parruccheonline.com\/stagingg\/wp-json\/wp\/v2\/media\/7419"}],"wp:attachment":[{"href":"https:\/\/www.parruccheonline.com\/stagingg\/wp-json\/wp\/v2\/media?parent=7430"}],"wp:term":[{"taxonomy":"product_cat","embeddable":true,"href":"https:\/\/www.parruccheonline.com\/stagingg\/wp-json\/wp\/v2\/product_cat?post=7430"},{"taxonomy":"product_tag","embeddable":true,"href":"https:\/\/www.parruccheonline.com\/stagingg\/wp-json\/wp\/v2\/product_tag?post=7430"}],"curies":[{"name":"wp","href":"https:\/\/api.w.org\/{rel}","templated":true}]}}