{"id":7336,"date":"2022-06-20T13:57:45","date_gmt":"2022-06-20T11:57:45","guid":{"rendered":"http:\/\/www.parruccheonline.com\/stagingg\/prodotto\/default-category\/tutte-le-parrucche\/best-seller\/parrucche-change\/parrucca-anima\/"},"modified":"2025-03-10T11:01:59","modified_gmt":"2025-03-10T10:01:59","slug":"parrucca-anima","status":"publish","type":"product","link":"https:\/\/www.parruccheonline.com\/stagingg\/parrucca-anima\/","title":{"rendered":"Parrucca Anima"},"content":{"rendered":"<p>Parrucca Anima in fibra sintetica termoresistente della collezione Changes di Ellen Wille.<\/p>\n<p>Un modello dal taglio scalato e moderno. Lavorata a macchina,<br \/>\ncon monofilamento sul vortice e dotata di mini lace front<br \/>\n(attaccatura invisibile all&#8217;altezza della riga).<br \/>\nLa fibra termoresistente con cui \u00e8 creata vi dar\u00e0 l&#8217;opportunit\u00e0 di modificare la piega secondo il proprio gusto personale.<br \/>\nConsigliamo l&#8217;utilizzo di una piastra con regolazione di temperatura, utilizzabile fino a un massimo di 130\u00b0.<br \/>\nDispositivo medico CE<\/p>\n<p>Spedizione gratuita in tutta Italia<\/p>\n","protected":false},"excerpt":{"rendered":"<p>Parrucca Anima in fibra sintetica termoresistente della collezione Changes di Ellen Wille.<\/p>\n<p>I colori delle foto sono indicativamente ambra con effetto finta ricrescita e castano chiaro caldo con finta ricrescita.<\/p>\n<p>Taglia : 54-56 cm<\/p>\n","protected":false},"featured_media":7332,"comment_status":"open","ping_status":"closed","template":"","meta":{"_acf_changed":false},"product_cat":[1593,1594,1600,1621,1610,1597,1551,1554,1560,1564,1580],"product_tag":[],"class_list":{"0":"post-7336","1":"product","2":"type-product","3":"status-publish","4":"has-post-thumbnail","6":"product_cat-tutte-le-parrucche","7":"product_cat-tutte-le-parrucche-donna","8":"product_cat-parrucche-sintetiche-donna","9":"product_cat-parrucche-change","10":"product_cat-best-seller","11":"product_cat-parrucche-chemioterapia-donna","12":"product_cat-parrucche-medie","13":"product_cat-parrucche-ricce-e-mosse","14":"product_cat-parrucche","15":"product_cat-parrucche-termoresistenti-futura","16":"product_cat-ellen-wille-parrucche","17":"pa_brand-marchi-ellen-wille","18":"pa_colori_parrucche-0e-ambrachiaraconfintaricresc","19":"pa_colori_parrucche-6d-biondopastelloconeffettofi","20":"pa_colori_parrucche-c4-biondoperlaconfintaricresc","21":"pa_colori_parrucche-fe-castanochiarocaldoconeffet","22":"pa_colori_parrucche-14-castanochiaroconfintaricre","23":"pa_colori_parrucche-91-castanoramato_cinnamonbrow","24":"pa_colori_parrucche-cinnamonbrown-rooted","25":"pa_colori_parrucche-2d-cioccolatoconfintaricresci","26":"pa_colori_parrucche-4d-cioccolatoscuro_darkchocol","27":"pa_colori_parrucche-espresso_espressomix","28":"pa_colori_parrucche-nougat-tipped","29":"pa_colori_parrucche-a2-sabbiachiaraconfintaricres","30":"pa_dispositivo_medico-si","31":"pa_featured-no","32":"pa_lace_front_attaccatura-si","33":"pa_lavorazione_parrucca-c6-amacchinaconmonofilamentos","34":"pa_piega-mossa","35":"pa_taglia-parrucca-media","36":"pa_taglio-corto","37":"pa_tipologia_capelli-fibratermoresistente","39":"first","40":"instock","41":"sale","42":"taxable","43":"shipping-taxable","44":"purchasable","45":"product-type-variable","swatches":"rey-swatches","show_selected":""},"acf":[],"yoast_head":"<!-- This site is optimized with the Yoast SEO Premium plugin v24.8 (Yoast SEO v27.0) - https:\/\/yoast.com\/product\/yoast-seo-premium-wordpress\/ -->\n<title>Parrucca Anima<\/title>\n<meta name=\"description\" content=\"Parrucca Anima con fibra sintetica termoresistente per cambiare piega quando si vuole solo su parruccheonline.com\" \/>\n<meta name=\"robots\" content=\"noindex, follow, max-snippet:-1, max-image-preview:large, max-video-preview:-1\" \/>\n<meta property=\"og:locale\" content=\"it_IT\" \/>\n<meta property=\"og:type\" content=\"article\" \/>\n<meta property=\"og:title\" content=\"Parrucca Anima\" \/>\n<meta property=\"og:description\" content=\"Parrucca Anima con fibra sintetica termoresistente per cambiare piega quando si vuole solo su parruccheonline.com\" \/>\n<meta property=\"og:url\" content=\"https:\/\/www.parruccheonline.com\/stagingg\/parrucca-anima\/\" \/>\n<meta property=\"og:site_name\" content=\"Parrucche Online\" \/>\n<meta property=\"article:publisher\" content=\"https:\/\/www.facebook.com\/farcaphair\" \/>\n<meta property=\"article:modified_time\" content=\"2025-03-10T10:01:59+00:00\" \/>\n<meta property=\"og:image\" content=\"https:\/\/www.parruccheonline.com\/stagingg\/wp-content\/uploads\/2022\/06\/anima_01.jpg\" \/>\n\t<meta property=\"og:image:width\" content=\"726\" \/>\n\t<meta property=\"og:image:height\" content=\"900\" \/>\n\t<meta property=\"og:image:type\" content=\"image\/jpeg\" \/>\n<meta name=\"twitter:card\" content=\"summary_large_image\" \/>\n<script type=\"application\/ld+json\" class=\"yoast-schema-graph\">{\"@context\":\"https:\/\/schema.org\",\"@graph\":[{\"@type\":\"WebPage\",\"@id\":\"https:\/\/www.parruccheonline.com\/stagingg\/parrucca-anima\/\",\"url\":\"https:\/\/www.parruccheonline.com\/stagingg\/parrucca-anima\/\",\"name\":\"Parrucca Anima\",\"isPartOf\":{\"@id\":\"https:\/\/www.parruccheonline.com\/stagingg\/#website\"},\"primaryImageOfPage\":{\"@id\":\"https:\/\/www.parruccheonline.com\/stagingg\/parrucca-anima\/#primaryimage\"},\"image\":{\"@id\":\"https:\/\/www.parruccheonline.com\/stagingg\/parrucca-anima\/#primaryimage\"},\"thumbnailUrl\":\"https:\/\/www.parruccheonline.com\/stagingg\/wp-content\/uploads\/2022\/06\/anima_01.jpg\",\"datePublished\":\"2022-06-20T11:57:45+00:00\",\"dateModified\":\"2025-03-10T10:01:59+00:00\",\"description\":\"Parrucca Anima con fibra sintetica termoresistente per cambiare piega quando si vuole solo su parruccheonline.com\",\"breadcrumb\":{\"@id\":\"https:\/\/www.parruccheonline.com\/stagingg\/parrucca-anima\/#breadcrumb\"},\"inLanguage\":\"it-IT\",\"potentialAction\":[{\"@type\":\"ReadAction\",\"target\":[\"https:\/\/www.parruccheonline.com\/stagingg\/parrucca-anima\/\"]}]},{\"@type\":\"ImageObject\",\"inLanguage\":\"it-IT\",\"@id\":\"https:\/\/www.parruccheonline.com\/stagingg\/parrucca-anima\/#primaryimage\",\"url\":\"https:\/\/www.parruccheonline.com\/stagingg\/wp-content\/uploads\/2022\/06\/anima_01.jpg\",\"contentUrl\":\"https:\/\/www.parruccheonline.com\/stagingg\/wp-content\/uploads\/2022\/06\/anima_01.jpg\",\"width\":726,\"height\":900,\"caption\":\"Parrucca Anima\"},{\"@type\":\"BreadcrumbList\",\"@id\":\"https:\/\/www.parruccheonline.com\/stagingg\/parrucca-anima\/#breadcrumb\",\"itemListElement\":[{\"@type\":\"ListItem\",\"position\":1,\"name\":\"Home\",\"item\":\"https:\/\/www.parruccheonline.com\/stagingg\/\"},{\"@type\":\"ListItem\",\"position\":2,\"name\":\"Shop\",\"item\":\"https:\/\/www.parruccheonline.com\/stagingg\/shop\/\"},{\"@type\":\"ListItem\",\"position\":3,\"name\":\"Parrucca Anima\"}]},{\"@type\":\"WebSite\",\"@id\":\"https:\/\/www.parruccheonline.com\/stagingg\/#website\",\"url\":\"https:\/\/www.parruccheonline.com\/stagingg\/\",\"name\":\"Parrucche Online\",\"description\":\"\",\"publisher\":{\"@id\":\"https:\/\/www.parruccheonline.com\/stagingg\/#organization\"},\"potentialAction\":[{\"@type\":\"SearchAction\",\"target\":{\"@type\":\"EntryPoint\",\"urlTemplate\":\"https:\/\/www.parruccheonline.com\/stagingg\/?s={search_term_string}\"},\"query-input\":{\"@type\":\"PropertyValueSpecification\",\"valueRequired\":true,\"valueName\":\"search_term_string\"}}],\"inLanguage\":\"it-IT\"},{\"@type\":\"Organization\",\"@id\":\"https:\/\/www.parruccheonline.com\/stagingg\/#organization\",\"name\":\"Parrucche Online\",\"url\":\"https:\/\/www.parruccheonline.com\/stagingg\/\",\"logo\":{\"@type\":\"ImageObject\",\"inLanguage\":\"it-IT\",\"@id\":\"https:\/\/www.parruccheonline.com\/stagingg\/#\/schema\/logo\/image\/\",\"url\":\"http:\/\/www.parruccheonline.com\/stagingg\/wp-content\/uploads\/2024\/11\/logo_parrucche-online_nero.svg\",\"contentUrl\":\"http:\/\/www.parruccheonline.com\/stagingg\/wp-content\/uploads\/2024\/11\/logo_parrucche-online_nero.svg\",\"width\":1000,\"height\":280,\"caption\":\"Parrucche Online\"},\"image\":{\"@id\":\"https:\/\/www.parruccheonline.com\/stagingg\/#\/schema\/logo\/image\/\"},\"sameAs\":[\"https:\/\/www.facebook.com\/farcaphair\",\"https:\/\/www.instagram.com\/parrucche_online_official\/\"]}]}<\/script>\n<!-- \/ Yoast SEO Premium plugin. -->","yoast_head_json":{"title":"Parrucca Anima","description":"Parrucca Anima con fibra sintetica termoresistente per cambiare piega quando si vuole solo su parruccheonline.com","robots":{"index":"noindex","follow":"follow","max-snippet":"max-snippet:-1","max-image-preview":"max-image-preview:large","max-video-preview":"max-video-preview:-1"},"og_locale":"it_IT","og_type":"article","og_title":"Parrucca Anima","og_description":"Parrucca Anima con fibra sintetica termoresistente per cambiare piega quando si vuole solo su parruccheonline.com","og_url":"https:\/\/www.parruccheonline.com\/stagingg\/parrucca-anima\/","og_site_name":"Parrucche Online","article_publisher":"https:\/\/www.facebook.com\/farcaphair","article_modified_time":"2025-03-10T10:01:59+00:00","og_image":[{"width":726,"height":900,"url":"https:\/\/www.parruccheonline.com\/stagingg\/wp-content\/uploads\/2022\/06\/anima_01.jpg","type":"image\/jpeg"}],"twitter_card":"summary_large_image","schema":{"@context":"https:\/\/schema.org","@graph":[{"@type":"WebPage","@id":"https:\/\/www.parruccheonline.com\/stagingg\/parrucca-anima\/","url":"https:\/\/www.parruccheonline.com\/stagingg\/parrucca-anima\/","name":"Parrucca Anima","isPartOf":{"@id":"https:\/\/www.parruccheonline.com\/stagingg\/#website"},"primaryImageOfPage":{"@id":"https:\/\/www.parruccheonline.com\/stagingg\/parrucca-anima\/#primaryimage"},"image":{"@id":"https:\/\/www.parruccheonline.com\/stagingg\/parrucca-anima\/#primaryimage"},"thumbnailUrl":"https:\/\/www.parruccheonline.com\/stagingg\/wp-content\/uploads\/2022\/06\/anima_01.jpg","datePublished":"2022-06-20T11:57:45+00:00","dateModified":"2025-03-10T10:01:59+00:00","description":"Parrucca Anima con fibra sintetica termoresistente per cambiare piega quando si vuole solo su parruccheonline.com","breadcrumb":{"@id":"https:\/\/www.parruccheonline.com\/stagingg\/parrucca-anima\/#breadcrumb"},"inLanguage":"it-IT","potentialAction":[{"@type":"ReadAction","target":["https:\/\/www.parruccheonline.com\/stagingg\/parrucca-anima\/"]}]},{"@type":"ImageObject","inLanguage":"it-IT","@id":"https:\/\/www.parruccheonline.com\/stagingg\/parrucca-anima\/#primaryimage","url":"https:\/\/www.parruccheonline.com\/stagingg\/wp-content\/uploads\/2022\/06\/anima_01.jpg","contentUrl":"https:\/\/www.parruccheonline.com\/stagingg\/wp-content\/uploads\/2022\/06\/anima_01.jpg","width":726,"height":900,"caption":"Parrucca Anima"},{"@type":"BreadcrumbList","@id":"https:\/\/www.parruccheonline.com\/stagingg\/parrucca-anima\/#breadcrumb","itemListElement":[{"@type":"ListItem","position":1,"name":"Home","item":"https:\/\/www.parruccheonline.com\/stagingg\/"},{"@type":"ListItem","position":2,"name":"Shop","item":"https:\/\/www.parruccheonline.com\/stagingg\/shop\/"},{"@type":"ListItem","position":3,"name":"Parrucca Anima"}]},{"@type":"WebSite","@id":"https:\/\/www.parruccheonline.com\/stagingg\/#website","url":"https:\/\/www.parruccheonline.com\/stagingg\/","name":"Parrucche Online","description":"","publisher":{"@id":"https:\/\/www.parruccheonline.com\/stagingg\/#organization"},"potentialAction":[{"@type":"SearchAction","target":{"@type":"EntryPoint","urlTemplate":"https:\/\/www.parruccheonline.com\/stagingg\/?s={search_term_string}"},"query-input":{"@type":"PropertyValueSpecification","valueRequired":true,"valueName":"search_term_string"}}],"inLanguage":"it-IT"},{"@type":"Organization","@id":"https:\/\/www.parruccheonline.com\/stagingg\/#organization","name":"Parrucche Online","url":"https:\/\/www.parruccheonline.com\/stagingg\/","logo":{"@type":"ImageObject","inLanguage":"it-IT","@id":"https:\/\/www.parruccheonline.com\/stagingg\/#\/schema\/logo\/image\/","url":"http:\/\/www.parruccheonline.com\/stagingg\/wp-content\/uploads\/2024\/11\/logo_parrucche-online_nero.svg","contentUrl":"http:\/\/www.parruccheonline.com\/stagingg\/wp-content\/uploads\/2024\/11\/logo_parrucche-online_nero.svg","width":1000,"height":280,"caption":"Parrucche Online"},"image":{"@id":"https:\/\/www.parruccheonline.com\/stagingg\/#\/schema\/logo\/image\/"},"sameAs":["https:\/\/www.facebook.com\/farcaphair","https:\/\/www.instagram.com\/parrucche_online_official\/"]}]}},"_links":{"self":[{"href":"https:\/\/www.parruccheonline.com\/stagingg\/wp-json\/wp\/v2\/product\/7336","targetHints":{"allow":["GET"]}}],"collection":[{"href":"https:\/\/www.parruccheonline.com\/stagingg\/wp-json\/wp\/v2\/product"}],"about":[{"href":"https:\/\/www.parruccheonline.com\/stagingg\/wp-json\/wp\/v2\/types\/product"}],"replies":[{"embeddable":true,"href":"https:\/\/www.parruccheonline.com\/stagingg\/wp-json\/wp\/v2\/comments?post=7336"}],"wp:featuredmedia":[{"embeddable":true,"href":"https:\/\/www.parruccheonline.com\/stagingg\/wp-json\/wp\/v2\/media\/7332"}],"wp:attachment":[{"href":"https:\/\/www.parruccheonline.com\/stagingg\/wp-json\/wp\/v2\/media?parent=7336"}],"wp:term":[{"taxonomy":"product_cat","embeddable":true,"href":"https:\/\/www.parruccheonline.com\/stagingg\/wp-json\/wp\/v2\/product_cat?post=7336"},{"taxonomy":"product_tag","embeddable":true,"href":"https:\/\/www.parruccheonline.com\/stagingg\/wp-json\/wp\/v2\/product_tag?post=7336"}],"curies":[{"name":"wp","href":"https:\/\/api.w.org\/{rel}","templated":true}]}}