{"id":51714,"date":"2025-11-17T14:48:20","date_gmt":"2025-11-17T13:48:20","guid":{"rendered":"http:\/\/www.parruccheonline.com\/stagingg\/?post_type=product&#038;p=51714"},"modified":"2025-11-17T14:55:19","modified_gmt":"2025-11-17T13:55:19","slug":"parrucca-icone-small-deluxe","status":"publish","type":"product","link":"https:\/\/www.parruccheonline.com\/stagingg\/parrucca-icone-small-deluxe\/","title":{"rendered":"Parrucca Icone Small  Deluxe"},"content":{"rendered":"<p>Parrucca Icone small Deluxe una delle meraviglie disegnata da Ellen Wille, parliamo ovviamente delle parrucche Hair Society. La parrucca Icone \u00e8 un carr\u00e8 liscio alle spalle, dal garbo raffinato e femminile. Come il resto della collezione \u00e8 interamente lavorata a mano su monofilamento tulle e lace frontale invisibile, ideale per mascherare alla perfezione l&#8217;attaccatura frontale.<br \/>\nLa parrucca Icone \u00e8 prodotta in fibra sintetica di primissima qualit\u00e0: come \u00e8 facile sentirsi bella indossando una parrucca di Hair Society.<br \/>\nUn&#8217;altra peculiarit\u00e0 della parrucca \u00e8 la sua leggerezza che impone questa linea come il comfort per 365 all&#8217;anno.<\/p>\n<p>Questa parrucca \u00e8 un modello in taglia piccola dalla circonferenza di 52-54 cm.<br \/>\nLe parrucche Hair Society ora sono in vendita anche sul web e ai prezzi di parruccheonline.<\/p>\n","protected":false},"excerpt":{"rendered":"<p>Parrucca Icone Small Deluxe\u00a0 in fibra sintetica.<br \/>\nParrucca Icone una delle meraviglie disegnata da Ellen Wille, parliamo ovviamente delle parrucche Hair Society. La parrucca Icone \u00e8 un carr\u00e8 liscio alle spalle, dal garbo raffinato e femminile.Come \u00e8 facile sentirsi bella indossando una parrucca di Hair Society. Comfort per 365 all&#8217;anno.<\/p>\n<p>Questa parrucca \u00e8 un modello in taglia piccola dalla circonferenza di 52-54 cm.<\/p>\n<p>Il colore della foto \u00e8 indicativamente darksand rooted\u00a0 e silverblonde rooted.<br \/>\nSpedizione gratuita in tutta Italia.<\/p>\n","protected":false},"featured_media":51731,"comment_status":"open","ping_status":"closed","template":"","meta":{"_acf_changed":false},"product_cat":[1610,1580,1593,1560,1597,1620,1548,1555,1553,1586,1594,1557,1600,1551,1541],"product_tag":[],"class_list":{"0":"post-51714","1":"product","2":"type-product","3":"status-publish","4":"has-post-thumbnail","6":"product_cat-best-seller","7":"product_cat-ellen-wille-parrucche","8":"product_cat-tutte-le-parrucche","9":"product_cat-parrucche","10":"product_cat-parrucche-chemioterapia-donna","11":"product_cat-parrucche-hair-society","12":"product_cat-parrucche-in-lace","13":"product_cat-parrucche-lisce","14":"product_cat-parrucche-monofilamento","15":"product_cat-125-parrucche-online","16":"product_cat-tutte-le-parrucche-donna","17":"product_cat-parrucche-piccole","18":"product_cat-parrucche-sintetiche-donna","19":"product_cat-parrucche-medie","20":"product_cat-small-large-parrucche-di-piccole-e-grandi-dimensioni","21":"pa_brand-marchi-ellen-wille","22":"pa_colori_parrucche-0e-ambrachiaraconfintaricresc","23":"pa_colori_parrucche-argentoscuro_snowmix","24":"pa_colori_parrucche-f0-biondomielechiaro_lighthon","25":"pa_colori_parrucche-castanochiaro_moccamix","26":"pa_colori_parrucche-02-champagneconfintaricrescit","27":"pa_colori_parrucche-cioccolato_chocolatemix","28":"pa_colori_parrucche-espresso_espressomix","29":"pa_colori_parrucche-sabbia_sandmix","30":"pa_colori_parrucche-34-sabbiascuraconfintaricresc","31":"pa_colori_parrucche-b6-silverblonderootedbiondoar","32":"pa_dispositivo_medico-si","33":"pa_featured-si","34":"pa_lace_front_attaccatura-si","35":"pa_lavorazione_parrucca-interamenteamano","36":"pa_piega-liscia","37":"pa_taglia-parrucca-media","38":"pa_taglio-medio","39":"pa_tipologia_capelli-fibrasintetica","41":"first","42":"instock","43":"sale","44":"taxable","45":"shipping-taxable","46":"purchasable","47":"product-type-variable","swatches":"rey-swatches","show_selected":""},"acf":[],"yoast_head":"<!-- This site is optimized with the Yoast SEO Premium plugin v24.8 (Yoast SEO v27.0) - https:\/\/yoast.com\/product\/yoast-seo-premium-wordpress\/ -->\n<title>Parrucca Icone | Hair Society prezzi Online<\/title>\n<meta name=\"description\" content=\"parrucca Icone, sentirsi belle indossando le parrucche Hair Society. La qualit\u00e0 ai prezzi di Parrucche Online il confort per 365 giorni\" \/>\n<meta name=\"robots\" content=\"noindex, follow, max-snippet:-1, max-image-preview:large, max-video-preview:-1\" \/>\n<meta property=\"og:locale\" content=\"it_IT\" \/>\n<meta property=\"og:type\" content=\"article\" \/>\n<meta property=\"og:title\" content=\"Parrucca Icone Small Deluxe\" \/>\n<meta property=\"og:description\" content=\"parrucca Icone, sentirsi belle indossando le parrucche Hair Society. La qualit\u00e0 ai prezzi di Parrucche Online il confort per 365 giorni\" \/>\n<meta property=\"og:url\" content=\"https:\/\/www.parruccheonline.com\/stagingg\/parrucca-icone-small-deluxe\/\" \/>\n<meta property=\"og:site_name\" content=\"Parrucche Online\" \/>\n<meta property=\"article:publisher\" content=\"https:\/\/www.facebook.com\/farcaphair\" \/>\n<meta property=\"article:modified_time\" content=\"2025-11-17T13:55:19+00:00\" \/>\n<meta property=\"og:image\" content=\"https:\/\/www.parruccheonline.com\/stagingg\/wp-content\/uploads\/2025\/11\/icone_deluxe_darksandrooted_02.jpg\" \/>\n\t<meta property=\"og:image:width\" content=\"800\" \/>\n\t<meta property=\"og:image:height\" content=\"800\" \/>\n\t<meta property=\"og:image:type\" content=\"image\/jpeg\" \/>\n<meta name=\"twitter:card\" content=\"summary_large_image\" \/>\n<script type=\"application\/ld+json\" class=\"yoast-schema-graph\">{\"@context\":\"https:\/\/schema.org\",\"@graph\":[{\"@type\":\"WebPage\",\"@id\":\"https:\/\/www.parruccheonline.com\/stagingg\/parrucca-icone-small-deluxe\/\",\"url\":\"https:\/\/www.parruccheonline.com\/stagingg\/parrucca-icone-small-deluxe\/\",\"name\":\"Parrucca Icone | Hair Society prezzi Online\",\"isPartOf\":{\"@id\":\"https:\/\/www.parruccheonline.com\/stagingg\/#website\"},\"primaryImageOfPage\":{\"@id\":\"https:\/\/www.parruccheonline.com\/stagingg\/parrucca-icone-small-deluxe\/#primaryimage\"},\"image\":{\"@id\":\"https:\/\/www.parruccheonline.com\/stagingg\/parrucca-icone-small-deluxe\/#primaryimage\"},\"thumbnailUrl\":\"https:\/\/www.parruccheonline.com\/stagingg\/wp-content\/uploads\/2025\/11\/icone_deluxe_darksandrooted_02.jpg\",\"datePublished\":\"2025-11-17T13:48:20+00:00\",\"dateModified\":\"2025-11-17T13:55:19+00:00\",\"description\":\"parrucca Icone, sentirsi belle indossando le parrucche Hair Society. La qualit\u00e0 ai prezzi di Parrucche Online il confort per 365 giorni\",\"breadcrumb\":{\"@id\":\"https:\/\/www.parruccheonline.com\/stagingg\/parrucca-icone-small-deluxe\/#breadcrumb\"},\"inLanguage\":\"it-IT\",\"potentialAction\":[{\"@type\":\"ReadAction\",\"target\":[\"https:\/\/www.parruccheonline.com\/stagingg\/parrucca-icone-small-deluxe\/\"]}]},{\"@type\":\"ImageObject\",\"inLanguage\":\"it-IT\",\"@id\":\"https:\/\/www.parruccheonline.com\/stagingg\/parrucca-icone-small-deluxe\/#primaryimage\",\"url\":\"https:\/\/www.parruccheonline.com\/stagingg\/wp-content\/uploads\/2025\/11\/icone_deluxe_darksandrooted_02.jpg\",\"contentUrl\":\"https:\/\/www.parruccheonline.com\/stagingg\/wp-content\/uploads\/2025\/11\/icone_deluxe_darksandrooted_02.jpg\",\"width\":800,\"height\":800},{\"@type\":\"BreadcrumbList\",\"@id\":\"https:\/\/www.parruccheonline.com\/stagingg\/parrucca-icone-small-deluxe\/#breadcrumb\",\"itemListElement\":[{\"@type\":\"ListItem\",\"position\":1,\"name\":\"Home\",\"item\":\"https:\/\/www.parruccheonline.com\/stagingg\/\"},{\"@type\":\"ListItem\",\"position\":2,\"name\":\"Shop\",\"item\":\"https:\/\/www.parruccheonline.com\/stagingg\/shop\/\"},{\"@type\":\"ListItem\",\"position\":3,\"name\":\"Parrucca Icone Small Deluxe\"}]},{\"@type\":\"WebSite\",\"@id\":\"https:\/\/www.parruccheonline.com\/stagingg\/#website\",\"url\":\"https:\/\/www.parruccheonline.com\/stagingg\/\",\"name\":\"Parrucche Online\",\"description\":\"\",\"publisher\":{\"@id\":\"https:\/\/www.parruccheonline.com\/stagingg\/#organization\"},\"potentialAction\":[{\"@type\":\"SearchAction\",\"target\":{\"@type\":\"EntryPoint\",\"urlTemplate\":\"https:\/\/www.parruccheonline.com\/stagingg\/?s={search_term_string}\"},\"query-input\":{\"@type\":\"PropertyValueSpecification\",\"valueRequired\":true,\"valueName\":\"search_term_string\"}}],\"inLanguage\":\"it-IT\"},{\"@type\":\"Organization\",\"@id\":\"https:\/\/www.parruccheonline.com\/stagingg\/#organization\",\"name\":\"Parrucche Online\",\"url\":\"https:\/\/www.parruccheonline.com\/stagingg\/\",\"logo\":{\"@type\":\"ImageObject\",\"inLanguage\":\"it-IT\",\"@id\":\"https:\/\/www.parruccheonline.com\/stagingg\/#\/schema\/logo\/image\/\",\"url\":\"http:\/\/www.parruccheonline.com\/stagingg\/wp-content\/uploads\/2024\/11\/logo_parrucche-online_nero.svg\",\"contentUrl\":\"http:\/\/www.parruccheonline.com\/stagingg\/wp-content\/uploads\/2024\/11\/logo_parrucche-online_nero.svg\",\"width\":1000,\"height\":280,\"caption\":\"Parrucche Online\"},\"image\":{\"@id\":\"https:\/\/www.parruccheonline.com\/stagingg\/#\/schema\/logo\/image\/\"},\"sameAs\":[\"https:\/\/www.facebook.com\/farcaphair\",\"https:\/\/www.instagram.com\/parrucche_online_official\/\"]}]}<\/script>\n<!-- \/ Yoast SEO Premium plugin. -->","yoast_head_json":{"title":"Parrucca Icone | Hair Society prezzi Online","description":"parrucca Icone, sentirsi belle indossando le parrucche Hair Society. La qualit\u00e0 ai prezzi di Parrucche Online il confort per 365 giorni","robots":{"index":"noindex","follow":"follow","max-snippet":"max-snippet:-1","max-image-preview":"max-image-preview:large","max-video-preview":"max-video-preview:-1"},"og_locale":"it_IT","og_type":"article","og_title":"Parrucca Icone Small Deluxe","og_description":"parrucca Icone, sentirsi belle indossando le parrucche Hair Society. La qualit\u00e0 ai prezzi di Parrucche Online il confort per 365 giorni","og_url":"https:\/\/www.parruccheonline.com\/stagingg\/parrucca-icone-small-deluxe\/","og_site_name":"Parrucche Online","article_publisher":"https:\/\/www.facebook.com\/farcaphair","article_modified_time":"2025-11-17T13:55:19+00:00","og_image":[{"width":800,"height":800,"url":"https:\/\/www.parruccheonline.com\/stagingg\/wp-content\/uploads\/2025\/11\/icone_deluxe_darksandrooted_02.jpg","type":"image\/jpeg"}],"twitter_card":"summary_large_image","schema":{"@context":"https:\/\/schema.org","@graph":[{"@type":"WebPage","@id":"https:\/\/www.parruccheonline.com\/stagingg\/parrucca-icone-small-deluxe\/","url":"https:\/\/www.parruccheonline.com\/stagingg\/parrucca-icone-small-deluxe\/","name":"Parrucca Icone | Hair Society prezzi Online","isPartOf":{"@id":"https:\/\/www.parruccheonline.com\/stagingg\/#website"},"primaryImageOfPage":{"@id":"https:\/\/www.parruccheonline.com\/stagingg\/parrucca-icone-small-deluxe\/#primaryimage"},"image":{"@id":"https:\/\/www.parruccheonline.com\/stagingg\/parrucca-icone-small-deluxe\/#primaryimage"},"thumbnailUrl":"https:\/\/www.parruccheonline.com\/stagingg\/wp-content\/uploads\/2025\/11\/icone_deluxe_darksandrooted_02.jpg","datePublished":"2025-11-17T13:48:20+00:00","dateModified":"2025-11-17T13:55:19+00:00","description":"parrucca Icone, sentirsi belle indossando le parrucche Hair Society. La qualit\u00e0 ai prezzi di Parrucche Online il confort per 365 giorni","breadcrumb":{"@id":"https:\/\/www.parruccheonline.com\/stagingg\/parrucca-icone-small-deluxe\/#breadcrumb"},"inLanguage":"it-IT","potentialAction":[{"@type":"ReadAction","target":["https:\/\/www.parruccheonline.com\/stagingg\/parrucca-icone-small-deluxe\/"]}]},{"@type":"ImageObject","inLanguage":"it-IT","@id":"https:\/\/www.parruccheonline.com\/stagingg\/parrucca-icone-small-deluxe\/#primaryimage","url":"https:\/\/www.parruccheonline.com\/stagingg\/wp-content\/uploads\/2025\/11\/icone_deluxe_darksandrooted_02.jpg","contentUrl":"https:\/\/www.parruccheonline.com\/stagingg\/wp-content\/uploads\/2025\/11\/icone_deluxe_darksandrooted_02.jpg","width":800,"height":800},{"@type":"BreadcrumbList","@id":"https:\/\/www.parruccheonline.com\/stagingg\/parrucca-icone-small-deluxe\/#breadcrumb","itemListElement":[{"@type":"ListItem","position":1,"name":"Home","item":"https:\/\/www.parruccheonline.com\/stagingg\/"},{"@type":"ListItem","position":2,"name":"Shop","item":"https:\/\/www.parruccheonline.com\/stagingg\/shop\/"},{"@type":"ListItem","position":3,"name":"Parrucca Icone Small Deluxe"}]},{"@type":"WebSite","@id":"https:\/\/www.parruccheonline.com\/stagingg\/#website","url":"https:\/\/www.parruccheonline.com\/stagingg\/","name":"Parrucche Online","description":"","publisher":{"@id":"https:\/\/www.parruccheonline.com\/stagingg\/#organization"},"potentialAction":[{"@type":"SearchAction","target":{"@type":"EntryPoint","urlTemplate":"https:\/\/www.parruccheonline.com\/stagingg\/?s={search_term_string}"},"query-input":{"@type":"PropertyValueSpecification","valueRequired":true,"valueName":"search_term_string"}}],"inLanguage":"it-IT"},{"@type":"Organization","@id":"https:\/\/www.parruccheonline.com\/stagingg\/#organization","name":"Parrucche Online","url":"https:\/\/www.parruccheonline.com\/stagingg\/","logo":{"@type":"ImageObject","inLanguage":"it-IT","@id":"https:\/\/www.parruccheonline.com\/stagingg\/#\/schema\/logo\/image\/","url":"http:\/\/www.parruccheonline.com\/stagingg\/wp-content\/uploads\/2024\/11\/logo_parrucche-online_nero.svg","contentUrl":"http:\/\/www.parruccheonline.com\/stagingg\/wp-content\/uploads\/2024\/11\/logo_parrucche-online_nero.svg","width":1000,"height":280,"caption":"Parrucche Online"},"image":{"@id":"https:\/\/www.parruccheonline.com\/stagingg\/#\/schema\/logo\/image\/"},"sameAs":["https:\/\/www.facebook.com\/farcaphair","https:\/\/www.instagram.com\/parrucche_online_official\/"]}]}},"_links":{"self":[{"href":"https:\/\/www.parruccheonline.com\/stagingg\/wp-json\/wp\/v2\/product\/51714","targetHints":{"allow":["GET"]}}],"collection":[{"href":"https:\/\/www.parruccheonline.com\/stagingg\/wp-json\/wp\/v2\/product"}],"about":[{"href":"https:\/\/www.parruccheonline.com\/stagingg\/wp-json\/wp\/v2\/types\/product"}],"replies":[{"embeddable":true,"href":"https:\/\/www.parruccheonline.com\/stagingg\/wp-json\/wp\/v2\/comments?post=51714"}],"wp:featuredmedia":[{"embeddable":true,"href":"https:\/\/www.parruccheonline.com\/stagingg\/wp-json\/wp\/v2\/media\/51731"}],"wp:attachment":[{"href":"https:\/\/www.parruccheonline.com\/stagingg\/wp-json\/wp\/v2\/media?parent=51714"}],"wp:term":[{"taxonomy":"product_cat","embeddable":true,"href":"https:\/\/www.parruccheonline.com\/stagingg\/wp-json\/wp\/v2\/product_cat?post=51714"},{"taxonomy":"product_tag","embeddable":true,"href":"https:\/\/www.parruccheonline.com\/stagingg\/wp-json\/wp\/v2\/product_tag?post=51714"}],"curies":[{"name":"wp","href":"https:\/\/api.w.org\/{rel}","templated":true}]}}