{"id":50284,"date":"2025-07-14T17:42:58","date_gmt":"2025-07-14T15:42:58","guid":{"rendered":"http:\/\/www.parruccheonline.com\/stagingg\/?post_type=product&#038;p=50284"},"modified":"2025-10-03T11:05:14","modified_gmt":"2025-10-03T09:05:14","slug":"parrucca-ready-mono-part","status":"publish","type":"product","link":"https:\/\/www.parruccheonline.com\/stagingg\/parrucca-ready-mono-part\/","title":{"rendered":"Parrucca Ready Mono Part"},"content":{"rendered":"<p>Parrucca termo resistente fino a 130\u00b0.Questa tipologia di fibra innovativa consente di poter utilizzare phon o piastre per rimodellare la piega.<br \/>\nLavorata a macchina con monofilamento parziale nella riga con attaccatura frontale invisibile prolungata.<\/p>\n<p><span data-olk-copy-source=\"MessageBody\">Dotata di un materiale traspirante su tempie e nuca utile soprattutto d\u2019estate favorendo una maggiore traspirazione della testa.<\/span><\/p>\n","protected":false},"excerpt":{"rendered":"<p>La parrucca Ready Mono Part di Ellen Wille \u00e8 una parrucca molto apprezzata per il suo stile elegante e naturale.<\/p>\n<p>Il taglio \u00e8 il classico caschetto intramontabile, che non passer\u00e0 mai di moda.<\/p>\n<p>Dispositivo Medico Ce<\/p>\n<p>I colori delle foto sono\u00a0 indicativamente sandmulti rooted, silverblonde rooted e darkauburn rooted<\/p>\n","protected":false},"featured_media":49659,"comment_status":"open","ping_status":"closed","template":"","meta":{"_acf_changed":false},"product_cat":[1593,1594,1600,1610,1596,1597,1622,1542,1614,1551,1552,1555,1580,1582],"product_tag":[],"class_list":{"0":"post-50284","1":"product","2":"type-product","3":"status-publish","4":"has-post-thumbnail","6":"product_cat-tutte-le-parrucche","7":"product_cat-tutte-le-parrucche-donna","8":"product_cat-parrucche-sintetiche-donna","9":"product_cat-best-seller","10":"product_cat-parrucca-alopecia-donna","11":"product_cat-parrucche-chemioterapia-donna","12":"product_cat-parrucche-prezzi-bassi","13":"product_cat-perucci-2016-parrucche-donna","14":"product_cat-parrucche-perucci","15":"product_cat-parrucche-medie","16":"product_cat-parrucche-economiche","17":"product_cat-parrucche-lisce","18":"product_cat-ellen-wille-parrucche","19":"product_cat-parrucche-sintetiche-economiche","20":"pa_colori_parrucche-af-ambraconfintaricrescita_be","21":"pa_colori_parrucche-c4-biondoperlaconfintaricresc","22":"pa_colori_parrucche-14-castanochiaroconfintaricre","23":"pa_colori_parrucche-2d-cioccolatoconfintaricresci","24":"pa_colori_parrucche-e6-cioccolatoscuroconeffettof","25":"pa_colori_parrucche-coffeebrown-mix","26":"pa_colori_parrucche-espresso_espressomix","27":"pa_colori_parrucche-mogano-scuro-con-finta-ricrescita-darkauburn-rooted","28":"pa_colori_parrucche-b0-pastelroserootedbiondochia","29":"pa_colori_parrucche-a2-sabbiachiaraconfintaricres","30":"pa_colori_parrucche-23-sabbiadislandaconeffettofi","31":"pa_colori_parrucche-b6-silverblonderootedbiondoar","32":"pa_colori_parrucche-toffeeblonde-rooted","34":"first","35":"instock","36":"sale","37":"taxable","38":"shipping-taxable","39":"purchasable","40":"product-type-variable","swatches":"rey-swatches","show_selected":""},"acf":[],"yoast_head":"<!-- This site is optimized with the Yoast SEO Premium plugin v24.8 (Yoast SEO v27.0) - https:\/\/yoast.com\/product\/yoast-seo-premium-wordpress\/ -->\n<title>Parrucca Ready Mono Part - Parrucche Online<\/title>\n<meta name=\"robots\" content=\"noindex, follow, max-snippet:-1, max-image-preview:large, max-video-preview:-1\" \/>\n<meta property=\"og:locale\" content=\"it_IT\" \/>\n<meta property=\"og:type\" content=\"article\" \/>\n<meta property=\"og:title\" content=\"Parrucca Ready Mono Part\" \/>\n<meta property=\"og:description\" content=\"La parrucca Ready Mono Part di Ellen Wille \u00e8 una parrucca molto apprezzata per il suo stile elegante e naturale.  Il taglio \u00e8 il classico caschetto intramontabile, che non passer\u00e0 mai di moda.  Dispositivo Medico Ce  I colori delle foto sono\u00a0 indicativamente sandmulti rooted, silverblonde rooted e darkauburn rooted\" \/>\n<meta property=\"og:url\" content=\"https:\/\/www.parruccheonline.com\/stagingg\/parrucca-ready-mono-part\/\" \/>\n<meta property=\"og:site_name\" content=\"Parrucche Online\" \/>\n<meta property=\"article:publisher\" content=\"https:\/\/www.facebook.com\/farcaphair\" \/>\n<meta property=\"article:modified_time\" content=\"2025-10-03T09:05:14+00:00\" \/>\n<meta property=\"og:image\" content=\"https:\/\/www.parruccheonline.com\/stagingg\/wp-content\/uploads\/2025\/05\/ready-mono-part-silverblonde-rooted-03.jpg\" \/>\n\t<meta property=\"og:image:width\" content=\"800\" \/>\n\t<meta property=\"og:image:height\" content=\"800\" \/>\n\t<meta property=\"og:image:type\" content=\"image\/jpeg\" \/>\n<meta name=\"twitter:card\" content=\"summary_large_image\" \/>\n<script type=\"application\/ld+json\" class=\"yoast-schema-graph\">{\"@context\":\"https:\/\/schema.org\",\"@graph\":[{\"@type\":\"WebPage\",\"@id\":\"https:\/\/www.parruccheonline.com\/stagingg\/parrucca-ready-mono-part\/\",\"url\":\"https:\/\/www.parruccheonline.com\/stagingg\/parrucca-ready-mono-part\/\",\"name\":\"Parrucca Ready Mono Part - Parrucche Online\",\"isPartOf\":{\"@id\":\"https:\/\/www.parruccheonline.com\/#website\"},\"primaryImageOfPage\":{\"@id\":\"https:\/\/www.parruccheonline.com\/stagingg\/parrucca-ready-mono-part\/#primaryimage\"},\"image\":{\"@id\":\"https:\/\/www.parruccheonline.com\/stagingg\/parrucca-ready-mono-part\/#primaryimage\"},\"thumbnailUrl\":\"https:\/\/www.parruccheonline.com\/stagingg\/wp-content\/uploads\/2025\/05\/ready-mono-part-silverblonde-rooted-03.jpg\",\"datePublished\":\"2025-07-14T15:42:58+00:00\",\"dateModified\":\"2025-10-03T09:05:14+00:00\",\"breadcrumb\":{\"@id\":\"https:\/\/www.parruccheonline.com\/stagingg\/parrucca-ready-mono-part\/#breadcrumb\"},\"inLanguage\":\"it-IT\",\"potentialAction\":[{\"@type\":\"ReadAction\",\"target\":[\"https:\/\/www.parruccheonline.com\/stagingg\/parrucca-ready-mono-part\/\"]}]},{\"@type\":\"ImageObject\",\"inLanguage\":\"it-IT\",\"@id\":\"https:\/\/www.parruccheonline.com\/stagingg\/parrucca-ready-mono-part\/#primaryimage\",\"url\":\"https:\/\/www.parruccheonline.com\/stagingg\/wp-content\/uploads\/2025\/05\/ready-mono-part-silverblonde-rooted-03.jpg\",\"contentUrl\":\"https:\/\/www.parruccheonline.com\/stagingg\/wp-content\/uploads\/2025\/05\/ready-mono-part-silverblonde-rooted-03.jpg\",\"width\":800,\"height\":800},{\"@type\":\"BreadcrumbList\",\"@id\":\"https:\/\/www.parruccheonline.com\/stagingg\/parrucca-ready-mono-part\/#breadcrumb\",\"itemListElement\":[{\"@type\":\"ListItem\",\"position\":1,\"name\":\"Home\",\"item\":\"https:\/\/www.parruccheonline.com\/stagingg\/\"},{\"@type\":\"ListItem\",\"position\":2,\"name\":\"Shop\",\"item\":\"https:\/\/www.parruccheonline.com\/stagingg\/shop\/\"},{\"@type\":\"ListItem\",\"position\":3,\"name\":\"Parrucca Ready Mono Part\"}]},{\"@type\":\"WebSite\",\"@id\":\"https:\/\/www.parruccheonline.com\/#website\",\"url\":\"https:\/\/www.parruccheonline.com\/\",\"name\":\"Parrucche Online\",\"description\":\"\",\"publisher\":{\"@id\":\"https:\/\/www.parruccheonline.com\/#organization\"},\"potentialAction\":[{\"@type\":\"SearchAction\",\"target\":{\"@type\":\"EntryPoint\",\"urlTemplate\":\"https:\/\/www.parruccheonline.com\/?s={search_term_string}\"},\"query-input\":{\"@type\":\"PropertyValueSpecification\",\"valueRequired\":true,\"valueName\":\"search_term_string\"}}],\"inLanguage\":\"it-IT\"},{\"@type\":\"Organization\",\"@id\":\"https:\/\/www.parruccheonline.com\/#organization\",\"name\":\"Parrucche Online\",\"url\":\"https:\/\/www.parruccheonline.com\/\",\"logo\":{\"@type\":\"ImageObject\",\"inLanguage\":\"it-IT\",\"@id\":\"https:\/\/www.parruccheonline.com\/#\/schema\/logo\/image\/\",\"url\":\"http:\/\/www.parruccheonline.com\/stagingg\/wp-content\/uploads\/2024\/11\/logo_parrucche-online_nero.svg\",\"contentUrl\":\"http:\/\/www.parruccheonline.com\/stagingg\/wp-content\/uploads\/2024\/11\/logo_parrucche-online_nero.svg\",\"width\":1000,\"height\":280,\"caption\":\"Parrucche Online\"},\"image\":{\"@id\":\"https:\/\/www.parruccheonline.com\/#\/schema\/logo\/image\/\"},\"sameAs\":[\"https:\/\/www.facebook.com\/farcaphair\",\"https:\/\/www.instagram.com\/parrucche_online_official\/\"]}]}<\/script>\n<!-- \/ Yoast SEO Premium plugin. -->","yoast_head_json":{"title":"Parrucca Ready Mono Part - Parrucche Online","robots":{"index":"noindex","follow":"follow","max-snippet":"max-snippet:-1","max-image-preview":"max-image-preview:large","max-video-preview":"max-video-preview:-1"},"og_locale":"it_IT","og_type":"article","og_title":"Parrucca Ready Mono Part","og_description":"La parrucca Ready Mono Part di Ellen Wille \u00e8 una parrucca molto apprezzata per il suo stile elegante e naturale.  Il taglio \u00e8 il classico caschetto intramontabile, che non passer\u00e0 mai di moda.  Dispositivo Medico Ce  I colori delle foto sono\u00a0 indicativamente sandmulti rooted, silverblonde rooted e darkauburn rooted","og_url":"https:\/\/www.parruccheonline.com\/stagingg\/parrucca-ready-mono-part\/","og_site_name":"Parrucche Online","article_publisher":"https:\/\/www.facebook.com\/farcaphair","article_modified_time":"2025-10-03T09:05:14+00:00","og_image":[{"width":800,"height":800,"url":"https:\/\/www.parruccheonline.com\/stagingg\/wp-content\/uploads\/2025\/05\/ready-mono-part-silverblonde-rooted-03.jpg","type":"image\/jpeg"}],"twitter_card":"summary_large_image","schema":{"@context":"https:\/\/schema.org","@graph":[{"@type":"WebPage","@id":"https:\/\/www.parruccheonline.com\/stagingg\/parrucca-ready-mono-part\/","url":"https:\/\/www.parruccheonline.com\/stagingg\/parrucca-ready-mono-part\/","name":"Parrucca Ready Mono Part - Parrucche Online","isPartOf":{"@id":"https:\/\/www.parruccheonline.com\/#website"},"primaryImageOfPage":{"@id":"https:\/\/www.parruccheonline.com\/stagingg\/parrucca-ready-mono-part\/#primaryimage"},"image":{"@id":"https:\/\/www.parruccheonline.com\/stagingg\/parrucca-ready-mono-part\/#primaryimage"},"thumbnailUrl":"https:\/\/www.parruccheonline.com\/stagingg\/wp-content\/uploads\/2025\/05\/ready-mono-part-silverblonde-rooted-03.jpg","datePublished":"2025-07-14T15:42:58+00:00","dateModified":"2025-10-03T09:05:14+00:00","breadcrumb":{"@id":"https:\/\/www.parruccheonline.com\/stagingg\/parrucca-ready-mono-part\/#breadcrumb"},"inLanguage":"it-IT","potentialAction":[{"@type":"ReadAction","target":["https:\/\/www.parruccheonline.com\/stagingg\/parrucca-ready-mono-part\/"]}]},{"@type":"ImageObject","inLanguage":"it-IT","@id":"https:\/\/www.parruccheonline.com\/stagingg\/parrucca-ready-mono-part\/#primaryimage","url":"https:\/\/www.parruccheonline.com\/stagingg\/wp-content\/uploads\/2025\/05\/ready-mono-part-silverblonde-rooted-03.jpg","contentUrl":"https:\/\/www.parruccheonline.com\/stagingg\/wp-content\/uploads\/2025\/05\/ready-mono-part-silverblonde-rooted-03.jpg","width":800,"height":800},{"@type":"BreadcrumbList","@id":"https:\/\/www.parruccheonline.com\/stagingg\/parrucca-ready-mono-part\/#breadcrumb","itemListElement":[{"@type":"ListItem","position":1,"name":"Home","item":"https:\/\/www.parruccheonline.com\/stagingg\/"},{"@type":"ListItem","position":2,"name":"Shop","item":"https:\/\/www.parruccheonline.com\/stagingg\/shop\/"},{"@type":"ListItem","position":3,"name":"Parrucca Ready Mono Part"}]},{"@type":"WebSite","@id":"https:\/\/www.parruccheonline.com\/#website","url":"https:\/\/www.parruccheonline.com\/","name":"Parrucche Online","description":"","publisher":{"@id":"https:\/\/www.parruccheonline.com\/#organization"},"potentialAction":[{"@type":"SearchAction","target":{"@type":"EntryPoint","urlTemplate":"https:\/\/www.parruccheonline.com\/?s={search_term_string}"},"query-input":{"@type":"PropertyValueSpecification","valueRequired":true,"valueName":"search_term_string"}}],"inLanguage":"it-IT"},{"@type":"Organization","@id":"https:\/\/www.parruccheonline.com\/#organization","name":"Parrucche Online","url":"https:\/\/www.parruccheonline.com\/","logo":{"@type":"ImageObject","inLanguage":"it-IT","@id":"https:\/\/www.parruccheonline.com\/#\/schema\/logo\/image\/","url":"http:\/\/www.parruccheonline.com\/stagingg\/wp-content\/uploads\/2024\/11\/logo_parrucche-online_nero.svg","contentUrl":"http:\/\/www.parruccheonline.com\/stagingg\/wp-content\/uploads\/2024\/11\/logo_parrucche-online_nero.svg","width":1000,"height":280,"caption":"Parrucche Online"},"image":{"@id":"https:\/\/www.parruccheonline.com\/#\/schema\/logo\/image\/"},"sameAs":["https:\/\/www.facebook.com\/farcaphair","https:\/\/www.instagram.com\/parrucche_online_official\/"]}]}},"_links":{"self":[{"href":"https:\/\/www.parruccheonline.com\/stagingg\/wp-json\/wp\/v2\/product\/50284","targetHints":{"allow":["GET"]}}],"collection":[{"href":"https:\/\/www.parruccheonline.com\/stagingg\/wp-json\/wp\/v2\/product"}],"about":[{"href":"https:\/\/www.parruccheonline.com\/stagingg\/wp-json\/wp\/v2\/types\/product"}],"replies":[{"embeddable":true,"href":"https:\/\/www.parruccheonline.com\/stagingg\/wp-json\/wp\/v2\/comments?post=50284"}],"wp:featuredmedia":[{"embeddable":true,"href":"https:\/\/www.parruccheonline.com\/stagingg\/wp-json\/wp\/v2\/media\/49659"}],"wp:attachment":[{"href":"https:\/\/www.parruccheonline.com\/stagingg\/wp-json\/wp\/v2\/media?parent=50284"}],"wp:term":[{"taxonomy":"product_cat","embeddable":true,"href":"https:\/\/www.parruccheonline.com\/stagingg\/wp-json\/wp\/v2\/product_cat?post=50284"},{"taxonomy":"product_tag","embeddable":true,"href":"https:\/\/www.parruccheonline.com\/stagingg\/wp-json\/wp\/v2\/product_tag?post=50284"}],"curies":[{"name":"wp","href":"https:\/\/api.w.org\/{rel}","templated":true}]}}