{"id":50015,"date":"2025-06-25T18:22:27","date_gmt":"2025-06-25T16:22:27","guid":{"rendered":"https:\/\/www.parruccheonline.com\/?post_type=product&#038;p=50015"},"modified":"2025-11-22T13:54:17","modified_gmt":"2025-11-22T12:54:17","slug":"parrucca-felicity","status":"publish","type":"product","link":"https:\/\/www.parruccheonline.com\/stagingg\/parrucca-felicity\/","title":{"rendered":"Parrucca Felicity"},"content":{"rendered":"<h2>Parrucca Felicity: modelli traspiranti su misure conformi alle taglie italiane.<\/h2>\n<p><strong>La parrucca Felicity<\/strong> in fibra sintetica ad alto effetto naturale, possiede qualit\u00e0 che possiamo definire elettive, studiate ed approvate dai nostri tecnici per soddisfare il bisogno dell&#8217;acquisto\u00a0 a causa della caduta dei capelli.<\/p>\n<p>Le alopecie di origine patologica o legata ai temuti cicli, ci hanno indotto a realizzare una corposa collezione con calotte pi\u00f9 affini alle teste italiane ossia con una misura Medio\/medio piccola.<\/p>\n<p>L&#8217;assenza improvvisa dei capelli porter\u00e0 le canoniche parrucche ad esser percepite come larghe o inadatte per la maggior parte delle clienti, con le perf\u00e8Wig di Farcaphair collezione Femina questo difetto viene eliminato nella maggior parte dei casi.<\/p>\n<p>Tra le caratteristiche principali sono:<\/p>\n<ul>\n<li>La vestibilit\u00e0 ottimale nelle condizioni sopra descritte<\/li>\n<li>Comfort e leggerezza<\/li>\n<li>Traspirazione<\/li>\n<li>Aspetto realistico<\/li>\n<li>Antiscivolo<\/li>\n<li>Style piacevole<\/li>\n<\/ul>\n<p>Tutte queste peculiarit\u00e0 rendono la parrucca gradevole da vedere e piacevole da indossare anche per lunghi tratti della giornata.<\/p>\n<p>La <b>misura di una parrucca \u00e8 fondamentale per chi ne fa uso<\/b> la misura 52 di circonferenza \u00e8 perfetta e, riduce il rischio che si sposti durante le attivit\u00e0 quotidiane<\/p>\n<p>Suggeriamo sempre di misurare correttamente la circonferenza per non compromettere il comfort e la resa estetica del prodotto.<\/p>\n<h3>Parrucca Felicity: traspirazione e meno umidit\u00e0 residua sulla testa<\/h3>\n<p>La traspirazione insieme alla vestibilit\u00e0 sono le caratteristiche fondamentali che devono avere le parrucche per esser indossate, specialmente nei climi caldi e umidi o se si pratica attivit\u00e0 fisica e lavorativa.<\/p>\n<p>La <strong>parrucca Felicity<\/strong> \u00e8 ragionata per consentire all&#8217;aria di circolare liberamente tra il cuoio capelluto e l&#8217;interno della parrucca.<\/p>\n<p>Nelle parrucche tradizionali Il problema principale \u00e8 l&#8217;accumulo di calore e umidit\u00e0 ci\u00f2 pu\u00f2 causare iperidrosi (eccessiva sudorazione).<\/p>\n<p><img fetchpriority=\"high\" decoding=\"async\" class=\"alignnone size-medium wp-image-50079\" src=\"https:\/\/www.parruccheonline.com\/wp-content\/uploads\/2025\/06\/10-1-240x300.jpg\" alt=\"\" width=\"240\" height=\"300\" srcset=\"https:\/\/www.parruccheonline.com\/stagingg\/wp-content\/uploads\/2025\/06\/10-1-240x300.jpg 240w, https:\/\/www.parruccheonline.com\/stagingg\/wp-content\/uploads\/2025\/06\/10-1-819x1024.jpg 819w, https:\/\/www.parruccheonline.com\/stagingg\/wp-content\/uploads\/2025\/06\/10-1-768x960.jpg 768w, https:\/\/www.parruccheonline.com\/stagingg\/wp-content\/uploads\/2025\/06\/10-1-800x1000.jpg 800w, https:\/\/www.parruccheonline.com\/stagingg\/wp-content\/uploads\/2025\/06\/10-1.jpg 1080w\" sizes=\"(max-width: 240px) 100vw, 240px\" \/><\/p>\n<h3>Perch\u00e8 utilizzare parrucche leggere?<\/h3>\n<p>Per prevenire pruriti o irritazioni una migliore areazione ne riduce la probabilit\u00e0 di formazioni,\u00a0 soprattutto se si possiede una cute delicata o se si \u00e8 in fase di ricrescita dei capelli.<\/p>\n<p>Il comfort ne guadagna sentendo meno il peso di un corpo estraneo sulla testa si dimenticherete anche di indossare una parrucca anche se l&#8217;uso sar\u00e0 per periodi prolungati.<\/p>\n<p>Parrucca realizzata a quasi prevalentemente a mano su lace frontale per fornire una veritiera attaccatura dei capelli su fronte e sulle tempie.<\/p>\n<p>Antiscivolo per consentire una miglior sicurezza nel portamento.<\/p>\n<p>Monofilamento per garantire un effetto cuoio capelluto realistico e una densit\u00e0 dei capelli naturali per eliminare il classico effetto statico di numerose parrucche in commercio.<\/p>\n<p>Tulle stretch delicato sulla nuca per completare la vestibilit\u00e0 ideale del prodotto, due regolatori della misura vi potranno aiutare a modificare la taglia a necessit\u00e0.<\/p>\n<p><img decoding=\"async\" class=\"alignnone size-medium wp-image-50081\" src=\"https:\/\/www.parruccheonline.com\/wp-content\/uploads\/2025\/06\/1-2-240x300.jpg\" alt=\"parrucca Felicity\" width=\"240\" height=\"300\" srcset=\"https:\/\/www.parruccheonline.com\/stagingg\/wp-content\/uploads\/2025\/06\/1-2-240x300.jpg 240w, https:\/\/www.parruccheonline.com\/stagingg\/wp-content\/uploads\/2025\/06\/1-2-819x1024.jpg 819w, https:\/\/www.parruccheonline.com\/stagingg\/wp-content\/uploads\/2025\/06\/1-2-768x960.jpg 768w, https:\/\/www.parruccheonline.com\/stagingg\/wp-content\/uploads\/2025\/06\/1-2-800x1000.jpg 800w, https:\/\/www.parruccheonline.com\/stagingg\/wp-content\/uploads\/2025\/06\/1-2.jpg 1080w\" sizes=\"(max-width: 240px) 100vw, 240px\" \/><\/p>\n<p>La Parrucca Felicity in fibra sintetica ha uno stile incredibilmente versatile con pochi movimenti delle dita la potrete trasformare in un corto asciutto da poter mettere il capello dietro le orecchie a uno stile decisamente voluminose e morbido.<\/p>\n<p>&nbsp;<\/p>\n<p><img decoding=\"async\" class=\"alignnone size-medium wp-image-50080\" src=\"https:\/\/www.parruccheonline.com\/wp-content\/uploads\/2025\/06\/9-2-240x300.jpg\" alt=\"parrucca felicity\" width=\"240\" height=\"300\" srcset=\"https:\/\/www.parruccheonline.com\/stagingg\/wp-content\/uploads\/2025\/06\/9-2-240x300.jpg 240w, https:\/\/www.parruccheonline.com\/stagingg\/wp-content\/uploads\/2025\/06\/9-2-819x1024.jpg 819w, https:\/\/www.parruccheonline.com\/stagingg\/wp-content\/uploads\/2025\/06\/9-2-768x960.jpg 768w, https:\/\/www.parruccheonline.com\/stagingg\/wp-content\/uploads\/2025\/06\/9-2-800x1000.jpg 800w, https:\/\/www.parruccheonline.com\/stagingg\/wp-content\/uploads\/2025\/06\/9-2.jpg 1080w\" sizes=\"(max-width: 240px) 100vw, 240px\" \/><\/p>\n","protected":false},"excerpt":{"rendered":"<p>Parrucca Felicity in fibra sintetica ad alto effetto naturale uno stile incredibilmente versatile da trasformarsi in un corto asciutto a uno stile decisamente voluminose e morbido. Consegna Gratuita!<\/p>\n","protected":false},"featured_media":50067,"comment_status":"open","ping_status":"closed","template":"","meta":{"_acf_changed":false},"product_cat":[2369,2186,2189,1623,1594,1600,1610,1596,1541,1597,1549,1555,1557,1579],"product_tag":[1820,1757,2439,2378,2438,2437,1667],"class_list":{"0":"post-50015","1":"product","2":"type-product","3":"status-publish","4":"has-post-thumbnail","6":"product_cat-offerte-speciali","7":"product_cat-parrucche-di-lusso","8":"product_cat-parrucche-luxury-ruby","9":"product_cat-parrucche-femina","10":"product_cat-tutte-le-parrucche-donna","11":"product_cat-parrucche-sintetiche-donna","12":"product_cat-best-seller","13":"product_cat-parrucca-alopecia-donna","14":"product_cat-small-large-parrucche-di-piccole-e-grandi-dimensioni","15":"product_cat-parrucche-chemioterapia-donna","16":"product_cat-parrucche-corte","17":"product_cat-parrucche-lisce","18":"product_cat-parrucche-piccole","19":"product_cat-farcaphair-parrucche","20":"product_tag-parrucca-alopecia","21":"product_tag-parrucca-corta","22":"product_tag-parrucca-estiva","23":"product_tag-parrucca-leggera","24":"product_tag-parrucche-52-cm","25":"product_tag-parrucche-a-mano","26":"product_tag-parrucche-chemioterapia","27":"pa_colori_parrucche-pw-auburn-rooted","28":"pa_colori_parrucche-pw-bernstein","29":"pa_colori_parrucche-pw-chocolate-caramel","30":"pa_colori_parrucche-pw-chocolate-mix","31":"pa_colori_parrucche-pw-coffe-mix","32":"pa_colori_parrucche-pw-espresso-mix","33":"pa_colori_parrucche-pw-light-blonde-rooted","34":"pa_colori_parrucche-pw-light-gray-mix","35":"pa_colori_parrucche-pw-sandy-blonde-rooted","36":"pa_colori_parrucche-pw-smoke-mix","37":"pa_colori_parrucche-pw-snow-mix","39":"first","40":"instock","41":"sale","42":"taxable","43":"shipping-taxable","44":"purchasable","45":"product-type-variable","swatches":"rey-swatches","show_selected":""},"acf":[],"yoast_head":"<!-- This site is optimized with the Yoast SEO Premium plugin v24.8 (Yoast SEO v27.0) - https:\/\/yoast.com\/product\/yoast-seo-premium-wordpress\/ -->\n<title>Parrucca Felicity - Vestibilit\u00e0 Perfetta<\/title>\n<meta name=\"description\" content=\"Parrucca Felicity realizzata a mano, Ogni dettaglio \u00e8 curato per comfort e vestibilit\u00e0 perfetti. Qualit\u00e0 superiore garantita.\" \/>\n<meta name=\"robots\" content=\"noindex, follow, max-snippet:-1, max-image-preview:large, max-video-preview:-1\" \/>\n<meta property=\"og:locale\" content=\"it_IT\" \/>\n<meta property=\"og:type\" content=\"article\" \/>\n<meta property=\"og:title\" content=\"Parrucca Felicity\" \/>\n<meta property=\"og:description\" content=\"Parrucca Felicity realizzata a mano, Ogni dettaglio \u00e8 curato per comfort e vestibilit\u00e0 perfetti. Qualit\u00e0 superiore garantita.\" \/>\n<meta property=\"og:url\" content=\"https:\/\/www.parruccheonline.com\/stagingg\/parrucca-felicity\/\" \/>\n<meta property=\"og:site_name\" content=\"Parrucche Online\" \/>\n<meta property=\"article:publisher\" content=\"https:\/\/www.facebook.com\/farcaphair\" \/>\n<meta property=\"article:modified_time\" content=\"2025-11-22T12:54:17+00:00\" \/>\n<meta property=\"og:image\" content=\"https:\/\/www.parruccheonline.com\/stagingg\/wp-content\/uploads\/2025\/06\/4-1.jpg\" \/>\n\t<meta property=\"og:image:width\" content=\"1080\" \/>\n\t<meta property=\"og:image:height\" content=\"1350\" \/>\n\t<meta property=\"og:image:type\" content=\"image\/jpeg\" \/>\n<meta name=\"twitter:card\" content=\"summary_large_image\" \/>\n<script type=\"application\/ld+json\" class=\"yoast-schema-graph\">{\"@context\":\"https:\/\/schema.org\",\"@graph\":[{\"@type\":\"WebPage\",\"@id\":\"https:\/\/www.parruccheonline.com\/stagingg\/parrucca-felicity\/\",\"url\":\"https:\/\/www.parruccheonline.com\/stagingg\/parrucca-felicity\/\",\"name\":\"Parrucca Felicity - Vestibilit\u00e0 Perfetta\",\"isPartOf\":{\"@id\":\"https:\/\/www.parruccheonline.com\/#website\"},\"primaryImageOfPage\":{\"@id\":\"https:\/\/www.parruccheonline.com\/stagingg\/parrucca-felicity\/#primaryimage\"},\"image\":{\"@id\":\"https:\/\/www.parruccheonline.com\/stagingg\/parrucca-felicity\/#primaryimage\"},\"thumbnailUrl\":\"https:\/\/www.parruccheonline.com\/stagingg\/wp-content\/uploads\/2025\/06\/4-1.jpg\",\"datePublished\":\"2025-06-25T16:22:27+00:00\",\"dateModified\":\"2025-11-22T12:54:17+00:00\",\"description\":\"Parrucca Felicity realizzata a mano, Ogni dettaglio \u00e8 curato per comfort e vestibilit\u00e0 perfetti. Qualit\u00e0 superiore garantita.\",\"breadcrumb\":{\"@id\":\"https:\/\/www.parruccheonline.com\/stagingg\/parrucca-felicity\/#breadcrumb\"},\"inLanguage\":\"it-IT\",\"potentialAction\":[{\"@type\":\"ReadAction\",\"target\":[\"https:\/\/www.parruccheonline.com\/stagingg\/parrucca-felicity\/\"]}]},{\"@type\":\"ImageObject\",\"inLanguage\":\"it-IT\",\"@id\":\"https:\/\/www.parruccheonline.com\/stagingg\/parrucca-felicity\/#primaryimage\",\"url\":\"https:\/\/www.parruccheonline.com\/stagingg\/wp-content\/uploads\/2025\/06\/4-1.jpg\",\"contentUrl\":\"https:\/\/www.parruccheonline.com\/stagingg\/wp-content\/uploads\/2025\/06\/4-1.jpg\",\"width\":1080,\"height\":1350,\"caption\":\"parrucca Felicity\"},{\"@type\":\"BreadcrumbList\",\"@id\":\"https:\/\/www.parruccheonline.com\/stagingg\/parrucca-felicity\/#breadcrumb\",\"itemListElement\":[{\"@type\":\"ListItem\",\"position\":1,\"name\":\"Home\",\"item\":\"https:\/\/www.parruccheonline.com\/stagingg\/\"},{\"@type\":\"ListItem\",\"position\":2,\"name\":\"Shop\",\"item\":\"https:\/\/www.parruccheonline.com\/stagingg\/shop\/\"},{\"@type\":\"ListItem\",\"position\":3,\"name\":\"Parrucca Felicity\"}]},{\"@type\":\"WebSite\",\"@id\":\"https:\/\/www.parruccheonline.com\/#website\",\"url\":\"https:\/\/www.parruccheonline.com\/\",\"name\":\"Parrucche Online\",\"description\":\"\",\"publisher\":{\"@id\":\"https:\/\/www.parruccheonline.com\/#organization\"},\"potentialAction\":[{\"@type\":\"SearchAction\",\"target\":{\"@type\":\"EntryPoint\",\"urlTemplate\":\"https:\/\/www.parruccheonline.com\/?s={search_term_string}\"},\"query-input\":{\"@type\":\"PropertyValueSpecification\",\"valueRequired\":true,\"valueName\":\"search_term_string\"}}],\"inLanguage\":\"it-IT\"},{\"@type\":\"Organization\",\"@id\":\"https:\/\/www.parruccheonline.com\/#organization\",\"name\":\"Parrucche Online\",\"url\":\"https:\/\/www.parruccheonline.com\/\",\"logo\":{\"@type\":\"ImageObject\",\"inLanguage\":\"it-IT\",\"@id\":\"https:\/\/www.parruccheonline.com\/#\/schema\/logo\/image\/\",\"url\":\"http:\/\/www.parruccheonline.com\/stagingg\/wp-content\/uploads\/2024\/11\/logo_parrucche-online_nero.svg\",\"contentUrl\":\"http:\/\/www.parruccheonline.com\/stagingg\/wp-content\/uploads\/2024\/11\/logo_parrucche-online_nero.svg\",\"width\":1000,\"height\":280,\"caption\":\"Parrucche Online\"},\"image\":{\"@id\":\"https:\/\/www.parruccheonline.com\/#\/schema\/logo\/image\/\"},\"sameAs\":[\"https:\/\/www.facebook.com\/farcaphair\",\"https:\/\/www.instagram.com\/parrucche_online_official\/\"]}]}<\/script>\n<!-- \/ Yoast SEO Premium plugin. -->","yoast_head_json":{"title":"Parrucca Felicity - Vestibilit\u00e0 Perfetta","description":"Parrucca Felicity realizzata a mano, Ogni dettaglio \u00e8 curato per comfort e vestibilit\u00e0 perfetti. Qualit\u00e0 superiore garantita.","robots":{"index":"noindex","follow":"follow","max-snippet":"max-snippet:-1","max-image-preview":"max-image-preview:large","max-video-preview":"max-video-preview:-1"},"og_locale":"it_IT","og_type":"article","og_title":"Parrucca Felicity","og_description":"Parrucca Felicity realizzata a mano, Ogni dettaglio \u00e8 curato per comfort e vestibilit\u00e0 perfetti. Qualit\u00e0 superiore garantita.","og_url":"https:\/\/www.parruccheonline.com\/stagingg\/parrucca-felicity\/","og_site_name":"Parrucche Online","article_publisher":"https:\/\/www.facebook.com\/farcaphair","article_modified_time":"2025-11-22T12:54:17+00:00","og_image":[{"width":1080,"height":1350,"url":"https:\/\/www.parruccheonline.com\/stagingg\/wp-content\/uploads\/2025\/06\/4-1.jpg","type":"image\/jpeg"}],"twitter_card":"summary_large_image","schema":{"@context":"https:\/\/schema.org","@graph":[{"@type":"WebPage","@id":"https:\/\/www.parruccheonline.com\/stagingg\/parrucca-felicity\/","url":"https:\/\/www.parruccheonline.com\/stagingg\/parrucca-felicity\/","name":"Parrucca Felicity - Vestibilit\u00e0 Perfetta","isPartOf":{"@id":"https:\/\/www.parruccheonline.com\/#website"},"primaryImageOfPage":{"@id":"https:\/\/www.parruccheonline.com\/stagingg\/parrucca-felicity\/#primaryimage"},"image":{"@id":"https:\/\/www.parruccheonline.com\/stagingg\/parrucca-felicity\/#primaryimage"},"thumbnailUrl":"https:\/\/www.parruccheonline.com\/stagingg\/wp-content\/uploads\/2025\/06\/4-1.jpg","datePublished":"2025-06-25T16:22:27+00:00","dateModified":"2025-11-22T12:54:17+00:00","description":"Parrucca Felicity realizzata a mano, Ogni dettaglio \u00e8 curato per comfort e vestibilit\u00e0 perfetti. Qualit\u00e0 superiore garantita.","breadcrumb":{"@id":"https:\/\/www.parruccheonline.com\/stagingg\/parrucca-felicity\/#breadcrumb"},"inLanguage":"it-IT","potentialAction":[{"@type":"ReadAction","target":["https:\/\/www.parruccheonline.com\/stagingg\/parrucca-felicity\/"]}]},{"@type":"ImageObject","inLanguage":"it-IT","@id":"https:\/\/www.parruccheonline.com\/stagingg\/parrucca-felicity\/#primaryimage","url":"https:\/\/www.parruccheonline.com\/stagingg\/wp-content\/uploads\/2025\/06\/4-1.jpg","contentUrl":"https:\/\/www.parruccheonline.com\/stagingg\/wp-content\/uploads\/2025\/06\/4-1.jpg","width":1080,"height":1350,"caption":"parrucca Felicity"},{"@type":"BreadcrumbList","@id":"https:\/\/www.parruccheonline.com\/stagingg\/parrucca-felicity\/#breadcrumb","itemListElement":[{"@type":"ListItem","position":1,"name":"Home","item":"https:\/\/www.parruccheonline.com\/stagingg\/"},{"@type":"ListItem","position":2,"name":"Shop","item":"https:\/\/www.parruccheonline.com\/stagingg\/shop\/"},{"@type":"ListItem","position":3,"name":"Parrucca Felicity"}]},{"@type":"WebSite","@id":"https:\/\/www.parruccheonline.com\/#website","url":"https:\/\/www.parruccheonline.com\/","name":"Parrucche Online","description":"","publisher":{"@id":"https:\/\/www.parruccheonline.com\/#organization"},"potentialAction":[{"@type":"SearchAction","target":{"@type":"EntryPoint","urlTemplate":"https:\/\/www.parruccheonline.com\/?s={search_term_string}"},"query-input":{"@type":"PropertyValueSpecification","valueRequired":true,"valueName":"search_term_string"}}],"inLanguage":"it-IT"},{"@type":"Organization","@id":"https:\/\/www.parruccheonline.com\/#organization","name":"Parrucche Online","url":"https:\/\/www.parruccheonline.com\/","logo":{"@type":"ImageObject","inLanguage":"it-IT","@id":"https:\/\/www.parruccheonline.com\/#\/schema\/logo\/image\/","url":"http:\/\/www.parruccheonline.com\/stagingg\/wp-content\/uploads\/2024\/11\/logo_parrucche-online_nero.svg","contentUrl":"http:\/\/www.parruccheonline.com\/stagingg\/wp-content\/uploads\/2024\/11\/logo_parrucche-online_nero.svg","width":1000,"height":280,"caption":"Parrucche Online"},"image":{"@id":"https:\/\/www.parruccheonline.com\/#\/schema\/logo\/image\/"},"sameAs":["https:\/\/www.facebook.com\/farcaphair","https:\/\/www.instagram.com\/parrucche_online_official\/"]}]}},"_links":{"self":[{"href":"https:\/\/www.parruccheonline.com\/stagingg\/wp-json\/wp\/v2\/product\/50015","targetHints":{"allow":["GET"]}}],"collection":[{"href":"https:\/\/www.parruccheonline.com\/stagingg\/wp-json\/wp\/v2\/product"}],"about":[{"href":"https:\/\/www.parruccheonline.com\/stagingg\/wp-json\/wp\/v2\/types\/product"}],"replies":[{"embeddable":true,"href":"https:\/\/www.parruccheonline.com\/stagingg\/wp-json\/wp\/v2\/comments?post=50015"}],"wp:featuredmedia":[{"embeddable":true,"href":"https:\/\/www.parruccheonline.com\/stagingg\/wp-json\/wp\/v2\/media\/50067"}],"wp:attachment":[{"href":"https:\/\/www.parruccheonline.com\/stagingg\/wp-json\/wp\/v2\/media?parent=50015"}],"wp:term":[{"taxonomy":"product_cat","embeddable":true,"href":"https:\/\/www.parruccheonline.com\/stagingg\/wp-json\/wp\/v2\/product_cat?post=50015"},{"taxonomy":"product_tag","embeddable":true,"href":"https:\/\/www.parruccheonline.com\/stagingg\/wp-json\/wp\/v2\/product_tag?post=50015"}],"curies":[{"name":"wp","href":"https:\/\/api.w.org\/{rel}","templated":true}]}}