{"id":48634,"date":"2025-03-22T14:15:30","date_gmt":"2025-03-22T13:15:30","guid":{"rendered":"http:\/\/www.parruccheonline.com\/stagingg\/?post_type=product&#038;p=48634"},"modified":"2025-11-22T13:56:30","modified_gmt":"2025-11-22T12:56:30","slug":"parrucca-lucrezia-sintetica-sartoriale","status":"publish","type":"product","link":"https:\/\/www.parruccheonline.com\/stagingg\/parrucca-lucrezia-sintetica-sartoriale\/","title":{"rendered":"Parrucca Lucrezia Sintetica Sartoriale"},"content":{"rendered":"<h2>Parrucca Lucrezia sintetica sartoriale:<\/h2>\n<p>Parrucca Lucrezia sintetica sartoriale, uno splendido modello realizzata a mano in puro stile &#8220;Maison&#8221;.<\/p>\n<p>Per questo modello \u00e8 stata utilizzata una fibra sintetica avanzata apparentemente simile al capello naturale e quindi facilmente confondibile con esso grazie alla morbidezza, lucentezza e movimento.<\/p>\n<p>La parrucca \u00e8 stata progettata per mantenere la piega e un confort ottimale anche nel tempo, tuttavia suggeriamo di utilizzare i prodotti specifici.<\/p>\n<p>I capelli della parrucca Lucrezia sono annodati manualmente da esperti artigiani che curano i dettagli e le finiture in modo minuzioso.<\/p>\n<p>I colori di questo modello son sapientemente miscelati per offrire texture realistiche.<\/p>\n<p>L\u2019annodatura dei capelli avviene su materiali di prestigio da un lace realistico, un monofilamento leggero e su un finissimo tulle elasticizzato.<\/p>\n<h3><strong>A chi la suggeriamo.<\/strong><\/h3>\n<p><strong>1-Nei casi di alopecia<\/strong><\/p>\n<p><strong>2- nei casi di caduta di capelli a causa dei cicli terapici <\/strong><\/p>\n<p><strong>3-Per teste con occipitale schiacciato (testa piatta) <\/strong><\/p>\n<p><strong>4- Per chi soffre il caldo <\/strong><\/p>\n<p><strong>5- Contro iperidosi del cuoio capelluto (forti sudorazioni) <\/strong><\/p>\n<p><strong>6-Chi desidera un aspetto realistico<\/strong><\/p>\n<h3>Parrucca Lucrezia sintetica sartoriale: Io vesto sicura e non grande<\/h3>\n<p>La parrucca Lucrezia \u00e8 progettata per adattarsi a diverse dimensioni della testa, grazie alla vestibilit\u00e0 che definiamo unica nel suo genere, lo scopo \u00e8 quello di vestire queste misure : medie, medio piccole e piccole.<\/p>\n<p>Il modello \u00e8 un dispositivo medico CE.<\/p>\n<p>&nbsp;<\/p>\n<p>&nbsp;<\/p>\n","protected":false},"excerpt":{"rendered":"<p>Parrucca Lucrezia sintetica sartoriale un modello realistico\u00a0 veramente leggero e traspirante. Ideale a chi \u00e8 sottoposta a cicli terapici o affetta da alopecia. Femina Perf\u00e8Wig.<\/p>\n","protected":false},"featured_media":48698,"comment_status":"open","ping_status":"closed","template":"","meta":{"_acf_changed":false},"product_cat":[2369,2186,2189,1593,1623,1594,1600,1596,1541,1597,1548,1549,1553,1555,1557,1572,1573,1574,1576,1579,1586,1539],"product_tag":[1721,2383,1667,2386,2385,1674,2384,1734,2382,1707],"class_list":{"0":"post-48634","1":"product","2":"type-product","3":"status-publish","4":"has-post-thumbnail","6":"product_cat-offerte-speciali","7":"product_cat-parrucche-di-lusso","8":"product_cat-parrucche-luxury-ruby","9":"product_cat-tutte-le-parrucche","10":"product_cat-parrucche-femina","11":"product_cat-tutte-le-parrucche-donna","12":"product_cat-parrucche-sintetiche-donna","13":"product_cat-parrucca-alopecia-donna","14":"product_cat-small-large-parrucche-di-piccole-e-grandi-dimensioni","15":"product_cat-parrucche-chemioterapia-donna","16":"product_cat-parrucche-in-lace","17":"product_cat-parrucche-corte","18":"product_cat-parrucche-monofilamento","19":"product_cat-parrucche-lisce","20":"product_cat-parrucche-piccole","21":"product_cat-parrucca-rossa","22":"product_cat-parrucca-bionda","23":"product_cat-parrucca-bianca","24":"product_cat-parrucche-milano","25":"product_cat-farcaphair-parrucche","26":"product_cat-125-parrucche-online","27":"product_cat-parrucche-in-fibra-lavorate-a-mano","28":"product_tag-centro-parrucche","29":"product_tag-parrucche-aloprcia","30":"product_tag-parrucche-chemioterapia","31":"product_tag-parrucche-estive","32":"product_tag-parrucche-leggere","33":"product_tag-parrucche-monofilamento","34":"product_tag-parrucche-padova","35":"product_tag-parrucche-piccole","36":"product_tag-parrucche-sartoriali","37":"product_tag-parrucche-sintetiche","38":"pa_brand-marchi-femina","39":"pa_colori_parrucche-pw-auburn-mix","40":"pa_colori_parrucche-pw-bernstein","41":"pa_colori_parrucche-pw-champagne-rooted","42":"pa_colori_parrucche-pw-chocolate-caramel","43":"pa_colori_parrucche-pw-chocolte-mix","44":"pa_colori_parrucche-pw-coffe-mix","45":"pa_colori_parrucche-pw-espresso-mix","46":"pa_colori_parrucche-pw-fw-pepper-mix","47":"pa_colori_parrucche-pw-light-blonde-rooted","48":"pa_colori_parrucche-pw-light-gray","49":"pa_colori_parrucche-pw-light-gray-mix","50":"pa_colori_parrucche-pw-lighthoney-rooted","51":"pa_colori_parrucche-pw-platin-blonde","52":"pa_colori_parrucche-pw-sandy-blonde-rooted","53":"pa_colori_parrucche-pw-smoke-mix","54":"pa_colori_parrucche-pw-snow-mix","55":"pa_dispositivo_medico-si","56":"pa_lace_front_attaccatura-si","57":"pa_lavorazione_parrucca-interamenteamano","58":"pa_piega-liscia","59":"pa_taglia-parrucca-media","60":"pa_taglio-corto","61":"pa_tipologia_capelli-fibrasintetica","63":"first","64":"instock","65":"sale","66":"taxable","67":"shipping-taxable","68":"purchasable","69":"product-type-variable","swatches":"rey-swatches","show_selected":""},"acf":[],"yoast_head":"<!-- This site is optimized with the Yoast SEO Premium plugin v24.8 (Yoast SEO v27.0) - https:\/\/yoast.com\/product\/yoast-seo-premium-wordpress\/ -->\n<title>Parrucca Lucrezia Sintetica Sartoriale | Leggerezza Unica<\/title>\n<meta name=\"description\" content=\"Parrucca Lucrezia sintetica sartoriale per alopecia di vario genere. La perfetta combinazione tra comfort, stile e realismo.\" \/>\n<meta name=\"robots\" content=\"noindex, follow, max-snippet:-1, max-image-preview:large, max-video-preview:-1\" \/>\n<meta property=\"og:locale\" content=\"it_IT\" \/>\n<meta property=\"og:type\" content=\"article\" \/>\n<meta property=\"og:title\" content=\"Parrucca Lucrezia Sintetica Sartoriale\" \/>\n<meta property=\"og:description\" content=\"Parrucca Lucrezia sintetica sartoriale per alopecia di vario genere. La perfetta combinazione tra comfort, stile e realismo.\" \/>\n<meta property=\"og:url\" content=\"https:\/\/www.parruccheonline.com\/stagingg\/parrucca-lucrezia-sintetica-sartoriale\/\" \/>\n<meta property=\"og:site_name\" content=\"Parrucche Online\" \/>\n<meta property=\"article:publisher\" content=\"https:\/\/www.facebook.com\/farcaphair\" \/>\n<meta property=\"article:modified_time\" content=\"2025-11-22T12:56:30+00:00\" \/>\n<meta property=\"og:image\" content=\"https:\/\/www.parruccheonline.com\/stagingg\/wp-content\/uploads\/2025\/03\/27.jpg\" \/>\n\t<meta property=\"og:image:width\" content=\"800\" \/>\n\t<meta property=\"og:image:height\" content=\"800\" \/>\n\t<meta property=\"og:image:type\" content=\"image\/jpeg\" \/>\n<meta name=\"twitter:card\" content=\"summary_large_image\" \/>\n<script type=\"application\/ld+json\" class=\"yoast-schema-graph\">{\"@context\":\"https:\/\/schema.org\",\"@graph\":[{\"@type\":\"WebPage\",\"@id\":\"https:\/\/www.parruccheonline.com\/stagingg\/parrucca-lucrezia-sintetica-sartoriale\/\",\"url\":\"https:\/\/www.parruccheonline.com\/stagingg\/parrucca-lucrezia-sintetica-sartoriale\/\",\"name\":\"Parrucca Lucrezia Sintetica Sartoriale | Leggerezza Unica\",\"isPartOf\":{\"@id\":\"https:\/\/www.parruccheonline.com\/stagingg\/#website\"},\"primaryImageOfPage\":{\"@id\":\"https:\/\/www.parruccheonline.com\/stagingg\/parrucca-lucrezia-sintetica-sartoriale\/#primaryimage\"},\"image\":{\"@id\":\"https:\/\/www.parruccheonline.com\/stagingg\/parrucca-lucrezia-sintetica-sartoriale\/#primaryimage\"},\"thumbnailUrl\":\"https:\/\/www.parruccheonline.com\/stagingg\/wp-content\/uploads\/2025\/03\/27.jpg\",\"datePublished\":\"2025-03-22T13:15:30+00:00\",\"dateModified\":\"2025-11-22T12:56:30+00:00\",\"description\":\"Parrucca Lucrezia sintetica sartoriale per alopecia di vario genere. La perfetta combinazione tra comfort, stile e realismo.\",\"breadcrumb\":{\"@id\":\"https:\/\/www.parruccheonline.com\/stagingg\/parrucca-lucrezia-sintetica-sartoriale\/#breadcrumb\"},\"inLanguage\":\"it-IT\",\"potentialAction\":[{\"@type\":\"ReadAction\",\"target\":[\"https:\/\/www.parruccheonline.com\/stagingg\/parrucca-lucrezia-sintetica-sartoriale\/\"]}]},{\"@type\":\"ImageObject\",\"inLanguage\":\"it-IT\",\"@id\":\"https:\/\/www.parruccheonline.com\/stagingg\/parrucca-lucrezia-sintetica-sartoriale\/#primaryimage\",\"url\":\"https:\/\/www.parruccheonline.com\/stagingg\/wp-content\/uploads\/2025\/03\/27.jpg\",\"contentUrl\":\"https:\/\/www.parruccheonline.com\/stagingg\/wp-content\/uploads\/2025\/03\/27.jpg\",\"width\":800,\"height\":800,\"caption\":\"Parrucca Lucrezia sintetica sartoriale\"},{\"@type\":\"BreadcrumbList\",\"@id\":\"https:\/\/www.parruccheonline.com\/stagingg\/parrucca-lucrezia-sintetica-sartoriale\/#breadcrumb\",\"itemListElement\":[{\"@type\":\"ListItem\",\"position\":1,\"name\":\"Home\",\"item\":\"https:\/\/www.parruccheonline.com\/stagingg\/\"},{\"@type\":\"ListItem\",\"position\":2,\"name\":\"Shop\",\"item\":\"https:\/\/www.parruccheonline.com\/stagingg\/shop\/\"},{\"@type\":\"ListItem\",\"position\":3,\"name\":\"Parrucca Lucrezia Sintetica Sartoriale\"}]},{\"@type\":\"WebSite\",\"@id\":\"https:\/\/www.parruccheonline.com\/stagingg\/#website\",\"url\":\"https:\/\/www.parruccheonline.com\/stagingg\/\",\"name\":\"Parrucche Online\",\"description\":\"\",\"publisher\":{\"@id\":\"https:\/\/www.parruccheonline.com\/stagingg\/#organization\"},\"potentialAction\":[{\"@type\":\"SearchAction\",\"target\":{\"@type\":\"EntryPoint\",\"urlTemplate\":\"https:\/\/www.parruccheonline.com\/stagingg\/?s={search_term_string}\"},\"query-input\":{\"@type\":\"PropertyValueSpecification\",\"valueRequired\":true,\"valueName\":\"search_term_string\"}}],\"inLanguage\":\"it-IT\"},{\"@type\":\"Organization\",\"@id\":\"https:\/\/www.parruccheonline.com\/stagingg\/#organization\",\"name\":\"Parrucche Online\",\"url\":\"https:\/\/www.parruccheonline.com\/stagingg\/\",\"logo\":{\"@type\":\"ImageObject\",\"inLanguage\":\"it-IT\",\"@id\":\"https:\/\/www.parruccheonline.com\/stagingg\/#\/schema\/logo\/image\/\",\"url\":\"http:\/\/www.parruccheonline.com\/stagingg\/wp-content\/uploads\/2024\/11\/logo_parrucche-online_nero.svg\",\"contentUrl\":\"http:\/\/www.parruccheonline.com\/stagingg\/wp-content\/uploads\/2024\/11\/logo_parrucche-online_nero.svg\",\"width\":1000,\"height\":280,\"caption\":\"Parrucche Online\"},\"image\":{\"@id\":\"https:\/\/www.parruccheonline.com\/stagingg\/#\/schema\/logo\/image\/\"},\"sameAs\":[\"https:\/\/www.facebook.com\/farcaphair\",\"https:\/\/www.instagram.com\/parrucche_online_official\/\"]}]}<\/script>\n<!-- \/ Yoast SEO Premium plugin. -->","yoast_head_json":{"title":"Parrucca Lucrezia Sintetica Sartoriale | Leggerezza Unica","description":"Parrucca Lucrezia sintetica sartoriale per alopecia di vario genere. La perfetta combinazione tra comfort, stile e realismo.","robots":{"index":"noindex","follow":"follow","max-snippet":"max-snippet:-1","max-image-preview":"max-image-preview:large","max-video-preview":"max-video-preview:-1"},"og_locale":"it_IT","og_type":"article","og_title":"Parrucca Lucrezia Sintetica Sartoriale","og_description":"Parrucca Lucrezia sintetica sartoriale per alopecia di vario genere. La perfetta combinazione tra comfort, stile e realismo.","og_url":"https:\/\/www.parruccheonline.com\/stagingg\/parrucca-lucrezia-sintetica-sartoriale\/","og_site_name":"Parrucche Online","article_publisher":"https:\/\/www.facebook.com\/farcaphair","article_modified_time":"2025-11-22T12:56:30+00:00","og_image":[{"width":800,"height":800,"url":"https:\/\/www.parruccheonline.com\/stagingg\/wp-content\/uploads\/2025\/03\/27.jpg","type":"image\/jpeg"}],"twitter_card":"summary_large_image","schema":{"@context":"https:\/\/schema.org","@graph":[{"@type":"WebPage","@id":"https:\/\/www.parruccheonline.com\/stagingg\/parrucca-lucrezia-sintetica-sartoriale\/","url":"https:\/\/www.parruccheonline.com\/stagingg\/parrucca-lucrezia-sintetica-sartoriale\/","name":"Parrucca Lucrezia Sintetica Sartoriale | Leggerezza Unica","isPartOf":{"@id":"https:\/\/www.parruccheonline.com\/stagingg\/#website"},"primaryImageOfPage":{"@id":"https:\/\/www.parruccheonline.com\/stagingg\/parrucca-lucrezia-sintetica-sartoriale\/#primaryimage"},"image":{"@id":"https:\/\/www.parruccheonline.com\/stagingg\/parrucca-lucrezia-sintetica-sartoriale\/#primaryimage"},"thumbnailUrl":"https:\/\/www.parruccheonline.com\/stagingg\/wp-content\/uploads\/2025\/03\/27.jpg","datePublished":"2025-03-22T13:15:30+00:00","dateModified":"2025-11-22T12:56:30+00:00","description":"Parrucca Lucrezia sintetica sartoriale per alopecia di vario genere. La perfetta combinazione tra comfort, stile e realismo.","breadcrumb":{"@id":"https:\/\/www.parruccheonline.com\/stagingg\/parrucca-lucrezia-sintetica-sartoriale\/#breadcrumb"},"inLanguage":"it-IT","potentialAction":[{"@type":"ReadAction","target":["https:\/\/www.parruccheonline.com\/stagingg\/parrucca-lucrezia-sintetica-sartoriale\/"]}]},{"@type":"ImageObject","inLanguage":"it-IT","@id":"https:\/\/www.parruccheonline.com\/stagingg\/parrucca-lucrezia-sintetica-sartoriale\/#primaryimage","url":"https:\/\/www.parruccheonline.com\/stagingg\/wp-content\/uploads\/2025\/03\/27.jpg","contentUrl":"https:\/\/www.parruccheonline.com\/stagingg\/wp-content\/uploads\/2025\/03\/27.jpg","width":800,"height":800,"caption":"Parrucca Lucrezia sintetica sartoriale"},{"@type":"BreadcrumbList","@id":"https:\/\/www.parruccheonline.com\/stagingg\/parrucca-lucrezia-sintetica-sartoriale\/#breadcrumb","itemListElement":[{"@type":"ListItem","position":1,"name":"Home","item":"https:\/\/www.parruccheonline.com\/stagingg\/"},{"@type":"ListItem","position":2,"name":"Shop","item":"https:\/\/www.parruccheonline.com\/stagingg\/shop\/"},{"@type":"ListItem","position":3,"name":"Parrucca Lucrezia Sintetica Sartoriale"}]},{"@type":"WebSite","@id":"https:\/\/www.parruccheonline.com\/stagingg\/#website","url":"https:\/\/www.parruccheonline.com\/stagingg\/","name":"Parrucche Online","description":"","publisher":{"@id":"https:\/\/www.parruccheonline.com\/stagingg\/#organization"},"potentialAction":[{"@type":"SearchAction","target":{"@type":"EntryPoint","urlTemplate":"https:\/\/www.parruccheonline.com\/stagingg\/?s={search_term_string}"},"query-input":{"@type":"PropertyValueSpecification","valueRequired":true,"valueName":"search_term_string"}}],"inLanguage":"it-IT"},{"@type":"Organization","@id":"https:\/\/www.parruccheonline.com\/stagingg\/#organization","name":"Parrucche Online","url":"https:\/\/www.parruccheonline.com\/stagingg\/","logo":{"@type":"ImageObject","inLanguage":"it-IT","@id":"https:\/\/www.parruccheonline.com\/stagingg\/#\/schema\/logo\/image\/","url":"http:\/\/www.parruccheonline.com\/stagingg\/wp-content\/uploads\/2024\/11\/logo_parrucche-online_nero.svg","contentUrl":"http:\/\/www.parruccheonline.com\/stagingg\/wp-content\/uploads\/2024\/11\/logo_parrucche-online_nero.svg","width":1000,"height":280,"caption":"Parrucche Online"},"image":{"@id":"https:\/\/www.parruccheonline.com\/stagingg\/#\/schema\/logo\/image\/"},"sameAs":["https:\/\/www.facebook.com\/farcaphair","https:\/\/www.instagram.com\/parrucche_online_official\/"]}]}},"_links":{"self":[{"href":"https:\/\/www.parruccheonline.com\/stagingg\/wp-json\/wp\/v2\/product\/48634","targetHints":{"allow":["GET"]}}],"collection":[{"href":"https:\/\/www.parruccheonline.com\/stagingg\/wp-json\/wp\/v2\/product"}],"about":[{"href":"https:\/\/www.parruccheonline.com\/stagingg\/wp-json\/wp\/v2\/types\/product"}],"replies":[{"embeddable":true,"href":"https:\/\/www.parruccheonline.com\/stagingg\/wp-json\/wp\/v2\/comments?post=48634"}],"wp:featuredmedia":[{"embeddable":true,"href":"https:\/\/www.parruccheonline.com\/stagingg\/wp-json\/wp\/v2\/media\/48698"}],"wp:attachment":[{"href":"https:\/\/www.parruccheonline.com\/stagingg\/wp-json\/wp\/v2\/media?parent=48634"}],"wp:term":[{"taxonomy":"product_cat","embeddable":true,"href":"https:\/\/www.parruccheonline.com\/stagingg\/wp-json\/wp\/v2\/product_cat?post=48634"},{"taxonomy":"product_tag","embeddable":true,"href":"https:\/\/www.parruccheonline.com\/stagingg\/wp-json\/wp\/v2\/product_tag?post=48634"}],"curies":[{"name":"wp","href":"https:\/\/api.w.org\/{rel}","templated":true}]}}