{"id":48454,"date":"2025-03-04T16:04:36","date_gmt":"2025-03-04T15:04:36","guid":{"rendered":"https:\/\/www.parruccheonline.com\/?post_type=product&#038;p=48454"},"modified":"2026-02-19T18:48:58","modified_gmt":"2026-02-19T17:48:58","slug":"parrucca-capelli-corti-stella","status":"publish","type":"product","link":"https:\/\/www.parruccheonline.com\/stagingg\/parrucca-capelli-corti-stella\/","title":{"rendered":"Parrucca capelli corti Stella"},"content":{"rendered":"<h3 data-start=\"0\" data-end=\"66\"><strong data-start=\"4\" data-end=\"64\">Parrucca capelli corti Stella: un modello corto e chic.<\/strong><\/h3>\n<h3 data-start=\"0\" data-end=\"66\"><span style=\"background-color: var(--body-bg-color); color: var(--body-color); font-family: var(--body-font-family),sans-serif; font-size: 1.125rem; font-weight: var(--body-font-weight,400);\">La parrucca naturale Stella appartiene alla linea dei modelli sartoriali della collezione Femina di Farcaphair, a mano e rappresentano una scelta di qualit\u00e0 e di eleganza.\u00a0<\/span><\/h3>\n<h3 data-start=\"0\" data-end=\"66\"><span style=\"background-color: var(--body-bg-color); color: var(--body-color); font-family: var(--body-font-family),sans-serif; font-size: 1.125rem; font-weight: var(--body-font-weight,400);\">Lo stampo sartoriale di questa parrucca di capelli veri <a href=\"https:\/\/www.parruccheonline.com\/categoria-prodotto\/default-category\/parrucche-corte\/\" target=\"_blank\" rel=\"noopener\">corti\u00a0<\/a> offre senza alcun dubbio un comfort superiore rispetto ad altri modelli.\u00a0<\/span><\/h3>\n<h3 data-start=\"400\" data-end=\"437\"><strong data-start=\"403\" data-end=\"435\">Materiali di Alta Qualit\u00e0.<\/strong><\/h3>\n<p>In sintesi questo modello possiede le qualit\u00e0 principali per definirsi a regola d&#8217;arte.<\/p>\n<ul>\n<li>Capelli naturali remy hair dalle cuticole intatte<\/li>\n<li>Lavorazione manuale del capello tramite un uncinetto<\/li>\n<li>Lace frontale<\/li>\n<li>Monofilamento<\/li>\n<li>Elastici regolatori della taglia<\/li>\n<li>Tulle stretch<\/li>\n<li data-start=\"500\" data-end=\"671\">Traspirazione massima<\/li>\n<li data-start=\"672\" data-end=\"834\">Leggerezza di pochi grammi che rende\u00a0l&#8217;uso prolungato pi\u00f9 piacevole<\/li>\n<li data-start=\"672\" data-end=\"834\">Effetto realistico<\/li>\n<\/ul>\n<h3 data-start=\"0\" data-end=\"66\"><strong data-start=\"4\" data-end=\"64\">Parrucca dal comfort garantito.<\/strong><\/h3>\n<p data-start=\"1535\" data-end=\"1887\">Questa tipologia di lavorazione la suggeriamo per necessit\u00e0 legate alla caduta dei capelli in modo temporaneo o permanente<b>.<\/b><\/p>\n<p data-start=\"1535\" data-end=\"1887\">Si pu\u00f2 definire ideali per chi pelli sensibili e delicate, molto apprezzabile nei casi di alopecia, grazie all&#8217;assenza di cuciture rigide.<br data-start=\"1198\" data-end=\"1201\" \/>Una delle peculiarit\u00e0 \u00e8 la leggerezza indicata a chi patisce le alte temperature a tende a sudare in modo eccessivo.<\/p>\n<p data-start=\"1535\" data-end=\"1887\">Ottimo effetto realistico del lace frontale che nasconde con maestria l&#8217;attaccatura dei capelli e il monofilamento trasparente garantisce un effetto cuoio capelluto realistico.<\/p>\n<p data-start=\"1535\" data-end=\"1887\">Spesso ci chiedono se la parrucca quando naturale pu\u00f2 tornare in piega da sola dopo il lavaggio.<\/p>\n<p data-start=\"1535\" data-end=\"1887\">Rispondiamo di no! Tuttavia essendo capello naturale la sua bellezza sta proprio nella possibilit\u00e0 di poter fornire look differenti in base alle proprie necessit\u00e0 anzi, proprio come succede con i propri capelli.<\/p>\n<p data-start=\"1535\" data-end=\"1887\">Un bella e sana messa in piega.<\/p>\n<p data-start=\"383\" data-end=\"500\">Le parrucche di capelli veri si possono trattare come i nostri solo con qualche accortezza\u00a0 in pi\u00f9 per tenerle sempre al massimo della forma.<\/p>\n<h3 data-start=\"502\" data-end=\"521\"><strong data-start=\"506\" data-end=\"519\">Ecco come:<\/strong><\/h3>\n<ul>\n<li data-start=\"522\" data-end=\"732\">Lavaggio dedicato : Utilizza i prodotti della casa produttrice, generalmente <a href=\"https:\/\/www.parruccheonline.com\/shampoo-deodorant-200-ml\/\" target=\"_blank\" rel=\"noopener\">Shampoo deodorant<\/a>, Crema emulsione e sigillante idratante.<\/li>\n<li data-start=\"522\" data-end=\"732\">Piega : Utilizzate fon e piastre bigodini e casco senza eccedere con le alte temperature. (max 180\u00b0C)<\/li>\n<li data-start=\"522\" data-end=\"732\">Fissaggio: utilizzare una lacca leggera o un siero per capelli per mantenerla in piega.<\/li>\n<\/ul>\n<h3 data-start=\"376\" data-end=\"525\"><b>Parrucca corta Stella: lavaggio e piega a bigodini.<\/b><\/h3>\n<p data-start=\"376\" data-end=\"525\"><span data-start=\"493\" data-end=\"522\">Lavare la parrucca secondo le istruzioni riportate sul cartellino. <\/span><span data-start=\"493\" data-end=\"522\">Da capello umido e lavato applicare ora i bigodini.<\/span><\/p>\n<p data-start=\"376\" data-end=\"525\"><span data-start=\"493\" data-end=\"522\">Ricordarsi che: se desideriamo un riccio pi\u00f9 stretto andr\u00e0 utilizzato utilizza un cilindro pi\u00f9 piccolo mentre per un riccio morbido si andr\u00e0 ad utilizzare quelli di misura pi\u00f9 grande.<\/span><\/p>\n<p data-start=\"376\" data-end=\"525\">Ricordatevi sempre che il bigodino va avvolto con\u00a0 mantenendo un tensione omogenea\u00a0 ci\u00f2 per\u00a0 evitare crespi o forme blande non piacevoli da vedere.<\/p>\n<p>A questo punto srotola delicatamente i bigodini con un pettine a denti larghi apri le onde e poi passa le dita per un effetto naturale.<\/p>\n<p>Fissate il vostro capolavoro con una lacca leggera.<\/p>\n<p data-start=\"376\" data-end=\"525\">Se utilizzate i bigodini termici, sar\u00e0 importante lasciarli raffreddare autonomamente per fissare l&#8217;onda del bigodino mentre per quelli canonici, utilizzare casco phon o lasciarli asciugare a temperatura ambiente.<\/p>\n<figure id=\"attachment_48067\" aria-describedby=\"caption-attachment-48067\" style=\"width: 236px\" class=\"wp-caption alignnone\"><img fetchpriority=\"high\" decoding=\"async\" class=\" wp-image-48067\" src=\"https:\/\/www.parruccheonline.com\/wp-content\/uploads\/2025\/01\/WHATS-APP-PARRUCCHE-ONLINE-300x300.jpg\" alt=\"Hai bisogno di supporto? contattaci o chiedi una consulenza su appuntamento\" width=\"236\" height=\"236\" srcset=\"https:\/\/www.parruccheonline.com\/stagingg\/wp-content\/uploads\/2025\/01\/WHATS-APP-PARRUCCHE-ONLINE-300x300.jpg 300w, https:\/\/www.parruccheonline.com\/stagingg\/wp-content\/uploads\/2025\/01\/WHATS-APP-PARRUCCHE-ONLINE-150x150.jpg 150w, https:\/\/www.parruccheonline.com\/stagingg\/wp-content\/uploads\/2025\/01\/WHATS-APP-PARRUCCHE-ONLINE-768x768.jpg 768w, https:\/\/www.parruccheonline.com\/stagingg\/wp-content\/uploads\/2025\/01\/WHATS-APP-PARRUCCHE-ONLINE-600x600.jpg 600w, https:\/\/www.parruccheonline.com\/stagingg\/wp-content\/uploads\/2025\/01\/WHATS-APP-PARRUCCHE-ONLINE-100x100.jpg 100w, https:\/\/www.parruccheonline.com\/stagingg\/wp-content\/uploads\/2025\/01\/WHATS-APP-PARRUCCHE-ONLINE.jpg 800w\" sizes=\"(max-width: 236px) 100vw, 236px\" \/><figcaption id=\"caption-attachment-48067\" class=\"wp-caption-text\">Hai bisogno di supporto? contattaci o chiedi una consulenza su appuntamento.<\/figcaption><\/figure>\n<p>&nbsp;<\/p>\n<p>Scopri altri modelli corti : <a href=\"https:\/\/www.parruccheonline.com\/categoria-prodotto\/default-category\/parrucche-corte\/\" target=\"_blank\" rel=\"noopener\">tutti i tagli short<\/a><\/p>\n<p><a href=\"https:\/\/www.parruccheonline.com\/wp-content\/uploads\/2025\/11\/Manuale-e-cura-parrucche-naturali.pdf\" target=\"_blank\" rel=\"noopener\">Manuale e cura parrucche naturali<\/a><\/p>\n","protected":false},"excerpt":{"rendered":"<p><span style=\"background-color: var(--body-bg-color); color: var(--body-color); font-family: var(--body-font-family),sans-serif; font-size: 1.125rem; font-weight: var(--body-font-weight,400);\">Parrucca capelli corti Stella uno splendido modello naturale e sartoriale dall&#8217;aspetto realistico in pieno stile short. La parrucca \u00e8 realizzata a mano con capelli remy hair, monofilamento e lace front, ottima per pettinature versatili.<\/span><\/p>\n","protected":false},"featured_media":50578,"comment_status":"open","ping_status":"closed","template":"","meta":{"_acf_changed":false},"product_cat":[1579,1546,1572,1593,1596,1573,1556,1601,1588,1589,1597,2186,1552,1623,1538,1548,1555,2187,1576,1553,1594,1622,1549],"product_tag":[1820,1809,2378,2377,2374,2375,2376,1800],"class_list":{"0":"post-48454","1":"product","2":"type-product","3":"status-publish","4":"has-post-thumbnail","6":"product_cat-farcaphair-parrucche","7":"product_cat-parrucca-capelli-veri-in-lace","8":"product_cat-parrucca-rossa","9":"product_cat-tutte-le-parrucche","10":"product_cat-parrucca-alopecia-donna","11":"product_cat-parrucca-bionda","12":"product_cat-parrucche-capello-naturale","13":"product_cat-parrucche-naturali-donna","14":"product_cat-parrucche-capelli-veri-prezzi","15":"product_cat-parrucche-capelli-veri-prezzi-1","16":"product_cat-parrucche-chemioterapia-donna","17":"product_cat-parrucche-di-lusso","18":"product_cat-parrucche-economiche","19":"product_cat-parrucche-femina","20":"product_cat-parrucche-in-capello-naturale-fefa","21":"product_cat-parrucche-in-lace","22":"product_cat-parrucche-lisce","23":"product_cat-parrucche-luxury-diamond","24":"product_cat-parrucche-milano","25":"product_cat-parrucche-monofilamento","26":"product_cat-tutte-le-parrucche-donna","27":"product_cat-parrucche-prezzi-bassi","28":"product_cat-parrucche-corte","29":"product_tag-parrucca-alopecia","30":"product_tag-parrucca-chemioterapia","31":"product_tag-parrucca-leggera","32":"product_tag-parrucca-remy-hair","33":"product_tag-parrucca-sartoriale","34":"product_tag-parrucca-stella","35":"product_tag-parrucca-vera","36":"product_tag-parruccheonline","37":"pa_brand-marchi-femina","38":"pa_colori_parrucche-femina12-24","39":"pa_colori_parrucche-femina4-6","40":"pa_colori_parrucche-femina6-30","41":"pa_colori_parrucche-femina8","42":"pa_colori_parrucche-feminas12-88-200","43":"pa_colori_parrucche-feminas830-6-30","44":"pa_dispositivo_medico-si","45":"pa_materiali-lace-front-attaccatura-cinematografica","46":"pa_materiali-monofilamento","47":"pa_piega-liscia","48":"pa_taglia-parrucca-media","49":"pa_taglio-corto","50":"pa_tipologia_capelli-naturaleremy","52":"first","53":"instock","54":"sale","55":"taxable","56":"shipping-taxable","57":"purchasable","58":"product-type-variable","swatches":"rey-swatches","show_selected":""},"acf":[],"yoast_head":"<!-- This site is optimized with the Yoast SEO Premium plugin v24.8 (Yoast SEO v27.0) - https:\/\/yoast.com\/product\/yoast-seo-premium-wordpress\/ -->\n<title>Parrucca capelli corti Stella | Solo Su ParruccheOnline<\/title>\n<meta name=\"description\" content=\"Parrucca capelli corti Stella un modello sartoriale super leggero e versatile ideale per i tagli short e facilmente da mettere in piega.\" \/>\n<meta name=\"robots\" content=\"noindex, follow, max-snippet:-1, max-image-preview:large, max-video-preview:-1\" \/>\n<meta property=\"og:locale\" content=\"it_IT\" \/>\n<meta property=\"og:type\" content=\"article\" \/>\n<meta property=\"og:title\" content=\"Parrucca capelli corti Stella\" \/>\n<meta property=\"og:description\" content=\"Parrucca capelli corti Stella un modello sartoriale super leggero e versatile ideale per i tagli short e facilmente da mettere in piega.\" \/>\n<meta property=\"og:url\" content=\"https:\/\/www.parruccheonline.com\/stagingg\/parrucca-capelli-corti-stella\/\" \/>\n<meta property=\"og:site_name\" content=\"Parrucche Online\" \/>\n<meta property=\"article:publisher\" content=\"https:\/\/www.facebook.com\/farcaphair\" \/>\n<meta property=\"article:modified_time\" content=\"2026-02-19T17:48:58+00:00\" \/>\n<meta property=\"og:image\" content=\"https:\/\/www.parruccheonline.com\/stagingg\/wp-content\/uploads\/2025\/03\/1-1.jpg\" \/>\n\t<meta property=\"og:image:width\" content=\"800\" \/>\n\t<meta property=\"og:image:height\" content=\"800\" \/>\n\t<meta property=\"og:image:type\" content=\"image\/jpeg\" \/>\n<meta name=\"twitter:card\" content=\"summary_large_image\" \/>\n<script type=\"application\/ld+json\" class=\"yoast-schema-graph\">{\"@context\":\"https:\/\/schema.org\",\"@graph\":[{\"@type\":\"WebPage\",\"@id\":\"https:\/\/www.parruccheonline.com\/stagingg\/parrucca-capelli-corti-stella\/\",\"url\":\"https:\/\/www.parruccheonline.com\/stagingg\/parrucca-capelli-corti-stella\/\",\"name\":\"Parrucca capelli corti Stella | Solo Su ParruccheOnline\",\"isPartOf\":{\"@id\":\"https:\/\/www.parruccheonline.com\/#website\"},\"primaryImageOfPage\":{\"@id\":\"https:\/\/www.parruccheonline.com\/stagingg\/parrucca-capelli-corti-stella\/#primaryimage\"},\"image\":{\"@id\":\"https:\/\/www.parruccheonline.com\/stagingg\/parrucca-capelli-corti-stella\/#primaryimage\"},\"thumbnailUrl\":\"https:\/\/www.parruccheonline.com\/stagingg\/wp-content\/uploads\/2025\/03\/1-1.jpg\",\"datePublished\":\"2025-03-04T15:04:36+00:00\",\"dateModified\":\"2026-02-19T17:48:58+00:00\",\"description\":\"Parrucca capelli corti Stella un modello sartoriale super leggero e versatile ideale per i tagli short e facilmente da mettere in piega.\",\"breadcrumb\":{\"@id\":\"https:\/\/www.parruccheonline.com\/stagingg\/parrucca-capelli-corti-stella\/#breadcrumb\"},\"inLanguage\":\"it-IT\",\"potentialAction\":[{\"@type\":\"ReadAction\",\"target\":[\"https:\/\/www.parruccheonline.com\/stagingg\/parrucca-capelli-corti-stella\/\"]}]},{\"@type\":\"ImageObject\",\"inLanguage\":\"it-IT\",\"@id\":\"https:\/\/www.parruccheonline.com\/stagingg\/parrucca-capelli-corti-stella\/#primaryimage\",\"url\":\"https:\/\/www.parruccheonline.com\/stagingg\/wp-content\/uploads\/2025\/03\/1-1.jpg\",\"contentUrl\":\"https:\/\/www.parruccheonline.com\/stagingg\/wp-content\/uploads\/2025\/03\/1-1.jpg\",\"width\":800,\"height\":800,\"caption\":\"Parrucca capelli corti Stella\"},{\"@type\":\"BreadcrumbList\",\"@id\":\"https:\/\/www.parruccheonline.com\/stagingg\/parrucca-capelli-corti-stella\/#breadcrumb\",\"itemListElement\":[{\"@type\":\"ListItem\",\"position\":1,\"name\":\"Home\",\"item\":\"https:\/\/www.parruccheonline.com\/stagingg\/\"},{\"@type\":\"ListItem\",\"position\":2,\"name\":\"Shop\",\"item\":\"https:\/\/www.parruccheonline.com\/stagingg\/shop\/\"},{\"@type\":\"ListItem\",\"position\":3,\"name\":\"Parrucca capelli corti Stella\"}]},{\"@type\":\"WebSite\",\"@id\":\"https:\/\/www.parruccheonline.com\/#website\",\"url\":\"https:\/\/www.parruccheonline.com\/\",\"name\":\"Parrucche Online\",\"description\":\"\",\"publisher\":{\"@id\":\"https:\/\/www.parruccheonline.com\/#organization\"},\"potentialAction\":[{\"@type\":\"SearchAction\",\"target\":{\"@type\":\"EntryPoint\",\"urlTemplate\":\"https:\/\/www.parruccheonline.com\/?s={search_term_string}\"},\"query-input\":{\"@type\":\"PropertyValueSpecification\",\"valueRequired\":true,\"valueName\":\"search_term_string\"}}],\"inLanguage\":\"it-IT\"},{\"@type\":\"Organization\",\"@id\":\"https:\/\/www.parruccheonline.com\/#organization\",\"name\":\"Parrucche Online\",\"url\":\"https:\/\/www.parruccheonline.com\/\",\"logo\":{\"@type\":\"ImageObject\",\"inLanguage\":\"it-IT\",\"@id\":\"https:\/\/www.parruccheonline.com\/#\/schema\/logo\/image\/\",\"url\":\"http:\/\/www.parruccheonline.com\/stagingg\/wp-content\/uploads\/2024\/11\/logo_parrucche-online_nero.svg\",\"contentUrl\":\"http:\/\/www.parruccheonline.com\/stagingg\/wp-content\/uploads\/2024\/11\/logo_parrucche-online_nero.svg\",\"width\":1000,\"height\":280,\"caption\":\"Parrucche Online\"},\"image\":{\"@id\":\"https:\/\/www.parruccheonline.com\/#\/schema\/logo\/image\/\"},\"sameAs\":[\"https:\/\/www.facebook.com\/farcaphair\",\"https:\/\/www.instagram.com\/parrucche_online_official\/\"]}]}<\/script>\n<!-- \/ Yoast SEO Premium plugin. -->","yoast_head_json":{"title":"Parrucca capelli corti Stella | Solo Su ParruccheOnline","description":"Parrucca capelli corti Stella un modello sartoriale super leggero e versatile ideale per i tagli short e facilmente da mettere in piega.","robots":{"index":"noindex","follow":"follow","max-snippet":"max-snippet:-1","max-image-preview":"max-image-preview:large","max-video-preview":"max-video-preview:-1"},"og_locale":"it_IT","og_type":"article","og_title":"Parrucca capelli corti Stella","og_description":"Parrucca capelli corti Stella un modello sartoriale super leggero e versatile ideale per i tagli short e facilmente da mettere in piega.","og_url":"https:\/\/www.parruccheonline.com\/stagingg\/parrucca-capelli-corti-stella\/","og_site_name":"Parrucche Online","article_publisher":"https:\/\/www.facebook.com\/farcaphair","article_modified_time":"2026-02-19T17:48:58+00:00","og_image":[{"width":800,"height":800,"url":"https:\/\/www.parruccheonline.com\/stagingg\/wp-content\/uploads\/2025\/03\/1-1.jpg","type":"image\/jpeg"}],"twitter_card":"summary_large_image","schema":{"@context":"https:\/\/schema.org","@graph":[{"@type":"WebPage","@id":"https:\/\/www.parruccheonline.com\/stagingg\/parrucca-capelli-corti-stella\/","url":"https:\/\/www.parruccheonline.com\/stagingg\/parrucca-capelli-corti-stella\/","name":"Parrucca capelli corti Stella | Solo Su ParruccheOnline","isPartOf":{"@id":"https:\/\/www.parruccheonline.com\/#website"},"primaryImageOfPage":{"@id":"https:\/\/www.parruccheonline.com\/stagingg\/parrucca-capelli-corti-stella\/#primaryimage"},"image":{"@id":"https:\/\/www.parruccheonline.com\/stagingg\/parrucca-capelli-corti-stella\/#primaryimage"},"thumbnailUrl":"https:\/\/www.parruccheonline.com\/stagingg\/wp-content\/uploads\/2025\/03\/1-1.jpg","datePublished":"2025-03-04T15:04:36+00:00","dateModified":"2026-02-19T17:48:58+00:00","description":"Parrucca capelli corti Stella un modello sartoriale super leggero e versatile ideale per i tagli short e facilmente da mettere in piega.","breadcrumb":{"@id":"https:\/\/www.parruccheonline.com\/stagingg\/parrucca-capelli-corti-stella\/#breadcrumb"},"inLanguage":"it-IT","potentialAction":[{"@type":"ReadAction","target":["https:\/\/www.parruccheonline.com\/stagingg\/parrucca-capelli-corti-stella\/"]}]},{"@type":"ImageObject","inLanguage":"it-IT","@id":"https:\/\/www.parruccheonline.com\/stagingg\/parrucca-capelli-corti-stella\/#primaryimage","url":"https:\/\/www.parruccheonline.com\/stagingg\/wp-content\/uploads\/2025\/03\/1-1.jpg","contentUrl":"https:\/\/www.parruccheonline.com\/stagingg\/wp-content\/uploads\/2025\/03\/1-1.jpg","width":800,"height":800,"caption":"Parrucca capelli corti Stella"},{"@type":"BreadcrumbList","@id":"https:\/\/www.parruccheonline.com\/stagingg\/parrucca-capelli-corti-stella\/#breadcrumb","itemListElement":[{"@type":"ListItem","position":1,"name":"Home","item":"https:\/\/www.parruccheonline.com\/stagingg\/"},{"@type":"ListItem","position":2,"name":"Shop","item":"https:\/\/www.parruccheonline.com\/stagingg\/shop\/"},{"@type":"ListItem","position":3,"name":"Parrucca capelli corti Stella"}]},{"@type":"WebSite","@id":"https:\/\/www.parruccheonline.com\/#website","url":"https:\/\/www.parruccheonline.com\/","name":"Parrucche Online","description":"","publisher":{"@id":"https:\/\/www.parruccheonline.com\/#organization"},"potentialAction":[{"@type":"SearchAction","target":{"@type":"EntryPoint","urlTemplate":"https:\/\/www.parruccheonline.com\/?s={search_term_string}"},"query-input":{"@type":"PropertyValueSpecification","valueRequired":true,"valueName":"search_term_string"}}],"inLanguage":"it-IT"},{"@type":"Organization","@id":"https:\/\/www.parruccheonline.com\/#organization","name":"Parrucche Online","url":"https:\/\/www.parruccheonline.com\/","logo":{"@type":"ImageObject","inLanguage":"it-IT","@id":"https:\/\/www.parruccheonline.com\/#\/schema\/logo\/image\/","url":"http:\/\/www.parruccheonline.com\/stagingg\/wp-content\/uploads\/2024\/11\/logo_parrucche-online_nero.svg","contentUrl":"http:\/\/www.parruccheonline.com\/stagingg\/wp-content\/uploads\/2024\/11\/logo_parrucche-online_nero.svg","width":1000,"height":280,"caption":"Parrucche Online"},"image":{"@id":"https:\/\/www.parruccheonline.com\/#\/schema\/logo\/image\/"},"sameAs":["https:\/\/www.facebook.com\/farcaphair","https:\/\/www.instagram.com\/parrucche_online_official\/"]}]}},"_links":{"self":[{"href":"https:\/\/www.parruccheonline.com\/stagingg\/wp-json\/wp\/v2\/product\/48454","targetHints":{"allow":["GET"]}}],"collection":[{"href":"https:\/\/www.parruccheonline.com\/stagingg\/wp-json\/wp\/v2\/product"}],"about":[{"href":"https:\/\/www.parruccheonline.com\/stagingg\/wp-json\/wp\/v2\/types\/product"}],"replies":[{"embeddable":true,"href":"https:\/\/www.parruccheonline.com\/stagingg\/wp-json\/wp\/v2\/comments?post=48454"}],"wp:featuredmedia":[{"embeddable":true,"href":"https:\/\/www.parruccheonline.com\/stagingg\/wp-json\/wp\/v2\/media\/50578"}],"wp:attachment":[{"href":"https:\/\/www.parruccheonline.com\/stagingg\/wp-json\/wp\/v2\/media?parent=48454"}],"wp:term":[{"taxonomy":"product_cat","embeddable":true,"href":"https:\/\/www.parruccheonline.com\/stagingg\/wp-json\/wp\/v2\/product_cat?post=48454"},{"taxonomy":"product_tag","embeddable":true,"href":"https:\/\/www.parruccheonline.com\/stagingg\/wp-json\/wp\/v2\/product_tag?post=48454"}],"curies":[{"name":"wp","href":"https:\/\/api.w.org\/{rel}","templated":true}]}}