{"id":48254,"date":"2025-02-17T13:31:58","date_gmt":"2025-02-17T12:31:58","guid":{"rendered":"https:\/\/www.parruccheonline.com\/?post_type=product&#038;p=48254"},"modified":"2026-03-06T18:31:04","modified_gmt":"2026-03-06T17:31:04","slug":"wig-coco","status":"publish","type":"product","link":"https:\/\/www.parruccheonline.com\/stagingg\/wig-coco\/","title":{"rendered":"Wig Coco"},"content":{"rendered":"<h2>Wig Coco: un modello sartoriale per chi ama il bello!<\/h2>\n<p>La parrucca <strong>Wig Coco<\/strong> \u00e8 un piccolo capolavoro della collezione Femina di Farcaphair.<\/p>\n<p>Un taglio pari adatto a chi ama le lunghezze ma senza eccedere.<\/p>\n<p>Una parrucca sicuramente raffinata adatta nella fascia di et\u00e0 compresa tra i 20\/50 anni.<\/p>\n<p>Andiamo a scoprire piano piano tutte le caratteristiche che rendono unico questo magnifico modello.<\/p>\n<p>Innanzitutto parliamo di capelli veri e remy hair dalle pregiatissime cuticole intatte. a scelta di utilizzare questo prodotto \u00e8 atto a fornire l&#8217;immagine migliore possibile per l&#8217;utilizzatore finale.<\/p>\n<p>La peculiarit\u00e0 di questa parrucca \u00e8 indubbiamente il capello sia per la morbidezza dello stesso che per e lo stile con cui \u00e8 stata definita l&#8217;immagine estetica del prodotto, grazie all&#8217;unicat <a href=\"https:\/\/www.vogue.it\/bellezza\/article\/invisible-layers-capelli-poco-scalati-volume\" target=\"_blank\" rel=\"noopener\">hair whithout layer<\/a> ossia, il taglio a strati che nascondono la scalatura dello strato superiore.<\/p>\n<div class=\"page\" title=\"Page 22\">\n<div class=\"section\">\n<div class=\"layoutArea\">\n<div class=\"column\">\n<h3>Parrucca Wig Coco: Caratteristiche generiche del prodotto<\/h3>\n<ul>\n<li>Parrucca naturale<\/li>\n<li>Parrucca lunga<\/li>\n<li>La lunghezza del capello 40 cm (approssimativa e misurata dal centro testa)<\/li>\n<li>Tulle stretch<\/li>\n<li>Sartoriale<\/li>\n<li>Lavorata a mano e macchina<\/li>\n<li>antiscivolo<\/li>\n<li>Taglia media<\/li>\n<li>Elastici regolatori della misura<\/li>\n<li>Brend Farcaphair<\/li>\n<li>dispositivo medico<\/li>\n<li>Capelli remy hair<\/li>\n<li><span style=\"background-color: var(--body-bg-color);color: var(--body-color);font-family: var(--body-font-family),sans-serif;font-size: 1.125rem;font-weight: var(--body-font-weight,400)\">Frontale in lace front<\/span><\/li>\n<li><span style=\"background-color: var(--body-bg-color);color: var(--body-color);font-family: var(--body-font-family),sans-serif;font-size: 1.125rem;font-weight: var(--body-font-weight,400)\">Parte superiore in monofilamento<\/span><\/li>\n<li><span style=\"background-color: var(--body-bg-color);color: var(--body-color);font-family: var(--body-font-family),sans-serif;font-size: 1.125rem;font-weight: var(--body-font-weight,400)\">Ottima traspirazione<\/span><span style=\"background-color: var(--body-bg-color);color: var(--body-color);font-family: var(--body-font-family),sans-serif;font-size: 1.125rem;font-weight: var(--body-font-weight,400)\">\u00a0<\/span><\/li>\n<\/ul>\n<p><img fetchpriority=\"high\" decoding=\"async\" class=\"alignnone size-medium wp-image-48261\" src=\"https:\/\/www.parruccheonline.com\/wp-content\/uploads\/2025\/02\/2-300x300.jpg\" alt=\"Parrucca coco\" width=\"300\" height=\"300\" srcset=\"https:\/\/www.parruccheonline.com\/stagingg\/wp-content\/uploads\/2025\/02\/2-300x300.jpg 300w, https:\/\/www.parruccheonline.com\/stagingg\/wp-content\/uploads\/2025\/02\/2-150x150.jpg 150w, https:\/\/www.parruccheonline.com\/stagingg\/wp-content\/uploads\/2025\/02\/2-768x768.jpg 768w, https:\/\/www.parruccheonline.com\/stagingg\/wp-content\/uploads\/2025\/02\/2-600x600.jpg 600w, https:\/\/www.parruccheonline.com\/stagingg\/wp-content\/uploads\/2025\/02\/2-100x100.jpg 100w, https:\/\/www.parruccheonline.com\/stagingg\/wp-content\/uploads\/2025\/02\/2.jpg 800w\" sizes=\"(max-width: 300px) 100vw, 300px\" \/><\/p>\n<\/div>\n<div class=\"page\" title=\"Page 23\">\n<div class=\"section\">\n<div class=\"layoutArea\">\n<div class=\"column\">\n<h3>Wig Coco: Come indossare la parrucca e come regolare la taglia.<\/h3>\n<p>Indossare la parrucca correttamente \u00e8 molto importante per il comfort, per l&#8217;immagine al fine di ottenere un look realistico ma soprattutto, per evitare spiacevoli inconvenienti.<\/p>\n<p>Una volta indossata verificare che l&#8217;attaccatura frontale non sia posizionata troppo bassa. Generalmente la distanza deve essere di circa 8,5 cm dalla fossetta nasale.<\/p>\n<p>Altro fattore determinante sono le basette queste devono posizionarsi in modo parallelo e speculare, successivamente potrete regolate la taglia della parrucca tramite le bande elastiche poste sulla nuca.<\/p>\n<p>Ricordatevi che a misura dovr\u00e0 essere la pi\u00f9 confortevole possibile trovando un buon compromesso, non dovr\u00e0 risultare troppo stretta onde evitare compressioni sgradevoli e nemmeno troppo larga poich\u00e9 inevitabilmente la sentireste poco stabile.<\/p>\n<\/div>\n<\/div>\n<figure id=\"attachment_48067\" aria-describedby=\"caption-attachment-48067\" style=\"width: 244px\" class=\"wp-caption alignnone\"><img decoding=\"async\" class=\" wp-image-48067\" src=\"https:\/\/www.parruccheonline.com\/wp-content\/uploads\/2025\/01\/WHATS-APP-PARRUCCHE-ONLINE-300x300.jpg\" alt=\"Hai bisogno di supporto? contattaci o chiedi una consulenza su appuntamento\" width=\"244\" height=\"244\" srcset=\"https:\/\/www.parruccheonline.com\/stagingg\/wp-content\/uploads\/2025\/01\/WHATS-APP-PARRUCCHE-ONLINE-300x300.jpg 300w, https:\/\/www.parruccheonline.com\/stagingg\/wp-content\/uploads\/2025\/01\/WHATS-APP-PARRUCCHE-ONLINE-150x150.jpg 150w, https:\/\/www.parruccheonline.com\/stagingg\/wp-content\/uploads\/2025\/01\/WHATS-APP-PARRUCCHE-ONLINE-768x768.jpg 768w, https:\/\/www.parruccheonline.com\/stagingg\/wp-content\/uploads\/2025\/01\/WHATS-APP-PARRUCCHE-ONLINE-600x600.jpg 600w, https:\/\/www.parruccheonline.com\/stagingg\/wp-content\/uploads\/2025\/01\/WHATS-APP-PARRUCCHE-ONLINE-100x100.jpg 100w, https:\/\/www.parruccheonline.com\/stagingg\/wp-content\/uploads\/2025\/01\/WHATS-APP-PARRUCCHE-ONLINE.jpg 800w\" sizes=\"(max-width: 244px) 100vw, 244px\" \/><figcaption id=\"caption-attachment-48067\" class=\"wp-caption-text\">Hai bisogno di supporto? contattaci o chiedi una consulenza su appuntamento.<\/figcaption><\/figure>\n<p>&nbsp;<\/p>\n<div class=\"layoutArea\">\n<div class=\"column\">\n<figure id=\"attachment_47404\" aria-describedby=\"caption-attachment-47404\" style=\"width: 214px\" class=\"wp-caption alignnone\"><a href=\"https:\/\/www.parruccheonline.com\/categoria-prodotto\/tutte-le-parrucche\/tutte-le-parrucche-donna\/parrucche-naturali-donna\/\" target=\"_blank\" rel=\"noopener\"><img decoding=\"async\" class=\" wp-image-47404\" src=\"https:\/\/www.parruccheonline.com\/wp-content\/uploads\/2025\/01\/parrucche-sartoriali-3-300x300.jpg\" alt=\"parrucche sartoriali\" width=\"214\" height=\"214\" srcset=\"https:\/\/www.parruccheonline.com\/stagingg\/wp-content\/uploads\/2025\/01\/parrucche-sartoriali-3-300x300.jpg 300w, https:\/\/www.parruccheonline.com\/stagingg\/wp-content\/uploads\/2025\/01\/parrucche-sartoriali-3-150x150.jpg 150w, https:\/\/www.parruccheonline.com\/stagingg\/wp-content\/uploads\/2025\/01\/parrucche-sartoriali-3-100x100.jpg 100w, https:\/\/www.parruccheonline.com\/stagingg\/wp-content\/uploads\/2025\/01\/parrucche-sartoriali-3.jpg 413w\" sizes=\"(max-width: 214px) 100vw, 214px\" \/><\/a><figcaption id=\"caption-attachment-47404\" class=\"wp-caption-text\">parrucche sartoriali reperibili sul web solo su ParruccheOnline.<\/figcaption><\/figure>\n<\/div>\n<\/div>\n<\/div>\n<p>&nbsp;<\/p>\n<p><a href=\"https:\/\/www.parruccheonline.com\/wp-content\/uploads\/2025\/11\/Manuale-e-cura-parrucche-naturali.pdf\" target=\"_blank\" rel=\"noopener\">Manuale e cura parrucche naturali<\/a><\/p>\n<\/div>\n<\/div>\n<\/div>\n<\/div>\n","protected":false},"excerpt":{"rendered":"<p>La Wig Coco \u00e8 una splendida parrucca in capello naturale remy hair. La caratteristiche principale di questo modello sono gli splendidi capelli dalle cuticole intatte e, il taglio a strati che nascondono la scalatura dello strato superiore.<\/p>\n","protected":false},"featured_media":48260,"comment_status":"open","ping_status":"closed","template":"","meta":{"_acf_changed":false},"product_cat":[1579,1546,1572,1593,1596,1573,1556,1601,1588,1589,1597,2186,1623,1538,1548,1555,2188,1576,1568,1586,1594,1550,2191],"product_tag":[1820,1816,2335,1723,2333,2334,1865],"class_list":{"0":"post-48254","1":"product","2":"type-product","3":"status-publish","4":"has-post-thumbnail","6":"product_cat-farcaphair-parrucche","7":"product_cat-parrucca-capelli-veri-in-lace","8":"product_cat-parrucca-rossa","9":"product_cat-tutte-le-parrucche","10":"product_cat-parrucca-alopecia-donna","11":"product_cat-parrucca-bionda","12":"product_cat-parrucche-capello-naturale","13":"product_cat-parrucche-naturali-donna","14":"product_cat-parrucche-capelli-veri-prezzi","15":"product_cat-parrucche-capelli-veri-prezzi-1","16":"product_cat-parrucche-chemioterapia-donna","17":"product_cat-parrucche-di-lusso","18":"product_cat-parrucche-femina","19":"product_cat-parrucche-in-capello-naturale-fefa","20":"product_cat-parrucche-in-lace","21":"product_cat-parrucche-lisce","22":"product_cat-parrucche-luxury-emerald","23":"product_cat-parrucche-milano","24":"product_cat-parrucche-moda","25":"product_cat-125-parrucche-online","26":"product_cat-tutte-le-parrucche-donna","27":"product_cat-parrucche-lunghe","28":"product_cat-senza-categoria","29":"product_tag-parrucca-alopecia","30":"product_tag-parrucca-capelli-veri","31":"product_tag-parrucca-coco","32":"product_tag-parrucche-naturali","33":"product_tag-wig","34":"product_tag-wig-coco","35":"product_tag-wigs","36":"pa_brand-marchi-femina","37":"pa_colori_parrucche-10-14","38":"pa_colori_parrucche-8-12","39":"pa_colori_parrucche-feminas12-88-200","40":"pa_dispositivo_medico-si","41":"pa_lace_front_attaccatura-si","42":"pa_lavorazione_parrucca-interamenteamano","43":"pa_piega-liscia","44":"pa_taglia-parrucca-media","45":"pa_taglio-lungo","46":"pa_tipologia_capelli-naturaleremy","48":"first","49":"instock","50":"taxable","51":"shipping-taxable","52":"purchasable","53":"product-type-variable","swatches":"rey-swatches","show_selected":""},"acf":[],"yoast_head":"<!-- This site is optimized with the Yoast SEO Premium plugin v24.8 (Yoast SEO v27.0) - https:\/\/yoast.com\/product\/yoast-seo-premium-wordpress\/ -->\n<title>Wig Coco | Solo Parrucche Belle<\/title>\n<meta name=\"description\" content=\"Wig Coco in capello vero remy hair e lace front dalla caratteristica unica uncut hair without layer, un taglio a strati che nascondono la scalatura.\" \/>\n<meta name=\"robots\" content=\"noindex, follow, max-snippet:-1, max-image-preview:large, max-video-preview:-1\" \/>\n<meta property=\"og:locale\" content=\"it_IT\" \/>\n<meta property=\"og:type\" content=\"article\" \/>\n<meta property=\"og:title\" content=\"Wig Coco\" \/>\n<meta property=\"og:description\" content=\"Wig Coco in capello vero remy hair e lace front dalla caratteristica unica uncut hair without layer, un taglio a strati che nascondono la scalatura.\" \/>\n<meta property=\"og:url\" content=\"https:\/\/www.parruccheonline.com\/stagingg\/wig-coco\/\" \/>\n<meta property=\"og:site_name\" content=\"Parrucche Online\" \/>\n<meta property=\"article:publisher\" content=\"https:\/\/www.facebook.com\/farcaphair\" \/>\n<meta property=\"article:modified_time\" content=\"2026-03-06T17:31:04+00:00\" \/>\n<meta property=\"og:image\" content=\"https:\/\/www.parruccheonline.com\/stagingg\/wp-content\/uploads\/2025\/02\/1.jpg\" \/>\n\t<meta property=\"og:image:width\" content=\"800\" \/>\n\t<meta property=\"og:image:height\" content=\"800\" \/>\n\t<meta property=\"og:image:type\" content=\"image\/jpeg\" \/>\n<meta name=\"twitter:card\" content=\"summary_large_image\" \/>\n<script type=\"application\/ld+json\" class=\"yoast-schema-graph\">{\"@context\":\"https:\/\/schema.org\",\"@graph\":[{\"@type\":\"WebPage\",\"@id\":\"https:\/\/www.parruccheonline.com\/stagingg\/wig-coco\/\",\"url\":\"https:\/\/www.parruccheonline.com\/stagingg\/wig-coco\/\",\"name\":\"Wig Coco | Solo Parrucche Belle\",\"isPartOf\":{\"@id\":\"https:\/\/www.parruccheonline.com\/#website\"},\"primaryImageOfPage\":{\"@id\":\"https:\/\/www.parruccheonline.com\/stagingg\/wig-coco\/#primaryimage\"},\"image\":{\"@id\":\"https:\/\/www.parruccheonline.com\/stagingg\/wig-coco\/#primaryimage\"},\"thumbnailUrl\":\"https:\/\/www.parruccheonline.com\/stagingg\/wp-content\/uploads\/2025\/02\/1.jpg\",\"datePublished\":\"2025-02-17T12:31:58+00:00\",\"dateModified\":\"2026-03-06T17:31:04+00:00\",\"description\":\"Wig Coco in capello vero remy hair e lace front dalla caratteristica unica uncut hair without layer, un taglio a strati che nascondono la scalatura.\",\"breadcrumb\":{\"@id\":\"https:\/\/www.parruccheonline.com\/stagingg\/wig-coco\/#breadcrumb\"},\"inLanguage\":\"it-IT\",\"potentialAction\":[{\"@type\":\"ReadAction\",\"target\":[\"https:\/\/www.parruccheonline.com\/stagingg\/wig-coco\/\"]}]},{\"@type\":\"ImageObject\",\"inLanguage\":\"it-IT\",\"@id\":\"https:\/\/www.parruccheonline.com\/stagingg\/wig-coco\/#primaryimage\",\"url\":\"https:\/\/www.parruccheonline.com\/stagingg\/wp-content\/uploads\/2025\/02\/1.jpg\",\"contentUrl\":\"https:\/\/www.parruccheonline.com\/stagingg\/wp-content\/uploads\/2025\/02\/1.jpg\",\"width\":800,\"height\":800,\"caption\":\"parrucca coco\"},{\"@type\":\"BreadcrumbList\",\"@id\":\"https:\/\/www.parruccheonline.com\/stagingg\/wig-coco\/#breadcrumb\",\"itemListElement\":[{\"@type\":\"ListItem\",\"position\":1,\"name\":\"Home\",\"item\":\"https:\/\/www.parruccheonline.com\/stagingg\/\"},{\"@type\":\"ListItem\",\"position\":2,\"name\":\"Shop\",\"item\":\"https:\/\/www.parruccheonline.com\/stagingg\/shop\/\"},{\"@type\":\"ListItem\",\"position\":3,\"name\":\"Wig Coco\"}]},{\"@type\":\"WebSite\",\"@id\":\"https:\/\/www.parruccheonline.com\/#website\",\"url\":\"https:\/\/www.parruccheonline.com\/\",\"name\":\"Parrucche Online\",\"description\":\"\",\"publisher\":{\"@id\":\"https:\/\/www.parruccheonline.com\/#organization\"},\"potentialAction\":[{\"@type\":\"SearchAction\",\"target\":{\"@type\":\"EntryPoint\",\"urlTemplate\":\"https:\/\/www.parruccheonline.com\/?s={search_term_string}\"},\"query-input\":{\"@type\":\"PropertyValueSpecification\",\"valueRequired\":true,\"valueName\":\"search_term_string\"}}],\"inLanguage\":\"it-IT\"},{\"@type\":\"Organization\",\"@id\":\"https:\/\/www.parruccheonline.com\/#organization\",\"name\":\"Parrucche Online\",\"url\":\"https:\/\/www.parruccheonline.com\/\",\"logo\":{\"@type\":\"ImageObject\",\"inLanguage\":\"it-IT\",\"@id\":\"https:\/\/www.parruccheonline.com\/#\/schema\/logo\/image\/\",\"url\":\"http:\/\/www.parruccheonline.com\/stagingg\/wp-content\/uploads\/2024\/11\/logo_parrucche-online_nero.svg\",\"contentUrl\":\"http:\/\/www.parruccheonline.com\/stagingg\/wp-content\/uploads\/2024\/11\/logo_parrucche-online_nero.svg\",\"width\":1000,\"height\":280,\"caption\":\"Parrucche Online\"},\"image\":{\"@id\":\"https:\/\/www.parruccheonline.com\/#\/schema\/logo\/image\/\"},\"sameAs\":[\"https:\/\/www.facebook.com\/farcaphair\",\"https:\/\/www.instagram.com\/parrucche_online_official\/\"]}]}<\/script>\n<!-- \/ Yoast SEO Premium plugin. -->","yoast_head_json":{"title":"Wig Coco | Solo Parrucche Belle","description":"Wig Coco in capello vero remy hair e lace front dalla caratteristica unica uncut hair without layer, un taglio a strati che nascondono la scalatura.","robots":{"index":"noindex","follow":"follow","max-snippet":"max-snippet:-1","max-image-preview":"max-image-preview:large","max-video-preview":"max-video-preview:-1"},"og_locale":"it_IT","og_type":"article","og_title":"Wig Coco","og_description":"Wig Coco in capello vero remy hair e lace front dalla caratteristica unica uncut hair without layer, un taglio a strati che nascondono la scalatura.","og_url":"https:\/\/www.parruccheonline.com\/stagingg\/wig-coco\/","og_site_name":"Parrucche Online","article_publisher":"https:\/\/www.facebook.com\/farcaphair","article_modified_time":"2026-03-06T17:31:04+00:00","og_image":[{"width":800,"height":800,"url":"https:\/\/www.parruccheonline.com\/stagingg\/wp-content\/uploads\/2025\/02\/1.jpg","type":"image\/jpeg"}],"twitter_card":"summary_large_image","schema":{"@context":"https:\/\/schema.org","@graph":[{"@type":"WebPage","@id":"https:\/\/www.parruccheonline.com\/stagingg\/wig-coco\/","url":"https:\/\/www.parruccheonline.com\/stagingg\/wig-coco\/","name":"Wig Coco | Solo Parrucche Belle","isPartOf":{"@id":"https:\/\/www.parruccheonline.com\/#website"},"primaryImageOfPage":{"@id":"https:\/\/www.parruccheonline.com\/stagingg\/wig-coco\/#primaryimage"},"image":{"@id":"https:\/\/www.parruccheonline.com\/stagingg\/wig-coco\/#primaryimage"},"thumbnailUrl":"https:\/\/www.parruccheonline.com\/stagingg\/wp-content\/uploads\/2025\/02\/1.jpg","datePublished":"2025-02-17T12:31:58+00:00","dateModified":"2026-03-06T17:31:04+00:00","description":"Wig Coco in capello vero remy hair e lace front dalla caratteristica unica uncut hair without layer, un taglio a strati che nascondono la scalatura.","breadcrumb":{"@id":"https:\/\/www.parruccheonline.com\/stagingg\/wig-coco\/#breadcrumb"},"inLanguage":"it-IT","potentialAction":[{"@type":"ReadAction","target":["https:\/\/www.parruccheonline.com\/stagingg\/wig-coco\/"]}]},{"@type":"ImageObject","inLanguage":"it-IT","@id":"https:\/\/www.parruccheonline.com\/stagingg\/wig-coco\/#primaryimage","url":"https:\/\/www.parruccheonline.com\/stagingg\/wp-content\/uploads\/2025\/02\/1.jpg","contentUrl":"https:\/\/www.parruccheonline.com\/stagingg\/wp-content\/uploads\/2025\/02\/1.jpg","width":800,"height":800,"caption":"parrucca coco"},{"@type":"BreadcrumbList","@id":"https:\/\/www.parruccheonline.com\/stagingg\/wig-coco\/#breadcrumb","itemListElement":[{"@type":"ListItem","position":1,"name":"Home","item":"https:\/\/www.parruccheonline.com\/stagingg\/"},{"@type":"ListItem","position":2,"name":"Shop","item":"https:\/\/www.parruccheonline.com\/stagingg\/shop\/"},{"@type":"ListItem","position":3,"name":"Wig Coco"}]},{"@type":"WebSite","@id":"https:\/\/www.parruccheonline.com\/#website","url":"https:\/\/www.parruccheonline.com\/","name":"Parrucche Online","description":"","publisher":{"@id":"https:\/\/www.parruccheonline.com\/#organization"},"potentialAction":[{"@type":"SearchAction","target":{"@type":"EntryPoint","urlTemplate":"https:\/\/www.parruccheonline.com\/?s={search_term_string}"},"query-input":{"@type":"PropertyValueSpecification","valueRequired":true,"valueName":"search_term_string"}}],"inLanguage":"it-IT"},{"@type":"Organization","@id":"https:\/\/www.parruccheonline.com\/#organization","name":"Parrucche Online","url":"https:\/\/www.parruccheonline.com\/","logo":{"@type":"ImageObject","inLanguage":"it-IT","@id":"https:\/\/www.parruccheonline.com\/#\/schema\/logo\/image\/","url":"http:\/\/www.parruccheonline.com\/stagingg\/wp-content\/uploads\/2024\/11\/logo_parrucche-online_nero.svg","contentUrl":"http:\/\/www.parruccheonline.com\/stagingg\/wp-content\/uploads\/2024\/11\/logo_parrucche-online_nero.svg","width":1000,"height":280,"caption":"Parrucche Online"},"image":{"@id":"https:\/\/www.parruccheonline.com\/#\/schema\/logo\/image\/"},"sameAs":["https:\/\/www.facebook.com\/farcaphair","https:\/\/www.instagram.com\/parrucche_online_official\/"]}]}},"_links":{"self":[{"href":"https:\/\/www.parruccheonline.com\/stagingg\/wp-json\/wp\/v2\/product\/48254","targetHints":{"allow":["GET"]}}],"collection":[{"href":"https:\/\/www.parruccheonline.com\/stagingg\/wp-json\/wp\/v2\/product"}],"about":[{"href":"https:\/\/www.parruccheonline.com\/stagingg\/wp-json\/wp\/v2\/types\/product"}],"replies":[{"embeddable":true,"href":"https:\/\/www.parruccheonline.com\/stagingg\/wp-json\/wp\/v2\/comments?post=48254"}],"wp:featuredmedia":[{"embeddable":true,"href":"https:\/\/www.parruccheonline.com\/stagingg\/wp-json\/wp\/v2\/media\/48260"}],"wp:attachment":[{"href":"https:\/\/www.parruccheonline.com\/stagingg\/wp-json\/wp\/v2\/media?parent=48254"}],"wp:term":[{"taxonomy":"product_cat","embeddable":true,"href":"https:\/\/www.parruccheonline.com\/stagingg\/wp-json\/wp\/v2\/product_cat?post=48254"},{"taxonomy":"product_tag","embeddable":true,"href":"https:\/\/www.parruccheonline.com\/stagingg\/wp-json\/wp\/v2\/product_tag?post=48254"}],"curies":[{"name":"wp","href":"https:\/\/api.w.org\/{rel}","templated":true}]}}