{"id":48035,"date":"2025-01-27T12:00:52","date_gmt":"2025-01-27T11:00:52","guid":{"rendered":"https:\/\/www.parruccheonline.com\/?post_type=product&#038;p=48035"},"modified":"2025-11-24T14:27:00","modified_gmt":"2025-11-24T13:27:00","slug":"parrucca-lace-front-glamour","status":"publish","type":"product","link":"https:\/\/www.parruccheonline.com\/stagingg\/parrucca-lace-front-glamour\/","title":{"rendered":"Parrucca Lace Front Glamour"},"content":{"rendered":"<p>La<strong> parrucca Lace Front<\/strong> Glamour di capelli veri \u00e8 un carr\u00e8 liscio molto apprezzato per la sua leggerezza e vestibilit\u00e0.<\/p>\n<p>Significato di Lace Front: \u00e8 parrucca definita anche <strong>parrucca con tulle cinematografico<\/strong> proprio per la caratteristica principale di consentire agli utilizzatore un effetto veritiero dell&#8217;attaccatura dei capelli.<\/p>\n<h3>Parrucca in pizzo teatrale: Chi erano gli utilizzatori iniziali?<\/h3>\n<p>Questo prodotto nasceva per consentire agli attori dei set teatrali o del cinema di divenire un tutt&#8217;uno con il personaggio da interpretare, consentendo cos\u00ec allo spettatore di un importante realismo visivo. Le parrucche sono da considerarsi simboli iconici in questo settore come spiega il Magazine <a href=\"https:\/\/www.marieclaire.it\/bellezza\/capelli\/a60497183\/parrucca-simbologia-donne\/\" target=\"_blank\" rel=\"noopener\">Marie Claire.<\/a><\/p>\n<p>Le caratteristiche di questa <strong>parrucca in pizzo<\/strong> sono: la sembianza credibile della linea frontale e l&#8217;effetto realistico del cuoio capelluto grazie all&#8217;inserimento manuale del capello sul tulle che consente scriminature (riga) molto naturali e pettinature a fronte scoperta.<\/p>\n<p>Proprio per queste ragioni con il tempo le parrucche cinematografiche sono state introdotte da molti anni per necessit\u00e0 ben pi\u00f9 specifiche, ossia tutte quelle legate agli inestetismi dovuti alla caduta dei capelli.<\/p>\n<h3>Parrucca lace front Glamour: una marcia in pi\u00f9!<\/h3>\n<p>La <strong>parrucca la front Glamour,<\/strong>\u00a0\u00e8 realizzata con un tulle trasparente sul frontale che si fonde gradualmente con la pelle e sul centro testa mentre sulla parte posteriore possiamo trovare delle fini tessiture e degli elastici regolatori della misura.<\/p>\n<p>L&#8217;ottima vestibilit\u00e0 del prodotto \u00e8 dovuta al design della calotta, creata appositamente, per soddisfare le taglie medie circa 56 cm e quelle pi\u00f9 piccine 53 cm.<\/p>\n<p>I capelli di questa parrucca sono tendenzialmente lisci e remy hair la lunghezza del capello \u00e8 approssimativamente di circa cm 30.<\/p>\n<p>Bellissimi i colori di questo modello, sono disponibili in una vasta gamma di tonalit\u00e0, da quelle basi, castano scuro, cioccolato, castano chiaro fino ai must dei biondi.<\/p>\n<p><img fetchpriority=\"high\" decoding=\"async\" class=\"alignnone size-medium wp-image-48043\" src=\"https:\/\/www.parruccheonline.com\/wp-content\/uploads\/2025\/01\/6-2-300x300.jpg\" alt=\"parrucca lace front Glamour\" width=\"300\" height=\"300\" srcset=\"https:\/\/www.parruccheonline.com\/stagingg\/wp-content\/uploads\/2025\/01\/6-2-300x300.jpg 300w, https:\/\/www.parruccheonline.com\/stagingg\/wp-content\/uploads\/2025\/01\/6-2-150x150.jpg 150w, https:\/\/www.parruccheonline.com\/stagingg\/wp-content\/uploads\/2025\/01\/6-2-768x768.jpg 768w, https:\/\/www.parruccheonline.com\/stagingg\/wp-content\/uploads\/2025\/01\/6-2-600x600.jpg 600w, https:\/\/www.parruccheonline.com\/stagingg\/wp-content\/uploads\/2025\/01\/6-2-100x100.jpg 100w, https:\/\/www.parruccheonline.com\/stagingg\/wp-content\/uploads\/2025\/01\/6-2.jpg 800w\" sizes=\"(max-width: 300px) 100vw, 300px\" \/><\/p>\n<p>Ad arricchire la gamma cromatica della <strong>parrucca lace front Glamour,<\/strong> sono le tonalit\u00e0 dei balayage e dei rooted (effetto ricrescita pi\u00f9 scuro) aventi per altro un&#8217;ottima texture.<\/p>\n<p>Caratteristiche:<\/p>\n<p>Lace front<\/p>\n<p>Capelli naturali<\/p>\n<p>Taglio medio<\/p>\n<p>Capello liscio<\/p>\n<p>Lunghezza circa 30 cm<\/p>\n<p>Lace front<\/p>\n<p>Effetto cuoio capelluto<\/p>\n<p>Deducibile ove previsto<\/p>\n<p>Lavorazione a mano su front e centro testa<\/p>\n<p>Lavorazione a macchina sulla nuca<\/p>\n<p>Taglia standard e regolabile<\/p>\n<p>La calotta rappresentata in fotografia potrebbe subire delle modifiche nel tempo rispetto al momento del caricamento.<\/p>\n<p><a href=\"https:\/\/www.parruccheonline.com\/categoria-prodotto\/default-category\/parrucche-capello-naturale\/\" target=\"_blank\" rel=\"noopener\">Torna a tutte le parrucche naturali<\/a><\/p>\n<p>&nbsp;<\/p>\n<p><a href=\"https:\/\/www.parruccheonline.com\/wp-content\/uploads\/2025\/11\/Manuale-e-cura-parrucche-naturali.pdf\" target=\"_blank\" rel=\"noopener\">Manuale e cura parrucche naturali<\/a><\/p>\n<p>&nbsp;<\/p>\n","protected":false},"excerpt":{"rendered":"<p>La<strong> parrucca Lace Front<\/strong> Glamour di capelli veri \u00e8 un modello molto ricercato per la leggerezza e la bellezza dell&#8217;attaccatura frontale in stile cinematografico definito nel settore Lace front.<\/p>\n<p>&nbsp;<\/p>\n","protected":false},"featured_media":48044,"comment_status":"open","ping_status":"closed","template":"","meta":{"_acf_changed":false},"product_cat":[1579,1574,1546,1572,1560,1596,1573,1556,1597,2186,1552,1623,1538,1548,1555,2188,1576,1568,1553,1586,1594,1557,1622,1550,1551,2191],"product_tag":[2323,2325,2328,2324,2326,2327],"class_list":{"0":"post-48035","1":"product","2":"type-product","3":"status-publish","4":"has-post-thumbnail","6":"product_cat-farcaphair-parrucche","7":"product_cat-parrucca-bianca","8":"product_cat-parrucca-capelli-veri-in-lace","9":"product_cat-parrucca-rossa","10":"product_cat-parrucche","11":"product_cat-parrucca-alopecia-donna","12":"product_cat-parrucca-bionda","13":"product_cat-parrucche-capello-naturale","14":"product_cat-parrucche-chemioterapia-donna","15":"product_cat-parrucche-di-lusso","16":"product_cat-parrucche-economiche","17":"product_cat-parrucche-femina","18":"product_cat-parrucche-in-capello-naturale-fefa","19":"product_cat-parrucche-in-lace","20":"product_cat-parrucche-lisce","21":"product_cat-parrucche-luxury-emerald","22":"product_cat-parrucche-milano","23":"product_cat-parrucche-moda","24":"product_cat-parrucche-monofilamento","25":"product_cat-125-parrucche-online","26":"product_cat-tutte-le-parrucche-donna","27":"product_cat-parrucche-piccole","28":"product_cat-parrucche-prezzi-bassi","29":"product_cat-parrucche-lunghe","30":"product_cat-parrucche-medie","31":"product_cat-senza-categoria","32":"product_tag-parrucca-in-lace-front","33":"product_tag-parrucca-in-tulle-cinematografico","34":"product_tag-parrucche-di-capelli-veri-con-lace","35":"product_tag-parrucche-lace","36":"product_tag-parrucche-lace-front","37":"product_tag-parrucche-lace-front-online","38":"pa_brand-marchi-femina","39":"pa_colori_parrucche-4nc","40":"pa_colori_parrucche-balayage-blonde-light","41":"pa_colori_parrucche-balayage-choccolate-caramel","42":"pa_colori_parrucche-balayage-choccolate-rooted","43":"pa_colori_parrucche-balayagechocolatefashion","44":"pa_colori_parrucche-balayageredblonde","45":"pa_colori_parrucche-espresso-nc","46":"pa_dispositivo_medico-si","47":"pa_lace_front_attaccatura-si","48":"pa_lavorazione_parrucca-f7-amanosucentrotesta_amacchi","49":"pa_piega-liscia","50":"pa_taglia-parrucca-media","51":"pa_taglio-medio","52":"pa_tipologia_capelli-naturaleremy","54":"first","55":"instock","56":"taxable","57":"shipping-taxable","58":"purchasable","59":"product-type-variable","swatches":"rey-swatches","show_selected":""},"acf":[],"yoast_head":"<!-- This site is optimized with the Yoast SEO Premium plugin v24.8 (Yoast SEO v27.0) - https:\/\/yoast.com\/product\/yoast-seo-premium-wordpress\/ -->\n<title>Parrucca Lace Front Glamour | Parrucche Online<\/title>\n<meta name=\"description\" content=\"Parrucca lace front Glamour per nascondere la parte frontale dell&#039;attaccatura grazie al tulle cinema, parrucca lace front.\" \/>\n<meta name=\"robots\" content=\"noindex, follow, max-snippet:-1, max-image-preview:large, max-video-preview:-1\" \/>\n<meta property=\"og:locale\" content=\"it_IT\" \/>\n<meta property=\"og:type\" content=\"article\" \/>\n<meta property=\"og:title\" content=\"Parrucca Lace Front Glamour | Parrucche Online.\" \/>\n<meta property=\"og:description\" content=\"Un modello spettacolare con un&#039;attaccatura naturale cinematografica su Parrucche Online. Professionisti della parrucca dal 1988.\" \/>\n<meta property=\"og:url\" content=\"https:\/\/www.parruccheonline.com\/stagingg\/parrucca-lace-front-glamour\/\" \/>\n<meta property=\"og:site_name\" content=\"Parrucche Online\" \/>\n<meta property=\"article:publisher\" content=\"https:\/\/www.facebook.com\/farcaphair\" \/>\n<meta property=\"article:modified_time\" content=\"2025-11-24T13:27:00+00:00\" \/>\n<meta property=\"og:image\" content=\"https:\/\/www.parruccheonline.com\/stagingg\/wp-content\/uploads\/2025\/01\/7.jpg\" \/>\n\t<meta property=\"og:image:width\" content=\"800\" \/>\n\t<meta property=\"og:image:height\" content=\"800\" \/>\n\t<meta property=\"og:image:type\" content=\"image\/jpeg\" \/>\n<meta name=\"twitter:card\" content=\"summary_large_image\" \/>\n<meta name=\"twitter:title\" content=\"Parrucca Lace Front Glamour\" \/>\n<script type=\"application\/ld+json\" class=\"yoast-schema-graph\">{\"@context\":\"https:\/\/schema.org\",\"@graph\":[{\"@type\":\"WebPage\",\"@id\":\"https:\/\/www.parruccheonline.com\/stagingg\/parrucca-lace-front-glamour\/\",\"url\":\"https:\/\/www.parruccheonline.com\/stagingg\/parrucca-lace-front-glamour\/\",\"name\":\"Parrucca Lace Front Glamour | Parrucche Online\",\"isPartOf\":{\"@id\":\"https:\/\/www.parruccheonline.com\/#website\"},\"primaryImageOfPage\":{\"@id\":\"https:\/\/www.parruccheonline.com\/stagingg\/parrucca-lace-front-glamour\/#primaryimage\"},\"image\":{\"@id\":\"https:\/\/www.parruccheonline.com\/stagingg\/parrucca-lace-front-glamour\/#primaryimage\"},\"thumbnailUrl\":\"https:\/\/www.parruccheonline.com\/stagingg\/wp-content\/uploads\/2025\/01\/7.jpg\",\"datePublished\":\"2025-01-27T11:00:52+00:00\",\"dateModified\":\"2025-11-24T13:27:00+00:00\",\"description\":\"Parrucca lace front Glamour per nascondere la parte frontale dell'attaccatura grazie al tulle cinema, parrucca lace front.\",\"breadcrumb\":{\"@id\":\"https:\/\/www.parruccheonline.com\/stagingg\/parrucca-lace-front-glamour\/#breadcrumb\"},\"inLanguage\":\"it-IT\",\"potentialAction\":[{\"@type\":\"ReadAction\",\"target\":[\"https:\/\/www.parruccheonline.com\/stagingg\/parrucca-lace-front-glamour\/\"]}]},{\"@type\":\"ImageObject\",\"inLanguage\":\"it-IT\",\"@id\":\"https:\/\/www.parruccheonline.com\/stagingg\/parrucca-lace-front-glamour\/#primaryimage\",\"url\":\"https:\/\/www.parruccheonline.com\/stagingg\/wp-content\/uploads\/2025\/01\/7.jpg\",\"contentUrl\":\"https:\/\/www.parruccheonline.com\/stagingg\/wp-content\/uploads\/2025\/01\/7.jpg\",\"width\":800,\"height\":800,\"caption\":\"parrucca lace front Glamour\"},{\"@type\":\"BreadcrumbList\",\"@id\":\"https:\/\/www.parruccheonline.com\/stagingg\/parrucca-lace-front-glamour\/#breadcrumb\",\"itemListElement\":[{\"@type\":\"ListItem\",\"position\":1,\"name\":\"Home\",\"item\":\"https:\/\/www.parruccheonline.com\/stagingg\/\"},{\"@type\":\"ListItem\",\"position\":2,\"name\":\"Shop\",\"item\":\"https:\/\/www.parruccheonline.com\/stagingg\/shop\/\"},{\"@type\":\"ListItem\",\"position\":3,\"name\":\"Parrucca Lace Front Glamour\"}]},{\"@type\":\"WebSite\",\"@id\":\"https:\/\/www.parruccheonline.com\/#website\",\"url\":\"https:\/\/www.parruccheonline.com\/\",\"name\":\"Parrucche Online\",\"description\":\"\",\"publisher\":{\"@id\":\"https:\/\/www.parruccheonline.com\/#organization\"},\"potentialAction\":[{\"@type\":\"SearchAction\",\"target\":{\"@type\":\"EntryPoint\",\"urlTemplate\":\"https:\/\/www.parruccheonline.com\/?s={search_term_string}\"},\"query-input\":{\"@type\":\"PropertyValueSpecification\",\"valueRequired\":true,\"valueName\":\"search_term_string\"}}],\"inLanguage\":\"it-IT\"},{\"@type\":\"Organization\",\"@id\":\"https:\/\/www.parruccheonline.com\/#organization\",\"name\":\"Parrucche Online\",\"url\":\"https:\/\/www.parruccheonline.com\/\",\"logo\":{\"@type\":\"ImageObject\",\"inLanguage\":\"it-IT\",\"@id\":\"https:\/\/www.parruccheonline.com\/#\/schema\/logo\/image\/\",\"url\":\"http:\/\/www.parruccheonline.com\/stagingg\/wp-content\/uploads\/2024\/11\/logo_parrucche-online_nero.svg\",\"contentUrl\":\"http:\/\/www.parruccheonline.com\/stagingg\/wp-content\/uploads\/2024\/11\/logo_parrucche-online_nero.svg\",\"width\":1000,\"height\":280,\"caption\":\"Parrucche Online\"},\"image\":{\"@id\":\"https:\/\/www.parruccheonline.com\/#\/schema\/logo\/image\/\"},\"sameAs\":[\"https:\/\/www.facebook.com\/farcaphair\",\"https:\/\/www.instagram.com\/parrucche_online_official\/\"]}]}<\/script>\n<!-- \/ Yoast SEO Premium plugin. -->","yoast_head_json":{"title":"Parrucca Lace Front Glamour | Parrucche Online","description":"Parrucca lace front Glamour per nascondere la parte frontale dell'attaccatura grazie al tulle cinema, parrucca lace front.","robots":{"index":"noindex","follow":"follow","max-snippet":"max-snippet:-1","max-image-preview":"max-image-preview:large","max-video-preview":"max-video-preview:-1"},"og_locale":"it_IT","og_type":"article","og_title":"Parrucca Lace Front Glamour | Parrucche Online.","og_description":"Un modello spettacolare con un'attaccatura naturale cinematografica su Parrucche Online. Professionisti della parrucca dal 1988.","og_url":"https:\/\/www.parruccheonline.com\/stagingg\/parrucca-lace-front-glamour\/","og_site_name":"Parrucche Online","article_publisher":"https:\/\/www.facebook.com\/farcaphair","article_modified_time":"2025-11-24T13:27:00+00:00","og_image":[{"width":800,"height":800,"url":"https:\/\/www.parruccheonline.com\/stagingg\/wp-content\/uploads\/2025\/01\/7.jpg","type":"image\/jpeg"}],"twitter_card":"summary_large_image","twitter_title":"Parrucca Lace Front Glamour","schema":{"@context":"https:\/\/schema.org","@graph":[{"@type":"WebPage","@id":"https:\/\/www.parruccheonline.com\/stagingg\/parrucca-lace-front-glamour\/","url":"https:\/\/www.parruccheonline.com\/stagingg\/parrucca-lace-front-glamour\/","name":"Parrucca Lace Front Glamour | Parrucche Online","isPartOf":{"@id":"https:\/\/www.parruccheonline.com\/#website"},"primaryImageOfPage":{"@id":"https:\/\/www.parruccheonline.com\/stagingg\/parrucca-lace-front-glamour\/#primaryimage"},"image":{"@id":"https:\/\/www.parruccheonline.com\/stagingg\/parrucca-lace-front-glamour\/#primaryimage"},"thumbnailUrl":"https:\/\/www.parruccheonline.com\/stagingg\/wp-content\/uploads\/2025\/01\/7.jpg","datePublished":"2025-01-27T11:00:52+00:00","dateModified":"2025-11-24T13:27:00+00:00","description":"Parrucca lace front Glamour per nascondere la parte frontale dell'attaccatura grazie al tulle cinema, parrucca lace front.","breadcrumb":{"@id":"https:\/\/www.parruccheonline.com\/stagingg\/parrucca-lace-front-glamour\/#breadcrumb"},"inLanguage":"it-IT","potentialAction":[{"@type":"ReadAction","target":["https:\/\/www.parruccheonline.com\/stagingg\/parrucca-lace-front-glamour\/"]}]},{"@type":"ImageObject","inLanguage":"it-IT","@id":"https:\/\/www.parruccheonline.com\/stagingg\/parrucca-lace-front-glamour\/#primaryimage","url":"https:\/\/www.parruccheonline.com\/stagingg\/wp-content\/uploads\/2025\/01\/7.jpg","contentUrl":"https:\/\/www.parruccheonline.com\/stagingg\/wp-content\/uploads\/2025\/01\/7.jpg","width":800,"height":800,"caption":"parrucca lace front Glamour"},{"@type":"BreadcrumbList","@id":"https:\/\/www.parruccheonline.com\/stagingg\/parrucca-lace-front-glamour\/#breadcrumb","itemListElement":[{"@type":"ListItem","position":1,"name":"Home","item":"https:\/\/www.parruccheonline.com\/stagingg\/"},{"@type":"ListItem","position":2,"name":"Shop","item":"https:\/\/www.parruccheonline.com\/stagingg\/shop\/"},{"@type":"ListItem","position":3,"name":"Parrucca Lace Front Glamour"}]},{"@type":"WebSite","@id":"https:\/\/www.parruccheonline.com\/#website","url":"https:\/\/www.parruccheonline.com\/","name":"Parrucche Online","description":"","publisher":{"@id":"https:\/\/www.parruccheonline.com\/#organization"},"potentialAction":[{"@type":"SearchAction","target":{"@type":"EntryPoint","urlTemplate":"https:\/\/www.parruccheonline.com\/?s={search_term_string}"},"query-input":{"@type":"PropertyValueSpecification","valueRequired":true,"valueName":"search_term_string"}}],"inLanguage":"it-IT"},{"@type":"Organization","@id":"https:\/\/www.parruccheonline.com\/#organization","name":"Parrucche Online","url":"https:\/\/www.parruccheonline.com\/","logo":{"@type":"ImageObject","inLanguage":"it-IT","@id":"https:\/\/www.parruccheonline.com\/#\/schema\/logo\/image\/","url":"http:\/\/www.parruccheonline.com\/stagingg\/wp-content\/uploads\/2024\/11\/logo_parrucche-online_nero.svg","contentUrl":"http:\/\/www.parruccheonline.com\/stagingg\/wp-content\/uploads\/2024\/11\/logo_parrucche-online_nero.svg","width":1000,"height":280,"caption":"Parrucche Online"},"image":{"@id":"https:\/\/www.parruccheonline.com\/#\/schema\/logo\/image\/"},"sameAs":["https:\/\/www.facebook.com\/farcaphair","https:\/\/www.instagram.com\/parrucche_online_official\/"]}]}},"_links":{"self":[{"href":"https:\/\/www.parruccheonline.com\/stagingg\/wp-json\/wp\/v2\/product\/48035","targetHints":{"allow":["GET"]}}],"collection":[{"href":"https:\/\/www.parruccheonline.com\/stagingg\/wp-json\/wp\/v2\/product"}],"about":[{"href":"https:\/\/www.parruccheonline.com\/stagingg\/wp-json\/wp\/v2\/types\/product"}],"replies":[{"embeddable":true,"href":"https:\/\/www.parruccheonline.com\/stagingg\/wp-json\/wp\/v2\/comments?post=48035"}],"wp:featuredmedia":[{"embeddable":true,"href":"https:\/\/www.parruccheonline.com\/stagingg\/wp-json\/wp\/v2\/media\/48044"}],"wp:attachment":[{"href":"https:\/\/www.parruccheonline.com\/stagingg\/wp-json\/wp\/v2\/media?parent=48035"}],"wp:term":[{"taxonomy":"product_cat","embeddable":true,"href":"https:\/\/www.parruccheonline.com\/stagingg\/wp-json\/wp\/v2\/product_cat?post=48035"},{"taxonomy":"product_tag","embeddable":true,"href":"https:\/\/www.parruccheonline.com\/stagingg\/wp-json\/wp\/v2\/product_tag?post=48035"}],"curies":[{"name":"wp","href":"https:\/\/api.w.org\/{rel}","templated":true}]}}