{"id":47807,"date":"2025-01-14T12:17:19","date_gmt":"2025-01-14T11:17:19","guid":{"rendered":"https:\/\/www.parruccheonline.com\/?post_type=product&#038;p=47807"},"modified":"2026-02-10T12:02:27","modified_gmt":"2026-02-10T11:02:27","slug":"parrucca-remy-hair-connie","status":"publish","type":"product","link":"https:\/\/www.parruccheonline.com\/stagingg\/parrucca-remy-hair-connie\/","title":{"rendered":"Parrucca remy hair Connie"},"content":{"rendered":"<p><strong>La<\/strong> <strong>parrucca remy hair<\/strong> <strong>Connie<\/strong> con lace frontale \u00e8 l&#8217;ideale per chi ama i capelli lunghi e tendenzialmente movimentati.<\/p>\n<h3>Parrucca remy hair Connie le cuticole intatte.<\/h3>\n<p>Le parrucche sono disponibili in 4 variet\u00e0 principali:<\/p>\n<ul>\n<li>Remy hair- capelli con le cuticole rivolte nella direzione unica e originale<\/li>\n<li>Remy hair cuticole intatte &#8211; capelli con le cuticole rivolte nella stessa direzione senza esser stati trattati chimicamente<\/li>\n<li>No remy hair -capelli con cuticole sovrapposte e che subiscono trattamenti di desquamazione (decuticolazione del capello)<\/li>\n<li>Capelli remy vergini- capelli con le cuticole rivolte nella direzione corretta e avente il colore originale senza l&#8217;ausilio di tinture o particolari trattamenti (NC original color)<\/li>\n<\/ul>\n<p><span style=\"background-color: var(--body-bg-color); color: var(--body-color); font-family: var(--body-font-family),sans-serif; font-size: 1.125rem; font-weight: var(--body-font-weight,400);\">\u00c8 risaputo che le parrucche remy hair hanno non solo un aspetto pi\u00f9 naturale rispetto a quelle canoniche ma i capelli sono anche pi\u00f9 fluidi e morbidi proprio grazie alle cuticole sono anche intatte.<\/span><\/p>\n<p><span style=\"background-color: var(--body-bg-color); color: var(--body-color); font-family: var(--body-font-family),sans-serif; font-size: 1.125rem; font-weight: var(--body-font-weight,400);\">Lucentezza, cromia naturale, sfumature sfacettate rispetto che alle ibride tonalit\u00e0 uniformi. Inoltre, q<\/span>uesto modello possiede lunghezza di capelli di cm 48 cm circa prese dal centro testa.<\/p>\n<p>Le misure approssimative sono:<\/p>\n<div class=\"page\" title=\"Page 12\">\n<div class=\"layoutArea\">\n<div class=\"column\">\n<div class=\"page\" title=\"Page 26\">\n<div class=\"layoutArea\">\n<div class=\"column\">\n<p>Fronte: 30 cm \/ Vortice: 30 cm \/ Lati : 30 cm \/ Nuca: 25 cm<\/p>\n<\/div>\n<\/div>\n<\/div>\n<h3>Lavorazione della parrucca remy hair Connie.<\/h3>\n<ul>\n<li>Parrucca con lace frontale.<\/li>\n<li>Silk top a centro testa effetto cuoio capelluto realistico.<\/li>\n<li>Antiscivolo.<\/li>\n<li>Bande elastiche per la regolazione.<\/li>\n<li>Interamente lavorata a mano<\/li>\n<li>Parrucca naturali Remy Hair<\/li>\n<\/ul>\n<h3>Parrucca capelli veri remy hair:<\/h3>\n<p>Il\u00a0 processo produttivo delle parrucche sartoriali acquistabili su <strong>Parrucche Online \u00e8 molto complicato poich\u00e9 richiedono tempi molto lunghi di preparazione e l&#8217;utilizzo di capelli di alta qualit\u00e0, sempre pi\u00f9 rari da reperire.<\/strong><\/p>\n<p>Le stesse fasi di lavorazione prevedono step rigidi come il controllo ed il rispetto degli standard qualitativi.<\/p>\n<h3>Movimento dei capelli<\/h3>\n<p>Cosa rende cos\u00ec speciale la parrucca naturale remy hair Connie? I capelli e il movimento naturale che forniscono alla sua immagine.<\/p>\n<p>Il termine movimento dei capelli si riferisce all&#8217;ondeggiamento naturale e al modo con cui i capelli si muovono sulle spalle, lungo il corpo e come si adagia sul viso. come la parrucca <a href=\"https:\/\/www.parruccheonline.com\/parrucca-di-capelli-veri-sasha\/\" target=\"_blank\" rel=\"noopener\">Sasha.<\/a><\/p>\n<h4>Parrucca remy hair Connie: Lo stile<\/h4>\n<p>Ogni modello in capello naturale necessita di un colore adeguato ed uno stile decisamente naturale e piacevole da mostrare in pubblico.<\/p>\n<p>Un bellissimo articolo su <a href=\"https:\/\/www.capellistyle.it\/\" target=\"_blank\" rel=\"noopener\">Capelli e Stile<\/a> pu\u00f2 darvi qualche suggerimento.<\/p>\n<\/div>\n<p><a href=\"https:\/\/www.parruccheonline.com\/wp-content\/uploads\/2025\/11\/Manuale-e-cura-parrucche-naturali.pdf\" target=\"_blank\" rel=\"noopener\">Manuale e cura parrucche naturali<\/a><\/p>\n<div class=\"column\">\n<p>&nbsp;<\/p>\n<h3><\/h3>\n<\/div>\n<\/div>\n<\/div>\n","protected":false},"excerpt":{"rendered":"<p>La parrucca remy hair Connie con lace frontale \u00e8 l&#8217;ideale per chi ama i capelli lunghi e tendenzialmente movimentati, bellissimi capelli movimentati sulle spalle.<\/p>\n","protected":false},"featured_media":47833,"comment_status":"open","ping_status":"closed","template":"","meta":{"_acf_changed":false},"product_cat":[1579,1546,1572,1593,1596,1573,1556,1601,1589,1597,2186,1623,1538,1539,1548,2187,1576,1568,1553,1586,1594,1554,1550,2191],"product_tag":[2315,1638,1673,1723,1729,2314],"class_list":{"0":"post-47807","1":"product","2":"type-product","3":"status-publish","4":"has-post-thumbnail","6":"product_cat-farcaphair-parrucche","7":"product_cat-parrucca-capelli-veri-in-lace","8":"product_cat-parrucca-rossa","9":"product_cat-tutte-le-parrucche","10":"product_cat-parrucca-alopecia-donna","11":"product_cat-parrucca-bionda","12":"product_cat-parrucche-capello-naturale","13":"product_cat-parrucche-naturali-donna","14":"product_cat-parrucche-capelli-veri-prezzi-1","15":"product_cat-parrucche-chemioterapia-donna","16":"product_cat-parrucche-di-lusso","17":"product_cat-parrucche-femina","18":"product_cat-parrucche-in-capello-naturale-fefa","19":"product_cat-parrucche-in-fibra-lavorate-a-mano","20":"product_cat-parrucche-in-lace","21":"product_cat-parrucche-luxury-diamond","22":"product_cat-parrucche-milano","23":"product_cat-parrucche-moda","24":"product_cat-parrucche-monofilamento","25":"product_cat-125-parrucche-online","26":"product_cat-tutte-le-parrucche-donna","27":"product_cat-parrucche-ricce-e-mosse","28":"product_cat-parrucche-lunghe","29":"product_cat-senza-categoria","30":"product_tag-parrucca-remy-hair-connie","31":"product_tag-parrucche-capelli-veri","32":"product_tag-parrucche-lunghe","33":"product_tag-parrucche-naturali","34":"product_tag-parrucche-online","35":"product_tag-remy-hair","36":"pa_brand-marchi-femina","37":"pa_colori_parrucche-femina4-6","38":"pa_colori_parrucche-femina6-30","39":"pa_colori_parrucche-femina8","40":"pa_colori_parrucche-femina830-6-30","41":"pa_colori_parrucche-feminas12-88-200t","42":"pa_colori_parrucche-feminas12-88-200","43":"pa_dispositivo_medico-si","44":"pa_lace_front_attaccatura-si","45":"pa_lavorazione_parrucca-interamenteamano","46":"pa_piega-mossa","47":"pa_taglia-parrucca-media","48":"pa_taglio-lungo","49":"pa_tipologia_capelli-naturaleremy","51":"first","52":"outofstock","53":"sale","54":"taxable","55":"shipping-taxable","56":"purchasable","57":"product-type-variable","swatches":"rey-swatches","show_selected":""},"acf":[],"yoast_head":"<!-- This site is optimized with the Yoast SEO Premium plugin v24.8 (Yoast SEO v27.0) - https:\/\/yoast.com\/product\/yoast-seo-premium-wordpress\/ -->\n<title>Parrucca remy hair Connie - Parrucche Online<\/title>\n<meta name=\"description\" content=\"La parrucca remy hair Connie di capelli naturali ondulati con le cuticole intatte, ottimo modello realistico scopri la parrucca remy hair.\" \/>\n<meta name=\"robots\" content=\"noindex, follow, max-snippet:-1, max-image-preview:large, max-video-preview:-1\" \/>\n<meta property=\"og:locale\" content=\"it_IT\" \/>\n<meta property=\"og:type\" content=\"article\" \/>\n<meta property=\"og:title\" content=\"Parrucca remy hair Connie\" \/>\n<meta property=\"og:description\" content=\"La parrucca remy hair Connie di capelli naturali ondulati con le cuticole intatte, ottimo modello realistico scopri la parrucca remy hair.\" \/>\n<meta property=\"og:url\" content=\"https:\/\/www.parruccheonline.com\/stagingg\/parrucca-remy-hair-connie\/\" \/>\n<meta property=\"og:site_name\" content=\"Parrucche Online\" \/>\n<meta property=\"article:publisher\" content=\"https:\/\/www.facebook.com\/farcaphair\" \/>\n<meta property=\"article:modified_time\" content=\"2026-02-10T11:02:27+00:00\" \/>\n<meta property=\"og:image\" content=\"https:\/\/www.parruccheonline.com\/stagingg\/wp-content\/uploads\/2025\/01\/6-1.jpg\" \/>\n\t<meta property=\"og:image:width\" content=\"800\" \/>\n\t<meta property=\"og:image:height\" content=\"800\" \/>\n\t<meta property=\"og:image:type\" content=\"image\/jpeg\" \/>\n<meta name=\"twitter:card\" content=\"summary_large_image\" \/>\n<script type=\"application\/ld+json\" class=\"yoast-schema-graph\">{\"@context\":\"https:\/\/schema.org\",\"@graph\":[{\"@type\":\"WebPage\",\"@id\":\"https:\/\/www.parruccheonline.com\/stagingg\/parrucca-remy-hair-connie\/\",\"url\":\"https:\/\/www.parruccheonline.com\/stagingg\/parrucca-remy-hair-connie\/\",\"name\":\"Parrucca remy hair Connie - Parrucche Online\",\"isPartOf\":{\"@id\":\"https:\/\/www.parruccheonline.com\/#website\"},\"primaryImageOfPage\":{\"@id\":\"https:\/\/www.parruccheonline.com\/stagingg\/parrucca-remy-hair-connie\/#primaryimage\"},\"image\":{\"@id\":\"https:\/\/www.parruccheonline.com\/stagingg\/parrucca-remy-hair-connie\/#primaryimage\"},\"thumbnailUrl\":\"https:\/\/www.parruccheonline.com\/stagingg\/wp-content\/uploads\/2025\/01\/6-1.jpg\",\"datePublished\":\"2025-01-14T11:17:19+00:00\",\"dateModified\":\"2026-02-10T11:02:27+00:00\",\"description\":\"La parrucca remy hair Connie di capelli naturali ondulati con le cuticole intatte, ottimo modello realistico scopri la parrucca remy hair.\",\"breadcrumb\":{\"@id\":\"https:\/\/www.parruccheonline.com\/stagingg\/parrucca-remy-hair-connie\/#breadcrumb\"},\"inLanguage\":\"it-IT\",\"potentialAction\":[{\"@type\":\"ReadAction\",\"target\":[\"https:\/\/www.parruccheonline.com\/stagingg\/parrucca-remy-hair-connie\/\"]}]},{\"@type\":\"ImageObject\",\"inLanguage\":\"it-IT\",\"@id\":\"https:\/\/www.parruccheonline.com\/stagingg\/parrucca-remy-hair-connie\/#primaryimage\",\"url\":\"https:\/\/www.parruccheonline.com\/stagingg\/wp-content\/uploads\/2025\/01\/6-1.jpg\",\"contentUrl\":\"https:\/\/www.parruccheonline.com\/stagingg\/wp-content\/uploads\/2025\/01\/6-1.jpg\",\"width\":800,\"height\":800,\"caption\":\"parrucca remy hair connie\"},{\"@type\":\"BreadcrumbList\",\"@id\":\"https:\/\/www.parruccheonline.com\/stagingg\/parrucca-remy-hair-connie\/#breadcrumb\",\"itemListElement\":[{\"@type\":\"ListItem\",\"position\":1,\"name\":\"Home\",\"item\":\"https:\/\/www.parruccheonline.com\/stagingg\/\"},{\"@type\":\"ListItem\",\"position\":2,\"name\":\"Shop\",\"item\":\"https:\/\/www.parruccheonline.com\/stagingg\/shop\/\"},{\"@type\":\"ListItem\",\"position\":3,\"name\":\"Parrucca remy hair Connie\"}]},{\"@type\":\"WebSite\",\"@id\":\"https:\/\/www.parruccheonline.com\/#website\",\"url\":\"https:\/\/www.parruccheonline.com\/\",\"name\":\"Parrucche Online\",\"description\":\"\",\"publisher\":{\"@id\":\"https:\/\/www.parruccheonline.com\/#organization\"},\"potentialAction\":[{\"@type\":\"SearchAction\",\"target\":{\"@type\":\"EntryPoint\",\"urlTemplate\":\"https:\/\/www.parruccheonline.com\/?s={search_term_string}\"},\"query-input\":{\"@type\":\"PropertyValueSpecification\",\"valueRequired\":true,\"valueName\":\"search_term_string\"}}],\"inLanguage\":\"it-IT\"},{\"@type\":\"Organization\",\"@id\":\"https:\/\/www.parruccheonline.com\/#organization\",\"name\":\"Parrucche Online\",\"url\":\"https:\/\/www.parruccheonline.com\/\",\"logo\":{\"@type\":\"ImageObject\",\"inLanguage\":\"it-IT\",\"@id\":\"https:\/\/www.parruccheonline.com\/#\/schema\/logo\/image\/\",\"url\":\"http:\/\/www.parruccheonline.com\/stagingg\/wp-content\/uploads\/2024\/11\/logo_parrucche-online_nero.svg\",\"contentUrl\":\"http:\/\/www.parruccheonline.com\/stagingg\/wp-content\/uploads\/2024\/11\/logo_parrucche-online_nero.svg\",\"width\":1000,\"height\":280,\"caption\":\"Parrucche Online\"},\"image\":{\"@id\":\"https:\/\/www.parruccheonline.com\/#\/schema\/logo\/image\/\"},\"sameAs\":[\"https:\/\/www.facebook.com\/farcaphair\",\"https:\/\/www.instagram.com\/parrucche_online_official\/\"]}]}<\/script>\n<!-- \/ Yoast SEO Premium plugin. -->","yoast_head_json":{"title":"Parrucca remy hair Connie - Parrucche Online","description":"La parrucca remy hair Connie di capelli naturali ondulati con le cuticole intatte, ottimo modello realistico scopri la parrucca remy hair.","robots":{"index":"noindex","follow":"follow","max-snippet":"max-snippet:-1","max-image-preview":"max-image-preview:large","max-video-preview":"max-video-preview:-1"},"og_locale":"it_IT","og_type":"article","og_title":"Parrucca remy hair Connie","og_description":"La parrucca remy hair Connie di capelli naturali ondulati con le cuticole intatte, ottimo modello realistico scopri la parrucca remy hair.","og_url":"https:\/\/www.parruccheonline.com\/stagingg\/parrucca-remy-hair-connie\/","og_site_name":"Parrucche Online","article_publisher":"https:\/\/www.facebook.com\/farcaphair","article_modified_time":"2026-02-10T11:02:27+00:00","og_image":[{"width":800,"height":800,"url":"https:\/\/www.parruccheonline.com\/stagingg\/wp-content\/uploads\/2025\/01\/6-1.jpg","type":"image\/jpeg"}],"twitter_card":"summary_large_image","schema":{"@context":"https:\/\/schema.org","@graph":[{"@type":"WebPage","@id":"https:\/\/www.parruccheonline.com\/stagingg\/parrucca-remy-hair-connie\/","url":"https:\/\/www.parruccheonline.com\/stagingg\/parrucca-remy-hair-connie\/","name":"Parrucca remy hair Connie - Parrucche Online","isPartOf":{"@id":"https:\/\/www.parruccheonline.com\/#website"},"primaryImageOfPage":{"@id":"https:\/\/www.parruccheonline.com\/stagingg\/parrucca-remy-hair-connie\/#primaryimage"},"image":{"@id":"https:\/\/www.parruccheonline.com\/stagingg\/parrucca-remy-hair-connie\/#primaryimage"},"thumbnailUrl":"https:\/\/www.parruccheonline.com\/stagingg\/wp-content\/uploads\/2025\/01\/6-1.jpg","datePublished":"2025-01-14T11:17:19+00:00","dateModified":"2026-02-10T11:02:27+00:00","description":"La parrucca remy hair Connie di capelli naturali ondulati con le cuticole intatte, ottimo modello realistico scopri la parrucca remy hair.","breadcrumb":{"@id":"https:\/\/www.parruccheonline.com\/stagingg\/parrucca-remy-hair-connie\/#breadcrumb"},"inLanguage":"it-IT","potentialAction":[{"@type":"ReadAction","target":["https:\/\/www.parruccheonline.com\/stagingg\/parrucca-remy-hair-connie\/"]}]},{"@type":"ImageObject","inLanguage":"it-IT","@id":"https:\/\/www.parruccheonline.com\/stagingg\/parrucca-remy-hair-connie\/#primaryimage","url":"https:\/\/www.parruccheonline.com\/stagingg\/wp-content\/uploads\/2025\/01\/6-1.jpg","contentUrl":"https:\/\/www.parruccheonline.com\/stagingg\/wp-content\/uploads\/2025\/01\/6-1.jpg","width":800,"height":800,"caption":"parrucca remy hair connie"},{"@type":"BreadcrumbList","@id":"https:\/\/www.parruccheonline.com\/stagingg\/parrucca-remy-hair-connie\/#breadcrumb","itemListElement":[{"@type":"ListItem","position":1,"name":"Home","item":"https:\/\/www.parruccheonline.com\/stagingg\/"},{"@type":"ListItem","position":2,"name":"Shop","item":"https:\/\/www.parruccheonline.com\/stagingg\/shop\/"},{"@type":"ListItem","position":3,"name":"Parrucca remy hair Connie"}]},{"@type":"WebSite","@id":"https:\/\/www.parruccheonline.com\/#website","url":"https:\/\/www.parruccheonline.com\/","name":"Parrucche Online","description":"","publisher":{"@id":"https:\/\/www.parruccheonline.com\/#organization"},"potentialAction":[{"@type":"SearchAction","target":{"@type":"EntryPoint","urlTemplate":"https:\/\/www.parruccheonline.com\/?s={search_term_string}"},"query-input":{"@type":"PropertyValueSpecification","valueRequired":true,"valueName":"search_term_string"}}],"inLanguage":"it-IT"},{"@type":"Organization","@id":"https:\/\/www.parruccheonline.com\/#organization","name":"Parrucche Online","url":"https:\/\/www.parruccheonline.com\/","logo":{"@type":"ImageObject","inLanguage":"it-IT","@id":"https:\/\/www.parruccheonline.com\/#\/schema\/logo\/image\/","url":"http:\/\/www.parruccheonline.com\/stagingg\/wp-content\/uploads\/2024\/11\/logo_parrucche-online_nero.svg","contentUrl":"http:\/\/www.parruccheonline.com\/stagingg\/wp-content\/uploads\/2024\/11\/logo_parrucche-online_nero.svg","width":1000,"height":280,"caption":"Parrucche Online"},"image":{"@id":"https:\/\/www.parruccheonline.com\/#\/schema\/logo\/image\/"},"sameAs":["https:\/\/www.facebook.com\/farcaphair","https:\/\/www.instagram.com\/parrucche_online_official\/"]}]}},"_links":{"self":[{"href":"https:\/\/www.parruccheonline.com\/stagingg\/wp-json\/wp\/v2\/product\/47807","targetHints":{"allow":["GET"]}}],"collection":[{"href":"https:\/\/www.parruccheonline.com\/stagingg\/wp-json\/wp\/v2\/product"}],"about":[{"href":"https:\/\/www.parruccheonline.com\/stagingg\/wp-json\/wp\/v2\/types\/product"}],"replies":[{"embeddable":true,"href":"https:\/\/www.parruccheonline.com\/stagingg\/wp-json\/wp\/v2\/comments?post=47807"}],"wp:featuredmedia":[{"embeddable":true,"href":"https:\/\/www.parruccheonline.com\/stagingg\/wp-json\/wp\/v2\/media\/47833"}],"wp:attachment":[{"href":"https:\/\/www.parruccheonline.com\/stagingg\/wp-json\/wp\/v2\/media?parent=47807"}],"wp:term":[{"taxonomy":"product_cat","embeddable":true,"href":"https:\/\/www.parruccheonline.com\/stagingg\/wp-json\/wp\/v2\/product_cat?post=47807"},{"taxonomy":"product_tag","embeddable":true,"href":"https:\/\/www.parruccheonline.com\/stagingg\/wp-json\/wp\/v2\/product_tag?post=47807"}],"curies":[{"name":"wp","href":"https:\/\/api.w.org\/{rel}","templated":true}]}}