{"id":47272,"date":"2024-12-27T11:34:46","date_gmt":"2024-12-27T10:34:46","guid":{"rendered":"http:\/\/www.parruccheonline.com\/stagingg\/?post_type=product&#038;p=47272"},"modified":"2026-02-19T14:48:26","modified_gmt":"2026-02-19T13:48:26","slug":"parrucca-corta-trendy","status":"publish","type":"product","link":"https:\/\/www.parruccheonline.com\/stagingg\/parrucca-corta-trendy\/","title":{"rendered":"Parrucca corta Trendy"},"content":{"rendered":"<p>La parrucca corta Trendy in capello naturale \u00e8 un&#8217;ottima scelta se necessiti di un look pratico e versatile \u00e8, una parrucca di qualit\u00e0 dallo stile moderno e raffinato.<\/p>\n<p>Questo modello \u00e8 realizzato su monofilamento e lace frontale, mentre nella zona posteriore sono presenti fini tessiture a macchina e ganci regolatori.<\/p>\n<p>Questo bellissimo modello di parrucca corta \u00e8 da considerarsi molto leggera e di alta qualit\u00e0 e sa adattarsi bene alla testa.<\/p>\n<p>La parrucca corta Trendy si pu\u00f2 definire una scelta estetica stilosa, adatta a chi ha perso i capelli e cerca leggerezza del taglio e\u00a0 una certa facilit\u00e0 di gestione.<\/p>\n<p>Per le cuti estremamente delicate suggeriamo l&#8217;utilizzo della cuffia <a href=\"http:\/\/www.parruccheonline.com\/stagingg\/wig-liner\/\" target=\"_blank\" rel=\"noopener\">sotto parrucca <\/a>ideale per chi cerca comfort e ne fa uso prolungato.elegante e versatile.<br \/>\nQuesto modello pixie cut fornisce un look moderno e sbarazzino senza appesantire l&#8217;immagine o dall&#8217;effetto spettinato casual.<\/p>\n<p>Consigli per l&#8217;acquisto:<\/p>\n<ol>\n<li>Un aspetto da tenere sempre a mente \u00e8 la scelta della tonalit\u00e0 che dovr\u00e0 esser vicino all&#8217;incarnato e dovr\u00e0 avere un effetto il pi\u00f9 realistico possibile.<\/li>\n<li>Il taglio deve esser ritoccato sapientemente da una parrucchiere.<\/li>\n<li>Asciuga con spazzola e phon per donare il giusto styling alla tua parrucca<\/li>\n<li>Seguire le istruzioni d&#8217;uso che accompagnano la parrucca<\/li>\n<li>Controllare se potete dedurre il prodotto<\/li>\n<\/ol>\n<p><img fetchpriority=\"high\" decoding=\"async\" class=\"alignnone size-medium wp-image-47279\" src=\"http:\/\/www.parruccheonline.com\/stagingg\/wp-content\/uploads\/2024\/12\/4-300x300.jpg\" alt=\"parrucca corta trendy\" width=\"300\" height=\"300\" srcset=\"https:\/\/www.parruccheonline.com\/stagingg\/wp-content\/uploads\/2024\/12\/4-300x300.jpg 300w, https:\/\/www.parruccheonline.com\/stagingg\/wp-content\/uploads\/2024\/12\/4-150x150.jpg 150w, https:\/\/www.parruccheonline.com\/stagingg\/wp-content\/uploads\/2024\/12\/4-768x768.jpg 768w, https:\/\/www.parruccheonline.com\/stagingg\/wp-content\/uploads\/2024\/12\/4-600x600.jpg 600w, https:\/\/www.parruccheonline.com\/stagingg\/wp-content\/uploads\/2024\/12\/4-100x100.jpg 100w, https:\/\/www.parruccheonline.com\/stagingg\/wp-content\/uploads\/2024\/12\/4.jpg 800w\" sizes=\"(max-width: 300px) 100vw, 300px\" \/><\/p>\n<h3>Caratteristiche della parrucca corta Trendy<\/h3>\n<ul>\n<li>Lace front: per fornire un&#8217;attaccatura frontale somigliante a quella naturale.<\/li>\n<li>Monofilamento: per garantire una buona traspirazione ed un effetto cuoio capelluto realistico.<\/li>\n<li>Capelli: vengono utilizzati capelli lisci e di qualit\u00e0.<\/li>\n<li>Facilit\u00e0 di utilizzo: come tutte le parrucche &#8220;short&#8221; richiedono tempi ridotti per l&#8217;acconciatura\u00a0 rispetto a quelle lunghe.<\/li>\n<li>Duttilit\u00e0: Si adatta a diverse forme del viso.<\/li>\n<li>Comfort: sono leggere fresche e facili da indossare.<\/li>\n<li>Dispositivo medico: prodotto deducibili ove previsto.<\/li>\n<li>Istruzioni di lavaggio indicate sull&#8217;etichetta del prodotto.<\/li>\n<\/ul>\n<p>La calotta rappresentata in fotografia potrebbe subire delle modifiche nel tempo rispetto al momento del caricamento.<\/p>\n<p>I capelli sono da sempre il biglietto da visita di una persona questo vale anche per le <a href=\"https:\/\/www.amica.it\/tag\/parrucche\/\" target=\"_blank\" rel=\"noopener\">parrucche<\/a> da sempre l&#8217;immagine conta!<\/p>\n<p>&nbsp;<\/p>\n<p><a href=\"http:\/\/www.parruccheonline.com\/stagingg\/wp-content\/uploads\/2025\/11\/Manuale-e-cura-parrucche-naturali.pdf\" target=\"_blank\" rel=\"noopener\">Manuale e cura parrucche naturali<\/a><\/p>\n","protected":false},"excerpt":{"rendered":"<p>La parrucca corta Trendy in capello naturale di qualit\u00e0 e possiede uno stile moderno e raffinato realizzata su monofilamento e lace frontale.<\/p>\n","protected":false},"featured_media":47278,"comment_status":"open","ping_status":"closed","template":"","meta":{"_acf_changed":false},"product_cat":[2188,1593,1623,1594,1601,1596,1597,1548,1549,1552,1553,1555,1556,1560,1572,1573,1579,1538,1588],"product_tag":[2473,1637,1903,1677],"class_list":{"0":"post-47272","1":"product","2":"type-product","3":"status-publish","4":"has-post-thumbnail","6":"product_cat-parrucche-luxury-emerald","7":"product_cat-tutte-le-parrucche","8":"product_cat-parrucche-femina","9":"product_cat-tutte-le-parrucche-donna","10":"product_cat-parrucche-naturali-donna","11":"product_cat-parrucca-alopecia-donna","12":"product_cat-parrucche-chemioterapia-donna","13":"product_cat-parrucche-in-lace","14":"product_cat-parrucche-corte","15":"product_cat-parrucche-economiche","16":"product_cat-parrucche-monofilamento","17":"product_cat-parrucche-lisce","18":"product_cat-parrucche-capello-naturale","19":"product_cat-parrucche","20":"product_cat-parrucca-rossa","21":"product_cat-parrucca-bionda","22":"product_cat-farcaphair-parrucche","23":"product_cat-parrucche-in-capello-naturale-fefa","24":"product_cat-parrucche-capelli-veri-prezzi","25":"product_tag-parrucca-trendy","26":"product_tag-parrucche","27":"product_tag-parrucche-alopecia","28":"product_tag-parrucche-corte","29":"pa_brand-marchi-femina","30":"pa_colori_parrucche-champagne_champagnemix","31":"pa_colori_parrucche-cioccolato-caldo-hotchocolate-mix","32":"pa_colori_parrucche-espresso_espressomix","33":"pa_colori_parrucche-ginger_gingermix","34":"pa_colori_parrucche-sabbia-sand-mix","35":"pa_dispositivo_medico-si","36":"pa_lavorazione_parrucca-f7-amanosucentrotesta_amacchi","37":"pa_piega-liscia","38":"pa_taglia-parrucca-media","39":"pa_taglio-corto","40":"pa_tipologia_capelli-naturaleremy","42":"first","43":"outofstock","44":"taxable","45":"shipping-taxable","46":"purchasable","47":"product-type-variable","swatches":"rey-swatches","show_selected":""},"acf":[],"yoast_head":"<!-- This site is optimized with the Yoast SEO Premium plugin v24.8 (Yoast SEO v27.0) - https:\/\/yoast.com\/product\/yoast-seo-premium-wordpress\/ -->\n<title>Parrucca Corta Trendy | ParruccheOnline - Parrucche Online<\/title>\n<meta name=\"description\" content=\"Parrucca Corta Trendy in capello naturale realizzata su monofilamento e lace frontale parrucca per necessit\u00e0 alopeciche o post cicli chemioterapici.\" \/>\n<meta name=\"robots\" content=\"noindex, follow, max-snippet:-1, max-image-preview:large, max-video-preview:-1\" \/>\n<meta property=\"og:locale\" content=\"it_IT\" \/>\n<meta property=\"og:type\" content=\"article\" \/>\n<meta property=\"og:title\" content=\"Parrucca corta Trendy\" \/>\n<meta property=\"og:description\" content=\"Parrucca Corta Trendy in capello naturale realizzata su monofilamento e lace frontale parrucca per necessit\u00e0 alopeciche o post cicli chemioterapici.\" \/>\n<meta property=\"og:url\" content=\"https:\/\/www.parruccheonline.com\/stagingg\/parrucca-corta-trendy\/\" \/>\n<meta property=\"og:site_name\" content=\"Parrucche Online\" \/>\n<meta property=\"article:publisher\" content=\"https:\/\/www.facebook.com\/farcaphair\" \/>\n<meta property=\"article:modified_time\" content=\"2026-02-19T13:48:26+00:00\" \/>\n<meta property=\"og:image\" content=\"https:\/\/www.parruccheonline.com\/stagingg\/wp-content\/uploads\/2024\/12\/3.jpg\" \/>\n\t<meta property=\"og:image:width\" content=\"800\" \/>\n\t<meta property=\"og:image:height\" content=\"800\" \/>\n\t<meta property=\"og:image:type\" content=\"image\/jpeg\" \/>\n<meta name=\"twitter:card\" content=\"summary_large_image\" \/>\n<script type=\"application\/ld+json\" class=\"yoast-schema-graph\">{\"@context\":\"https:\/\/schema.org\",\"@graph\":[{\"@type\":\"WebPage\",\"@id\":\"https:\/\/www.parruccheonline.com\/stagingg\/parrucca-corta-trendy\/\",\"url\":\"https:\/\/www.parruccheonline.com\/stagingg\/parrucca-corta-trendy\/\",\"name\":\"Parrucca Corta Trendy | ParruccheOnline - Parrucche Online\",\"isPartOf\":{\"@id\":\"https:\/\/www.parruccheonline.com\/#website\"},\"primaryImageOfPage\":{\"@id\":\"https:\/\/www.parruccheonline.com\/stagingg\/parrucca-corta-trendy\/#primaryimage\"},\"image\":{\"@id\":\"https:\/\/www.parruccheonline.com\/stagingg\/parrucca-corta-trendy\/#primaryimage\"},\"thumbnailUrl\":\"https:\/\/www.parruccheonline.com\/stagingg\/wp-content\/uploads\/2024\/12\/3.jpg\",\"datePublished\":\"2024-12-27T10:34:46+00:00\",\"dateModified\":\"2026-02-19T13:48:26+00:00\",\"description\":\"Parrucca Corta Trendy in capello naturale realizzata su monofilamento e lace frontale parrucca per necessit\u00e0 alopeciche o post cicli chemioterapici.\",\"breadcrumb\":{\"@id\":\"https:\/\/www.parruccheonline.com\/stagingg\/parrucca-corta-trendy\/#breadcrumb\"},\"inLanguage\":\"it-IT\",\"potentialAction\":[{\"@type\":\"ReadAction\",\"target\":[\"https:\/\/www.parruccheonline.com\/stagingg\/parrucca-corta-trendy\/\"]}]},{\"@type\":\"ImageObject\",\"inLanguage\":\"it-IT\",\"@id\":\"https:\/\/www.parruccheonline.com\/stagingg\/parrucca-corta-trendy\/#primaryimage\",\"url\":\"https:\/\/www.parruccheonline.com\/stagingg\/wp-content\/uploads\/2024\/12\/3.jpg\",\"contentUrl\":\"https:\/\/www.parruccheonline.com\/stagingg\/wp-content\/uploads\/2024\/12\/3.jpg\",\"width\":800,\"height\":800},{\"@type\":\"BreadcrumbList\",\"@id\":\"https:\/\/www.parruccheonline.com\/stagingg\/parrucca-corta-trendy\/#breadcrumb\",\"itemListElement\":[{\"@type\":\"ListItem\",\"position\":1,\"name\":\"Home\",\"item\":\"https:\/\/www.parruccheonline.com\/stagingg\/\"},{\"@type\":\"ListItem\",\"position\":2,\"name\":\"Shop\",\"item\":\"https:\/\/www.parruccheonline.com\/stagingg\/shop\/\"},{\"@type\":\"ListItem\",\"position\":3,\"name\":\"Parrucca corta Trendy\"}]},{\"@type\":\"WebSite\",\"@id\":\"https:\/\/www.parruccheonline.com\/#website\",\"url\":\"https:\/\/www.parruccheonline.com\/\",\"name\":\"Parrucche Online\",\"description\":\"\",\"publisher\":{\"@id\":\"https:\/\/www.parruccheonline.com\/#organization\"},\"potentialAction\":[{\"@type\":\"SearchAction\",\"target\":{\"@type\":\"EntryPoint\",\"urlTemplate\":\"https:\/\/www.parruccheonline.com\/?s={search_term_string}\"},\"query-input\":{\"@type\":\"PropertyValueSpecification\",\"valueRequired\":true,\"valueName\":\"search_term_string\"}}],\"inLanguage\":\"it-IT\"},{\"@type\":\"Organization\",\"@id\":\"https:\/\/www.parruccheonline.com\/#organization\",\"name\":\"Parrucche Online\",\"url\":\"https:\/\/www.parruccheonline.com\/\",\"logo\":{\"@type\":\"ImageObject\",\"inLanguage\":\"it-IT\",\"@id\":\"https:\/\/www.parruccheonline.com\/#\/schema\/logo\/image\/\",\"url\":\"http:\/\/www.parruccheonline.com\/stagingg\/wp-content\/uploads\/2024\/11\/logo_parrucche-online_nero.svg\",\"contentUrl\":\"http:\/\/www.parruccheonline.com\/stagingg\/wp-content\/uploads\/2024\/11\/logo_parrucche-online_nero.svg\",\"width\":1000,\"height\":280,\"caption\":\"Parrucche Online\"},\"image\":{\"@id\":\"https:\/\/www.parruccheonline.com\/#\/schema\/logo\/image\/\"},\"sameAs\":[\"https:\/\/www.facebook.com\/farcaphair\",\"https:\/\/www.instagram.com\/parrucche_online_official\/\"]}]}<\/script>\n<!-- \/ Yoast SEO Premium plugin. -->","yoast_head_json":{"title":"Parrucca Corta Trendy | ParruccheOnline - Parrucche Online","description":"Parrucca Corta Trendy in capello naturale realizzata su monofilamento e lace frontale parrucca per necessit\u00e0 alopeciche o post cicli chemioterapici.","robots":{"index":"noindex","follow":"follow","max-snippet":"max-snippet:-1","max-image-preview":"max-image-preview:large","max-video-preview":"max-video-preview:-1"},"og_locale":"it_IT","og_type":"article","og_title":"Parrucca corta Trendy","og_description":"Parrucca Corta Trendy in capello naturale realizzata su monofilamento e lace frontale parrucca per necessit\u00e0 alopeciche o post cicli chemioterapici.","og_url":"https:\/\/www.parruccheonline.com\/stagingg\/parrucca-corta-trendy\/","og_site_name":"Parrucche Online","article_publisher":"https:\/\/www.facebook.com\/farcaphair","article_modified_time":"2026-02-19T13:48:26+00:00","og_image":[{"width":800,"height":800,"url":"https:\/\/www.parruccheonline.com\/stagingg\/wp-content\/uploads\/2024\/12\/3.jpg","type":"image\/jpeg"}],"twitter_card":"summary_large_image","schema":{"@context":"https:\/\/schema.org","@graph":[{"@type":"WebPage","@id":"https:\/\/www.parruccheonline.com\/stagingg\/parrucca-corta-trendy\/","url":"https:\/\/www.parruccheonline.com\/stagingg\/parrucca-corta-trendy\/","name":"Parrucca Corta Trendy | ParruccheOnline - Parrucche Online","isPartOf":{"@id":"https:\/\/www.parruccheonline.com\/#website"},"primaryImageOfPage":{"@id":"https:\/\/www.parruccheonline.com\/stagingg\/parrucca-corta-trendy\/#primaryimage"},"image":{"@id":"https:\/\/www.parruccheonline.com\/stagingg\/parrucca-corta-trendy\/#primaryimage"},"thumbnailUrl":"https:\/\/www.parruccheonline.com\/stagingg\/wp-content\/uploads\/2024\/12\/3.jpg","datePublished":"2024-12-27T10:34:46+00:00","dateModified":"2026-02-19T13:48:26+00:00","description":"Parrucca Corta Trendy in capello naturale realizzata su monofilamento e lace frontale parrucca per necessit\u00e0 alopeciche o post cicli chemioterapici.","breadcrumb":{"@id":"https:\/\/www.parruccheonline.com\/stagingg\/parrucca-corta-trendy\/#breadcrumb"},"inLanguage":"it-IT","potentialAction":[{"@type":"ReadAction","target":["https:\/\/www.parruccheonline.com\/stagingg\/parrucca-corta-trendy\/"]}]},{"@type":"ImageObject","inLanguage":"it-IT","@id":"https:\/\/www.parruccheonline.com\/stagingg\/parrucca-corta-trendy\/#primaryimage","url":"https:\/\/www.parruccheonline.com\/stagingg\/wp-content\/uploads\/2024\/12\/3.jpg","contentUrl":"https:\/\/www.parruccheonline.com\/stagingg\/wp-content\/uploads\/2024\/12\/3.jpg","width":800,"height":800},{"@type":"BreadcrumbList","@id":"https:\/\/www.parruccheonline.com\/stagingg\/parrucca-corta-trendy\/#breadcrumb","itemListElement":[{"@type":"ListItem","position":1,"name":"Home","item":"https:\/\/www.parruccheonline.com\/stagingg\/"},{"@type":"ListItem","position":2,"name":"Shop","item":"https:\/\/www.parruccheonline.com\/stagingg\/shop\/"},{"@type":"ListItem","position":3,"name":"Parrucca corta Trendy"}]},{"@type":"WebSite","@id":"https:\/\/www.parruccheonline.com\/#website","url":"https:\/\/www.parruccheonline.com\/","name":"Parrucche Online","description":"","publisher":{"@id":"https:\/\/www.parruccheonline.com\/#organization"},"potentialAction":[{"@type":"SearchAction","target":{"@type":"EntryPoint","urlTemplate":"https:\/\/www.parruccheonline.com\/?s={search_term_string}"},"query-input":{"@type":"PropertyValueSpecification","valueRequired":true,"valueName":"search_term_string"}}],"inLanguage":"it-IT"},{"@type":"Organization","@id":"https:\/\/www.parruccheonline.com\/#organization","name":"Parrucche Online","url":"https:\/\/www.parruccheonline.com\/","logo":{"@type":"ImageObject","inLanguage":"it-IT","@id":"https:\/\/www.parruccheonline.com\/#\/schema\/logo\/image\/","url":"http:\/\/www.parruccheonline.com\/stagingg\/wp-content\/uploads\/2024\/11\/logo_parrucche-online_nero.svg","contentUrl":"http:\/\/www.parruccheonline.com\/stagingg\/wp-content\/uploads\/2024\/11\/logo_parrucche-online_nero.svg","width":1000,"height":280,"caption":"Parrucche Online"},"image":{"@id":"https:\/\/www.parruccheonline.com\/#\/schema\/logo\/image\/"},"sameAs":["https:\/\/www.facebook.com\/farcaphair","https:\/\/www.instagram.com\/parrucche_online_official\/"]}]}},"_links":{"self":[{"href":"https:\/\/www.parruccheonline.com\/stagingg\/wp-json\/wp\/v2\/product\/47272","targetHints":{"allow":["GET"]}}],"collection":[{"href":"https:\/\/www.parruccheonline.com\/stagingg\/wp-json\/wp\/v2\/product"}],"about":[{"href":"https:\/\/www.parruccheonline.com\/stagingg\/wp-json\/wp\/v2\/types\/product"}],"replies":[{"embeddable":true,"href":"https:\/\/www.parruccheonline.com\/stagingg\/wp-json\/wp\/v2\/comments?post=47272"}],"wp:featuredmedia":[{"embeddable":true,"href":"https:\/\/www.parruccheonline.com\/stagingg\/wp-json\/wp\/v2\/media\/47278"}],"wp:attachment":[{"href":"https:\/\/www.parruccheonline.com\/stagingg\/wp-json\/wp\/v2\/media?parent=47272"}],"wp:term":[{"taxonomy":"product_cat","embeddable":true,"href":"https:\/\/www.parruccheonline.com\/stagingg\/wp-json\/wp\/v2\/product_cat?post=47272"},{"taxonomy":"product_tag","embeddable":true,"href":"https:\/\/www.parruccheonline.com\/stagingg\/wp-json\/wp\/v2\/product_tag?post=47272"}],"curies":[{"name":"wp","href":"https:\/\/api.w.org\/{rel}","templated":true}]}}