{"id":3120,"date":"2014-08-13T13:38:30","date_gmt":"2014-08-13T11:38:30","guid":{"rendered":"http:\/\/www.parruccheonline.com\/stagingg\/prodotto\/default-category\/protesi-capelli\/protesi-capelli-uomo\/protesi-di-capelli-poly\/"},"modified":"2025-05-22T06:15:15","modified_gmt":"2025-05-22T04:15:15","slug":"protesi-di-capelli-poly","status":"publish","type":"product","link":"https:\/\/www.parruccheonline.com\/stagingg\/protesi-di-capelli-poly\/","title":{"rendered":"Protesi di Capelli Poly"},"content":{"rendered":"<p><strong>Protesi di capelli Poly<\/strong> di cm 23&#215;19 ma\u00a0 facilmente riducibile nelle misura preferita. Interamente annodato e totalmente in <strong>poly<\/strong>.<\/p>\n<p>Il capello \u00e8 RAMY HAIR e la sua lunghezza e\u2019di circa\u00a0 15\/17 cm. Si tratta di un prodotto resistente leggero e consente tutti gli stili e tagli da quelli classici, a quelli moderni, dal corto al lungo.<\/p>\n<p>Una patch di capelli che si presta per pettinature universali con riga senza all&#8217;indietro o con uno stile sbarazzino senza ausilio di pieghe troppo precise.<\/p>\n<p>La lavorazione della protesi di capelli poly avviene tramite un&#8217;annodatura con doppio cappio questo consente alla protesi di avere una maggior longevit\u00e0, di fatto aumentano anche un po&#8217; gli spessori tuttavia il rapporto durata e qualit\u00e0 \u00e8 buono!<\/p>\n<p>Avvertenza: la Protesi pu\u00f2 contenere una piccola quantit\u00e0 di capelli in fibra sintetica o talvolta di yak, funzionali all&#8217;ottimale realizzazione del prodotto.<\/p>\n<p><!-- START: massdescriptionedit --><!-- END: massdescriptionedit --><!-- START: massdescriptionedit --><!-- END: massdescriptionedit --><!-- START: massdescriptionedit --><\/p>\n<p><a href=\"http:\/\/www.parruccheonline.com\/stagingg\/protesi-capelli\/accessori-protesi-capelli\" target=\"_blank\" rel=\"noopener\">\u00a0 \u00a0 \u00a0 \u00a0 \u00a0 \u00a0<\/a><\/p>\n<p><!-- END: massdescriptionedit --><!-- START: massdescriptionedit --><\/p>\n<p><!-- END: massdescriptionedit --><!-- START: massdescriptionedit --><\/p>\n<p><!-- END: massdescriptionedit --><\/p>\n","protected":false},"excerpt":{"rendered":"<p><!-- START: massdescriptionedit --><!-- END: massdescriptionedit --><\/p>\n<p><strong>Protesi di capelli Poly<\/strong> di cm 23&#215;19 ma\u00a0 facilmente riducibile nelle misura preferita. Interamente annodato e totalmente in <strong>poly<\/strong>.Il capello \u00e8 RAMY HAIR e la sua lunghezza e\u2019di circa\u00a0 6 inch 15\/17 cm. Si tratta di un prodotto resistente leggero, consente tutti gli stili e i tagli, dai classici ai moderni, dal corto al lungo.<\/p>\n<p><!-- START: massdescriptionedit --><\/p>\n<p>&nbsp;<\/p>\n<p><!-- END: massdescriptionedit --><\/p>\n","protected":false},"featured_media":3117,"comment_status":"open","ping_status":"closed","template":"","meta":{"_acf_changed":false},"product_cat":[1558,1617,1571,1590],"product_tag":[1744,1772,1771],"class_list":{"0":"post-3120","1":"product","2":"type-product","3":"status-publish","4":"has-post-thumbnail","6":"product_cat-protesi-capelli-uomo","7":"product_cat-protesi-capelli","8":"product_cat-impianti-capillari-standard","9":"product_cat-protesi-capelli-in-pellicola","10":"product_tag-protesi-capelli-uomo","11":"product_tag-protesi-capillari","12":"product_tag-protesi-di-capelli-poly","13":"pa_featured-no","14":"pa_fefa_impianti_capillari-bianco","15":"pa_fefa_impianti_capillari-biondoscuro","16":"pa_fefa_impianti_capillari-castano","17":"pa_fefa_impianti_capillari-castanochiaro","18":"pa_fefa_impianti_capillari-castanochiarocon20digrigio","19":"pa_fefa_impianti_capillari-castano-con-40-di-grigio","20":"pa_fefa_impianti_capillari-castanocon80digrigio","21":"pa_fefa_impianti_capillari-castanoscuro","22":"pa_fefa_impianti_capillari-castanoscurocon10digrigio","23":"pa_fefa_impianti_capillari-castanoscurocon20digrigio","24":"pa_fefa_impianti_capillari-castanoscurocon30digrigio","25":"pa_fefa_impianti_capillari-castanoscurocon50digrigio","26":"pa_fefa_impianti_capillari-nero1b","27":"pa_fefa_impianti_capillari-nerocon10percentodigrigio","29":"first","30":"instock","31":"sale","32":"taxable","33":"shipping-taxable","34":"purchasable","35":"product-type-variable","swatches":"rey-swatches","show_selected":""},"acf":[],"yoast_head":"<!-- This site is optimized with the Yoast SEO Premium plugin v24.8 (Yoast SEO v27.0) - https:\/\/yoast.com\/product\/yoast-seo-premium-wordpress\/ -->\n<title>Protesi di capelli poly | ParruccheOnline<\/title>\n<meta name=\"description\" content=\"Protesi di capelli poly da uomo realizzato in poliuretano annodato si adatta a tutte le forme di calvizie, scopri il fascino di sentirsi sicuri sempre.\" \/>\n<meta name=\"robots\" content=\"noindex, follow, max-snippet:-1, max-image-preview:large, max-video-preview:-1\" \/>\n<meta property=\"og:locale\" content=\"it_IT\" \/>\n<meta property=\"og:type\" content=\"article\" \/>\n<meta property=\"og:title\" content=\"Protesi di Capelli Poly\" \/>\n<meta property=\"og:description\" content=\"Protesi di capelli poly da uomo realizzato in poliuretano annodato si adatta a tutte le forme di calvizie, scopri il fascino di sentirsi sicuri sempre.\" \/>\n<meta property=\"og:url\" content=\"https:\/\/www.parruccheonline.com\/stagingg\/protesi-di-capelli-poly\/\" \/>\n<meta property=\"og:site_name\" content=\"Parrucche Online\" \/>\n<meta property=\"article:publisher\" content=\"https:\/\/www.facebook.com\/farcaphair\" \/>\n<meta property=\"article:modified_time\" content=\"2025-05-22T04:15:15+00:00\" \/>\n<meta property=\"og:image\" content=\"https:\/\/www.parruccheonline.com\/stagingg\/wp-content\/uploads\/2014\/08\/3889.jpg\" \/>\n\t<meta property=\"og:image:width\" content=\"1536\" \/>\n\t<meta property=\"og:image:height\" content=\"1024\" \/>\n\t<meta property=\"og:image:type\" content=\"image\/jpeg\" \/>\n<meta name=\"twitter:card\" content=\"summary_large_image\" \/>\n<script type=\"application\/ld+json\" class=\"yoast-schema-graph\">{\"@context\":\"https:\/\/schema.org\",\"@graph\":[{\"@type\":\"WebPage\",\"@id\":\"https:\/\/www.parruccheonline.com\/stagingg\/protesi-di-capelli-poly\/\",\"url\":\"https:\/\/www.parruccheonline.com\/stagingg\/protesi-di-capelli-poly\/\",\"name\":\"Protesi di capelli poly | ParruccheOnline\",\"isPartOf\":{\"@id\":\"https:\/\/www.parruccheonline.com\/stagingg\/#website\"},\"primaryImageOfPage\":{\"@id\":\"https:\/\/www.parruccheonline.com\/stagingg\/protesi-di-capelli-poly\/#primaryimage\"},\"image\":{\"@id\":\"https:\/\/www.parruccheonline.com\/stagingg\/protesi-di-capelli-poly\/#primaryimage\"},\"thumbnailUrl\":\"https:\/\/www.parruccheonline.com\/stagingg\/wp-content\/uploads\/2014\/08\/3889.jpg\",\"datePublished\":\"2014-08-13T11:38:30+00:00\",\"dateModified\":\"2025-05-22T04:15:15+00:00\",\"description\":\"Protesi di capelli poly da uomo realizzato in poliuretano annodato si adatta a tutte le forme di calvizie, scopri il fascino di sentirsi sicuri sempre.\",\"breadcrumb\":{\"@id\":\"https:\/\/www.parruccheonline.com\/stagingg\/protesi-di-capelli-poly\/#breadcrumb\"},\"inLanguage\":\"it-IT\",\"potentialAction\":[{\"@type\":\"ReadAction\",\"target\":[\"https:\/\/www.parruccheonline.com\/stagingg\/protesi-di-capelli-poly\/\"]}]},{\"@type\":\"ImageObject\",\"inLanguage\":\"it-IT\",\"@id\":\"https:\/\/www.parruccheonline.com\/stagingg\/protesi-di-capelli-poly\/#primaryimage\",\"url\":\"https:\/\/www.parruccheonline.com\/stagingg\/wp-content\/uploads\/2014\/08\/3889.jpg\",\"contentUrl\":\"https:\/\/www.parruccheonline.com\/stagingg\/wp-content\/uploads\/2014\/08\/3889.jpg\",\"width\":1536,\"height\":1024,\"caption\":\"Protesi di Capelli Poly\"},{\"@type\":\"BreadcrumbList\",\"@id\":\"https:\/\/www.parruccheonline.com\/stagingg\/protesi-di-capelli-poly\/#breadcrumb\",\"itemListElement\":[{\"@type\":\"ListItem\",\"position\":1,\"name\":\"Home\",\"item\":\"https:\/\/www.parruccheonline.com\/stagingg\/\"},{\"@type\":\"ListItem\",\"position\":2,\"name\":\"Shop\",\"item\":\"https:\/\/www.parruccheonline.com\/stagingg\/shop\/\"},{\"@type\":\"ListItem\",\"position\":3,\"name\":\"Protesi di Capelli Poly\"}]},{\"@type\":\"WebSite\",\"@id\":\"https:\/\/www.parruccheonline.com\/stagingg\/#website\",\"url\":\"https:\/\/www.parruccheonline.com\/stagingg\/\",\"name\":\"Parrucche Online\",\"description\":\"\",\"publisher\":{\"@id\":\"https:\/\/www.parruccheonline.com\/stagingg\/#organization\"},\"potentialAction\":[{\"@type\":\"SearchAction\",\"target\":{\"@type\":\"EntryPoint\",\"urlTemplate\":\"https:\/\/www.parruccheonline.com\/stagingg\/?s={search_term_string}\"},\"query-input\":{\"@type\":\"PropertyValueSpecification\",\"valueRequired\":true,\"valueName\":\"search_term_string\"}}],\"inLanguage\":\"it-IT\"},{\"@type\":\"Organization\",\"@id\":\"https:\/\/www.parruccheonline.com\/stagingg\/#organization\",\"name\":\"Parrucche Online\",\"url\":\"https:\/\/www.parruccheonline.com\/stagingg\/\",\"logo\":{\"@type\":\"ImageObject\",\"inLanguage\":\"it-IT\",\"@id\":\"https:\/\/www.parruccheonline.com\/stagingg\/#\/schema\/logo\/image\/\",\"url\":\"http:\/\/www.parruccheonline.com\/stagingg\/wp-content\/uploads\/2024\/11\/logo_parrucche-online_nero.svg\",\"contentUrl\":\"http:\/\/www.parruccheonline.com\/stagingg\/wp-content\/uploads\/2024\/11\/logo_parrucche-online_nero.svg\",\"width\":1000,\"height\":280,\"caption\":\"Parrucche Online\"},\"image\":{\"@id\":\"https:\/\/www.parruccheonline.com\/stagingg\/#\/schema\/logo\/image\/\"},\"sameAs\":[\"https:\/\/www.facebook.com\/farcaphair\",\"https:\/\/www.instagram.com\/parrucche_online_official\/\"]}]}<\/script>\n<!-- \/ Yoast SEO Premium plugin. -->","yoast_head_json":{"title":"Protesi di capelli poly | ParruccheOnline","description":"Protesi di capelli poly da uomo realizzato in poliuretano annodato si adatta a tutte le forme di calvizie, scopri il fascino di sentirsi sicuri sempre.","robots":{"index":"noindex","follow":"follow","max-snippet":"max-snippet:-1","max-image-preview":"max-image-preview:large","max-video-preview":"max-video-preview:-1"},"og_locale":"it_IT","og_type":"article","og_title":"Protesi di Capelli Poly","og_description":"Protesi di capelli poly da uomo realizzato in poliuretano annodato si adatta a tutte le forme di calvizie, scopri il fascino di sentirsi sicuri sempre.","og_url":"https:\/\/www.parruccheonline.com\/stagingg\/protesi-di-capelli-poly\/","og_site_name":"Parrucche Online","article_publisher":"https:\/\/www.facebook.com\/farcaphair","article_modified_time":"2025-05-22T04:15:15+00:00","og_image":[{"width":1536,"height":1024,"url":"https:\/\/www.parruccheonline.com\/stagingg\/wp-content\/uploads\/2014\/08\/3889.jpg","type":"image\/jpeg"}],"twitter_card":"summary_large_image","schema":{"@context":"https:\/\/schema.org","@graph":[{"@type":"WebPage","@id":"https:\/\/www.parruccheonline.com\/stagingg\/protesi-di-capelli-poly\/","url":"https:\/\/www.parruccheonline.com\/stagingg\/protesi-di-capelli-poly\/","name":"Protesi di capelli poly | ParruccheOnline","isPartOf":{"@id":"https:\/\/www.parruccheonline.com\/stagingg\/#website"},"primaryImageOfPage":{"@id":"https:\/\/www.parruccheonline.com\/stagingg\/protesi-di-capelli-poly\/#primaryimage"},"image":{"@id":"https:\/\/www.parruccheonline.com\/stagingg\/protesi-di-capelli-poly\/#primaryimage"},"thumbnailUrl":"https:\/\/www.parruccheonline.com\/stagingg\/wp-content\/uploads\/2014\/08\/3889.jpg","datePublished":"2014-08-13T11:38:30+00:00","dateModified":"2025-05-22T04:15:15+00:00","description":"Protesi di capelli poly da uomo realizzato in poliuretano annodato si adatta a tutte le forme di calvizie, scopri il fascino di sentirsi sicuri sempre.","breadcrumb":{"@id":"https:\/\/www.parruccheonline.com\/stagingg\/protesi-di-capelli-poly\/#breadcrumb"},"inLanguage":"it-IT","potentialAction":[{"@type":"ReadAction","target":["https:\/\/www.parruccheonline.com\/stagingg\/protesi-di-capelli-poly\/"]}]},{"@type":"ImageObject","inLanguage":"it-IT","@id":"https:\/\/www.parruccheonline.com\/stagingg\/protesi-di-capelli-poly\/#primaryimage","url":"https:\/\/www.parruccheonline.com\/stagingg\/wp-content\/uploads\/2014\/08\/3889.jpg","contentUrl":"https:\/\/www.parruccheonline.com\/stagingg\/wp-content\/uploads\/2014\/08\/3889.jpg","width":1536,"height":1024,"caption":"Protesi di Capelli Poly"},{"@type":"BreadcrumbList","@id":"https:\/\/www.parruccheonline.com\/stagingg\/protesi-di-capelli-poly\/#breadcrumb","itemListElement":[{"@type":"ListItem","position":1,"name":"Home","item":"https:\/\/www.parruccheonline.com\/stagingg\/"},{"@type":"ListItem","position":2,"name":"Shop","item":"https:\/\/www.parruccheonline.com\/stagingg\/shop\/"},{"@type":"ListItem","position":3,"name":"Protesi di Capelli Poly"}]},{"@type":"WebSite","@id":"https:\/\/www.parruccheonline.com\/stagingg\/#website","url":"https:\/\/www.parruccheonline.com\/stagingg\/","name":"Parrucche Online","description":"","publisher":{"@id":"https:\/\/www.parruccheonline.com\/stagingg\/#organization"},"potentialAction":[{"@type":"SearchAction","target":{"@type":"EntryPoint","urlTemplate":"https:\/\/www.parruccheonline.com\/stagingg\/?s={search_term_string}"},"query-input":{"@type":"PropertyValueSpecification","valueRequired":true,"valueName":"search_term_string"}}],"inLanguage":"it-IT"},{"@type":"Organization","@id":"https:\/\/www.parruccheonline.com\/stagingg\/#organization","name":"Parrucche Online","url":"https:\/\/www.parruccheonline.com\/stagingg\/","logo":{"@type":"ImageObject","inLanguage":"it-IT","@id":"https:\/\/www.parruccheonline.com\/stagingg\/#\/schema\/logo\/image\/","url":"http:\/\/www.parruccheonline.com\/stagingg\/wp-content\/uploads\/2024\/11\/logo_parrucche-online_nero.svg","contentUrl":"http:\/\/www.parruccheonline.com\/stagingg\/wp-content\/uploads\/2024\/11\/logo_parrucche-online_nero.svg","width":1000,"height":280,"caption":"Parrucche Online"},"image":{"@id":"https:\/\/www.parruccheonline.com\/stagingg\/#\/schema\/logo\/image\/"},"sameAs":["https:\/\/www.facebook.com\/farcaphair","https:\/\/www.instagram.com\/parrucche_online_official\/"]}]}},"_links":{"self":[{"href":"https:\/\/www.parruccheonline.com\/stagingg\/wp-json\/wp\/v2\/product\/3120","targetHints":{"allow":["GET"]}}],"collection":[{"href":"https:\/\/www.parruccheonline.com\/stagingg\/wp-json\/wp\/v2\/product"}],"about":[{"href":"https:\/\/www.parruccheonline.com\/stagingg\/wp-json\/wp\/v2\/types\/product"}],"replies":[{"embeddable":true,"href":"https:\/\/www.parruccheonline.com\/stagingg\/wp-json\/wp\/v2\/comments?post=3120"}],"wp:featuredmedia":[{"embeddable":true,"href":"https:\/\/www.parruccheonline.com\/stagingg\/wp-json\/wp\/v2\/media\/3117"}],"wp:attachment":[{"href":"https:\/\/www.parruccheonline.com\/stagingg\/wp-json\/wp\/v2\/media?parent=3120"}],"wp:term":[{"taxonomy":"product_cat","embeddable":true,"href":"https:\/\/www.parruccheonline.com\/stagingg\/wp-json\/wp\/v2\/product_cat?post=3120"},{"taxonomy":"product_tag","embeddable":true,"href":"https:\/\/www.parruccheonline.com\/stagingg\/wp-json\/wp\/v2\/product_tag?post=3120"}],"curies":[{"name":"wp","href":"https:\/\/api.w.org\/{rel}","templated":true}]}}