{"id":1859,"date":"2012-11-28T13:18:13","date_gmt":"2012-11-28T12:18:13","guid":{"rendered":"http:\/\/www.parruccheonline.com\/stagingg\/prodotto\/default-category\/protesi-capelli\/accessori-protesi-capelli-1\/biadesivo-ultra-hold-tape\/"},"modified":"2026-05-11T22:08:19","modified_gmt":"2026-05-11T20:08:19","slug":"biadesivo-ultra-hold-tape","status":"publish","type":"product","link":"https:\/\/www.parruccheonline.com\/stagingg\/biadesivo-ultra-hold-tape\/","title":{"rendered":"Biadesivo Ultra Hold Tape"},"content":{"rendered":"<p><span style=\"font-size: 12pt;font-family: verdana, geneva\"><span style=\"font-family: verdana, geneva\"><strong>Cerotto Ultra Hold Tape<\/strong><\/span> Tra i tape sul mercato, si distingue per l&#8217;elasticit\u00e0 e la resistenza, anche all&#8217;acqua sia di mare che di piscina. La sua trasparenza ha un&#8217;efficacia ottima su protesi e parrucche in lace ed in poly. E&#8217; inoltre utilizzabile su impianti in silicone, lace front e monofilamento. Avendo uno spessore ridotto \u00e8 particolarmente versatile, pu\u00f2 essere applicato sull&#8217;attaccatura, sulla nuca e sui lati: ovunque ci sia necessit\u00e0 di una presa forte.<br \/>\n<\/span><\/p>\n<p><span style=\"font-size: 12pt;font-family: verdana, geneva\">Caratteristiche fornite dalla casa distributrice<\/span><\/p>\n<p><span style=\"font-size: 12pt;font-family: verdana, geneva\"><span style=\"color: #3366ff\">Tenuta:<\/span> 3\/6 settimane<\/span><\/p>\n<p><span style=\"font-family: verdana, geneva\"><span style=\"color: #3366ff\">Misure:<\/span> Lunghezza 2,74 m \/ <\/span><span style=\"font-family: verdana, geneva\">Larghezza 2 cm<\/span><\/p>\n<p>&nbsp;<\/p>\n<p><span style=\"font-family: verdana, geneva;font-size: small\">Il disimpianto avviene nel seguente modo:<\/span><\/p>\n<p>&nbsp;<\/p>\n<ol>\n<li><span style=\"font-family: verdana, geneva;font-size: small\">vaporizzare direttamente sulla rete del il reagente o solvente( lace release, S3 o C 22)<\/span><\/li>\n<li><span style=\"font-family: verdana, geneva;font-size: small\">stendere uniformemente con con le dita il prodotto vaporizzato<\/span><\/li>\n<li><span style=\"font-family: verdana, geneva;font-size: small\">dopo alcuni istanti tirare con leggera pressione i capelli del frontale fino a vedere l\u2019adesivo scollarsi dal lace<\/span><\/li>\n<li><span style=\"font-family: verdana, geneva;font-size: small\">il biadesivo blu liner rimarr\u00e0 fissato sulla pelle<\/span><\/li>\n<li><span style=\"font-family: verdana, geneva;font-size: small\">rimuoverlo dalla cute<\/span><\/li>\n<li><span style=\"font-family: verdana, geneva;font-size: small\">sgrassare la pelle con il solvente<\/span><\/li>\n<li><span style=\"font-family: verdana, geneva;font-size: small\">provvedere alla shampoo della testa<\/span><\/li>\n<\/ol>\n<p>&nbsp;<\/p>\n<p><span style=\"font-family: verdana, geneva;font-size: small\">Avvertenze d\u2019uso<\/span><\/p>\n<p><span style=\"font-family: verdana, geneva;font-size: small\">Tutti i tape devono essere utilizzati rispettando le istruzioni fornite.<\/span><\/p>\n<p><span style=\"font-family: verdana, geneva;font-size: small\">Vanno\u00a0usati con cautela senza\u00a0mai utilizzare su pelli arrossate, ulcerate o aventi in atto problematiche cutanee.<\/span><\/p>\n<p><span style=\"font-family: verdana, geneva;font-size: small\">Suggeriamo di fare un test sulla cute prima del suo utilizzo, in particolar modo se non \u00e8 stato mai utilizzato un tape prima d\u2019ora.<\/span><\/p>\n<p><span style=\"font-family: verdana, geneva;font-size: small\">Tagliate una striscia\u00a0del\u00a0bi adesivo\u00a0acquistato e fate\u00a0un classico patch di prova.<\/span><\/p>\n<p><span style=\"font-family: verdana, geneva;font-size: small\">Tenere a contatto con la pelle il test per 48\/72 ore. Qualora si creassero arrossamenti sospendere l\u2019uso del prodotto e cercarne uno alternativo.<\/span><\/p>\n<p><span style=\"font-family: verdana, geneva;font-size: small\">Le descrizioni riportate su ogni singola scheda prodotto sono derivate da esperienze dirette di utenti o\u00a0riprese dai testi delle case distributrici.<\/span><\/p>\n<p><span style=\"font-family: verdana, geneva;font-size: small\">Personalmente siamo sfavorevoli a tenute prolungate nel tempo dei tape, suggeriamo vivamente fasi igieniche frequenti con sostituzione del relativo nastro.<\/span><\/p>\n<p><span style=\"font-size: small;font-family: verdana, geneva\">\u00a0<\/span><\/p>\n","protected":false},"excerpt":{"rendered":"<p><span style=\"font-size: 12pt;font-family: verdana, geneva\"><strong>Cerotto Ultra Hold Tape<\/strong> resistente ed elastico \u00e8 sicuramente tra i migliori tape sul mercato per durata e potere adesivo. Avendo un aspetto trasparente \u00e8 particolarmente indicato per protesi capillari e parrucche lavorate in lace o poliuretano.<\/span><\/p>\n","protected":false},"featured_media":1858,"comment_status":"open","ping_status":"closed","template":"","meta":{"_acf_changed":false},"product_cat":[1605],"product_tag":[1636,1628,1633,1634,1637,1626,1635],"class_list":{"0":"post-1859","1":"product","2":"type-product","3":"status-publish","4":"has-post-thumbnail","6":"product_cat-accessori","7":"product_tag-bandane","8":"product_tag-impianti-capillari","9":"product_tag-negozi-di-parrucche","10":"product_tag-parrucca","11":"product_tag-parrucche","12":"product_tag-protesi-capelli","13":"product_tag-turbanti","14":"pa_featured-no","16":"first","17":"instock","18":"taxable","19":"shipping-taxable","20":"purchasable","21":"product-type-simple","swatches":"rey-swatches","show_selected":""},"acf":[],"yoast_head":"<!-- This site is optimized with the Yoast SEO Premium plugin v24.8 (Yoast SEO v27.0) - https:\/\/yoast.com\/product\/yoast-seo-premium-wordpress\/ -->\n<title>Cerotto Ultra Hold Tape-ParruccheOnline<\/title>\n<meta name=\"description\" content=\"Cerotto Ultra Hold Tape extra forte per protesi di capelli, prova il fantastico biadesivo trasparente. Ora pi\u00f9 sicuri con il cerotto Ultra Hold Tape.\" \/>\n<meta name=\"robots\" content=\"noindex, follow, max-snippet:-1, max-image-preview:large, max-video-preview:-1\" \/>\n<meta property=\"og:locale\" content=\"it_IT\" \/>\n<meta property=\"og:type\" content=\"article\" \/>\n<meta property=\"og:title\" content=\"Biadesivo Ultra Hold Tape\" \/>\n<meta property=\"og:description\" content=\"Cerotto Ultra Hold Tape extra forte per protesi di capelli, prova il fantastico biadesivo trasparente. Ora pi\u00f9 sicuri con il cerotto Ultra Hold Tape.\" \/>\n<meta property=\"og:url\" content=\"https:\/\/www.parruccheonline.com\/stagingg\/biadesivo-ultra-hold-tape\/\" \/>\n<meta property=\"og:site_name\" content=\"Parrucche Online\" \/>\n<meta property=\"article:publisher\" content=\"https:\/\/www.facebook.com\/farcaphair\" \/>\n<meta property=\"article:modified_time\" content=\"2026-05-11T20:08:19+00:00\" \/>\n<meta property=\"og:image\" content=\"https:\/\/www.parruccheonline.com\/stagingg\/wp-content\/uploads\/2012\/11\/cerotto_ultra_hold.jpg\" \/>\n\t<meta property=\"og:image:width\" content=\"800\" \/>\n\t<meta property=\"og:image:height\" content=\"800\" \/>\n\t<meta property=\"og:image:type\" content=\"image\/jpeg\" \/>\n<meta name=\"twitter:card\" content=\"summary_large_image\" \/>\n<script type=\"application\/ld+json\" class=\"yoast-schema-graph\">{\"@context\":\"https:\/\/schema.org\",\"@graph\":[{\"@type\":\"WebPage\",\"@id\":\"https:\/\/www.parruccheonline.com\/stagingg\/biadesivo-ultra-hold-tape\/\",\"url\":\"https:\/\/www.parruccheonline.com\/stagingg\/biadesivo-ultra-hold-tape\/\",\"name\":\"Cerotto Ultra Hold Tape-ParruccheOnline\",\"isPartOf\":{\"@id\":\"https:\/\/www.parruccheonline.com\/stagingg\/#website\"},\"primaryImageOfPage\":{\"@id\":\"https:\/\/www.parruccheonline.com\/stagingg\/biadesivo-ultra-hold-tape\/#primaryimage\"},\"image\":{\"@id\":\"https:\/\/www.parruccheonline.com\/stagingg\/biadesivo-ultra-hold-tape\/#primaryimage\"},\"thumbnailUrl\":\"https:\/\/www.parruccheonline.com\/stagingg\/wp-content\/uploads\/2012\/11\/cerotto_ultra_hold.jpg\",\"datePublished\":\"2012-11-28T12:18:13+00:00\",\"dateModified\":\"2026-05-11T20:08:19+00:00\",\"description\":\"Cerotto Ultra Hold Tape extra forte per protesi di capelli, prova il fantastico biadesivo trasparente. Ora pi\u00f9 sicuri con il cerotto Ultra Hold Tape.\",\"breadcrumb\":{\"@id\":\"https:\/\/www.parruccheonline.com\/stagingg\/biadesivo-ultra-hold-tape\/#breadcrumb\"},\"inLanguage\":\"it-IT\",\"potentialAction\":[{\"@type\":\"ReadAction\",\"target\":[\"https:\/\/www.parruccheonline.com\/stagingg\/biadesivo-ultra-hold-tape\/\"]}]},{\"@type\":\"ImageObject\",\"inLanguage\":\"it-IT\",\"@id\":\"https:\/\/www.parruccheonline.com\/stagingg\/biadesivo-ultra-hold-tape\/#primaryimage\",\"url\":\"https:\/\/www.parruccheonline.com\/stagingg\/wp-content\/uploads\/2012\/11\/cerotto_ultra_hold.jpg\",\"contentUrl\":\"https:\/\/www.parruccheonline.com\/stagingg\/wp-content\/uploads\/2012\/11\/cerotto_ultra_hold.jpg\",\"width\":800,\"height\":800,\"caption\":\"Biadesivo Ultra Hold Tape-0\"},{\"@type\":\"BreadcrumbList\",\"@id\":\"https:\/\/www.parruccheonline.com\/stagingg\/biadesivo-ultra-hold-tape\/#breadcrumb\",\"itemListElement\":[{\"@type\":\"ListItem\",\"position\":1,\"name\":\"Home\",\"item\":\"https:\/\/www.parruccheonline.com\/stagingg\/\"},{\"@type\":\"ListItem\",\"position\":2,\"name\":\"Shop\",\"item\":\"https:\/\/www.parruccheonline.com\/stagingg\/shop\/\"},{\"@type\":\"ListItem\",\"position\":3,\"name\":\"Biadesivo Ultra Hold Tape\"}]},{\"@type\":\"WebSite\",\"@id\":\"https:\/\/www.parruccheonline.com\/stagingg\/#website\",\"url\":\"https:\/\/www.parruccheonline.com\/stagingg\/\",\"name\":\"Parrucche Online\",\"description\":\"\",\"publisher\":{\"@id\":\"https:\/\/www.parruccheonline.com\/stagingg\/#organization\"},\"potentialAction\":[{\"@type\":\"SearchAction\",\"target\":{\"@type\":\"EntryPoint\",\"urlTemplate\":\"https:\/\/www.parruccheonline.com\/stagingg\/?s={search_term_string}\"},\"query-input\":{\"@type\":\"PropertyValueSpecification\",\"valueRequired\":true,\"valueName\":\"search_term_string\"}}],\"inLanguage\":\"it-IT\"},{\"@type\":\"Organization\",\"@id\":\"https:\/\/www.parruccheonline.com\/stagingg\/#organization\",\"name\":\"Parrucche Online\",\"url\":\"https:\/\/www.parruccheonline.com\/stagingg\/\",\"logo\":{\"@type\":\"ImageObject\",\"inLanguage\":\"it-IT\",\"@id\":\"https:\/\/www.parruccheonline.com\/stagingg\/#\/schema\/logo\/image\/\",\"url\":\"http:\/\/www.parruccheonline.com\/stagingg\/wp-content\/uploads\/2024\/11\/logo_parrucche-online_nero.svg\",\"contentUrl\":\"http:\/\/www.parruccheonline.com\/stagingg\/wp-content\/uploads\/2024\/11\/logo_parrucche-online_nero.svg\",\"width\":1000,\"height\":280,\"caption\":\"Parrucche Online\"},\"image\":{\"@id\":\"https:\/\/www.parruccheonline.com\/stagingg\/#\/schema\/logo\/image\/\"},\"sameAs\":[\"https:\/\/www.facebook.com\/farcaphair\",\"https:\/\/www.instagram.com\/parrucche_online_official\/\"]}]}<\/script>\n<!-- \/ Yoast SEO Premium plugin. -->","yoast_head_json":{"title":"Cerotto Ultra Hold Tape-ParruccheOnline","description":"Cerotto Ultra Hold Tape extra forte per protesi di capelli, prova il fantastico biadesivo trasparente. Ora pi\u00f9 sicuri con il cerotto Ultra Hold Tape.","robots":{"index":"noindex","follow":"follow","max-snippet":"max-snippet:-1","max-image-preview":"max-image-preview:large","max-video-preview":"max-video-preview:-1"},"og_locale":"it_IT","og_type":"article","og_title":"Biadesivo Ultra Hold Tape","og_description":"Cerotto Ultra Hold Tape extra forte per protesi di capelli, prova il fantastico biadesivo trasparente. Ora pi\u00f9 sicuri con il cerotto Ultra Hold Tape.","og_url":"https:\/\/www.parruccheonline.com\/stagingg\/biadesivo-ultra-hold-tape\/","og_site_name":"Parrucche Online","article_publisher":"https:\/\/www.facebook.com\/farcaphair","article_modified_time":"2026-05-11T20:08:19+00:00","og_image":[{"width":800,"height":800,"url":"https:\/\/www.parruccheonline.com\/stagingg\/wp-content\/uploads\/2012\/11\/cerotto_ultra_hold.jpg","type":"image\/jpeg"}],"twitter_card":"summary_large_image","schema":{"@context":"https:\/\/schema.org","@graph":[{"@type":"WebPage","@id":"https:\/\/www.parruccheonline.com\/stagingg\/biadesivo-ultra-hold-tape\/","url":"https:\/\/www.parruccheonline.com\/stagingg\/biadesivo-ultra-hold-tape\/","name":"Cerotto Ultra Hold Tape-ParruccheOnline","isPartOf":{"@id":"https:\/\/www.parruccheonline.com\/stagingg\/#website"},"primaryImageOfPage":{"@id":"https:\/\/www.parruccheonline.com\/stagingg\/biadesivo-ultra-hold-tape\/#primaryimage"},"image":{"@id":"https:\/\/www.parruccheonline.com\/stagingg\/biadesivo-ultra-hold-tape\/#primaryimage"},"thumbnailUrl":"https:\/\/www.parruccheonline.com\/stagingg\/wp-content\/uploads\/2012\/11\/cerotto_ultra_hold.jpg","datePublished":"2012-11-28T12:18:13+00:00","dateModified":"2026-05-11T20:08:19+00:00","description":"Cerotto Ultra Hold Tape extra forte per protesi di capelli, prova il fantastico biadesivo trasparente. Ora pi\u00f9 sicuri con il cerotto Ultra Hold Tape.","breadcrumb":{"@id":"https:\/\/www.parruccheonline.com\/stagingg\/biadesivo-ultra-hold-tape\/#breadcrumb"},"inLanguage":"it-IT","potentialAction":[{"@type":"ReadAction","target":["https:\/\/www.parruccheonline.com\/stagingg\/biadesivo-ultra-hold-tape\/"]}]},{"@type":"ImageObject","inLanguage":"it-IT","@id":"https:\/\/www.parruccheonline.com\/stagingg\/biadesivo-ultra-hold-tape\/#primaryimage","url":"https:\/\/www.parruccheonline.com\/stagingg\/wp-content\/uploads\/2012\/11\/cerotto_ultra_hold.jpg","contentUrl":"https:\/\/www.parruccheonline.com\/stagingg\/wp-content\/uploads\/2012\/11\/cerotto_ultra_hold.jpg","width":800,"height":800,"caption":"Biadesivo Ultra Hold Tape-0"},{"@type":"BreadcrumbList","@id":"https:\/\/www.parruccheonline.com\/stagingg\/biadesivo-ultra-hold-tape\/#breadcrumb","itemListElement":[{"@type":"ListItem","position":1,"name":"Home","item":"https:\/\/www.parruccheonline.com\/stagingg\/"},{"@type":"ListItem","position":2,"name":"Shop","item":"https:\/\/www.parruccheonline.com\/stagingg\/shop\/"},{"@type":"ListItem","position":3,"name":"Biadesivo Ultra Hold Tape"}]},{"@type":"WebSite","@id":"https:\/\/www.parruccheonline.com\/stagingg\/#website","url":"https:\/\/www.parruccheonline.com\/stagingg\/","name":"Parrucche Online","description":"","publisher":{"@id":"https:\/\/www.parruccheonline.com\/stagingg\/#organization"},"potentialAction":[{"@type":"SearchAction","target":{"@type":"EntryPoint","urlTemplate":"https:\/\/www.parruccheonline.com\/stagingg\/?s={search_term_string}"},"query-input":{"@type":"PropertyValueSpecification","valueRequired":true,"valueName":"search_term_string"}}],"inLanguage":"it-IT"},{"@type":"Organization","@id":"https:\/\/www.parruccheonline.com\/stagingg\/#organization","name":"Parrucche Online","url":"https:\/\/www.parruccheonline.com\/stagingg\/","logo":{"@type":"ImageObject","inLanguage":"it-IT","@id":"https:\/\/www.parruccheonline.com\/stagingg\/#\/schema\/logo\/image\/","url":"http:\/\/www.parruccheonline.com\/stagingg\/wp-content\/uploads\/2024\/11\/logo_parrucche-online_nero.svg","contentUrl":"http:\/\/www.parruccheonline.com\/stagingg\/wp-content\/uploads\/2024\/11\/logo_parrucche-online_nero.svg","width":1000,"height":280,"caption":"Parrucche Online"},"image":{"@id":"https:\/\/www.parruccheonline.com\/stagingg\/#\/schema\/logo\/image\/"},"sameAs":["https:\/\/www.facebook.com\/farcaphair","https:\/\/www.instagram.com\/parrucche_online_official\/"]}]}},"_links":{"self":[{"href":"https:\/\/www.parruccheonline.com\/stagingg\/wp-json\/wp\/v2\/product\/1859","targetHints":{"allow":["GET"]}}],"collection":[{"href":"https:\/\/www.parruccheonline.com\/stagingg\/wp-json\/wp\/v2\/product"}],"about":[{"href":"https:\/\/www.parruccheonline.com\/stagingg\/wp-json\/wp\/v2\/types\/product"}],"replies":[{"embeddable":true,"href":"https:\/\/www.parruccheonline.com\/stagingg\/wp-json\/wp\/v2\/comments?post=1859"}],"wp:featuredmedia":[{"embeddable":true,"href":"https:\/\/www.parruccheonline.com\/stagingg\/wp-json\/wp\/v2\/media\/1858"}],"wp:attachment":[{"href":"https:\/\/www.parruccheonline.com\/stagingg\/wp-json\/wp\/v2\/media?parent=1859"}],"wp:term":[{"taxonomy":"product_cat","embeddable":true,"href":"https:\/\/www.parruccheonline.com\/stagingg\/wp-json\/wp\/v2\/product_cat?post=1859"},{"taxonomy":"product_tag","embeddable":true,"href":"https:\/\/www.parruccheonline.com\/stagingg\/wp-json\/wp\/v2\/product_tag?post=1859"}],"curies":[{"name":"wp","href":"https:\/\/api.w.org\/{rel}","templated":true}]}}