{"id":1795,"date":"2012-09-17T18:57:25","date_gmt":"2012-09-17T16:57:25","guid":{"rendered":"http:\/\/www.parruccheonline.com\/stagingg\/prodotto\/default-category\/tutte-le-parrucche\/best-seller\/parrucche-pure-power\/parrucca-trinity-plus-pure-power\/"},"modified":"2026-04-09T11:55:32","modified_gmt":"2026-04-09T09:55:32","slug":"parrucca-trinity-plus-pure-power","status":"publish","type":"product","link":"https:\/\/www.parruccheonline.com\/stagingg\/parrucca-trinity-plus-pure-power\/","title":{"rendered":"Parrucca Trinity Plus Deluxe  in Capello naturale Pure Power"},"content":{"rendered":"<p><strong>Parrucca Trinity Plus Deluxe Pure Power<\/strong> la collezione intera \u00e8 una esclusiva del nostro portale ParruccheOnline. Questa linea \u00e8 composta solamente da parrucche di capelli veri con attaccatura frontale invisibile.<\/p>\n<p>Innovazione e comfort: la calotta in silicone traspirante dedicata alle teste glabre. Offre un <b data-path-to-node=\"6,0\" data-index-in-node=\"96\">grip eccellente<\/b> e una traspirazione naturale, per una sensazione di estrema leggerezza e sicurezza in ogni situazione.<\/p>\n<p>Caratteristiche:<\/p>\n<ul>\n<li><strong>taglio sfilatoa carre&#8217;<br \/>\n<\/strong><\/li>\n<li><strong>lace frontale+antiscivolo su tutta la calotta<br \/>\n<\/strong><\/li>\n<li><strong>lavorata tutta a mano<\/strong><\/li>\n<li><strong>parrucca a caschetto lungo<\/strong><\/li>\n<li><strong>parrucca in monofilamento e tulle<\/strong><\/li>\n<li>tulle cinema da orecchio a orecchio<\/li>\n<\/ul>\n<p>Le <strong>parrucche di capelli veri vendita on line<\/strong>\u00a0 sul nostro sito sono un&#8217;opportunit\u00e0 pi\u00f9 unica che rara, ecco perch\u00e8:<\/p>\n<ul>\n<li><strong>parrucche prezzi:<\/strong> convenienza assoluta con scontistica per lo meno del 30% dai listini originali<\/li>\n<li><strong>parrucche online: <\/strong>acquisti sicuri e rapida consegna dai 2 ai 4 giorni<\/li>\n<li><strong>assistenza<\/strong>: opreratori e tecnici preparati ad assistervi prima durante e dopo l&#8217;acquisto<\/li>\n<li><strong>garanzia sul prodotto<\/strong>: questi modelli sono collezioni di griff a livello mondiale con controllo qualit\u00e0<\/li>\n<li><strong>certificazione<\/strong>: deducibili dal modello unico come spese sanitarie<\/li>\n<\/ul>\n<div class=\"woocommerce-product-details__short-description\">\n<p>Dispositivo Medico Ce<\/p>\n<\/div>\n<div class=\"product_meta rey-pdp-meta\"><\/div>\n<div class=\"rey-productShare \" data-lazy-hidden=\"\">\n<div class=\"rey-productShare-inner\"><a style=\"background-color: #ffffff;font-size: 1.125rem\" href=\"http:\/\/www.parruccheonline.com\/stagingg\/wp-content\/uploads\/2025\/11\/Manuale-e-cura-parrucche-naturali.pdf\" target=\"_blank\" rel=\"noopener\">Istruzioni di manutenzione e d&#8217;uso<\/a><\/div>\n<\/div>\n","protected":false},"excerpt":{"rendered":"<p><span style=\"font-size: 12pt;font-family: verdana, geneva\"><strong>Parrucca Trinity Plus Deluxe Pure Power in capello naturale<\/strong>.<\/span><\/p>\n<p><span style=\"font-size: 12pt;font-family: verdana, geneva\"> Innovazione e comfort: la calotta in silicone traspirante dedicata alle teste glabre. Offre un <b data-path-to-node=\"6,0\" data-index-in-node=\"96\">grip eccellente<\/b> e una traspirazione naturale, per una sensazione di estrema leggerezza e sicurezza in ogni situazione.<\/span><\/p>\n<p><span style=\"font-size: 12pt;font-family: verdana, geneva\"><span style=\"font-size: 12pt;font-family: verdana, geneva\">\u00a0Attaccatura frontale invisibile da orecchio a orecchio per un ottimo look realistico!<\/span><\/span><\/p>\n<p><strong><span style=\"font-size: 12pt\"><span style=\"font-family: verdana, geneva\">I colori delle foto sono indicativamente sandmulti rooted, nougat rooted e darkchocolate mix.<\/span><br \/>\n<\/span><\/strong><\/p>\n<div class=\"woocommerce-product-details__short-description\">\n<p>Dispositivo Medico Ce<\/p>\n<\/div>\n<div class=\"product_meta rey-pdp-meta\"><em style=\"font-size: 1.125rem;color: #484f56\"><span style=\"font-size: 10pt;font-family: verdana, geneva\">Spedizione gratuita in tutta Italia.<\/span><\/em><\/div>\n","protected":false},"featured_media":52874,"comment_status":"open","ping_status":"closed","template":"","meta":{"_acf_changed":false},"product_cat":[1593,1594,1601,1610,1596,1548,1615,1550,1553,1555,1556,1560,1567,1572,1573,1576,1580,1586,1544,1538,1546],"product_tag":[1633,1634,1637,1638,1632,1640,1639],"class_list":{"0":"post-1795","1":"product","2":"type-product","3":"status-publish","4":"has-post-thumbnail","6":"product_cat-tutte-le-parrucche","7":"product_cat-tutte-le-parrucche-donna","8":"product_cat-parrucche-naturali-donna","9":"product_cat-best-seller","10":"product_cat-parrucca-alopecia-donna","11":"product_cat-parrucche-in-lace","12":"product_cat-parrucche-pure-power","13":"product_cat-parrucche-lunghe","14":"product_cat-parrucche-monofilamento","15":"product_cat-parrucche-lisce","16":"product_cat-parrucche-capello-naturale","17":"product_cat-parrucche","18":"product_cat-pure-parrucche-capelli-veri","19":"product_cat-parrucca-rossa","20":"product_cat-parrucca-bionda","21":"product_cat-parrucche-milano","22":"product_cat-ellen-wille-parrucche","23":"product_cat-125-parrucche-online","24":"product_cat-parrucche-in-capello-naturale","25":"product_cat-parrucche-in-capello-naturale-fefa","26":"product_cat-parrucca-capelli-veri-in-lace","27":"product_tag-negozi-di-parrucche","28":"product_tag-parrucca","29":"product_tag-parrucche","30":"product_tag-parrucche-capelli-veri","31":"product_tag-parrucche-capello-naturale","32":"product_tag-parrucche-di-capelli-veri","33":"product_tag-parrucche-in-lace","34":"pa_brand-marchi-ellen-wille","35":"pa_colori_parrucche-ambra_bernsteinmix","36":"pa_colori_parrucche-biondo-perla-con-finta-ricrescita-pearlblonde-rooted","37":"pa_colori_parrucche-fe-castanochiarocaldoconeffet","38":"pa_colori_parrucche-14-castanochiaroconfintaricre","39":"pa_colori_parrucche-02-champagneconfintaricrescit","40":"pa_colori_parrucche-cioccolato_chocolatemix","41":"pa_colori_parrucche-4d-cioccolatoscuro_darkchocol","42":"pa_colori_parrucche-espresso_espressomix","43":"pa_colori_parrucche-a2-sabbiachiaraconfintaricres","44":"pa_colori_parrucche-23-sabbiadislandaconeffettofi","45":"pa_dispositivo_medico-si","46":"pa_featured-no","47":"pa_lace_front_attaccatura-si","48":"pa_lavorazione_parrucca-interamenteamano","49":"pa_piega-liscia","50":"pa_taglia-parrucca-media","51":"pa_taglio-lungo","52":"pa_tipologia_capelli-naturaleremy","54":"first","55":"instock","56":"sale","57":"taxable","58":"shipping-taxable","59":"purchasable","60":"product-type-variable","swatches":"rey-swatches","show_selected":""},"acf":[],"yoast_head":"<!-- This site is optimized with the Yoast SEO Premium plugin v24.8 (Yoast SEO v27.0) - https:\/\/yoast.com\/product\/yoast-seo-premium-wordpress\/ -->\n<title>ParruccheOnline-parrucche Pure Power Ellen Wille- vendita on line<\/title>\n<meta name=\"description\" content=\"Parrucche Pure Power- parrucche online-Parrucche di capelli naturali Ellen Wille \u00e8 una esclusiva di parruccheonline.com\" \/>\n<meta name=\"robots\" content=\"noindex, follow, max-snippet:-1, max-image-preview:large, max-video-preview:-1\" \/>\n<meta property=\"og:locale\" content=\"it_IT\" \/>\n<meta property=\"og:type\" content=\"article\" \/>\n<meta property=\"og:title\" content=\"Parrucca Trinity Plus Deluxe in Capello naturale Pure Power\" \/>\n<meta property=\"og:description\" content=\"Parrucche Pure Power- parrucche online-Parrucche di capelli naturali Ellen Wille \u00e8 una esclusiva di parruccheonline.com\" \/>\n<meta property=\"og:url\" content=\"https:\/\/www.parruccheonline.com\/stagingg\/parrucca-trinity-plus-pure-power\/\" \/>\n<meta property=\"og:site_name\" content=\"Parrucche Online\" \/>\n<meta property=\"article:publisher\" content=\"https:\/\/www.facebook.com\/farcaphair\" \/>\n<meta property=\"article:modified_time\" content=\"2026-04-09T09:55:32+00:00\" \/>\n<meta property=\"og:image\" content=\"https:\/\/www.parruccheonline.com\/stagingg\/wp-content\/uploads\/2012\/09\/9-3.jpg\" \/>\n\t<meta property=\"og:image:width\" content=\"1000\" \/>\n\t<meta property=\"og:image:height\" content=\"1000\" \/>\n\t<meta property=\"og:image:type\" content=\"image\/jpeg\" \/>\n<meta name=\"twitter:card\" content=\"summary_large_image\" \/>\n<script type=\"application\/ld+json\" class=\"yoast-schema-graph\">{\"@context\":\"https:\/\/schema.org\",\"@graph\":[{\"@type\":\"WebPage\",\"@id\":\"https:\/\/www.parruccheonline.com\/stagingg\/parrucca-trinity-plus-pure-power\/\",\"url\":\"https:\/\/www.parruccheonline.com\/stagingg\/parrucca-trinity-plus-pure-power\/\",\"name\":\"ParruccheOnline-parrucche Pure Power Ellen Wille- vendita on line\",\"isPartOf\":{\"@id\":\"https:\/\/www.parruccheonline.com\/stagingg\/#website\"},\"primaryImageOfPage\":{\"@id\":\"https:\/\/www.parruccheonline.com\/stagingg\/parrucca-trinity-plus-pure-power\/#primaryimage\"},\"image\":{\"@id\":\"https:\/\/www.parruccheonline.com\/stagingg\/parrucca-trinity-plus-pure-power\/#primaryimage\"},\"thumbnailUrl\":\"https:\/\/www.parruccheonline.com\/stagingg\/wp-content\/uploads\/2012\/09\/9-3.jpg\",\"datePublished\":\"2012-09-17T16:57:25+00:00\",\"dateModified\":\"2026-04-09T09:55:32+00:00\",\"description\":\"Parrucche Pure Power- parrucche online-Parrucche di capelli naturali Ellen Wille \u00e8 una esclusiva di parruccheonline.com\",\"breadcrumb\":{\"@id\":\"https:\/\/www.parruccheonline.com\/stagingg\/parrucca-trinity-plus-pure-power\/#breadcrumb\"},\"inLanguage\":\"it-IT\",\"potentialAction\":[{\"@type\":\"ReadAction\",\"target\":[\"https:\/\/www.parruccheonline.com\/stagingg\/parrucca-trinity-plus-pure-power\/\"]}]},{\"@type\":\"ImageObject\",\"inLanguage\":\"it-IT\",\"@id\":\"https:\/\/www.parruccheonline.com\/stagingg\/parrucca-trinity-plus-pure-power\/#primaryimage\",\"url\":\"https:\/\/www.parruccheonline.com\/stagingg\/wp-content\/uploads\/2012\/09\/9-3.jpg\",\"contentUrl\":\"https:\/\/www.parruccheonline.com\/stagingg\/wp-content\/uploads\/2012\/09\/9-3.jpg\",\"width\":1000,\"height\":1000},{\"@type\":\"BreadcrumbList\",\"@id\":\"https:\/\/www.parruccheonline.com\/stagingg\/parrucca-trinity-plus-pure-power\/#breadcrumb\",\"itemListElement\":[{\"@type\":\"ListItem\",\"position\":1,\"name\":\"Home\",\"item\":\"https:\/\/www.parruccheonline.com\/stagingg\/\"},{\"@type\":\"ListItem\",\"position\":2,\"name\":\"Shop\",\"item\":\"https:\/\/www.parruccheonline.com\/stagingg\/shop\/\"},{\"@type\":\"ListItem\",\"position\":3,\"name\":\"Parrucca Trinity Plus Deluxe in Capello naturale Pure Power\"}]},{\"@type\":\"WebSite\",\"@id\":\"https:\/\/www.parruccheonline.com\/stagingg\/#website\",\"url\":\"https:\/\/www.parruccheonline.com\/stagingg\/\",\"name\":\"Parrucche Online\",\"description\":\"\",\"publisher\":{\"@id\":\"https:\/\/www.parruccheonline.com\/stagingg\/#organization\"},\"potentialAction\":[{\"@type\":\"SearchAction\",\"target\":{\"@type\":\"EntryPoint\",\"urlTemplate\":\"https:\/\/www.parruccheonline.com\/stagingg\/?s={search_term_string}\"},\"query-input\":{\"@type\":\"PropertyValueSpecification\",\"valueRequired\":true,\"valueName\":\"search_term_string\"}}],\"inLanguage\":\"it-IT\"},{\"@type\":\"Organization\",\"@id\":\"https:\/\/www.parruccheonline.com\/stagingg\/#organization\",\"name\":\"Parrucche Online\",\"url\":\"https:\/\/www.parruccheonline.com\/stagingg\/\",\"logo\":{\"@type\":\"ImageObject\",\"inLanguage\":\"it-IT\",\"@id\":\"https:\/\/www.parruccheonline.com\/stagingg\/#\/schema\/logo\/image\/\",\"url\":\"http:\/\/www.parruccheonline.com\/stagingg\/wp-content\/uploads\/2024\/11\/logo_parrucche-online_nero.svg\",\"contentUrl\":\"http:\/\/www.parruccheonline.com\/stagingg\/wp-content\/uploads\/2024\/11\/logo_parrucche-online_nero.svg\",\"width\":1000,\"height\":280,\"caption\":\"Parrucche Online\"},\"image\":{\"@id\":\"https:\/\/www.parruccheonline.com\/stagingg\/#\/schema\/logo\/image\/\"},\"sameAs\":[\"https:\/\/www.facebook.com\/farcaphair\",\"https:\/\/www.instagram.com\/parrucche_online_official\/\"]}]}<\/script>\n<!-- \/ Yoast SEO Premium plugin. -->","yoast_head_json":{"title":"ParruccheOnline-parrucche Pure Power Ellen Wille- vendita on line","description":"Parrucche Pure Power- parrucche online-Parrucche di capelli naturali Ellen Wille \u00e8 una esclusiva di parruccheonline.com","robots":{"index":"noindex","follow":"follow","max-snippet":"max-snippet:-1","max-image-preview":"max-image-preview:large","max-video-preview":"max-video-preview:-1"},"og_locale":"it_IT","og_type":"article","og_title":"Parrucca Trinity Plus Deluxe in Capello naturale Pure Power","og_description":"Parrucche Pure Power- parrucche online-Parrucche di capelli naturali Ellen Wille \u00e8 una esclusiva di parruccheonline.com","og_url":"https:\/\/www.parruccheonline.com\/stagingg\/parrucca-trinity-plus-pure-power\/","og_site_name":"Parrucche Online","article_publisher":"https:\/\/www.facebook.com\/farcaphair","article_modified_time":"2026-04-09T09:55:32+00:00","og_image":[{"width":1000,"height":1000,"url":"https:\/\/www.parruccheonline.com\/stagingg\/wp-content\/uploads\/2012\/09\/9-3.jpg","type":"image\/jpeg"}],"twitter_card":"summary_large_image","schema":{"@context":"https:\/\/schema.org","@graph":[{"@type":"WebPage","@id":"https:\/\/www.parruccheonline.com\/stagingg\/parrucca-trinity-plus-pure-power\/","url":"https:\/\/www.parruccheonline.com\/stagingg\/parrucca-trinity-plus-pure-power\/","name":"ParruccheOnline-parrucche Pure Power Ellen Wille- vendita on line","isPartOf":{"@id":"https:\/\/www.parruccheonline.com\/stagingg\/#website"},"primaryImageOfPage":{"@id":"https:\/\/www.parruccheonline.com\/stagingg\/parrucca-trinity-plus-pure-power\/#primaryimage"},"image":{"@id":"https:\/\/www.parruccheonline.com\/stagingg\/parrucca-trinity-plus-pure-power\/#primaryimage"},"thumbnailUrl":"https:\/\/www.parruccheonline.com\/stagingg\/wp-content\/uploads\/2012\/09\/9-3.jpg","datePublished":"2012-09-17T16:57:25+00:00","dateModified":"2026-04-09T09:55:32+00:00","description":"Parrucche Pure Power- parrucche online-Parrucche di capelli naturali Ellen Wille \u00e8 una esclusiva di parruccheonline.com","breadcrumb":{"@id":"https:\/\/www.parruccheonline.com\/stagingg\/parrucca-trinity-plus-pure-power\/#breadcrumb"},"inLanguage":"it-IT","potentialAction":[{"@type":"ReadAction","target":["https:\/\/www.parruccheonline.com\/stagingg\/parrucca-trinity-plus-pure-power\/"]}]},{"@type":"ImageObject","inLanguage":"it-IT","@id":"https:\/\/www.parruccheonline.com\/stagingg\/parrucca-trinity-plus-pure-power\/#primaryimage","url":"https:\/\/www.parruccheonline.com\/stagingg\/wp-content\/uploads\/2012\/09\/9-3.jpg","contentUrl":"https:\/\/www.parruccheonline.com\/stagingg\/wp-content\/uploads\/2012\/09\/9-3.jpg","width":1000,"height":1000},{"@type":"BreadcrumbList","@id":"https:\/\/www.parruccheonline.com\/stagingg\/parrucca-trinity-plus-pure-power\/#breadcrumb","itemListElement":[{"@type":"ListItem","position":1,"name":"Home","item":"https:\/\/www.parruccheonline.com\/stagingg\/"},{"@type":"ListItem","position":2,"name":"Shop","item":"https:\/\/www.parruccheonline.com\/stagingg\/shop\/"},{"@type":"ListItem","position":3,"name":"Parrucca Trinity Plus Deluxe in Capello naturale Pure Power"}]},{"@type":"WebSite","@id":"https:\/\/www.parruccheonline.com\/stagingg\/#website","url":"https:\/\/www.parruccheonline.com\/stagingg\/","name":"Parrucche Online","description":"","publisher":{"@id":"https:\/\/www.parruccheonline.com\/stagingg\/#organization"},"potentialAction":[{"@type":"SearchAction","target":{"@type":"EntryPoint","urlTemplate":"https:\/\/www.parruccheonline.com\/stagingg\/?s={search_term_string}"},"query-input":{"@type":"PropertyValueSpecification","valueRequired":true,"valueName":"search_term_string"}}],"inLanguage":"it-IT"},{"@type":"Organization","@id":"https:\/\/www.parruccheonline.com\/stagingg\/#organization","name":"Parrucche Online","url":"https:\/\/www.parruccheonline.com\/stagingg\/","logo":{"@type":"ImageObject","inLanguage":"it-IT","@id":"https:\/\/www.parruccheonline.com\/stagingg\/#\/schema\/logo\/image\/","url":"http:\/\/www.parruccheonline.com\/stagingg\/wp-content\/uploads\/2024\/11\/logo_parrucche-online_nero.svg","contentUrl":"http:\/\/www.parruccheonline.com\/stagingg\/wp-content\/uploads\/2024\/11\/logo_parrucche-online_nero.svg","width":1000,"height":280,"caption":"Parrucche Online"},"image":{"@id":"https:\/\/www.parruccheonline.com\/stagingg\/#\/schema\/logo\/image\/"},"sameAs":["https:\/\/www.facebook.com\/farcaphair","https:\/\/www.instagram.com\/parrucche_online_official\/"]}]}},"_links":{"self":[{"href":"https:\/\/www.parruccheonline.com\/stagingg\/wp-json\/wp\/v2\/product\/1795","targetHints":{"allow":["GET"]}}],"collection":[{"href":"https:\/\/www.parruccheonline.com\/stagingg\/wp-json\/wp\/v2\/product"}],"about":[{"href":"https:\/\/www.parruccheonline.com\/stagingg\/wp-json\/wp\/v2\/types\/product"}],"replies":[{"embeddable":true,"href":"https:\/\/www.parruccheonline.com\/stagingg\/wp-json\/wp\/v2\/comments?post=1795"}],"wp:featuredmedia":[{"embeddable":true,"href":"https:\/\/www.parruccheonline.com\/stagingg\/wp-json\/wp\/v2\/media\/52874"}],"wp:attachment":[{"href":"https:\/\/www.parruccheonline.com\/stagingg\/wp-json\/wp\/v2\/media?parent=1795"}],"wp:term":[{"taxonomy":"product_cat","embeddable":true,"href":"https:\/\/www.parruccheonline.com\/stagingg\/wp-json\/wp\/v2\/product_cat?post=1795"},{"taxonomy":"product_tag","embeddable":true,"href":"https:\/\/www.parruccheonline.com\/stagingg\/wp-json\/wp\/v2\/product_tag?post=1795"}],"curies":[{"name":"wp","href":"https:\/\/api.w.org\/{rel}","templated":true}]}}