{"id":7694,"date":"2022-07-19T17:25:03","date_gmt":"2022-07-19T15:25:03","guid":{"rendered":"http:\/\/www.parruccheonline.com\/stageing\/prodotto\/default-category\/tutte-le-parrucche\/best-seller\/parrucche-femina\/parrucca-vera-margherita\/"},"modified":"2026-02-09T17:05:45","modified_gmt":"2026-02-09T16:05:45","slug":"parrucca-vera-margherita","status":"publish","type":"product","link":"https:\/\/www.parruccheonline.com\/stageing\/parrucca-vera-margherita\/","title":{"rendered":"Parrucca vera Margherita"},"content":{"rendered":"<p>La parrucca vera Margherita \u00e8 dotata di un poliuretano che comprende tutto l&#8217;arco frontale basette comprese, ci\u00f2 consente un ottimo fissaggio anche senza adesivi.<\/p>\n<p>La parrucca in monofilamento nella zona centrale della testa \u00e8 realizzata con un free style ossia pu\u00f2 variare facilmente la piega.<\/p>\n<p>Sulla zona posteriore della calotta la lavorazione prevede tessiture su tulle stretch e dei gancetti per regolarne eventualmente la vestibilit\u00e0.<\/p>\n<p>La parrucca vera margherita approssimativamente ha una lunghezza di circa 55 cm dal centro testa.<\/p>\n<p>Questo modello si rende particolarmente adatto a tutte le necessit\u00e0, molto richiesto in come parrucche per alopecia o post chemioterapia.<br \/>\nUna parrucca in monofilamento presenta nella parte superiore una retina trasparente sulla quale i capelli vengono annodati manualmente.<br \/>\nHa sicuramente un effetto naturale poich\u00e8 addirittura il monofilamento permette alla luce di filtrare attraverso la base della parrucca consentendo un effetto realistico del cuoio capelluto.<\/p>\n<p>Il monofilamento \u00e8 leggero da indossare ed \u00e8 traspirante offrendo a chi le indossa un&#8217;immagine naturale, libert\u00e0 di styling e una buona longevit\u00e0 del prodotto anche con usi prolungato nel tempo.<\/p>\n<p>Questo bellissimo modello con capelli lunghi \u00e8 generalmente utilizzabile anche con i bi adesivi.<\/p>\n<p>Caratteristiche parrucca vera Margherita:<\/p>\n<p>monofilamento<br \/>\nPoliuretano su basette e fronte<br \/>\nCapelli naturali<br \/>\nweft su nuca<br \/>\nlunghezza capelli circa 55 cm dal centro testa<\/p>\n<p>&nbsp;<\/p>\n<p><a href=\"http:\/\/www.parruccheonline.com\/stageing\/wp-content\/uploads\/2025\/11\/Manuale-e-cura-parrucche-naturali.pdf\" target=\"_blank\" rel=\"noopener\">Manuale e cura parrucche naturali<\/a><\/p>\n","protected":false},"excerpt":{"rendered":"<p>La parrucca vera Margherita \u00e8 in capelli naturali molto lunghi. Un modello particolarmente bello ed elegante. Lavorata a mano su monofilamento e poliuretano su tutto l&#8217;arco frontale e per chi desidera fissarla con adesivi.<\/p>\n","protected":false},"featured_media":44442,"comment_status":"open","ping_status":"closed","template":"","meta":{"_acf_changed":false},"product_cat":[2369,2186,2188,1593,1623,1594,1601,1610,1596,1597,1622,1550,1553,1555,1556,1560,1568,1572,1573,1576,1579,1586,1589,1591,1544,1538,1546,1588],"product_tag":[1820,2306,2478,2477],"class_list":{"0":"post-7694","1":"product","2":"type-product","3":"status-publish","4":"has-post-thumbnail","6":"product_cat-offerte-speciali","7":"product_cat-parrucche-di-lusso","8":"product_cat-parrucche-luxury-emerald","9":"product_cat-tutte-le-parrucche","10":"product_cat-parrucche-femina","11":"product_cat-tutte-le-parrucche-donna","12":"product_cat-parrucche-naturali-donna","13":"product_cat-best-seller","14":"product_cat-parrucca-alopecia-donna","15":"product_cat-parrucche-chemioterapia-donna","16":"product_cat-parrucche-prezzi-bassi","17":"product_cat-parrucche-lunghe","18":"product_cat-parrucche-monofilamento","19":"product_cat-parrucche-lisce","20":"product_cat-parrucche-capello-naturale","21":"product_cat-parrucche","22":"product_cat-parrucche-moda","23":"product_cat-parrucca-rossa","24":"product_cat-parrucca-bionda","25":"product_cat-parrucche-milano","26":"product_cat-farcaphair-parrucche","27":"product_cat-125-parrucche-online","28":"product_cat-parrucche-capelli-veri-prezzi-1","29":"product_cat-parrucca-monolace","30":"product_cat-parrucche-in-capello-naturale","31":"product_cat-parrucche-in-capello-naturale-fefa","32":"product_cat-parrucca-capelli-veri-in-lace","33":"product_cat-parrucche-capelli-veri-prezzi","34":"product_tag-parrucca-alopecia","35":"product_tag-parrucca-capelli-veri-cherie","36":"product_tag-parrucca-con-poliuretano","37":"product_tag-parrucca-margherita","38":"pa_colori_parrucche-4-6","39":"pa_colori_parrucche-4nc","40":"pa_colori_parrucche-balayage-blond-light-hh","41":"pa_colori_parrucche-balayage-blonde-light-margherita","42":"pa_colori_parrucche-balayage-choccolate-caramel","43":"pa_colori_parrucche-balayageredblonde","44":"pa_colori_parrucche-choccolate-rooted-hh","45":"pa_colori_parrucche-espresso-nc","46":"pa_colori_parrucche-light-champagne-rooted-hh","47":"pa_featured-no","49":"first","50":"instock","51":"sale","52":"taxable","53":"shipping-taxable","54":"purchasable","55":"product-type-variable","swatches":"rey-swatches","show_selected":""},"acf":[],"yoast_head":"<!-- This site is optimized with the Yoast SEO Premium plugin v24.8 (Yoast SEO v27.0) - https:\/\/yoast.com\/product\/yoast-seo-premium-wordpress\/ -->\n<title>parrucca vera Margherita | ParruccheOnline - Parrucche Online<\/title>\n<meta name=\"description\" content=\"La parrucca vera Margherita \u00e8 dotata di gancetti regolatori e poly sulla parte frontale e le basetta, per favorire l&#039;ancoraggio con adesivi.\" \/>\n<meta name=\"robots\" content=\"noindex, follow, max-snippet:-1, max-image-preview:large, max-video-preview:-1\" \/>\n<meta property=\"og:locale\" content=\"it_IT\" \/>\n<meta property=\"og:type\" content=\"article\" \/>\n<meta property=\"og:title\" content=\"Parrucca vera Margherita\" \/>\n<meta property=\"og:description\" content=\"La parrucca vera Margherita \u00e8 dotata di gancetti regolatori e poly sulla parte frontale e le basetta, per favorire l&#039;ancoraggio con adesivi.\" \/>\n<meta property=\"og:url\" content=\"https:\/\/www.parruccheonline.com\/stageing\/parrucca-vera-margherita\/\" \/>\n<meta property=\"og:site_name\" content=\"Parrucche Online\" \/>\n<meta property=\"article:publisher\" content=\"https:\/\/www.facebook.com\/farcaphair\" \/>\n<meta property=\"article:modified_time\" content=\"2026-02-09T16:05:45+00:00\" \/>\n<meta property=\"og:image\" content=\"https:\/\/www.parruccheonline.com\/stageing\/wp-content\/uploads\/2024\/11\/34.jpg\" \/>\n\t<meta property=\"og:image:width\" content=\"800\" \/>\n\t<meta property=\"og:image:height\" content=\"800\" \/>\n\t<meta property=\"og:image:type\" content=\"image\/jpeg\" \/>\n<meta name=\"twitter:card\" content=\"summary_large_image\" \/>\n<script type=\"application\/ld+json\" class=\"yoast-schema-graph\">{\"@context\":\"https:\/\/schema.org\",\"@graph\":[{\"@type\":\"WebPage\",\"@id\":\"https:\/\/www.parruccheonline.com\/stageing\/parrucca-vera-margherita\/\",\"url\":\"https:\/\/www.parruccheonline.com\/stageing\/parrucca-vera-margherita\/\",\"name\":\"parrucca vera Margherita | ParruccheOnline - Parrucche Online\",\"isPartOf\":{\"@id\":\"https:\/\/www.parruccheonline.com\/#website\"},\"primaryImageOfPage\":{\"@id\":\"https:\/\/www.parruccheonline.com\/stageing\/parrucca-vera-margherita\/#primaryimage\"},\"image\":{\"@id\":\"https:\/\/www.parruccheonline.com\/stageing\/parrucca-vera-margherita\/#primaryimage\"},\"thumbnailUrl\":\"https:\/\/www.parruccheonline.com\/stageing\/wp-content\/uploads\/2024\/11\/34.jpg\",\"datePublished\":\"2022-07-19T15:25:03+00:00\",\"dateModified\":\"2026-02-09T16:05:45+00:00\",\"description\":\"La parrucca vera Margherita \u00e8 dotata di gancetti regolatori e poly sulla parte frontale e le basetta, per favorire l'ancoraggio con adesivi.\",\"breadcrumb\":{\"@id\":\"https:\/\/www.parruccheonline.com\/stageing\/parrucca-vera-margherita\/#breadcrumb\"},\"inLanguage\":\"it-IT\",\"potentialAction\":[{\"@type\":\"ReadAction\",\"target\":[\"https:\/\/www.parruccheonline.com\/stageing\/parrucca-vera-margherita\/\"]}]},{\"@type\":\"ImageObject\",\"inLanguage\":\"it-IT\",\"@id\":\"https:\/\/www.parruccheonline.com\/stageing\/parrucca-vera-margherita\/#primaryimage\",\"url\":\"https:\/\/www.parruccheonline.com\/stageing\/wp-content\/uploads\/2024\/11\/34.jpg\",\"contentUrl\":\"https:\/\/www.parruccheonline.com\/stageing\/wp-content\/uploads\/2024\/11\/34.jpg\",\"width\":800,\"height\":800,\"caption\":\"Parrucche naturali lunghe ecco ci\u00f2 che cercavi!\"},{\"@type\":\"BreadcrumbList\",\"@id\":\"https:\/\/www.parruccheonline.com\/stageing\/parrucca-vera-margherita\/#breadcrumb\",\"itemListElement\":[{\"@type\":\"ListItem\",\"position\":1,\"name\":\"Home\",\"item\":\"https:\/\/www.parruccheonline.com\/stageing\/\"},{\"@type\":\"ListItem\",\"position\":2,\"name\":\"Shop\",\"item\":\"https:\/\/www.parruccheonline.com\/stageing\/shop\/\"},{\"@type\":\"ListItem\",\"position\":3,\"name\":\"Parrucca vera Margherita\"}]},{\"@type\":\"WebSite\",\"@id\":\"https:\/\/www.parruccheonline.com\/#website\",\"url\":\"https:\/\/www.parruccheonline.com\/\",\"name\":\"Parrucche Online\",\"description\":\"\",\"publisher\":{\"@id\":\"https:\/\/www.parruccheonline.com\/#organization\"},\"potentialAction\":[{\"@type\":\"SearchAction\",\"target\":{\"@type\":\"EntryPoint\",\"urlTemplate\":\"https:\/\/www.parruccheonline.com\/?s={search_term_string}\"},\"query-input\":{\"@type\":\"PropertyValueSpecification\",\"valueRequired\":true,\"valueName\":\"search_term_string\"}}],\"inLanguage\":\"it-IT\"},{\"@type\":\"Organization\",\"@id\":\"https:\/\/www.parruccheonline.com\/#organization\",\"name\":\"Parrucche Online\",\"url\":\"https:\/\/www.parruccheonline.com\/\",\"logo\":{\"@type\":\"ImageObject\",\"inLanguage\":\"it-IT\",\"@id\":\"https:\/\/www.parruccheonline.com\/#\/schema\/logo\/image\/\",\"url\":\"http:\/\/www.parruccheonline.com\/stageing\/wp-content\/uploads\/2024\/11\/logo_parrucche-online_nero.svg\",\"contentUrl\":\"http:\/\/www.parruccheonline.com\/stageing\/wp-content\/uploads\/2024\/11\/logo_parrucche-online_nero.svg\",\"width\":1000,\"height\":280,\"caption\":\"Parrucche Online\"},\"image\":{\"@id\":\"https:\/\/www.parruccheonline.com\/#\/schema\/logo\/image\/\"},\"sameAs\":[\"https:\/\/www.facebook.com\/farcaphair\",\"https:\/\/www.instagram.com\/parrucche_online_official\/\"]}]}<\/script>\n<!-- \/ Yoast SEO Premium plugin. -->","yoast_head_json":{"title":"parrucca vera Margherita | ParruccheOnline - Parrucche Online","description":"La parrucca vera Margherita \u00e8 dotata di gancetti regolatori e poly sulla parte frontale e le basetta, per favorire l'ancoraggio con adesivi.","robots":{"index":"noindex","follow":"follow","max-snippet":"max-snippet:-1","max-image-preview":"max-image-preview:large","max-video-preview":"max-video-preview:-1"},"og_locale":"it_IT","og_type":"article","og_title":"Parrucca vera Margherita","og_description":"La parrucca vera Margherita \u00e8 dotata di gancetti regolatori e poly sulla parte frontale e le basetta, per favorire l'ancoraggio con adesivi.","og_url":"https:\/\/www.parruccheonline.com\/stageing\/parrucca-vera-margherita\/","og_site_name":"Parrucche Online","article_publisher":"https:\/\/www.facebook.com\/farcaphair","article_modified_time":"2026-02-09T16:05:45+00:00","og_image":[{"width":800,"height":800,"url":"https:\/\/www.parruccheonline.com\/stageing\/wp-content\/uploads\/2024\/11\/34.jpg","type":"image\/jpeg"}],"twitter_card":"summary_large_image","schema":{"@context":"https:\/\/schema.org","@graph":[{"@type":"WebPage","@id":"https:\/\/www.parruccheonline.com\/stageing\/parrucca-vera-margherita\/","url":"https:\/\/www.parruccheonline.com\/stageing\/parrucca-vera-margherita\/","name":"parrucca vera Margherita | ParruccheOnline - Parrucche Online","isPartOf":{"@id":"https:\/\/www.parruccheonline.com\/#website"},"primaryImageOfPage":{"@id":"https:\/\/www.parruccheonline.com\/stageing\/parrucca-vera-margherita\/#primaryimage"},"image":{"@id":"https:\/\/www.parruccheonline.com\/stageing\/parrucca-vera-margherita\/#primaryimage"},"thumbnailUrl":"https:\/\/www.parruccheonline.com\/stageing\/wp-content\/uploads\/2024\/11\/34.jpg","datePublished":"2022-07-19T15:25:03+00:00","dateModified":"2026-02-09T16:05:45+00:00","description":"La parrucca vera Margherita \u00e8 dotata di gancetti regolatori e poly sulla parte frontale e le basetta, per favorire l'ancoraggio con adesivi.","breadcrumb":{"@id":"https:\/\/www.parruccheonline.com\/stageing\/parrucca-vera-margherita\/#breadcrumb"},"inLanguage":"it-IT","potentialAction":[{"@type":"ReadAction","target":["https:\/\/www.parruccheonline.com\/stageing\/parrucca-vera-margherita\/"]}]},{"@type":"ImageObject","inLanguage":"it-IT","@id":"https:\/\/www.parruccheonline.com\/stageing\/parrucca-vera-margherita\/#primaryimage","url":"https:\/\/www.parruccheonline.com\/stageing\/wp-content\/uploads\/2024\/11\/34.jpg","contentUrl":"https:\/\/www.parruccheonline.com\/stageing\/wp-content\/uploads\/2024\/11\/34.jpg","width":800,"height":800,"caption":"Parrucche naturali lunghe ecco ci\u00f2 che cercavi!"},{"@type":"BreadcrumbList","@id":"https:\/\/www.parruccheonline.com\/stageing\/parrucca-vera-margherita\/#breadcrumb","itemListElement":[{"@type":"ListItem","position":1,"name":"Home","item":"https:\/\/www.parruccheonline.com\/stageing\/"},{"@type":"ListItem","position":2,"name":"Shop","item":"https:\/\/www.parruccheonline.com\/stageing\/shop\/"},{"@type":"ListItem","position":3,"name":"Parrucca vera Margherita"}]},{"@type":"WebSite","@id":"https:\/\/www.parruccheonline.com\/#website","url":"https:\/\/www.parruccheonline.com\/","name":"Parrucche Online","description":"","publisher":{"@id":"https:\/\/www.parruccheonline.com\/#organization"},"potentialAction":[{"@type":"SearchAction","target":{"@type":"EntryPoint","urlTemplate":"https:\/\/www.parruccheonline.com\/?s={search_term_string}"},"query-input":{"@type":"PropertyValueSpecification","valueRequired":true,"valueName":"search_term_string"}}],"inLanguage":"it-IT"},{"@type":"Organization","@id":"https:\/\/www.parruccheonline.com\/#organization","name":"Parrucche Online","url":"https:\/\/www.parruccheonline.com\/","logo":{"@type":"ImageObject","inLanguage":"it-IT","@id":"https:\/\/www.parruccheonline.com\/#\/schema\/logo\/image\/","url":"http:\/\/www.parruccheonline.com\/stageing\/wp-content\/uploads\/2024\/11\/logo_parrucche-online_nero.svg","contentUrl":"http:\/\/www.parruccheonline.com\/stageing\/wp-content\/uploads\/2024\/11\/logo_parrucche-online_nero.svg","width":1000,"height":280,"caption":"Parrucche Online"},"image":{"@id":"https:\/\/www.parruccheonline.com\/#\/schema\/logo\/image\/"},"sameAs":["https:\/\/www.facebook.com\/farcaphair","https:\/\/www.instagram.com\/parrucche_online_official\/"]}]}},"_links":{"self":[{"href":"https:\/\/www.parruccheonline.com\/stageing\/wp-json\/wp\/v2\/product\/7694","targetHints":{"allow":["GET"]}}],"collection":[{"href":"https:\/\/www.parruccheonline.com\/stageing\/wp-json\/wp\/v2\/product"}],"about":[{"href":"https:\/\/www.parruccheonline.com\/stageing\/wp-json\/wp\/v2\/types\/product"}],"replies":[{"embeddable":true,"href":"https:\/\/www.parruccheonline.com\/stageing\/wp-json\/wp\/v2\/comments?post=7694"}],"wp:featuredmedia":[{"embeddable":true,"href":"https:\/\/www.parruccheonline.com\/stageing\/wp-json\/wp\/v2\/media\/44442"}],"wp:attachment":[{"href":"https:\/\/www.parruccheonline.com\/stageing\/wp-json\/wp\/v2\/media?parent=7694"}],"wp:term":[{"taxonomy":"product_cat","embeddable":true,"href":"https:\/\/www.parruccheonline.com\/stageing\/wp-json\/wp\/v2\/product_cat?post=7694"},{"taxonomy":"product_tag","embeddable":true,"href":"https:\/\/www.parruccheonline.com\/stageing\/wp-json\/wp\/v2\/product_tag?post=7694"}],"curies":[{"name":"wp","href":"https:\/\/api.w.org\/{rel}","templated":true}]}}