{"id":7661,"date":"2022-07-19T16:07:42","date_gmt":"2022-07-19T14:07:42","guid":{"rendered":"http:\/\/www.parruccheonline.com\/stageing\/prodotto\/default-category\/tutte-le-parrucche\/best-seller\/parrucche-femina\/parrucca-vera-charleston\/"},"modified":"2026-03-16T10:11:08","modified_gmt":"2026-03-16T09:11:08","slug":"parrucca-vera-charleston","status":"publish","type":"product","link":"https:\/\/www.parruccheonline.com\/stageing\/parrucca-vera-charleston\/","title":{"rendered":"Parrucca vera Charleston"},"content":{"rendered":"<h2>Parrucca vera Charleston : un modello in capello naturale estremamente versatile.<\/h2>\n<p>Parrucca vera Charleston : un modello in capello naturale estremamente versatile.<br \/>\nLa parrucca vera Charleston possiede un naturalissimo lace frontale per una visione credibile dell\u2019attaccatura dei capelli. Il lace si estende fino centro testa e riproduce un realistico effetto cuoio capelluto.<\/p>\n<p>Sulla parte posteriore della calotta \u00e8 lavorata con fini tessiture. Parrucca regolabile e dall\u2019ottima vestibilit\u00e0.<\/p>\n<p>Una parrucca con capelli ondulati dalla lunghezza di circa 50 cm, un taglio scalato che incornicia il viso con grazia e seduzione.<\/p>\n<p>Oggi le parrucche naturali sono incredibilmente naturali da indossare sia se si desidera cambiare look ma soprattutto per affrontare periodi in cui l\u2019acquisto della parrucca \u00e8 legato a bisogni dovuti alla caduta dei capelli.<\/p>\n<p>La parrucca vera Charleston \u00e8 particolarmente versatilit\u00e0 nello stile \u00e8 uno dei motivi principali della suo popolare successo.<\/p>\n<h3>Le bellissime Tonalit\u00e0 e lo Styling a 360 gradi.<\/h3>\n<p>Una ricca gamma di colori, da quelli base ai balayage, la parrucca Charleston si fa apprezzare in tutte le cromie desiderate.<\/p>\n<p>Il capello di naturale si presta con tutti gli Styling a caldo; ferri, arricciacapelli, piastre e bigodini a caldo. Il tutto al fine di creare lo stile pi\u00f9 desiderato persino le acconciature pi\u00f9 elaborate.<\/p>\n<p>Dal mosso \u201cfemme fatale\u201d, al boccolo intenso, l\u2019elegantissimo liscio chic oppure con i capelli raccolti.<\/p>\n<p>Per preservarne la buona qualit\u00e0 del capello vi ricordiamo di utilizzare i termoprotettori come il sigillante e\u00a0 i prodotti appositi reperibili nell\u2019area accessori di parrucche online.<\/p>\n<h3>Parrucca vera Charleston suggerimenti:<\/h3>\n<p>Per massimizzare la versatilit\u00e0 della parrucca \u00e8 fondamentale idratarla con i balsami e detergenti dedicati eseguendo il lavaggio secondo le istruzioni riportate sul cartellino della parrucca. Evitate di esagerare con temperature elevate quando utilizzate le fonti di calore.<\/p>\n<p>La parrucca naturale Charleston offre libert\u00e0 di movimento e di espressione ti consente di essere sempre come Tu ti Vuoi!<\/p>\n<p>&nbsp;<\/p>\n<p><a href=\"http:\/\/www.parruccheonline.com\/stageing\/wp-content\/uploads\/2025\/11\/Manuale-e-cura-parrucche-naturali.pdf\" target=\"_blank\" rel=\"noopener\">Manuale e cura p<\/a><a style=\"background-color: #ffffff;font-size: 1.125rem\" href=\"http:\/\/www.parruccheonline.com\/stageing\/wp-content\/uploads\/2025\/11\/Manuale-e-cura-parrucche-naturali.pdf\" target=\"_blank\" rel=\"noopener\">ar<\/a><a style=\"font-size: 1.125rem;background-color: #ffffff\" href=\"http:\/\/www.parruccheonline.com\/stageing\/wp-content\/uploads\/2025\/11\/Manuale-e-cura-parrucche-naturali.pdf\" target=\"_blank\" rel=\"noopener\">rucche naturali<\/a><\/p>\n<p>&nbsp;<\/p>\n<p><img fetchpriority=\"high\" decoding=\"async\" class=\"alignnone size-medium wp-image-7660\" src=\"http:\/\/www.parruccheonline.com\/stageing\/wp-content\/uploads\/2022\/07\/charleston-300x300.jpg\" alt=\"Parrucca vera Charleston\" width=\"300\" height=\"300\" srcset=\"https:\/\/www.parruccheonline.com\/stageing\/wp-content\/uploads\/2022\/07\/charleston-300x300.jpg 300w, https:\/\/www.parruccheonline.com\/stageing\/wp-content\/uploads\/2022\/07\/charleston-600x600.jpg 600w, https:\/\/www.parruccheonline.com\/stageing\/wp-content\/uploads\/2022\/07\/charleston-100x100.jpg 100w, https:\/\/www.parruccheonline.com\/stageing\/wp-content\/uploads\/2022\/07\/charleston-150x150.jpg 150w, https:\/\/www.parruccheonline.com\/stageing\/wp-content\/uploads\/2022\/07\/charleston.jpg 700w\" sizes=\"(max-width: 300px) 100vw, 300px\" \/> <img decoding=\"async\" class=\"alignnone size-medium wp-image-7658\" src=\"http:\/\/www.parruccheonline.com\/stageing\/wp-content\/uploads\/2022\/07\/1_3-300x300.jpg\" alt=\"parrucca vera Charleston\" width=\"300\" height=\"300\" srcset=\"https:\/\/www.parruccheonline.com\/stageing\/wp-content\/uploads\/2022\/07\/1_3-300x300.jpg 300w, https:\/\/www.parruccheonline.com\/stageing\/wp-content\/uploads\/2022\/07\/1_3-100x100.jpg 100w, https:\/\/www.parruccheonline.com\/stageing\/wp-content\/uploads\/2022\/07\/1_3-150x150.jpg 150w, https:\/\/www.parruccheonline.com\/stageing\/wp-content\/uploads\/2022\/07\/1_3.jpg 600w\" sizes=\"(max-width: 300px) 100vw, 300px\" \/> <img decoding=\"async\" class=\"alignnone size-medium wp-image-7659\" src=\"http:\/\/www.parruccheonline.com\/stageing\/wp-content\/uploads\/2022\/07\/11_3-300x300.jpg\" alt=\"parrucca vera charleston\" width=\"300\" height=\"300\" srcset=\"https:\/\/www.parruccheonline.com\/stageing\/wp-content\/uploads\/2022\/07\/11_3-300x300.jpg 300w, https:\/\/www.parruccheonline.com\/stageing\/wp-content\/uploads\/2022\/07\/11_3-100x100.jpg 100w, https:\/\/www.parruccheonline.com\/stageing\/wp-content\/uploads\/2022\/07\/11_3-150x150.jpg 150w, https:\/\/www.parruccheonline.com\/stageing\/wp-content\/uploads\/2022\/07\/11_3.jpg 600w\" sizes=\"(max-width: 300px) 100vw, 300px\" \/><img loading=\"lazy\" decoding=\"async\" class=\"alignnone size-medium wp-image-50110\" style=\"font-size: 1.125rem;color: #484f56\" src=\"http:\/\/www.parruccheonline.com\/stageing\/wp-content\/uploads\/2022\/07\/4-3-300x300.jpg\" alt=\"parrucca vera Charleston\" width=\"300\" height=\"300\" srcset=\"https:\/\/www.parruccheonline.com\/stageing\/wp-content\/uploads\/2022\/07\/4-3-300x300.jpg 300w, https:\/\/www.parruccheonline.com\/stageing\/wp-content\/uploads\/2022\/07\/4-3-150x150.jpg 150w, https:\/\/www.parruccheonline.com\/stageing\/wp-content\/uploads\/2022\/07\/4-3-768x768.jpg 768w, https:\/\/www.parruccheonline.com\/stageing\/wp-content\/uploads\/2022\/07\/4-3-600x600.jpg 600w, https:\/\/www.parruccheonline.com\/stageing\/wp-content\/uploads\/2022\/07\/4-3-100x100.jpg 100w, https:\/\/www.parruccheonline.com\/stageing\/wp-content\/uploads\/2022\/07\/4-3.jpg 800w\" sizes=\"(max-width: 300px) 100vw, 300px\" \/><\/p>\n<p>&nbsp;<\/p>\n<p>&nbsp;<\/p>\n<p>&nbsp;<\/p>\n","protected":false},"excerpt":{"rendered":"<p>Parrucca vera Charleston coniuga la bellezza stilistica ad un&#8217; ottima vestibilit\u00e0. Realizzata capelli veri lunghi e ondulati facilmente piastrabile o arricciabile ,collezione Femina di Farcaphair.<\/p>\n","protected":false},"featured_media":50097,"comment_status":"open","ping_status":"closed","template":"","meta":{"_acf_changed":false},"product_cat":[2369,1593,1623,1594,1601,1610,1597,1548,1550,1551,1553,1555,1556,1560,1568,1572,1573,1579,1586,1589,1544,1538,1546,1588],"product_tag":[1721,1787,2440,2305,1903,1667,1701],"class_list":{"0":"post-7661","1":"product","2":"type-product","3":"status-publish","4":"has-post-thumbnail","6":"product_cat-offerte-speciali","7":"product_cat-tutte-le-parrucche","8":"product_cat-parrucche-femina","9":"product_cat-tutte-le-parrucche-donna","10":"product_cat-parrucche-naturali-donna","11":"product_cat-best-seller","12":"product_cat-parrucche-chemioterapia-donna","13":"product_cat-parrucche-in-lace","14":"product_cat-parrucche-lunghe","15":"product_cat-parrucche-medie","16":"product_cat-parrucche-monofilamento","17":"product_cat-parrucche-lisce","18":"product_cat-parrucche-capello-naturale","19":"product_cat-parrucche","20":"product_cat-parrucche-moda","21":"product_cat-parrucca-rossa","22":"product_cat-parrucca-bionda","23":"product_cat-farcaphair-parrucche","24":"product_cat-125-parrucche-online","25":"product_cat-parrucche-capelli-veri-prezzi-1","26":"product_cat-parrucche-in-capello-naturale","27":"product_cat-parrucche-in-capello-naturale-fefa","28":"product_cat-parrucca-capelli-veri-in-lace","29":"product_cat-parrucche-capelli-veri-prezzi","30":"product_tag-centro-parrucche","31":"product_tag-novara-parrucche","32":"product_tag-parrucca-charleston","33":"product_tag-parrucca-vera-charleston","34":"product_tag-parrucche-alopecia","35":"product_tag-parrucche-chemioterapia","36":"product_tag-parrucche-prezzi","37":"pa_colori_parrucche-balayageblondlight","38":"pa_colori_parrucche-balayagechocolatecaramel","39":"pa_colori_parrucche-balayagechocolatefashion","40":"pa_colori_parrucche-balayageredblonde","41":"pa_colori_parrucche-dc-biondonaturale_natureblond","42":"pa_colori_parrucche-blondrooted","43":"pa_colori_parrucche-29-castanoscurocaldo_darknoug","44":"pa_colori_parrucche-chocolate","45":"pa_colori_parrucche-chocolaterooted","46":"pa_colori_parrucche-chocolatet","47":"pa_colori_parrucche-a0-cioccolatocaldo_hotchocola","48":"pa_colori_parrucche-2d-cioccolatoconfintaricresci","49":"pa_colori_parrucche-espresso","50":"pa_colori_parrucche-lightchampagnerooted","51":"pa_colori_parrucche-mocca","52":"pa_colori_parrucche-nero_blackmix","53":"pa_colori_parrucche-08-platinblonderooted_biondop","54":"pa_colori_parrucche-rame_coppermix","55":"pa_featured-no","57":"first","58":"instock","59":"sale","60":"taxable","61":"shipping-taxable","62":"purchasable","63":"product-type-variable","swatches":"rey-swatches","show_selected":""},"acf":[],"yoast_head":"<!-- This site is optimized with the Yoast SEO Premium plugin v24.8 (Yoast SEO v27.0) - https:\/\/yoast.com\/product\/yoast-seo-premium-wordpress\/ -->\n<title>Parrucca vera Charleston - Parrucche Online<\/title>\n<meta name=\"description\" content=\"Parrucca capelli veri Charleston - Parrucca in capelli veri lunghi e mossi, disponibile in diverse variet\u00e0 cromatiche moderne e alla moda.\" \/>\n<meta name=\"robots\" content=\"noindex, follow, max-snippet:-1, max-image-preview:large, max-video-preview:-1\" \/>\n<meta property=\"og:locale\" content=\"it_IT\" \/>\n<meta property=\"og:type\" content=\"article\" \/>\n<meta property=\"og:title\" content=\"Parrucca vera Charleston\" \/>\n<meta property=\"og:description\" content=\"Parrucca capelli veri Charleston - Parrucca in capelli veri lunghi e mossi, disponibile in diverse variet\u00e0 cromatiche moderne e alla moda.\" \/>\n<meta property=\"og:url\" content=\"https:\/\/www.parruccheonline.com\/stageing\/parrucca-vera-charleston\/\" \/>\n<meta property=\"og:site_name\" content=\"Parrucche Online\" \/>\n<meta property=\"article:publisher\" content=\"https:\/\/www.facebook.com\/farcaphair\" \/>\n<meta property=\"article:modified_time\" content=\"2026-03-16T09:11:08+00:00\" \/>\n<meta property=\"og:image\" content=\"https:\/\/www.parruccheonline.com\/stageing\/wp-content\/uploads\/2022\/07\/parrucca-vera-charleston.jpg\" \/>\n\t<meta property=\"og:image:width\" content=\"800\" \/>\n\t<meta property=\"og:image:height\" content=\"800\" \/>\n\t<meta property=\"og:image:type\" content=\"image\/jpeg\" \/>\n<meta name=\"twitter:card\" content=\"summary_large_image\" \/>\n<script type=\"application\/ld+json\" class=\"yoast-schema-graph\">{\"@context\":\"https:\/\/schema.org\",\"@graph\":[{\"@type\":\"WebPage\",\"@id\":\"https:\/\/www.parruccheonline.com\/stageing\/parrucca-vera-charleston\/\",\"url\":\"https:\/\/www.parruccheonline.com\/stageing\/parrucca-vera-charleston\/\",\"name\":\"Parrucca vera Charleston - Parrucche Online\",\"isPartOf\":{\"@id\":\"https:\/\/www.parruccheonline.com\/#website\"},\"primaryImageOfPage\":{\"@id\":\"https:\/\/www.parruccheonline.com\/stageing\/parrucca-vera-charleston\/#primaryimage\"},\"image\":{\"@id\":\"https:\/\/www.parruccheonline.com\/stageing\/parrucca-vera-charleston\/#primaryimage\"},\"thumbnailUrl\":\"https:\/\/www.parruccheonline.com\/stageing\/wp-content\/uploads\/2022\/07\/parrucca-vera-charleston.jpg\",\"datePublished\":\"2022-07-19T14:07:42+00:00\",\"dateModified\":\"2026-03-16T09:11:08+00:00\",\"description\":\"Parrucca capelli veri Charleston - Parrucca in capelli veri lunghi e mossi, disponibile in diverse variet\u00e0 cromatiche moderne e alla moda.\",\"breadcrumb\":{\"@id\":\"https:\/\/www.parruccheonline.com\/stageing\/parrucca-vera-charleston\/#breadcrumb\"},\"inLanguage\":\"it-IT\",\"potentialAction\":[{\"@type\":\"ReadAction\",\"target\":[\"https:\/\/www.parruccheonline.com\/stageing\/parrucca-vera-charleston\/\"]}]},{\"@type\":\"ImageObject\",\"inLanguage\":\"it-IT\",\"@id\":\"https:\/\/www.parruccheonline.com\/stageing\/parrucca-vera-charleston\/#primaryimage\",\"url\":\"https:\/\/www.parruccheonline.com\/stageing\/wp-content\/uploads\/2022\/07\/parrucca-vera-charleston.jpg\",\"contentUrl\":\"https:\/\/www.parruccheonline.com\/stageing\/wp-content\/uploads\/2022\/07\/parrucca-vera-charleston.jpg\",\"width\":800,\"height\":800,\"caption\":\"parrucca vera Charleston\"},{\"@type\":\"BreadcrumbList\",\"@id\":\"https:\/\/www.parruccheonline.com\/stageing\/parrucca-vera-charleston\/#breadcrumb\",\"itemListElement\":[{\"@type\":\"ListItem\",\"position\":1,\"name\":\"Home\",\"item\":\"https:\/\/www.parruccheonline.com\/stageing\/\"},{\"@type\":\"ListItem\",\"position\":2,\"name\":\"Shop\",\"item\":\"https:\/\/www.parruccheonline.com\/stageing\/shop\/\"},{\"@type\":\"ListItem\",\"position\":3,\"name\":\"Parrucca vera Charleston\"}]},{\"@type\":\"WebSite\",\"@id\":\"https:\/\/www.parruccheonline.com\/#website\",\"url\":\"https:\/\/www.parruccheonline.com\/\",\"name\":\"Parrucche Online\",\"description\":\"\",\"publisher\":{\"@id\":\"https:\/\/www.parruccheonline.com\/#organization\"},\"potentialAction\":[{\"@type\":\"SearchAction\",\"target\":{\"@type\":\"EntryPoint\",\"urlTemplate\":\"https:\/\/www.parruccheonline.com\/?s={search_term_string}\"},\"query-input\":{\"@type\":\"PropertyValueSpecification\",\"valueRequired\":true,\"valueName\":\"search_term_string\"}}],\"inLanguage\":\"it-IT\"},{\"@type\":\"Organization\",\"@id\":\"https:\/\/www.parruccheonline.com\/#organization\",\"name\":\"Parrucche Online\",\"url\":\"https:\/\/www.parruccheonline.com\/\",\"logo\":{\"@type\":\"ImageObject\",\"inLanguage\":\"it-IT\",\"@id\":\"https:\/\/www.parruccheonline.com\/#\/schema\/logo\/image\/\",\"url\":\"http:\/\/www.parruccheonline.com\/stageing\/wp-content\/uploads\/2024\/11\/logo_parrucche-online_nero.svg\",\"contentUrl\":\"http:\/\/www.parruccheonline.com\/stageing\/wp-content\/uploads\/2024\/11\/logo_parrucche-online_nero.svg\",\"width\":1000,\"height\":280,\"caption\":\"Parrucche Online\"},\"image\":{\"@id\":\"https:\/\/www.parruccheonline.com\/#\/schema\/logo\/image\/\"},\"sameAs\":[\"https:\/\/www.facebook.com\/farcaphair\",\"https:\/\/www.instagram.com\/parrucche_online_official\/\"]}]}<\/script>\n<!-- \/ Yoast SEO Premium plugin. -->","yoast_head_json":{"title":"Parrucca vera Charleston - Parrucche Online","description":"Parrucca capelli veri Charleston - Parrucca in capelli veri lunghi e mossi, disponibile in diverse variet\u00e0 cromatiche moderne e alla moda.","robots":{"index":"noindex","follow":"follow","max-snippet":"max-snippet:-1","max-image-preview":"max-image-preview:large","max-video-preview":"max-video-preview:-1"},"og_locale":"it_IT","og_type":"article","og_title":"Parrucca vera Charleston","og_description":"Parrucca capelli veri Charleston - Parrucca in capelli veri lunghi e mossi, disponibile in diverse variet\u00e0 cromatiche moderne e alla moda.","og_url":"https:\/\/www.parruccheonline.com\/stageing\/parrucca-vera-charleston\/","og_site_name":"Parrucche Online","article_publisher":"https:\/\/www.facebook.com\/farcaphair","article_modified_time":"2026-03-16T09:11:08+00:00","og_image":[{"width":800,"height":800,"url":"https:\/\/www.parruccheonline.com\/stageing\/wp-content\/uploads\/2022\/07\/parrucca-vera-charleston.jpg","type":"image\/jpeg"}],"twitter_card":"summary_large_image","schema":{"@context":"https:\/\/schema.org","@graph":[{"@type":"WebPage","@id":"https:\/\/www.parruccheonline.com\/stageing\/parrucca-vera-charleston\/","url":"https:\/\/www.parruccheonline.com\/stageing\/parrucca-vera-charleston\/","name":"Parrucca vera Charleston - Parrucche Online","isPartOf":{"@id":"https:\/\/www.parruccheonline.com\/#website"},"primaryImageOfPage":{"@id":"https:\/\/www.parruccheonline.com\/stageing\/parrucca-vera-charleston\/#primaryimage"},"image":{"@id":"https:\/\/www.parruccheonline.com\/stageing\/parrucca-vera-charleston\/#primaryimage"},"thumbnailUrl":"https:\/\/www.parruccheonline.com\/stageing\/wp-content\/uploads\/2022\/07\/parrucca-vera-charleston.jpg","datePublished":"2022-07-19T14:07:42+00:00","dateModified":"2026-03-16T09:11:08+00:00","description":"Parrucca capelli veri Charleston - Parrucca in capelli veri lunghi e mossi, disponibile in diverse variet\u00e0 cromatiche moderne e alla moda.","breadcrumb":{"@id":"https:\/\/www.parruccheonline.com\/stageing\/parrucca-vera-charleston\/#breadcrumb"},"inLanguage":"it-IT","potentialAction":[{"@type":"ReadAction","target":["https:\/\/www.parruccheonline.com\/stageing\/parrucca-vera-charleston\/"]}]},{"@type":"ImageObject","inLanguage":"it-IT","@id":"https:\/\/www.parruccheonline.com\/stageing\/parrucca-vera-charleston\/#primaryimage","url":"https:\/\/www.parruccheonline.com\/stageing\/wp-content\/uploads\/2022\/07\/parrucca-vera-charleston.jpg","contentUrl":"https:\/\/www.parruccheonline.com\/stageing\/wp-content\/uploads\/2022\/07\/parrucca-vera-charleston.jpg","width":800,"height":800,"caption":"parrucca vera Charleston"},{"@type":"BreadcrumbList","@id":"https:\/\/www.parruccheonline.com\/stageing\/parrucca-vera-charleston\/#breadcrumb","itemListElement":[{"@type":"ListItem","position":1,"name":"Home","item":"https:\/\/www.parruccheonline.com\/stageing\/"},{"@type":"ListItem","position":2,"name":"Shop","item":"https:\/\/www.parruccheonline.com\/stageing\/shop\/"},{"@type":"ListItem","position":3,"name":"Parrucca vera Charleston"}]},{"@type":"WebSite","@id":"https:\/\/www.parruccheonline.com\/#website","url":"https:\/\/www.parruccheonline.com\/","name":"Parrucche Online","description":"","publisher":{"@id":"https:\/\/www.parruccheonline.com\/#organization"},"potentialAction":[{"@type":"SearchAction","target":{"@type":"EntryPoint","urlTemplate":"https:\/\/www.parruccheonline.com\/?s={search_term_string}"},"query-input":{"@type":"PropertyValueSpecification","valueRequired":true,"valueName":"search_term_string"}}],"inLanguage":"it-IT"},{"@type":"Organization","@id":"https:\/\/www.parruccheonline.com\/#organization","name":"Parrucche Online","url":"https:\/\/www.parruccheonline.com\/","logo":{"@type":"ImageObject","inLanguage":"it-IT","@id":"https:\/\/www.parruccheonline.com\/#\/schema\/logo\/image\/","url":"http:\/\/www.parruccheonline.com\/stageing\/wp-content\/uploads\/2024\/11\/logo_parrucche-online_nero.svg","contentUrl":"http:\/\/www.parruccheonline.com\/stageing\/wp-content\/uploads\/2024\/11\/logo_parrucche-online_nero.svg","width":1000,"height":280,"caption":"Parrucche Online"},"image":{"@id":"https:\/\/www.parruccheonline.com\/#\/schema\/logo\/image\/"},"sameAs":["https:\/\/www.facebook.com\/farcaphair","https:\/\/www.instagram.com\/parrucche_online_official\/"]}]}},"_links":{"self":[{"href":"https:\/\/www.parruccheonline.com\/stageing\/wp-json\/wp\/v2\/product\/7661","targetHints":{"allow":["GET"]}}],"collection":[{"href":"https:\/\/www.parruccheonline.com\/stageing\/wp-json\/wp\/v2\/product"}],"about":[{"href":"https:\/\/www.parruccheonline.com\/stageing\/wp-json\/wp\/v2\/types\/product"}],"replies":[{"embeddable":true,"href":"https:\/\/www.parruccheonline.com\/stageing\/wp-json\/wp\/v2\/comments?post=7661"}],"wp:featuredmedia":[{"embeddable":true,"href":"https:\/\/www.parruccheonline.com\/stageing\/wp-json\/wp\/v2\/media\/50097"}],"wp:attachment":[{"href":"https:\/\/www.parruccheonline.com\/stageing\/wp-json\/wp\/v2\/media?parent=7661"}],"wp:term":[{"taxonomy":"product_cat","embeddable":true,"href":"https:\/\/www.parruccheonline.com\/stageing\/wp-json\/wp\/v2\/product_cat?post=7661"},{"taxonomy":"product_tag","embeddable":true,"href":"https:\/\/www.parruccheonline.com\/stageing\/wp-json\/wp\/v2\/product_tag?post=7661"}],"curies":[{"name":"wp","href":"https:\/\/api.w.org\/{rel}","templated":true}]}}