{"id":7367,"date":"2022-06-23T13:56:59","date_gmt":"2022-06-23T11:56:59","guid":{"rendered":"http:\/\/www.parruccheonline.com\/stageing\/prodotto\/default-category\/tutte-le-parrucche\/best-seller\/parrucche-change\/parrucca-delight-mono-part\/"},"modified":"2025-03-10T11:20:16","modified_gmt":"2025-03-10T10:20:16","slug":"parrucca-delight-mono-part","status":"publish","type":"product","link":"https:\/\/www.parruccheonline.com\/stageing\/parrucca-delight-mono-part\/","title":{"rendered":"Parrucca Delight Mono Part"},"content":{"rendered":"<p>Parrucca Delight Mono Part. Parrucca in fibra sintetica termoresistente della collezione Changes di Ellen Wille.<br \/>\nTaglio alle spalle, scalato con frangia lunga che andr\u00e0 ad incorniciare il viso.<br \/>\nQuesto modello ha una lavorazione a macchina con monofilamento su tutta la riga a sinistra e attaccatura frontale invisibile.<br \/>\nLa fibra termoresistente con cui \u00e8 creata vi dar\u00e0 l&#8217;opportunit\u00e0 di modificare  la piega secondo il proprio gusto personale.<br \/>\nConsigliamo l&#8217;utilizzo di una piastra con regolazione di temperatura, utilizzabile fino a un massimo di 130\u00b0<br \/>\nDispositivo medico CE<\/p>\n<p>Spedizione gratuita in tutta Italia <\/p>\n","protected":false},"excerpt":{"rendered":"<p>Parrucca in fibra sintetica termoresistente della collezione Changes di Ellen Wille.<\/p>\n<p>Il colore della foto \u00e8 indicativamente gingerblonde con effetto finta ricrescita.<\/p>\n<p>Taglia : 54-56 cm<\/p>\n","protected":false},"featured_media":7363,"comment_status":"open","ping_status":"closed","template":"","meta":{"_acf_changed":false},"product_cat":[1593,1594,1600,1621,1610,1597,1551,1554,1580],"product_tag":[],"class_list":{"0":"post-7367","1":"product","2":"type-product","3":"status-publish","4":"has-post-thumbnail","6":"product_cat-tutte-le-parrucche","7":"product_cat-tutte-le-parrucche-donna","8":"product_cat-parrucche-sintetiche-donna","9":"product_cat-parrucche-change","10":"product_cat-best-seller","11":"product_cat-parrucche-chemioterapia-donna","12":"product_cat-parrucche-medie","13":"product_cat-parrucche-ricce-e-mosse","14":"product_cat-ellen-wille-parrucche","15":"pa_brand-marchi-ellen-wille","16":"pa_colori_parrucche-0e-ambrachiaraconfintaricresc","17":"pa_colori_parrucche-e9-biondogingerconeffettofint","18":"pa_colori_parrucche-c4-biondoperlaconfintaricresc","19":"pa_colori_parrucche-2d-cioccolatoconfintaricresci","20":"pa_colori_parrucche-e6-cioccolatoscuroconeffettof","21":"pa_colori_parrucche-espresso_espressomix","22":"pa_colori_parrucche-08-platinblonderooted_biondop","23":"pa_colori_parrucche-a1-rosewoodrootedcastanoramat","24":"pa_colori_parrucche-a2-sabbiachiaraconfintaricres","25":"pa_dispositivo_medico-si","26":"pa_featured-no","27":"pa_lace_front_attaccatura-si","28":"pa_lavorazione_parrucca-c6-amacchinaconmonofilamentos","29":"pa_piega-mossa","30":"pa_taglia-parrucca-media","31":"pa_taglio-medio","32":"pa_tipologia_capelli-fibratermoresistente","34":"first","35":"instock","36":"sale","37":"taxable","38":"shipping-taxable","39":"purchasable","40":"product-type-variable","swatches":"rey-swatches","show_selected":""},"acf":[],"yoast_head":"<!-- This site is optimized with the Yoast SEO Premium plugin v24.8 (Yoast SEO v27.0) - https:\/\/yoast.com\/product\/yoast-seo-premium-wordpress\/ -->\n<title>Parrucca Delight Mono Part<\/title>\n<meta name=\"description\" content=\"una delle poche parrucche in fibra termoresistente dove puoi cambiare la piega solo su parruccheonline.com\" \/>\n<meta name=\"robots\" content=\"noindex, follow, max-snippet:-1, max-image-preview:large, max-video-preview:-1\" \/>\n<meta property=\"og:locale\" content=\"it_IT\" \/>\n<meta property=\"og:type\" content=\"article\" \/>\n<meta property=\"og:title\" content=\"Parrucca Delight Mono Part\" \/>\n<meta property=\"og:description\" content=\"una delle poche parrucche in fibra termoresistente dove puoi cambiare la piega solo su parruccheonline.com\" \/>\n<meta property=\"og:url\" content=\"https:\/\/www.parruccheonline.com\/stageing\/parrucca-delight-mono-part\/\" \/>\n<meta property=\"og:site_name\" content=\"Parrucche Online\" \/>\n<meta property=\"article:publisher\" content=\"https:\/\/www.facebook.com\/farcaphair\" \/>\n<meta property=\"article:modified_time\" content=\"2025-03-10T10:20:16+00:00\" \/>\n<meta property=\"og:image\" content=\"https:\/\/www.parruccheonline.com\/stageing\/wp-content\/uploads\/2022\/06\/delight_02.jpg\" \/>\n\t<meta property=\"og:image:width\" content=\"726\" \/>\n\t<meta property=\"og:image:height\" content=\"900\" \/>\n\t<meta property=\"og:image:type\" content=\"image\/jpeg\" \/>\n<meta name=\"twitter:card\" content=\"summary_large_image\" \/>\n<script type=\"application\/ld+json\" class=\"yoast-schema-graph\">{\"@context\":\"https:\/\/schema.org\",\"@graph\":[{\"@type\":\"WebPage\",\"@id\":\"https:\/\/www.parruccheonline.com\/stageing\/parrucca-delight-mono-part\/\",\"url\":\"https:\/\/www.parruccheonline.com\/stageing\/parrucca-delight-mono-part\/\",\"name\":\"Parrucca Delight Mono Part\",\"isPartOf\":{\"@id\":\"https:\/\/www.parruccheonline.com\/#website\"},\"primaryImageOfPage\":{\"@id\":\"https:\/\/www.parruccheonline.com\/stageing\/parrucca-delight-mono-part\/#primaryimage\"},\"image\":{\"@id\":\"https:\/\/www.parruccheonline.com\/stageing\/parrucca-delight-mono-part\/#primaryimage\"},\"thumbnailUrl\":\"https:\/\/www.parruccheonline.com\/stageing\/wp-content\/uploads\/2022\/06\/delight_02.jpg\",\"datePublished\":\"2022-06-23T11:56:59+00:00\",\"dateModified\":\"2025-03-10T10:20:16+00:00\",\"description\":\"una delle poche parrucche in fibra termoresistente dove puoi cambiare la piega solo su parruccheonline.com\",\"breadcrumb\":{\"@id\":\"https:\/\/www.parruccheonline.com\/stageing\/parrucca-delight-mono-part\/#breadcrumb\"},\"inLanguage\":\"it-IT\",\"potentialAction\":[{\"@type\":\"ReadAction\",\"target\":[\"https:\/\/www.parruccheonline.com\/stageing\/parrucca-delight-mono-part\/\"]}]},{\"@type\":\"ImageObject\",\"inLanguage\":\"it-IT\",\"@id\":\"https:\/\/www.parruccheonline.com\/stageing\/parrucca-delight-mono-part\/#primaryimage\",\"url\":\"https:\/\/www.parruccheonline.com\/stageing\/wp-content\/uploads\/2022\/06\/delight_02.jpg\",\"contentUrl\":\"https:\/\/www.parruccheonline.com\/stageing\/wp-content\/uploads\/2022\/06\/delight_02.jpg\",\"width\":726,\"height\":900,\"caption\":\"Parrucca Delight Mono Part\"},{\"@type\":\"BreadcrumbList\",\"@id\":\"https:\/\/www.parruccheonline.com\/stageing\/parrucca-delight-mono-part\/#breadcrumb\",\"itemListElement\":[{\"@type\":\"ListItem\",\"position\":1,\"name\":\"Home\",\"item\":\"https:\/\/www.parruccheonline.com\/stageing\/\"},{\"@type\":\"ListItem\",\"position\":2,\"name\":\"Shop\",\"item\":\"https:\/\/www.parruccheonline.com\/stageing\/shop\/\"},{\"@type\":\"ListItem\",\"position\":3,\"name\":\"Parrucca Delight Mono Part\"}]},{\"@type\":\"WebSite\",\"@id\":\"https:\/\/www.parruccheonline.com\/#website\",\"url\":\"https:\/\/www.parruccheonline.com\/\",\"name\":\"Parrucche Online\",\"description\":\"\",\"publisher\":{\"@id\":\"https:\/\/www.parruccheonline.com\/#organization\"},\"potentialAction\":[{\"@type\":\"SearchAction\",\"target\":{\"@type\":\"EntryPoint\",\"urlTemplate\":\"https:\/\/www.parruccheonline.com\/?s={search_term_string}\"},\"query-input\":{\"@type\":\"PropertyValueSpecification\",\"valueRequired\":true,\"valueName\":\"search_term_string\"}}],\"inLanguage\":\"it-IT\"},{\"@type\":\"Organization\",\"@id\":\"https:\/\/www.parruccheonline.com\/#organization\",\"name\":\"Parrucche Online\",\"url\":\"https:\/\/www.parruccheonline.com\/\",\"logo\":{\"@type\":\"ImageObject\",\"inLanguage\":\"it-IT\",\"@id\":\"https:\/\/www.parruccheonline.com\/#\/schema\/logo\/image\/\",\"url\":\"http:\/\/www.parruccheonline.com\/stageing\/wp-content\/uploads\/2024\/11\/logo_parrucche-online_nero.svg\",\"contentUrl\":\"http:\/\/www.parruccheonline.com\/stageing\/wp-content\/uploads\/2024\/11\/logo_parrucche-online_nero.svg\",\"width\":1000,\"height\":280,\"caption\":\"Parrucche Online\"},\"image\":{\"@id\":\"https:\/\/www.parruccheonline.com\/#\/schema\/logo\/image\/\"},\"sameAs\":[\"https:\/\/www.facebook.com\/farcaphair\",\"https:\/\/www.instagram.com\/parrucche_online_official\/\"]}]}<\/script>\n<!-- \/ Yoast SEO Premium plugin. -->","yoast_head_json":{"title":"Parrucca Delight Mono Part","description":"una delle poche parrucche in fibra termoresistente dove puoi cambiare la piega solo su parruccheonline.com","robots":{"index":"noindex","follow":"follow","max-snippet":"max-snippet:-1","max-image-preview":"max-image-preview:large","max-video-preview":"max-video-preview:-1"},"og_locale":"it_IT","og_type":"article","og_title":"Parrucca Delight Mono Part","og_description":"una delle poche parrucche in fibra termoresistente dove puoi cambiare la piega solo su parruccheonline.com","og_url":"https:\/\/www.parruccheonline.com\/stageing\/parrucca-delight-mono-part\/","og_site_name":"Parrucche Online","article_publisher":"https:\/\/www.facebook.com\/farcaphair","article_modified_time":"2025-03-10T10:20:16+00:00","og_image":[{"width":726,"height":900,"url":"https:\/\/www.parruccheonline.com\/stageing\/wp-content\/uploads\/2022\/06\/delight_02.jpg","type":"image\/jpeg"}],"twitter_card":"summary_large_image","schema":{"@context":"https:\/\/schema.org","@graph":[{"@type":"WebPage","@id":"https:\/\/www.parruccheonline.com\/stageing\/parrucca-delight-mono-part\/","url":"https:\/\/www.parruccheonline.com\/stageing\/parrucca-delight-mono-part\/","name":"Parrucca Delight Mono Part","isPartOf":{"@id":"https:\/\/www.parruccheonline.com\/#website"},"primaryImageOfPage":{"@id":"https:\/\/www.parruccheonline.com\/stageing\/parrucca-delight-mono-part\/#primaryimage"},"image":{"@id":"https:\/\/www.parruccheonline.com\/stageing\/parrucca-delight-mono-part\/#primaryimage"},"thumbnailUrl":"https:\/\/www.parruccheonline.com\/stageing\/wp-content\/uploads\/2022\/06\/delight_02.jpg","datePublished":"2022-06-23T11:56:59+00:00","dateModified":"2025-03-10T10:20:16+00:00","description":"una delle poche parrucche in fibra termoresistente dove puoi cambiare la piega solo su parruccheonline.com","breadcrumb":{"@id":"https:\/\/www.parruccheonline.com\/stageing\/parrucca-delight-mono-part\/#breadcrumb"},"inLanguage":"it-IT","potentialAction":[{"@type":"ReadAction","target":["https:\/\/www.parruccheonline.com\/stageing\/parrucca-delight-mono-part\/"]}]},{"@type":"ImageObject","inLanguage":"it-IT","@id":"https:\/\/www.parruccheonline.com\/stageing\/parrucca-delight-mono-part\/#primaryimage","url":"https:\/\/www.parruccheonline.com\/stageing\/wp-content\/uploads\/2022\/06\/delight_02.jpg","contentUrl":"https:\/\/www.parruccheonline.com\/stageing\/wp-content\/uploads\/2022\/06\/delight_02.jpg","width":726,"height":900,"caption":"Parrucca Delight Mono Part"},{"@type":"BreadcrumbList","@id":"https:\/\/www.parruccheonline.com\/stageing\/parrucca-delight-mono-part\/#breadcrumb","itemListElement":[{"@type":"ListItem","position":1,"name":"Home","item":"https:\/\/www.parruccheonline.com\/stageing\/"},{"@type":"ListItem","position":2,"name":"Shop","item":"https:\/\/www.parruccheonline.com\/stageing\/shop\/"},{"@type":"ListItem","position":3,"name":"Parrucca Delight Mono Part"}]},{"@type":"WebSite","@id":"https:\/\/www.parruccheonline.com\/#website","url":"https:\/\/www.parruccheonline.com\/","name":"Parrucche Online","description":"","publisher":{"@id":"https:\/\/www.parruccheonline.com\/#organization"},"potentialAction":[{"@type":"SearchAction","target":{"@type":"EntryPoint","urlTemplate":"https:\/\/www.parruccheonline.com\/?s={search_term_string}"},"query-input":{"@type":"PropertyValueSpecification","valueRequired":true,"valueName":"search_term_string"}}],"inLanguage":"it-IT"},{"@type":"Organization","@id":"https:\/\/www.parruccheonline.com\/#organization","name":"Parrucche Online","url":"https:\/\/www.parruccheonline.com\/","logo":{"@type":"ImageObject","inLanguage":"it-IT","@id":"https:\/\/www.parruccheonline.com\/#\/schema\/logo\/image\/","url":"http:\/\/www.parruccheonline.com\/stageing\/wp-content\/uploads\/2024\/11\/logo_parrucche-online_nero.svg","contentUrl":"http:\/\/www.parruccheonline.com\/stageing\/wp-content\/uploads\/2024\/11\/logo_parrucche-online_nero.svg","width":1000,"height":280,"caption":"Parrucche Online"},"image":{"@id":"https:\/\/www.parruccheonline.com\/#\/schema\/logo\/image\/"},"sameAs":["https:\/\/www.facebook.com\/farcaphair","https:\/\/www.instagram.com\/parrucche_online_official\/"]}]}},"_links":{"self":[{"href":"https:\/\/www.parruccheonline.com\/stageing\/wp-json\/wp\/v2\/product\/7367","targetHints":{"allow":["GET"]}}],"collection":[{"href":"https:\/\/www.parruccheonline.com\/stageing\/wp-json\/wp\/v2\/product"}],"about":[{"href":"https:\/\/www.parruccheonline.com\/stageing\/wp-json\/wp\/v2\/types\/product"}],"replies":[{"embeddable":true,"href":"https:\/\/www.parruccheonline.com\/stageing\/wp-json\/wp\/v2\/comments?post=7367"}],"wp:featuredmedia":[{"embeddable":true,"href":"https:\/\/www.parruccheonline.com\/stageing\/wp-json\/wp\/v2\/media\/7363"}],"wp:attachment":[{"href":"https:\/\/www.parruccheonline.com\/stageing\/wp-json\/wp\/v2\/media?parent=7367"}],"wp:term":[{"taxonomy":"product_cat","embeddable":true,"href":"https:\/\/www.parruccheonline.com\/stageing\/wp-json\/wp\/v2\/product_cat?post=7367"},{"taxonomy":"product_tag","embeddable":true,"href":"https:\/\/www.parruccheonline.com\/stageing\/wp-json\/wp\/v2\/product_tag?post=7367"}],"curies":[{"name":"wp","href":"https:\/\/api.w.org\/{rel}","templated":true}]}}