{"id":49087,"date":"2025-04-24T12:07:25","date_gmt":"2025-04-24T10:07:25","guid":{"rendered":"http:\/\/www.parruccheonline.com\/stageing\/?post_type=product&#038;p=49087"},"modified":"2026-02-20T15:51:16","modified_gmt":"2026-02-20T14:51:16","slug":"parrucca-feeling-sintetica","status":"publish","type":"product","link":"https:\/\/www.parruccheonline.com\/stageing\/parrucca-feeling-sintetica\/","title":{"rendered":"Parrucca Feeling sintetica"},"content":{"rendered":"<h2>Parrucca Feeling sintetica : la scelta ideale per la tua testa.<\/h2>\n<p>La <strong>Parrucca Feeling<\/strong>\u00a0<strong>sintetica<\/strong> \u00e8 un prodotto dalle caratteristiche straordinarie.<\/p>\n<p>Innanzitutto specifichiamo la vestibilit\u00e0 \u00e8 stata studiata appositamente per le donne italiane e nello specifico per chi ha perso i capelli o \u00e8 in procinto di perderli per fattori patologici.<\/p>\n<p>Va considerato che l&#8217;adattamento perfetto lo si otterr\u00e0 a testa glabra.<\/p>\n<p>Spesso accade che chi \u00e8 sotto posto a cicli provi la parrucca con i capelli ancora presenti,\u00a0 i capelli sottostanti spesso possono &#8220;ingannare&#8221; la reale taglia, una volta persi i capelli generalmente le parrucche tenderanno ad esser fastidiosamente larghe.<\/p>\n<p>Diversamente dagli altri modelli le parrucche Perf\u00e8Wig Femina si allineano perfettamente a teste aventi queste misure o caratteristiche:<\/p>\n<ul>\n<li>taglie Media<\/li>\n<li>taglie Medio p<span style=\"color: #484f56; font-size: 1.125rem;\">iccole<\/span><\/li>\n<li><span style=\"color: #484f56; font-size: 1.125rem;\">taglie piccole\u00a0<\/span><\/li>\n<li>Teste con queste misure e anche con occipitale schiacciato (teste piatte senza concavo)<\/li>\n<li>Teste essudate<\/li>\n<\/ul>\n<p>Non sono indicate per circonferenze medio grandi o grandi<\/p>\n<p>La parrucca Feeling \u00e8 una parrucca in fibra sintetica di pregio non una semplice posticcio, lo si pu\u00f2 definire un vero e proprio investimento sul design, sul comfort e sulla bellezza e versatilit\u00e0.<\/p>\n<p><img fetchpriority=\"high\" decoding=\"async\" class=\"alignnone size-medium wp-image-49088\" src=\"http:\/\/www.parruccheonline.com\/stageing\/wp-content\/uploads\/2025\/04\/5-300x300.jpg\" alt=\"parrucca feeling sintetica\" width=\"300\" height=\"300\" srcset=\"https:\/\/www.parruccheonline.com\/stageing\/wp-content\/uploads\/2025\/04\/5-300x300.jpg 300w, https:\/\/www.parruccheonline.com\/stageing\/wp-content\/uploads\/2025\/04\/5-150x150.jpg 150w, https:\/\/www.parruccheonline.com\/stageing\/wp-content\/uploads\/2025\/04\/5-768x768.jpg 768w, https:\/\/www.parruccheonline.com\/stageing\/wp-content\/uploads\/2025\/04\/5-600x600.jpg 600w, https:\/\/www.parruccheonline.com\/stageing\/wp-content\/uploads\/2025\/04\/5-100x100.jpg 100w, https:\/\/www.parruccheonline.com\/stageing\/wp-content\/uploads\/2025\/04\/5.jpg 800w\" sizes=\"(max-width: 300px) 100vw, 300px\" \/><\/p>\n<h3>Parrucca Feeling sintetica: definiamo il prodotto<\/h3>\n<p>La parrucca Feeling sintetica ti fornisce queste caratteristiche:<\/p>\n<ul>\n<li>Aspetto incredibilmente realistico grazie alla versatilit\u00e0 della fibra che conferisce un movimento e un aspetto apparentemente indistinguibili dai capelli veri.<\/li>\n<li>Design e lavorazione artigianale: un design approfondito per questa collezione fino all&#8217;ottenimento della <strong>sartorialit\u00e0<\/strong> come risultato finale. la Realizzazione \u00e8 prevalentemente a mano con lace frontale (attaccatura cinematografica per ottenere un aspetto realistico) un finissimo tulle stretch accompagna il resto della parrucca che permette di pettinare i capelli in diverse direzioni.<\/li>\n<li>Dispositivo medico materiali settoriali di pregio e delicati a contatto col la cute.<\/li>\n<li>Cromia e foltezza dei capelli: sono ricche di tonalit\u00e0 da quelle base ai balayage con sfumature e riflessi realistici. Questa parrucca come tutte le Perf\u00e8Wig hanno densit\u00e0 normali ed effettive onde evitare l&#8217;effetto &#8220;massa&#8221; tipico per altro delle parrucche di bassa canoniche o quelle di bassa qualit\u00e0.<\/li>\n<li>Comfort e Vestibilit\u00e0 Ottimali:<\/li>\n<li>Materiali di pregio: la composizione della calotta prevede solo materiali ultraleggeri e di alta qualit\u00e0 per consentire la massima traspirazione del cuoio capelluto<\/li>\n<li>Traspirazione: la leggerezza dei materiali \u00e8 stata appositamente studiate per consentire la massima traspirazione evitando irritazioni e sensazioni di calore eccessivo o chi patisce il caldo (ottimo prodotto estivo) o per teste tendenzialmente portate a sudare. Anche con un uso della parrucca per diverse ore.<\/li>\n<\/ul>\n<h3>Stare bene con se stessi significa anche: la miglior parrucca in fibra sintetica<\/h3>\n<p>Miglioramento dell&#8217;autostima: Per chi ha problemi di diradamento, una parrucca di pregio pu\u00f2 fare davvero la differenza sentirsi a proprio agio in ogni frangente \u00e8 un fattore determinante.<br \/>\nSoprattutto se ci\u00f2 avviene per chi dei trattamenti che fanno perdere i capelli, infatti in tal senso indossare una parrucca sartoriale migliora il benessere psicologico e con esso l&#8217;autostima.<\/p>\n<p>&nbsp;<\/p>\n","protected":false},"excerpt":{"rendered":"<p><strong>Parrucca Feeling sintetica<\/strong> super leggera ad alto effetto naturale, appartenente alla splendida collezione Perf\u00e8Wig di Femina Farcaphair. Vestibilit\u00e0 incredibile adatte ad alopecia di varia natura.<\/p>\n<p>&nbsp;<\/p>\n","protected":false},"featured_media":49088,"comment_status":"open","ping_status":"closed","template":"","meta":{"_acf_changed":false},"product_cat":[2191,2369,2186,2189,1593,1623,1594,1600,1596,1597,1548,1551,1553,1555,1572,1573,1574,1579,1586,1539],"product_tag":[1634,1820,1809,1803,2409,2386,2333],"class_list":{"0":"post-49087","1":"product","2":"type-product","3":"status-publish","4":"has-post-thumbnail","6":"product_cat-senza-categoria","7":"product_cat-offerte-speciali","8":"product_cat-parrucche-di-lusso","9":"product_cat-parrucche-luxury-ruby","10":"product_cat-tutte-le-parrucche","11":"product_cat-parrucche-femina","12":"product_cat-tutte-le-parrucche-donna","13":"product_cat-parrucche-sintetiche-donna","14":"product_cat-parrucca-alopecia-donna","15":"product_cat-parrucche-chemioterapia-donna","16":"product_cat-parrucche-in-lace","17":"product_cat-parrucche-medie","18":"product_cat-parrucche-monofilamento","19":"product_cat-parrucche-lisce","20":"product_cat-parrucca-rossa","21":"product_cat-parrucca-bionda","22":"product_cat-parrucca-bianca","23":"product_cat-farcaphair-parrucche","24":"product_cat-125-parrucche-online","25":"product_cat-parrucche-in-fibra-lavorate-a-mano","26":"product_tag-parrucca","27":"product_tag-parrucca-alopecia","28":"product_tag-parrucca-chemioterapia","29":"product_tag-parrucca-sintetica","30":"product_tag-parrucce","31":"product_tag-parrucche-estive","32":"product_tag-wig","33":"pa_colori_parrucche-pw-auburn-mix","34":"pa_colori_parrucche-pw-bernstein","35":"pa_colori_parrucche-pw-champagne-rooted","36":"pa_colori_parrucche-pw-chocolate-caramel","37":"pa_colori_parrucche-pw-chocolte-mix","38":"pa_colori_parrucche-pw-espresso-mix","39":"pa_colori_parrucche-pw-light-blonde-rooted","40":"pa_colori_parrucche-pw-lighthoney-rooted","41":"pa_colori_parrucche-pw-platin-blonde","42":"pa_colori_parrucche-pw-sandy-blonde-rooted","44":"first","45":"instock","46":"taxable","47":"shipping-taxable","48":"purchasable","49":"product-type-variable","swatches":"rey-swatches","show_selected":""},"acf":[],"yoast_head":"<!-- This site is optimized with the Yoast SEO Premium plugin v24.8 (Yoast SEO v27.0) - https:\/\/yoast.com\/product\/yoast-seo-premium-wordpress\/ -->\n<title>Parrucca Feeling Sintetica | La Naturalezza Rivoluzionaria<\/title>\n<meta name=\"description\" content=\"Parrucca Feeling sintetica per un aspetto realistico Indossa la Libert\u00e0 con i modelli di Nuova Generazione, Comfort Senza Compromessi.\" \/>\n<meta name=\"robots\" content=\"noindex, follow, max-snippet:-1, max-image-preview:large, max-video-preview:-1\" \/>\n<meta property=\"og:locale\" content=\"it_IT\" \/>\n<meta property=\"og:type\" content=\"article\" \/>\n<meta property=\"og:title\" content=\"Parrucca Feeling sintetica\" \/>\n<meta property=\"og:description\" content=\"Parrucca Feeling sintetica per un aspetto realistico Indossa la Libert\u00e0 con i modelli di Nuova Generazione, Comfort Senza Compromessi.\" \/>\n<meta property=\"og:url\" content=\"https:\/\/www.parruccheonline.com\/stageing\/parrucca-feeling-sintetica\/\" \/>\n<meta property=\"og:site_name\" content=\"Parrucche Online\" \/>\n<meta property=\"article:publisher\" content=\"https:\/\/www.facebook.com\/farcaphair\" \/>\n<meta property=\"article:modified_time\" content=\"2026-02-20T14:51:16+00:00\" \/>\n<meta property=\"og:image\" content=\"https:\/\/www.parruccheonline.com\/stageing\/wp-content\/uploads\/2025\/04\/5.jpg\" \/>\n\t<meta property=\"og:image:width\" content=\"800\" \/>\n\t<meta property=\"og:image:height\" content=\"800\" \/>\n\t<meta property=\"og:image:type\" content=\"image\/jpeg\" \/>\n<meta name=\"twitter:card\" content=\"summary_large_image\" \/>\n<script type=\"application\/ld+json\" class=\"yoast-schema-graph\">{\"@context\":\"https:\/\/schema.org\",\"@graph\":[{\"@type\":\"WebPage\",\"@id\":\"https:\/\/www.parruccheonline.com\/stageing\/parrucca-feeling-sintetica\/\",\"url\":\"https:\/\/www.parruccheonline.com\/stageing\/parrucca-feeling-sintetica\/\",\"name\":\"Parrucca Feeling Sintetica | La Naturalezza Rivoluzionaria\",\"isPartOf\":{\"@id\":\"https:\/\/www.parruccheonline.com\/#website\"},\"primaryImageOfPage\":{\"@id\":\"https:\/\/www.parruccheonline.com\/stageing\/parrucca-feeling-sintetica\/#primaryimage\"},\"image\":{\"@id\":\"https:\/\/www.parruccheonline.com\/stageing\/parrucca-feeling-sintetica\/#primaryimage\"},\"thumbnailUrl\":\"https:\/\/www.parruccheonline.com\/stageing\/wp-content\/uploads\/2025\/04\/5.jpg\",\"datePublished\":\"2025-04-24T10:07:25+00:00\",\"dateModified\":\"2026-02-20T14:51:16+00:00\",\"description\":\"Parrucca Feeling sintetica per un aspetto realistico Indossa la Libert\u00e0 con i modelli di Nuova Generazione, Comfort Senza Compromessi.\",\"breadcrumb\":{\"@id\":\"https:\/\/www.parruccheonline.com\/stageing\/parrucca-feeling-sintetica\/#breadcrumb\"},\"inLanguage\":\"it-IT\",\"potentialAction\":[{\"@type\":\"ReadAction\",\"target\":[\"https:\/\/www.parruccheonline.com\/stageing\/parrucca-feeling-sintetica\/\"]}]},{\"@type\":\"ImageObject\",\"inLanguage\":\"it-IT\",\"@id\":\"https:\/\/www.parruccheonline.com\/stageing\/parrucca-feeling-sintetica\/#primaryimage\",\"url\":\"https:\/\/www.parruccheonline.com\/stageing\/wp-content\/uploads\/2025\/04\/5.jpg\",\"contentUrl\":\"https:\/\/www.parruccheonline.com\/stageing\/wp-content\/uploads\/2025\/04\/5.jpg\",\"width\":800,\"height\":800,\"caption\":\"parrucca feeling sintetica\"},{\"@type\":\"BreadcrumbList\",\"@id\":\"https:\/\/www.parruccheonline.com\/stageing\/parrucca-feeling-sintetica\/#breadcrumb\",\"itemListElement\":[{\"@type\":\"ListItem\",\"position\":1,\"name\":\"Home\",\"item\":\"https:\/\/www.parruccheonline.com\/stageing\/\"},{\"@type\":\"ListItem\",\"position\":2,\"name\":\"Shop\",\"item\":\"https:\/\/www.parruccheonline.com\/stageing\/shop\/\"},{\"@type\":\"ListItem\",\"position\":3,\"name\":\"Parrucca Feeling sintetica\"}]},{\"@type\":\"WebSite\",\"@id\":\"https:\/\/www.parruccheonline.com\/#website\",\"url\":\"https:\/\/www.parruccheonline.com\/\",\"name\":\"Parrucche Online\",\"description\":\"\",\"publisher\":{\"@id\":\"https:\/\/www.parruccheonline.com\/#organization\"},\"potentialAction\":[{\"@type\":\"SearchAction\",\"target\":{\"@type\":\"EntryPoint\",\"urlTemplate\":\"https:\/\/www.parruccheonline.com\/?s={search_term_string}\"},\"query-input\":{\"@type\":\"PropertyValueSpecification\",\"valueRequired\":true,\"valueName\":\"search_term_string\"}}],\"inLanguage\":\"it-IT\"},{\"@type\":\"Organization\",\"@id\":\"https:\/\/www.parruccheonline.com\/#organization\",\"name\":\"Parrucche Online\",\"url\":\"https:\/\/www.parruccheonline.com\/\",\"logo\":{\"@type\":\"ImageObject\",\"inLanguage\":\"it-IT\",\"@id\":\"https:\/\/www.parruccheonline.com\/#\/schema\/logo\/image\/\",\"url\":\"http:\/\/www.parruccheonline.com\/stageing\/wp-content\/uploads\/2024\/11\/logo_parrucche-online_nero.svg\",\"contentUrl\":\"http:\/\/www.parruccheonline.com\/stageing\/wp-content\/uploads\/2024\/11\/logo_parrucche-online_nero.svg\",\"width\":1000,\"height\":280,\"caption\":\"Parrucche Online\"},\"image\":{\"@id\":\"https:\/\/www.parruccheonline.com\/#\/schema\/logo\/image\/\"},\"sameAs\":[\"https:\/\/www.facebook.com\/farcaphair\",\"https:\/\/www.instagram.com\/parrucche_online_official\/\"]}]}<\/script>\n<!-- \/ Yoast SEO Premium plugin. -->","yoast_head_json":{"title":"Parrucca Feeling Sintetica | La Naturalezza Rivoluzionaria","description":"Parrucca Feeling sintetica per un aspetto realistico Indossa la Libert\u00e0 con i modelli di Nuova Generazione, Comfort Senza Compromessi.","robots":{"index":"noindex","follow":"follow","max-snippet":"max-snippet:-1","max-image-preview":"max-image-preview:large","max-video-preview":"max-video-preview:-1"},"og_locale":"it_IT","og_type":"article","og_title":"Parrucca Feeling sintetica","og_description":"Parrucca Feeling sintetica per un aspetto realistico Indossa la Libert\u00e0 con i modelli di Nuova Generazione, Comfort Senza Compromessi.","og_url":"https:\/\/www.parruccheonline.com\/stageing\/parrucca-feeling-sintetica\/","og_site_name":"Parrucche Online","article_publisher":"https:\/\/www.facebook.com\/farcaphair","article_modified_time":"2026-02-20T14:51:16+00:00","og_image":[{"width":800,"height":800,"url":"https:\/\/www.parruccheonline.com\/stageing\/wp-content\/uploads\/2025\/04\/5.jpg","type":"image\/jpeg"}],"twitter_card":"summary_large_image","schema":{"@context":"https:\/\/schema.org","@graph":[{"@type":"WebPage","@id":"https:\/\/www.parruccheonline.com\/stageing\/parrucca-feeling-sintetica\/","url":"https:\/\/www.parruccheonline.com\/stageing\/parrucca-feeling-sintetica\/","name":"Parrucca Feeling Sintetica | La Naturalezza Rivoluzionaria","isPartOf":{"@id":"https:\/\/www.parruccheonline.com\/#website"},"primaryImageOfPage":{"@id":"https:\/\/www.parruccheonline.com\/stageing\/parrucca-feeling-sintetica\/#primaryimage"},"image":{"@id":"https:\/\/www.parruccheonline.com\/stageing\/parrucca-feeling-sintetica\/#primaryimage"},"thumbnailUrl":"https:\/\/www.parruccheonline.com\/stageing\/wp-content\/uploads\/2025\/04\/5.jpg","datePublished":"2025-04-24T10:07:25+00:00","dateModified":"2026-02-20T14:51:16+00:00","description":"Parrucca Feeling sintetica per un aspetto realistico Indossa la Libert\u00e0 con i modelli di Nuova Generazione, Comfort Senza Compromessi.","breadcrumb":{"@id":"https:\/\/www.parruccheonline.com\/stageing\/parrucca-feeling-sintetica\/#breadcrumb"},"inLanguage":"it-IT","potentialAction":[{"@type":"ReadAction","target":["https:\/\/www.parruccheonline.com\/stageing\/parrucca-feeling-sintetica\/"]}]},{"@type":"ImageObject","inLanguage":"it-IT","@id":"https:\/\/www.parruccheonline.com\/stageing\/parrucca-feeling-sintetica\/#primaryimage","url":"https:\/\/www.parruccheonline.com\/stageing\/wp-content\/uploads\/2025\/04\/5.jpg","contentUrl":"https:\/\/www.parruccheonline.com\/stageing\/wp-content\/uploads\/2025\/04\/5.jpg","width":800,"height":800,"caption":"parrucca feeling sintetica"},{"@type":"BreadcrumbList","@id":"https:\/\/www.parruccheonline.com\/stageing\/parrucca-feeling-sintetica\/#breadcrumb","itemListElement":[{"@type":"ListItem","position":1,"name":"Home","item":"https:\/\/www.parruccheonline.com\/stageing\/"},{"@type":"ListItem","position":2,"name":"Shop","item":"https:\/\/www.parruccheonline.com\/stageing\/shop\/"},{"@type":"ListItem","position":3,"name":"Parrucca Feeling sintetica"}]},{"@type":"WebSite","@id":"https:\/\/www.parruccheonline.com\/#website","url":"https:\/\/www.parruccheonline.com\/","name":"Parrucche Online","description":"","publisher":{"@id":"https:\/\/www.parruccheonline.com\/#organization"},"potentialAction":[{"@type":"SearchAction","target":{"@type":"EntryPoint","urlTemplate":"https:\/\/www.parruccheonline.com\/?s={search_term_string}"},"query-input":{"@type":"PropertyValueSpecification","valueRequired":true,"valueName":"search_term_string"}}],"inLanguage":"it-IT"},{"@type":"Organization","@id":"https:\/\/www.parruccheonline.com\/#organization","name":"Parrucche Online","url":"https:\/\/www.parruccheonline.com\/","logo":{"@type":"ImageObject","inLanguage":"it-IT","@id":"https:\/\/www.parruccheonline.com\/#\/schema\/logo\/image\/","url":"http:\/\/www.parruccheonline.com\/stageing\/wp-content\/uploads\/2024\/11\/logo_parrucche-online_nero.svg","contentUrl":"http:\/\/www.parruccheonline.com\/stageing\/wp-content\/uploads\/2024\/11\/logo_parrucche-online_nero.svg","width":1000,"height":280,"caption":"Parrucche Online"},"image":{"@id":"https:\/\/www.parruccheonline.com\/#\/schema\/logo\/image\/"},"sameAs":["https:\/\/www.facebook.com\/farcaphair","https:\/\/www.instagram.com\/parrucche_online_official\/"]}]}},"_links":{"self":[{"href":"https:\/\/www.parruccheonline.com\/stageing\/wp-json\/wp\/v2\/product\/49087","targetHints":{"allow":["GET"]}}],"collection":[{"href":"https:\/\/www.parruccheonline.com\/stageing\/wp-json\/wp\/v2\/product"}],"about":[{"href":"https:\/\/www.parruccheonline.com\/stageing\/wp-json\/wp\/v2\/types\/product"}],"replies":[{"embeddable":true,"href":"https:\/\/www.parruccheonline.com\/stageing\/wp-json\/wp\/v2\/comments?post=49087"}],"wp:featuredmedia":[{"embeddable":true,"href":"https:\/\/www.parruccheonline.com\/stageing\/wp-json\/wp\/v2\/media\/49088"}],"wp:attachment":[{"href":"https:\/\/www.parruccheonline.com\/stageing\/wp-json\/wp\/v2\/media?parent=49087"}],"wp:term":[{"taxonomy":"product_cat","embeddable":true,"href":"https:\/\/www.parruccheonline.com\/stageing\/wp-json\/wp\/v2\/product_cat?post=49087"},{"taxonomy":"product_tag","embeddable":true,"href":"https:\/\/www.parruccheonline.com\/stageing\/wp-json\/wp\/v2\/product_tag?post=49087"}],"curies":[{"name":"wp","href":"https:\/\/api.w.org\/{rel}","templated":true}]}}