{"id":48253,"date":"2025-07-28T10:00:41","date_gmt":"2025-07-28T08:00:41","guid":{"rendered":"http:\/\/www.parruccheonline.com\/stageing\/?post_type=product&#038;p=48253"},"modified":"2025-11-24T12:50:04","modified_gmt":"2025-11-24T11:50:04","slug":"parrucca-cassandra","status":"publish","type":"product","link":"https:\/\/www.parruccheonline.com\/stageing\/parrucca-cassandra\/","title":{"rendered":"Parrucca Cassandra"},"content":{"rendered":"<h3>Parrucca Cassandra : remy hair con le cuticole intatte.<\/h3>\n<p>Le parrucche sono disponibili in 4 variet\u00e0 principali:<\/p>\n<ul>\n<li>Remy hair- capelli con le cuticole rivolte nella direzione unica e originale<\/li>\n<li>Remy hair cuticole intatte \u2013 capelli con le cuticole rivolte nella stessa direzione senza esser stati trattati chimicamente<\/li>\n<li>No remy hair -capelli con cuticole sovrapposte e che subiscono trattamenti di desquamazione (decuticolazione del capello)<\/li>\n<li>Capelli remy vergini- capelli con le cuticole rivolte nella direzione corretta e avente il colore originale senza l\u2019ausilio di tinture o particolari trattamenti (NC original color)<\/li>\n<\/ul>\n<p>\u00c8 risaputo che le parrucche remy hair hanno non solo un aspetto pi\u00f9 naturale rispetto a quelle canoniche ma i capelli sono anche pi\u00f9 fluidi e morbidi proprio grazie alle cuticole sono anche intatte.<\/p>\n<p>Lucentezza, cromia naturale, sfumature sfaccettate rispetto che alle ibride tonalit\u00e0 uniformi. Inoltre, questo modello possiede lunghezza di capelli di cm 53 cm circa prese dal centro testa.<\/p>\n<div class=\"page\" title=\"Page 12\">\n<div class=\"layoutArea\">\n<div class=\"column\">\n<h3>Lavorazionedella parrucca Cassandra Cassandra.<\/h3>\n<ul>\n<li>Parrucca con lace frontale.<\/li>\n<li>Silk top a centro testa effetto cuoio capelluto realistico.<\/li>\n<li>Antiscivolo.<\/li>\n<li>Bande elastiche per la regolazione.<\/li>\n<li>Interamente lavorata a mano<\/li>\n<li>Parrucca naturali Remy Hair<\/li>\n<\/ul>\n<\/div>\n<\/div>\n<\/div>\n<p>&nbsp;<\/p>\n<p><a href=\"http:\/\/www.parruccheonline.com\/stageing\/wp-content\/uploads\/2025\/11\/Manuale-e-cura-parrucche-naturali.pdf\" target=\"_blank\" rel=\"noopener\">Manuale di cura e istruzioni d&#8217;uso<\/a><\/p>\n","protected":false},"excerpt":{"rendered":"<p>La parrucca Cassandra\u00a0 con lace frontale \u00e8 l\u2019ideale per chi ama i capelli lunghi e tendenzialmente movimentati, che superano le spalle. Ideal per alopecie di varia natura.<\/p>\n","protected":false},"featured_media":50448,"comment_status":"open","ping_status":"closed","template":"","meta":{"_acf_changed":false},"product_cat":[2186,2187,1593,1594,1601,1610,1596,1597,1548,1550,1554,1556,1579,1544,1538,1546],"product_tag":[],"class_list":{"0":"post-48253","1":"product","2":"type-product","3":"status-publish","4":"has-post-thumbnail","6":"product_cat-parrucche-di-lusso","7":"product_cat-parrucche-luxury-diamond","8":"product_cat-tutte-le-parrucche","9":"product_cat-tutte-le-parrucche-donna","10":"product_cat-parrucche-naturali-donna","11":"product_cat-best-seller","12":"product_cat-parrucca-alopecia-donna","13":"product_cat-parrucche-chemioterapia-donna","14":"product_cat-parrucche-in-lace","15":"product_cat-parrucche-lunghe","16":"product_cat-parrucche-ricce-e-mosse","17":"product_cat-parrucche-capello-naturale","18":"product_cat-farcaphair-parrucche","19":"product_cat-parrucche-in-capello-naturale","20":"product_cat-parrucche-in-capello-naturale-fefa","21":"product_cat-parrucca-capelli-veri-in-lace","22":"pa_colori_parrucche-4-6-2","23":"pa_colori_parrucche-s-11-10-27","24":"pa_colori_parrucche-s-8-12-24-16","25":"pa_colori_parrucche-s-8-12-30-15-25","27":"first","28":"instock","29":"sale","30":"taxable","31":"shipping-taxable","32":"purchasable","33":"product-type-variable","swatches":"rey-swatches","show_selected":""},"acf":[],"yoast_head":"<!-- This site is optimized with the Yoast SEO Premium plugin v24.8 (Yoast SEO v27.0) - https:\/\/yoast.com\/product\/yoast-seo-premium-wordpress\/ -->\n<title>Parrucca Cassandra - Parrucche Online<\/title>\n<meta name=\"description\" content=\"Parrucca Cassandra in capelli naturali remy dalle cuticole intatte. Acquista in esclusiva una delle parrucche pi\u00f9 brlle ai prezzi di ParruccheOnline.\" \/>\n<meta name=\"robots\" content=\"noindex, follow, max-snippet:-1, max-image-preview:large, max-video-preview:-1\" \/>\n<meta property=\"og:locale\" content=\"it_IT\" \/>\n<meta property=\"og:type\" content=\"article\" \/>\n<meta property=\"og:title\" content=\"Parrucca Cassandra\" \/>\n<meta property=\"og:description\" content=\"Parrucca Cassandra in capelli naturali remy dalle cuticole intatte. Acquista in esclusiva una delle parrucche pi\u00f9 brlle ai prezzi di ParruccheOnline.\" \/>\n<meta property=\"og:url\" content=\"https:\/\/www.parruccheonline.com\/stageing\/parrucca-cassandra\/\" \/>\n<meta property=\"og:site_name\" content=\"Parrucche Online\" \/>\n<meta property=\"article:publisher\" content=\"https:\/\/www.facebook.com\/farcaphair\" \/>\n<meta property=\"article:modified_time\" content=\"2025-11-24T11:50:04+00:00\" \/>\n<meta property=\"og:image\" content=\"https:\/\/www.parruccheonline.com\/stageing\/wp-content\/uploads\/2025\/08\/2.jpg\" \/>\n\t<meta property=\"og:image:width\" content=\"800\" \/>\n\t<meta property=\"og:image:height\" content=\"800\" \/>\n\t<meta property=\"og:image:type\" content=\"image\/jpeg\" \/>\n<meta name=\"twitter:card\" content=\"summary_large_image\" \/>\n<script type=\"application\/ld+json\" class=\"yoast-schema-graph\">{\"@context\":\"https:\/\/schema.org\",\"@graph\":[{\"@type\":\"WebPage\",\"@id\":\"https:\/\/www.parruccheonline.com\/stageing\/parrucca-cassandra\/\",\"url\":\"https:\/\/www.parruccheonline.com\/stageing\/parrucca-cassandra\/\",\"name\":\"Parrucca Cassandra - Parrucche Online\",\"isPartOf\":{\"@id\":\"https:\/\/www.parruccheonline.com\/#website\"},\"primaryImageOfPage\":{\"@id\":\"https:\/\/www.parruccheonline.com\/stageing\/parrucca-cassandra\/#primaryimage\"},\"image\":{\"@id\":\"https:\/\/www.parruccheonline.com\/stageing\/parrucca-cassandra\/#primaryimage\"},\"thumbnailUrl\":\"https:\/\/www.parruccheonline.com\/stageing\/wp-content\/uploads\/2025\/08\/2.jpg\",\"datePublished\":\"2025-07-28T08:00:41+00:00\",\"dateModified\":\"2025-11-24T11:50:04+00:00\",\"description\":\"Parrucca Cassandra in capelli naturali remy dalle cuticole intatte. Acquista in esclusiva una delle parrucche pi\u00f9 brlle ai prezzi di ParruccheOnline.\",\"breadcrumb\":{\"@id\":\"https:\/\/www.parruccheonline.com\/stageing\/parrucca-cassandra\/#breadcrumb\"},\"inLanguage\":\"it-IT\",\"potentialAction\":[{\"@type\":\"ReadAction\",\"target\":[\"https:\/\/www.parruccheonline.com\/stageing\/parrucca-cassandra\/\"]}]},{\"@type\":\"ImageObject\",\"inLanguage\":\"it-IT\",\"@id\":\"https:\/\/www.parruccheonline.com\/stageing\/parrucca-cassandra\/#primaryimage\",\"url\":\"https:\/\/www.parruccheonline.com\/stageing\/wp-content\/uploads\/2025\/08\/2.jpg\",\"contentUrl\":\"https:\/\/www.parruccheonline.com\/stageing\/wp-content\/uploads\/2025\/08\/2.jpg\",\"width\":800,\"height\":800},{\"@type\":\"BreadcrumbList\",\"@id\":\"https:\/\/www.parruccheonline.com\/stageing\/parrucca-cassandra\/#breadcrumb\",\"itemListElement\":[{\"@type\":\"ListItem\",\"position\":1,\"name\":\"Home\",\"item\":\"https:\/\/www.parruccheonline.com\/stageing\/\"},{\"@type\":\"ListItem\",\"position\":2,\"name\":\"Shop\",\"item\":\"https:\/\/www.parruccheonline.com\/stageing\/shop\/\"},{\"@type\":\"ListItem\",\"position\":3,\"name\":\"Parrucca Cassandra\"}]},{\"@type\":\"WebSite\",\"@id\":\"https:\/\/www.parruccheonline.com\/#website\",\"url\":\"https:\/\/www.parruccheonline.com\/\",\"name\":\"Parrucche Online\",\"description\":\"\",\"publisher\":{\"@id\":\"https:\/\/www.parruccheonline.com\/#organization\"},\"potentialAction\":[{\"@type\":\"SearchAction\",\"target\":{\"@type\":\"EntryPoint\",\"urlTemplate\":\"https:\/\/www.parruccheonline.com\/?s={search_term_string}\"},\"query-input\":{\"@type\":\"PropertyValueSpecification\",\"valueRequired\":true,\"valueName\":\"search_term_string\"}}],\"inLanguage\":\"it-IT\"},{\"@type\":\"Organization\",\"@id\":\"https:\/\/www.parruccheonline.com\/#organization\",\"name\":\"Parrucche Online\",\"url\":\"https:\/\/www.parruccheonline.com\/\",\"logo\":{\"@type\":\"ImageObject\",\"inLanguage\":\"it-IT\",\"@id\":\"https:\/\/www.parruccheonline.com\/#\/schema\/logo\/image\/\",\"url\":\"http:\/\/www.parruccheonline.com\/stageing\/wp-content\/uploads\/2024\/11\/logo_parrucche-online_nero.svg\",\"contentUrl\":\"http:\/\/www.parruccheonline.com\/stageing\/wp-content\/uploads\/2024\/11\/logo_parrucche-online_nero.svg\",\"width\":1000,\"height\":280,\"caption\":\"Parrucche Online\"},\"image\":{\"@id\":\"https:\/\/www.parruccheonline.com\/#\/schema\/logo\/image\/\"},\"sameAs\":[\"https:\/\/www.facebook.com\/farcaphair\",\"https:\/\/www.instagram.com\/parrucche_online_official\/\"]}]}<\/script>\n<!-- \/ Yoast SEO Premium plugin. -->","yoast_head_json":{"title":"Parrucca Cassandra - Parrucche Online","description":"Parrucca Cassandra in capelli naturali remy dalle cuticole intatte. Acquista in esclusiva una delle parrucche pi\u00f9 brlle ai prezzi di ParruccheOnline.","robots":{"index":"noindex","follow":"follow","max-snippet":"max-snippet:-1","max-image-preview":"max-image-preview:large","max-video-preview":"max-video-preview:-1"},"og_locale":"it_IT","og_type":"article","og_title":"Parrucca Cassandra","og_description":"Parrucca Cassandra in capelli naturali remy dalle cuticole intatte. Acquista in esclusiva una delle parrucche pi\u00f9 brlle ai prezzi di ParruccheOnline.","og_url":"https:\/\/www.parruccheonline.com\/stageing\/parrucca-cassandra\/","og_site_name":"Parrucche Online","article_publisher":"https:\/\/www.facebook.com\/farcaphair","article_modified_time":"2025-11-24T11:50:04+00:00","og_image":[{"width":800,"height":800,"url":"https:\/\/www.parruccheonline.com\/stageing\/wp-content\/uploads\/2025\/08\/2.jpg","type":"image\/jpeg"}],"twitter_card":"summary_large_image","schema":{"@context":"https:\/\/schema.org","@graph":[{"@type":"WebPage","@id":"https:\/\/www.parruccheonline.com\/stageing\/parrucca-cassandra\/","url":"https:\/\/www.parruccheonline.com\/stageing\/parrucca-cassandra\/","name":"Parrucca Cassandra - Parrucche Online","isPartOf":{"@id":"https:\/\/www.parruccheonline.com\/#website"},"primaryImageOfPage":{"@id":"https:\/\/www.parruccheonline.com\/stageing\/parrucca-cassandra\/#primaryimage"},"image":{"@id":"https:\/\/www.parruccheonline.com\/stageing\/parrucca-cassandra\/#primaryimage"},"thumbnailUrl":"https:\/\/www.parruccheonline.com\/stageing\/wp-content\/uploads\/2025\/08\/2.jpg","datePublished":"2025-07-28T08:00:41+00:00","dateModified":"2025-11-24T11:50:04+00:00","description":"Parrucca Cassandra in capelli naturali remy dalle cuticole intatte. Acquista in esclusiva una delle parrucche pi\u00f9 brlle ai prezzi di ParruccheOnline.","breadcrumb":{"@id":"https:\/\/www.parruccheonline.com\/stageing\/parrucca-cassandra\/#breadcrumb"},"inLanguage":"it-IT","potentialAction":[{"@type":"ReadAction","target":["https:\/\/www.parruccheonline.com\/stageing\/parrucca-cassandra\/"]}]},{"@type":"ImageObject","inLanguage":"it-IT","@id":"https:\/\/www.parruccheonline.com\/stageing\/parrucca-cassandra\/#primaryimage","url":"https:\/\/www.parruccheonline.com\/stageing\/wp-content\/uploads\/2025\/08\/2.jpg","contentUrl":"https:\/\/www.parruccheonline.com\/stageing\/wp-content\/uploads\/2025\/08\/2.jpg","width":800,"height":800},{"@type":"BreadcrumbList","@id":"https:\/\/www.parruccheonline.com\/stageing\/parrucca-cassandra\/#breadcrumb","itemListElement":[{"@type":"ListItem","position":1,"name":"Home","item":"https:\/\/www.parruccheonline.com\/stageing\/"},{"@type":"ListItem","position":2,"name":"Shop","item":"https:\/\/www.parruccheonline.com\/stageing\/shop\/"},{"@type":"ListItem","position":3,"name":"Parrucca Cassandra"}]},{"@type":"WebSite","@id":"https:\/\/www.parruccheonline.com\/#website","url":"https:\/\/www.parruccheonline.com\/","name":"Parrucche Online","description":"","publisher":{"@id":"https:\/\/www.parruccheonline.com\/#organization"},"potentialAction":[{"@type":"SearchAction","target":{"@type":"EntryPoint","urlTemplate":"https:\/\/www.parruccheonline.com\/?s={search_term_string}"},"query-input":{"@type":"PropertyValueSpecification","valueRequired":true,"valueName":"search_term_string"}}],"inLanguage":"it-IT"},{"@type":"Organization","@id":"https:\/\/www.parruccheonline.com\/#organization","name":"Parrucche Online","url":"https:\/\/www.parruccheonline.com\/","logo":{"@type":"ImageObject","inLanguage":"it-IT","@id":"https:\/\/www.parruccheonline.com\/#\/schema\/logo\/image\/","url":"http:\/\/www.parruccheonline.com\/stageing\/wp-content\/uploads\/2024\/11\/logo_parrucche-online_nero.svg","contentUrl":"http:\/\/www.parruccheonline.com\/stageing\/wp-content\/uploads\/2024\/11\/logo_parrucche-online_nero.svg","width":1000,"height":280,"caption":"Parrucche Online"},"image":{"@id":"https:\/\/www.parruccheonline.com\/#\/schema\/logo\/image\/"},"sameAs":["https:\/\/www.facebook.com\/farcaphair","https:\/\/www.instagram.com\/parrucche_online_official\/"]}]}},"_links":{"self":[{"href":"https:\/\/www.parruccheonline.com\/stageing\/wp-json\/wp\/v2\/product\/48253","targetHints":{"allow":["GET"]}}],"collection":[{"href":"https:\/\/www.parruccheonline.com\/stageing\/wp-json\/wp\/v2\/product"}],"about":[{"href":"https:\/\/www.parruccheonline.com\/stageing\/wp-json\/wp\/v2\/types\/product"}],"replies":[{"embeddable":true,"href":"https:\/\/www.parruccheonline.com\/stageing\/wp-json\/wp\/v2\/comments?post=48253"}],"wp:featuredmedia":[{"embeddable":true,"href":"https:\/\/www.parruccheonline.com\/stageing\/wp-json\/wp\/v2\/media\/50448"}],"wp:attachment":[{"href":"https:\/\/www.parruccheonline.com\/stageing\/wp-json\/wp\/v2\/media?parent=48253"}],"wp:term":[{"taxonomy":"product_cat","embeddable":true,"href":"https:\/\/www.parruccheonline.com\/stageing\/wp-json\/wp\/v2\/product_cat?post=48253"},{"taxonomy":"product_tag","embeddable":true,"href":"https:\/\/www.parruccheonline.com\/stageing\/wp-json\/wp\/v2\/product_tag?post=48253"}],"curies":[{"name":"wp","href":"https:\/\/api.w.org\/{rel}","templated":true}]}}