{"id":47679,"date":"2025-01-11T18:36:56","date_gmt":"2025-01-11T17:36:56","guid":{"rendered":"https:\/\/www.parruccheonline.com\/?post_type=product&#038;p=47679"},"modified":"2026-02-19T12:24:19","modified_gmt":"2026-02-19T11:24:19","slug":"parrucca-di-capelli-veri-sasha","status":"publish","type":"product","link":"https:\/\/www.parruccheonline.com\/stageing\/parrucca-di-capelli-veri-sasha\/","title":{"rendered":"Parrucca di capelli veri Sasha"},"content":{"rendered":"<div id=\"d860e232495ef042\" class=\"conversation-container message-actions-hover-boundary response-optimization eighty-char-code-block tts-removed ng-star-inserted\">\n<div class=\"response-container ng-tns-c4186147412-14 response-optimization tts-removed ng-star-inserted\">\n<div class=\"presented-response-container ng-tns-c4186147412-14\">\n<div class=\"response-container-content ng-tns-c4186147412-14\">\n<div class=\"response-content ng-tns-c4186147412-14\">\n<div id=\"model-response-message-contentr_d860e232495ef042\" class=\"markdown markdown-main-panel\" dir=\"ltr\">\n<p><strong>La Parrucca di capelli veri<\/strong> <strong>Sasha<\/strong> ha un aspetto naturale e realistico derivato dalle cuticole intatte le quali garantiscono morbidezza, lucentezza e pettinabilit\u00e0.<\/p>\n<p>Questa qualit\u00e0 \u00e8 <strong>remy hair<\/strong> pu\u00f2 esser facilmente acconciata con una una variet\u00e0 grande variet\u00e0 di stili, la versatilit\u00e0 della parrucca deriva per l&#8217;appunto dai capelli remy ossia dalle le cuticole rivolte\u00a0 in un&#8217; unica originale direzione.<\/p>\n<p>Ci\u00f2 non solo fornisce un aspetto delizioso da vedere ma semplifica di molto la manutenzione.<\/p>\n<p>Questo parrucca naturale \u00e8 adatta a chi soffre di alopecia di vario genere. E&#8217; un dispositivo medico realizzato per armonizzarsi con la nostra esigenza di comfort ed estetica.<\/p>\n<h3>Come scegliere la parrucca giusta.<\/h3>\n<p>La risposta dei nostri tecnici derivante da 40 anni nel settore dei capelli remy \u00e8 una piccolo vademecum da non dimenticare pech\u00e8 ci potr\u00e0 essere utile in futuro per tutti i nostri acquisti.<\/p>\n<p>Quale parrucca di capelli veri, \u00e8 meglio per me? Ecco Le tre regole.<\/p>\n<ol>\n<li>Calotta: la base deve essere idonea alle nostre aspettative e stile di vita. (attenzione alla traspirazione e alla leggerezza)<\/li>\n<li>Tonalit\u00e0: il colore deve essere equilibrato con il nostro volto, incarnato colore degli occhi e ovviamente, deve esser il pi\u00f9 veritiero possibile. Evitate tonalit\u00e0 poco credibili.<\/li>\n<li>Lunghezza: La parrucca per poterci piacere, deve avere necessariamente quella lunghezza (senza eccedere) che appaghi il appieno il nostro ego.<\/li>\n<\/ol>\n<h3>Lavorazione.<\/h3>\n<p>Il prodotto \u00e8 fornito di un lace frontale per una aspetto apparentemente invisibile ed un silk top a centro testa con aspetto della cute realistico.<\/p>\n<p>Delle bande elastiche e supporti antiscivolo completano questa parrucca sartoriale realizzata a mano.<\/p>\n<p>Capelli ondulati remy hair.<\/p>\n<div class=\"page\" title=\"Page 8\">\n<div class=\"section\">\n<div class=\"layoutArea\">\n<div class=\"column\">\n<h3>Lunghezza approssimativa dei capelli.<\/h3>\n<p>circa Fronte: 30 cm<\/p>\n<p>Vortice: 30 cm<\/p>\n<p>Lati: 30 cm<\/p>\n<p>Nuca: 25 cm<\/p>\n<p><b style=\"color: inherit; font-family: inherit; font-size: var(--h3-font-size); background-color: var(--body-bg-color);\">Lavaggio e manutenzione.<\/b><\/p>\n<\/div>\n<\/div>\n<\/div>\n<\/div>\n<p>La manutenzione di questo prodotto \u00e8 riportato sul cartellino.<\/p>\n<h3 data-sourcepos=\"29:1-29:53\"><strong>Dove acquistare una parrucca di capelli veri, su Parrucche Online.<\/strong><\/h3>\n<p data-sourcepos=\"31:1-31:228\">La parrucca di capelli veri Sasha \u00e8 reperibile sul sito di parrucche Online ad un prezzo esclusivo ed un prodotto distribuito da Farcaphair.<\/p>\n<\/div>\n<p data-sourcepos=\"31:1-31:228\"><a href=\"https:\/\/www.parruccheonline.com\/wp-content\/uploads\/2025\/11\/Manuale-e-cura-parrucche-naturali.pdf\" target=\"_blank\" rel=\"noopener\">Manuale e cura parrucche naturali<\/a><\/p>\n<\/div>\n<\/div>\n<\/div>\n<\/div>\n<\/div>\n","protected":false},"excerpt":{"rendered":"<p>Una splendida parrucca di capelli di capelli veri realizzata a mano con lace front e capelli dalle cuticole intatte. Parrucca realistica con un capello leggermente ondulato.<\/p>\n","protected":false},"featured_media":47787,"comment_status":"open","ping_status":"closed","template":"","meta":{"_acf_changed":false},"product_cat":[1546,1572,1560,1596,1573,1556,1601,1589,1597,2186,1538,1548,1555,2187,1576,1568,1553,1594,1550,1551],"product_tag":[1816,2310,1830,2311],"class_list":{"0":"post-47679","1":"product","2":"type-product","3":"status-publish","4":"has-post-thumbnail","6":"product_cat-parrucca-capelli-veri-in-lace","7":"product_cat-parrucca-rossa","8":"product_cat-parrucche","9":"product_cat-parrucca-alopecia-donna","10":"product_cat-parrucca-bionda","11":"product_cat-parrucche-capello-naturale","12":"product_cat-parrucche-naturali-donna","13":"product_cat-parrucche-capelli-veri-prezzi-1","14":"product_cat-parrucche-chemioterapia-donna","15":"product_cat-parrucche-di-lusso","16":"product_cat-parrucche-in-capello-naturale-fefa","17":"product_cat-parrucche-in-lace","18":"product_cat-parrucche-lisce","19":"product_cat-parrucche-luxury-diamond","20":"product_cat-parrucche-milano","21":"product_cat-parrucche-moda","22":"product_cat-parrucche-monofilamento","23":"product_cat-tutte-le-parrucche-donna","24":"product_cat-parrucche-lunghe","25":"product_cat-parrucche-medie","26":"product_tag-parrucca-capelli-veri","27":"product_tag-parrucca-di-capelli-veri","28":"product_tag-parrucca-naturale","29":"product_tag-parrucche-di-capelli-veri-online","30":"pa_brand-marchi-femina","31":"pa_colori_parrucche-14-20-27","32":"pa_colori_parrucche-femina12-24","33":"pa_colori_parrucche-femina4-6","34":"pa_colori_parrucche-femina6-30","35":"pa_colori_parrucche-femina8","36":"pa_colori_parrucche-femina830-6-30","37":"pa_colori_parrucche-feminas12-88-200","38":"pa_dispositivo_medico-si","39":"pa_lace_front_attaccatura-si","40":"pa_lavorazione_parrucca-interamenteamano","41":"pa_piega-mossa","42":"pa_taglia-parrucca-media","43":"pa_taglio-medio","44":"pa_tipologia_capelli-naturaleremy","46":"first","47":"instock","48":"sale","49":"taxable","50":"shipping-taxable","51":"purchasable","52":"product-type-variable","swatches":"rey-swatches","show_selected":""},"acf":[],"yoast_head":"<!-- This site is optimized with the Yoast SEO Premium plugin v24.8 (Yoast SEO v27.0) - https:\/\/yoast.com\/product\/yoast-seo-premium-wordpress\/ -->\n<title>Parrucca di capelli veri Sasha - Parrucche Online<\/title>\n<meta name=\"description\" content=\"La parrucca di capelli veri Sasha \u00e8 un modello sartoriale remy hair dalle cuticole intatte reperibile su Parrucche Online.\" \/>\n<meta name=\"robots\" content=\"noindex, follow, max-snippet:-1, max-image-preview:large, max-video-preview:-1\" \/>\n<meta property=\"og:locale\" content=\"it_IT\" \/>\n<meta property=\"og:type\" content=\"article\" \/>\n<meta property=\"og:title\" content=\"Parrucca di capelli veri Sasha\" \/>\n<meta property=\"og:description\" content=\"La parrucche di capelli veri Sasha il modello ideale per chi necessita per alopecia.\" \/>\n<meta property=\"og:url\" content=\"https:\/\/www.parruccheonline.com\/stageing\/parrucca-di-capelli-veri-sasha\/\" \/>\n<meta property=\"og:site_name\" content=\"Parrucche Online\" \/>\n<meta property=\"article:publisher\" content=\"https:\/\/www.facebook.com\/farcaphair\" \/>\n<meta property=\"article:modified_time\" content=\"2026-02-19T11:24:19+00:00\" \/>\n<meta property=\"og:image\" content=\"https:\/\/www.parruccheonline.com\/stageing\/wp-content\/uploads\/2025\/01\/1.jpg\" \/>\n\t<meta property=\"og:image:width\" content=\"800\" \/>\n\t<meta property=\"og:image:height\" content=\"800\" \/>\n\t<meta property=\"og:image:type\" content=\"image\/jpeg\" \/>\n<meta name=\"twitter:card\" content=\"summary_large_image\" \/>\n<script type=\"application\/ld+json\" class=\"yoast-schema-graph\">{\"@context\":\"https:\/\/schema.org\",\"@graph\":[{\"@type\":\"WebPage\",\"@id\":\"https:\/\/www.parruccheonline.com\/stageing\/parrucca-di-capelli-veri-sasha\/\",\"url\":\"https:\/\/www.parruccheonline.com\/stageing\/parrucca-di-capelli-veri-sasha\/\",\"name\":\"Parrucca di capelli veri Sasha - Parrucche Online\",\"isPartOf\":{\"@id\":\"https:\/\/www.parruccheonline.com\/#website\"},\"primaryImageOfPage\":{\"@id\":\"https:\/\/www.parruccheonline.com\/stageing\/parrucca-di-capelli-veri-sasha\/#primaryimage\"},\"image\":{\"@id\":\"https:\/\/www.parruccheonline.com\/stageing\/parrucca-di-capelli-veri-sasha\/#primaryimage\"},\"thumbnailUrl\":\"https:\/\/www.parruccheonline.com\/stageing\/wp-content\/uploads\/2025\/01\/1.jpg\",\"datePublished\":\"2025-01-11T17:36:56+00:00\",\"dateModified\":\"2026-02-19T11:24:19+00:00\",\"description\":\"La parrucca di capelli veri Sasha \u00e8 un modello sartoriale remy hair dalle cuticole intatte reperibile su Parrucche Online.\",\"breadcrumb\":{\"@id\":\"https:\/\/www.parruccheonline.com\/stageing\/parrucca-di-capelli-veri-sasha\/#breadcrumb\"},\"inLanguage\":\"it-IT\",\"potentialAction\":[{\"@type\":\"ReadAction\",\"target\":[\"https:\/\/www.parruccheonline.com\/stageing\/parrucca-di-capelli-veri-sasha\/\"]}]},{\"@type\":\"ImageObject\",\"inLanguage\":\"it-IT\",\"@id\":\"https:\/\/www.parruccheonline.com\/stageing\/parrucca-di-capelli-veri-sasha\/#primaryimage\",\"url\":\"https:\/\/www.parruccheonline.com\/stageing\/wp-content\/uploads\/2025\/01\/1.jpg\",\"contentUrl\":\"https:\/\/www.parruccheonline.com\/stageing\/wp-content\/uploads\/2025\/01\/1.jpg\",\"width\":800,\"height\":800,\"caption\":\"parrucche di capelli veri sasha\"},{\"@type\":\"BreadcrumbList\",\"@id\":\"https:\/\/www.parruccheonline.com\/stageing\/parrucca-di-capelli-veri-sasha\/#breadcrumb\",\"itemListElement\":[{\"@type\":\"ListItem\",\"position\":1,\"name\":\"Home\",\"item\":\"https:\/\/www.parruccheonline.com\/stageing\/\"},{\"@type\":\"ListItem\",\"position\":2,\"name\":\"Shop\",\"item\":\"https:\/\/www.parruccheonline.com\/stageing\/shop\/\"},{\"@type\":\"ListItem\",\"position\":3,\"name\":\"Parrucca di capelli veri Sasha\"}]},{\"@type\":\"WebSite\",\"@id\":\"https:\/\/www.parruccheonline.com\/#website\",\"url\":\"https:\/\/www.parruccheonline.com\/\",\"name\":\"Parrucche Online\",\"description\":\"\",\"publisher\":{\"@id\":\"https:\/\/www.parruccheonline.com\/#organization\"},\"potentialAction\":[{\"@type\":\"SearchAction\",\"target\":{\"@type\":\"EntryPoint\",\"urlTemplate\":\"https:\/\/www.parruccheonline.com\/?s={search_term_string}\"},\"query-input\":{\"@type\":\"PropertyValueSpecification\",\"valueRequired\":true,\"valueName\":\"search_term_string\"}}],\"inLanguage\":\"it-IT\"},{\"@type\":\"Organization\",\"@id\":\"https:\/\/www.parruccheonline.com\/#organization\",\"name\":\"Parrucche Online\",\"url\":\"https:\/\/www.parruccheonline.com\/\",\"logo\":{\"@type\":\"ImageObject\",\"inLanguage\":\"it-IT\",\"@id\":\"https:\/\/www.parruccheonline.com\/#\/schema\/logo\/image\/\",\"url\":\"http:\/\/www.parruccheonline.com\/stageing\/wp-content\/uploads\/2024\/11\/logo_parrucche-online_nero.svg\",\"contentUrl\":\"http:\/\/www.parruccheonline.com\/stageing\/wp-content\/uploads\/2024\/11\/logo_parrucche-online_nero.svg\",\"width\":1000,\"height\":280,\"caption\":\"Parrucche Online\"},\"image\":{\"@id\":\"https:\/\/www.parruccheonline.com\/#\/schema\/logo\/image\/\"},\"sameAs\":[\"https:\/\/www.facebook.com\/farcaphair\",\"https:\/\/www.instagram.com\/parrucche_online_official\/\"]}]}<\/script>\n<!-- \/ Yoast SEO Premium plugin. -->","yoast_head_json":{"title":"Parrucca di capelli veri Sasha - Parrucche Online","description":"La parrucca di capelli veri Sasha \u00e8 un modello sartoriale remy hair dalle cuticole intatte reperibile su Parrucche Online.","robots":{"index":"noindex","follow":"follow","max-snippet":"max-snippet:-1","max-image-preview":"max-image-preview:large","max-video-preview":"max-video-preview:-1"},"og_locale":"it_IT","og_type":"article","og_title":"Parrucca di capelli veri Sasha","og_description":"La parrucche di capelli veri Sasha il modello ideale per chi necessita per alopecia.","og_url":"https:\/\/www.parruccheonline.com\/stageing\/parrucca-di-capelli-veri-sasha\/","og_site_name":"Parrucche Online","article_publisher":"https:\/\/www.facebook.com\/farcaphair","article_modified_time":"2026-02-19T11:24:19+00:00","og_image":[{"width":800,"height":800,"url":"https:\/\/www.parruccheonline.com\/stageing\/wp-content\/uploads\/2025\/01\/1.jpg","type":"image\/jpeg"}],"twitter_card":"summary_large_image","schema":{"@context":"https:\/\/schema.org","@graph":[{"@type":"WebPage","@id":"https:\/\/www.parruccheonline.com\/stageing\/parrucca-di-capelli-veri-sasha\/","url":"https:\/\/www.parruccheonline.com\/stageing\/parrucca-di-capelli-veri-sasha\/","name":"Parrucca di capelli veri Sasha - Parrucche Online","isPartOf":{"@id":"https:\/\/www.parruccheonline.com\/#website"},"primaryImageOfPage":{"@id":"https:\/\/www.parruccheonline.com\/stageing\/parrucca-di-capelli-veri-sasha\/#primaryimage"},"image":{"@id":"https:\/\/www.parruccheonline.com\/stageing\/parrucca-di-capelli-veri-sasha\/#primaryimage"},"thumbnailUrl":"https:\/\/www.parruccheonline.com\/stageing\/wp-content\/uploads\/2025\/01\/1.jpg","datePublished":"2025-01-11T17:36:56+00:00","dateModified":"2026-02-19T11:24:19+00:00","description":"La parrucca di capelli veri Sasha \u00e8 un modello sartoriale remy hair dalle cuticole intatte reperibile su Parrucche Online.","breadcrumb":{"@id":"https:\/\/www.parruccheonline.com\/stageing\/parrucca-di-capelli-veri-sasha\/#breadcrumb"},"inLanguage":"it-IT","potentialAction":[{"@type":"ReadAction","target":["https:\/\/www.parruccheonline.com\/stageing\/parrucca-di-capelli-veri-sasha\/"]}]},{"@type":"ImageObject","inLanguage":"it-IT","@id":"https:\/\/www.parruccheonline.com\/stageing\/parrucca-di-capelli-veri-sasha\/#primaryimage","url":"https:\/\/www.parruccheonline.com\/stageing\/wp-content\/uploads\/2025\/01\/1.jpg","contentUrl":"https:\/\/www.parruccheonline.com\/stageing\/wp-content\/uploads\/2025\/01\/1.jpg","width":800,"height":800,"caption":"parrucche di capelli veri sasha"},{"@type":"BreadcrumbList","@id":"https:\/\/www.parruccheonline.com\/stageing\/parrucca-di-capelli-veri-sasha\/#breadcrumb","itemListElement":[{"@type":"ListItem","position":1,"name":"Home","item":"https:\/\/www.parruccheonline.com\/stageing\/"},{"@type":"ListItem","position":2,"name":"Shop","item":"https:\/\/www.parruccheonline.com\/stageing\/shop\/"},{"@type":"ListItem","position":3,"name":"Parrucca di capelli veri Sasha"}]},{"@type":"WebSite","@id":"https:\/\/www.parruccheonline.com\/#website","url":"https:\/\/www.parruccheonline.com\/","name":"Parrucche Online","description":"","publisher":{"@id":"https:\/\/www.parruccheonline.com\/#organization"},"potentialAction":[{"@type":"SearchAction","target":{"@type":"EntryPoint","urlTemplate":"https:\/\/www.parruccheonline.com\/?s={search_term_string}"},"query-input":{"@type":"PropertyValueSpecification","valueRequired":true,"valueName":"search_term_string"}}],"inLanguage":"it-IT"},{"@type":"Organization","@id":"https:\/\/www.parruccheonline.com\/#organization","name":"Parrucche Online","url":"https:\/\/www.parruccheonline.com\/","logo":{"@type":"ImageObject","inLanguage":"it-IT","@id":"https:\/\/www.parruccheonline.com\/#\/schema\/logo\/image\/","url":"http:\/\/www.parruccheonline.com\/stageing\/wp-content\/uploads\/2024\/11\/logo_parrucche-online_nero.svg","contentUrl":"http:\/\/www.parruccheonline.com\/stageing\/wp-content\/uploads\/2024\/11\/logo_parrucche-online_nero.svg","width":1000,"height":280,"caption":"Parrucche Online"},"image":{"@id":"https:\/\/www.parruccheonline.com\/#\/schema\/logo\/image\/"},"sameAs":["https:\/\/www.facebook.com\/farcaphair","https:\/\/www.instagram.com\/parrucche_online_official\/"]}]}},"_links":{"self":[{"href":"https:\/\/www.parruccheonline.com\/stageing\/wp-json\/wp\/v2\/product\/47679","targetHints":{"allow":["GET"]}}],"collection":[{"href":"https:\/\/www.parruccheonline.com\/stageing\/wp-json\/wp\/v2\/product"}],"about":[{"href":"https:\/\/www.parruccheonline.com\/stageing\/wp-json\/wp\/v2\/types\/product"}],"replies":[{"embeddable":true,"href":"https:\/\/www.parruccheonline.com\/stageing\/wp-json\/wp\/v2\/comments?post=47679"}],"wp:featuredmedia":[{"embeddable":true,"href":"https:\/\/www.parruccheonline.com\/stageing\/wp-json\/wp\/v2\/media\/47787"}],"wp:attachment":[{"href":"https:\/\/www.parruccheonline.com\/stageing\/wp-json\/wp\/v2\/media?parent=47679"}],"wp:term":[{"taxonomy":"product_cat","embeddable":true,"href":"https:\/\/www.parruccheonline.com\/stageing\/wp-json\/wp\/v2\/product_cat?post=47679"},{"taxonomy":"product_tag","embeddable":true,"href":"https:\/\/www.parruccheonline.com\/stageing\/wp-json\/wp\/v2\/product_tag?post=47679"}],"curies":[{"name":"wp","href":"https:\/\/api.w.org\/{rel}","templated":true}]}}