{"id":4736,"date":"2016-01-19T15:02:22","date_gmt":"2016-01-19T14:02:22","guid":{"rendered":"https:\/\/www.parruccheonline.com\/prodotto\/default-category\/protesi-capelli\/protesi-capelli-uomo\/protesi-capelli-farcap-5\/"},"modified":"2025-05-18T02:07:14","modified_gmt":"2025-05-18T00:07:14","slug":"protesi-capelli-farcap-5","status":"publish","type":"product","link":"https:\/\/www.parruccheonline.com\/stageing\/protesi-capelli-farcap-5\/","title":{"rendered":"Protesi capelli Farcap 5"},"content":{"rendered":"<p><strong>Protesi capelli Farcap 5<\/strong> l&#8217;ultima produzione per coloro che amano la traspirazione e un prodotto leggero da indossare. la misura della calotta \u00e8 di cm cm 23 x 19 e modificabile fino a cm 20 x 11. Questa nuovo disegno proveniente da Farcaphair \u00e8 il mix giusto per ottene un impianto con molte caratteristiche apprezzabili, l&#8217; impalpabilit\u00e0 della calotta un &#8216;ottima ossigenazione del cuoio capelluto ed una certa longevit\u00e0 del prodotto, senza ricorrere a spessori particolari. Come si fissa la <strong>protesi di capelli Farcap 5<\/strong>? Molto semplice poich\u00e8 si pu\u00f2 definire un prodotto universale, quisndi che rispecchia le normali abitudini di ogni singolo utente. Collanti all&#8217; acqua o siliconici, bi adesivi telati o trasparenti di tenuta leggera, media o forti. <strong>Protesi capillare<\/strong> Farca5 \u00e8 interamente lavorata a mano con un bordo in poli leggero tutto perimetralmente di 5 cm. e un lace svizzero centrale per la traspirazione, il quale fornisce un ottimale effetto pelle. Capello Remy hair<\/p>\n<p>Avvertenza: la Protesi pu\u00f2 contenere una piccola quantit\u00e0 di capelli in fibra sintetica o talvolta di yak, funzionali all&#8217;ottimale realizzazione del prodotto.<\/p>\n<p><!-- START: massdescriptionedit --><\/p>\n<p><a href=\"http:\/\/farcaphair.com\/wp-content\/uploads\/2016\/03\/protesi-capelli-PER-MAIL-3.pdf\" target=\"_blank\" rel=\"noopener\"><img decoding=\"async\" class=\" size-full wp-image-317\" src=\"https:\/\/www.parruccheonline.com\/wp-content\/uploads\/2011\/03\/catalogo-protesi-capelli.jpg\" alt=\"catalogo protesi capelli\" width=\"141\" height=\"196\" \/><\/a>\u00a0\u00a0\u00a0\u00a0 <a href=\"http:\/\/www.parruccheonline.com\/content\/14-protesi-capelli\" target=\"_blank\" rel=\"noopener\"><img decoding=\"async\" class=\" size-full wp-image-318\" src=\"https:\/\/www.parruccheonline.com\/wp-content\/uploads\/2011\/03\/MANUTENZIONE-PROTESI-CAPELLI.jpg\" alt=\"protesi capelli forum\" width=\"251\" height=\"167\" srcset=\"https:\/\/www.parruccheonline.com\/stageing\/wp-content\/uploads\/2011\/03\/MANUTENZIONE-PROTESI-CAPELLI.jpg 525w, https:\/\/www.parruccheonline.com\/stageing\/wp-content\/uploads\/2011\/03\/MANUTENZIONE-PROTESI-CAPELLI-300x200.jpg 300w\" sizes=\"(max-width: 251px) 100vw, 251px\" \/><\/a> \u00a0\u00a0 <a href=\"http:\/\/www.parruccheonline.com\/79-collanti-parrucche-e-protesi\" target=\"_blank\" rel=\"noopener\"><img decoding=\"async\" class=\" size-full wp-image-319\" src=\"https:\/\/www.parruccheonline.com\/wp-content\/uploads\/2011\/03\/MANUTENZIONE-PROTESI-CAPELLI_1.jpg\" alt=\"accessori\" width=\"256\" height=\"170\" srcset=\"https:\/\/www.parruccheonline.com\/stageing\/wp-content\/uploads\/2011\/03\/MANUTENZIONE-PROTESI-CAPELLI_1.jpg 450w, https:\/\/www.parruccheonline.com\/stageing\/wp-content\/uploads\/2011\/03\/MANUTENZIONE-PROTESI-CAPELLI_1-300x200.jpg 300w\" sizes=\"(max-width: 256px) 100vw, 256px\" \/><\/a><\/p>\n<p><!-- END: massdescriptionedit --><!-- START: massdescriptionedit --><\/p>\n<p><!-- END: massdescriptionedit --><!-- START: massdescriptionedit --><\/p>\n<p><!-- END: massdescriptionedit --><!-- START: massdescriptionedit --><\/p>\n<p><!-- END: massdescriptionedit --><!-- START: massdescriptionedit --><\/p>\n<p><!-- END: massdescriptionedit --><\/p>\n","protected":false},"excerpt":{"rendered":"<p><!-- START: massdescriptionedit --><!-- END: massdescriptionedit --><\/p>\n<p><strong>Protesi capelli Farcap 5\u00a0<\/strong>cm 23&#215;19<strong>\u00a0<\/strong> l&#8217;ultima produzione per coloro che amano la traspirazione e un prodotto leggero da indossare. la misura \u00e8 di cm 23&#215;19 e modificabile fino a cm 20&#215;11<\/p>\n<p><!-- START: massdescriptionedit --><\/p>\n<p><img loading=\"lazy\" decoding=\"async\" class=\" size-full wp-image-320\" src=\"https:\/\/www.parruccheonline.com\/wp-content\/uploads\/2011\/03\/spedizioni-immediate.jpg\" alt=\"\" width=\"113\" height=\"70\" srcset=\"https:\/\/www.parruccheonline.com\/stageing\/wp-content\/uploads\/2011\/03\/spedizioni-immediate.jpg 881w, https:\/\/www.parruccheonline.com\/stageing\/wp-content\/uploads\/2011\/03\/spedizioni-immediate-800x495.jpg 800w, https:\/\/www.parruccheonline.com\/stageing\/wp-content\/uploads\/2011\/03\/spedizioni-immediate-300x186.jpg 300w, https:\/\/www.parruccheonline.com\/stageing\/wp-content\/uploads\/2011\/03\/spedizioni-immediate-768x475.jpg 768w\" sizes=\"(max-width: 113px) 100vw, 113px\" \/><\/p>\n<p><!-- END: massdescriptionedit --><\/p>\n","protected":false},"featured_media":4732,"comment_status":"open","ping_status":"closed","template":"","meta":{"_acf_changed":false},"product_cat":[1571,1586,1558],"product_tag":[1901,1626,1902,1792,1772],"class_list":{"0":"post-4736","1":"product","2":"type-product","3":"status-publish","4":"has-post-thumbnail","6":"product_cat-impianti-capillari-standard","7":"product_cat-125-parrucche-online","8":"product_cat-protesi-capelli-uomo","9":"product_tag-farcap-5","10":"product_tag-protesi-capelli","11":"product_tag-protesi-capelli-farcap-5","12":"product_tag-protesi-capelli-online","13":"product_tag-protesi-capillari","14":"pa_featured-no","15":"pa_fefa_impianti_capillari-bianco","16":"pa_fefa_impianti_capillari-biondoscuro","17":"pa_fefa_impianti_capillari-castano","18":"pa_fefa_impianti_capillari-castano10","19":"pa_fefa_impianti_capillari-castano40grigio","20":"pa_fefa_impianti_capillari-castanochiaro","21":"pa_fefa_impianti_capillari-castanocon80digrigio","22":"pa_fefa_impianti_capillari-castanomediocon20digrigio","23":"pa_fefa_impianti_capillari-castanoscuro","24":"pa_fefa_impianti_capillari-castanoscuro40grigio","25":"pa_fefa_impianti_capillari-castanoscurocon20digrigio","26":"pa_fefa_impianti_capillari-castanoscurocon50digrigio","27":"pa_fefa_impianti_capillari-nero1b","28":"pa_fefa_impianti_capillari-nerocon10percentodigrigio","29":"pa_lavorazione_protesi-poliperimetraleelacecentrale","30":"pa_misura_calotta_protesi-cm23x19","31":"pa_protesi_capelli_riducibile-si","32":"pa_tipologia_capelli-naturaleremy","34":"first","35":"instock","36":"sale","37":"taxable","38":"shipping-taxable","39":"purchasable","40":"product-type-variable","swatches":"rey-swatches","show_selected":""},"acf":[],"yoast_head":"<!-- This site is optimized with the Yoast SEO Premium plugin v24.8 (Yoast SEO v27.0) - https:\/\/yoast.com\/product\/yoast-seo-premium-wordpress\/ -->\n<title>Protesi capelli Farcap 5- ParruccheOnline.com<\/title>\n<meta name=\"description\" content=\"Protesi capelli Farcap 5 quando leggerezza e la traspirazione sono assemblate in un unico prodotto, protesi di capelli Farcap 5. Esclusiva sul Web\" \/>\n<meta name=\"robots\" content=\"noindex, follow, max-snippet:-1, max-image-preview:large, max-video-preview:-1\" \/>\n<meta property=\"og:locale\" content=\"it_IT\" \/>\n<meta property=\"og:type\" content=\"article\" \/>\n<meta property=\"og:title\" content=\"Protesi capelli Farcap 5\" \/>\n<meta property=\"og:description\" content=\"Protesi capelli Farcap 5 quando leggerezza e la traspirazione sono assemblate in un unico prodotto, protesi di capelli Farcap 5. Esclusiva sul Web\" \/>\n<meta property=\"og:url\" content=\"https:\/\/www.parruccheonline.com\/stageing\/protesi-capelli-farcap-5\/\" \/>\n<meta property=\"og:site_name\" content=\"Parrucche Online\" \/>\n<meta property=\"article:publisher\" content=\"https:\/\/www.facebook.com\/farcaphair\" \/>\n<meta property=\"article:modified_time\" content=\"2025-05-18T00:07:14+00:00\" \/>\n<meta property=\"og:image\" content=\"https:\/\/www.parruccheonline.com\/stageing\/wp-content\/uploads\/2016\/01\/4773.jpg\" \/>\n\t<meta property=\"og:image:width\" content=\"623\" \/>\n\t<meta property=\"og:image:height\" content=\"748\" \/>\n\t<meta property=\"og:image:type\" content=\"image\/jpeg\" \/>\n<meta name=\"twitter:card\" content=\"summary_large_image\" \/>\n<script type=\"application\/ld+json\" class=\"yoast-schema-graph\">{\"@context\":\"https:\/\/schema.org\",\"@graph\":[{\"@type\":\"WebPage\",\"@id\":\"https:\/\/www.parruccheonline.com\/stageing\/protesi-capelli-farcap-5\/\",\"url\":\"https:\/\/www.parruccheonline.com\/stageing\/protesi-capelli-farcap-5\/\",\"name\":\"Protesi capelli Farcap 5- ParruccheOnline.com\",\"isPartOf\":{\"@id\":\"https:\/\/www.parruccheonline.com\/#website\"},\"primaryImageOfPage\":{\"@id\":\"https:\/\/www.parruccheonline.com\/stageing\/protesi-capelli-farcap-5\/#primaryimage\"},\"image\":{\"@id\":\"https:\/\/www.parruccheonline.com\/stageing\/protesi-capelli-farcap-5\/#primaryimage\"},\"thumbnailUrl\":\"https:\/\/www.parruccheonline.com\/stageing\/wp-content\/uploads\/2016\/01\/4773.jpg\",\"datePublished\":\"2016-01-19T14:02:22+00:00\",\"dateModified\":\"2025-05-18T00:07:14+00:00\",\"description\":\"Protesi capelli Farcap 5 quando leggerezza e la traspirazione sono assemblate in un unico prodotto, protesi di capelli Farcap 5. Esclusiva sul Web\",\"breadcrumb\":{\"@id\":\"https:\/\/www.parruccheonline.com\/stageing\/protesi-capelli-farcap-5\/#breadcrumb\"},\"inLanguage\":\"it-IT\",\"potentialAction\":[{\"@type\":\"ReadAction\",\"target\":[\"https:\/\/www.parruccheonline.com\/stageing\/protesi-capelli-farcap-5\/\"]}]},{\"@type\":\"ImageObject\",\"inLanguage\":\"it-IT\",\"@id\":\"https:\/\/www.parruccheonline.com\/stageing\/protesi-capelli-farcap-5\/#primaryimage\",\"url\":\"https:\/\/www.parruccheonline.com\/stageing\/wp-content\/uploads\/2016\/01\/4773.jpg\",\"contentUrl\":\"https:\/\/www.parruccheonline.com\/stageing\/wp-content\/uploads\/2016\/01\/4773.jpg\",\"width\":623,\"height\":748,\"caption\":\"Protesi capelli Farcap 5\"},{\"@type\":\"BreadcrumbList\",\"@id\":\"https:\/\/www.parruccheonline.com\/stageing\/protesi-capelli-farcap-5\/#breadcrumb\",\"itemListElement\":[{\"@type\":\"ListItem\",\"position\":1,\"name\":\"Home\",\"item\":\"https:\/\/www.parruccheonline.com\/stageing\/\"},{\"@type\":\"ListItem\",\"position\":2,\"name\":\"Shop\",\"item\":\"https:\/\/www.parruccheonline.com\/stageing\/shop\/\"},{\"@type\":\"ListItem\",\"position\":3,\"name\":\"Protesi capelli Farcap 5\"}]},{\"@type\":\"WebSite\",\"@id\":\"https:\/\/www.parruccheonline.com\/#website\",\"url\":\"https:\/\/www.parruccheonline.com\/\",\"name\":\"Parrucche Online\",\"description\":\"\",\"publisher\":{\"@id\":\"https:\/\/www.parruccheonline.com\/#organization\"},\"potentialAction\":[{\"@type\":\"SearchAction\",\"target\":{\"@type\":\"EntryPoint\",\"urlTemplate\":\"https:\/\/www.parruccheonline.com\/?s={search_term_string}\"},\"query-input\":{\"@type\":\"PropertyValueSpecification\",\"valueRequired\":true,\"valueName\":\"search_term_string\"}}],\"inLanguage\":\"it-IT\"},{\"@type\":\"Organization\",\"@id\":\"https:\/\/www.parruccheonline.com\/#organization\",\"name\":\"Parrucche Online\",\"url\":\"https:\/\/www.parruccheonline.com\/\",\"logo\":{\"@type\":\"ImageObject\",\"inLanguage\":\"it-IT\",\"@id\":\"https:\/\/www.parruccheonline.com\/#\/schema\/logo\/image\/\",\"url\":\"http:\/\/www.parruccheonline.com\/stageing\/wp-content\/uploads\/2024\/11\/logo_parrucche-online_nero.svg\",\"contentUrl\":\"http:\/\/www.parruccheonline.com\/stageing\/wp-content\/uploads\/2024\/11\/logo_parrucche-online_nero.svg\",\"width\":1000,\"height\":280,\"caption\":\"Parrucche Online\"},\"image\":{\"@id\":\"https:\/\/www.parruccheonline.com\/#\/schema\/logo\/image\/\"},\"sameAs\":[\"https:\/\/www.facebook.com\/farcaphair\",\"https:\/\/www.instagram.com\/parrucche_online_official\/\"]}]}<\/script>\n<!-- \/ Yoast SEO Premium plugin. -->","yoast_head_json":{"title":"Protesi capelli Farcap 5- ParruccheOnline.com","description":"Protesi capelli Farcap 5 quando leggerezza e la traspirazione sono assemblate in un unico prodotto, protesi di capelli Farcap 5. Esclusiva sul Web","robots":{"index":"noindex","follow":"follow","max-snippet":"max-snippet:-1","max-image-preview":"max-image-preview:large","max-video-preview":"max-video-preview:-1"},"og_locale":"it_IT","og_type":"article","og_title":"Protesi capelli Farcap 5","og_description":"Protesi capelli Farcap 5 quando leggerezza e la traspirazione sono assemblate in un unico prodotto, protesi di capelli Farcap 5. Esclusiva sul Web","og_url":"https:\/\/www.parruccheonline.com\/stageing\/protesi-capelli-farcap-5\/","og_site_name":"Parrucche Online","article_publisher":"https:\/\/www.facebook.com\/farcaphair","article_modified_time":"2025-05-18T00:07:14+00:00","og_image":[{"width":623,"height":748,"url":"https:\/\/www.parruccheonline.com\/stageing\/wp-content\/uploads\/2016\/01\/4773.jpg","type":"image\/jpeg"}],"twitter_card":"summary_large_image","schema":{"@context":"https:\/\/schema.org","@graph":[{"@type":"WebPage","@id":"https:\/\/www.parruccheonline.com\/stageing\/protesi-capelli-farcap-5\/","url":"https:\/\/www.parruccheonline.com\/stageing\/protesi-capelli-farcap-5\/","name":"Protesi capelli Farcap 5- ParruccheOnline.com","isPartOf":{"@id":"https:\/\/www.parruccheonline.com\/#website"},"primaryImageOfPage":{"@id":"https:\/\/www.parruccheonline.com\/stageing\/protesi-capelli-farcap-5\/#primaryimage"},"image":{"@id":"https:\/\/www.parruccheonline.com\/stageing\/protesi-capelli-farcap-5\/#primaryimage"},"thumbnailUrl":"https:\/\/www.parruccheonline.com\/stageing\/wp-content\/uploads\/2016\/01\/4773.jpg","datePublished":"2016-01-19T14:02:22+00:00","dateModified":"2025-05-18T00:07:14+00:00","description":"Protesi capelli Farcap 5 quando leggerezza e la traspirazione sono assemblate in un unico prodotto, protesi di capelli Farcap 5. Esclusiva sul Web","breadcrumb":{"@id":"https:\/\/www.parruccheonline.com\/stageing\/protesi-capelli-farcap-5\/#breadcrumb"},"inLanguage":"it-IT","potentialAction":[{"@type":"ReadAction","target":["https:\/\/www.parruccheonline.com\/stageing\/protesi-capelli-farcap-5\/"]}]},{"@type":"ImageObject","inLanguage":"it-IT","@id":"https:\/\/www.parruccheonline.com\/stageing\/protesi-capelli-farcap-5\/#primaryimage","url":"https:\/\/www.parruccheonline.com\/stageing\/wp-content\/uploads\/2016\/01\/4773.jpg","contentUrl":"https:\/\/www.parruccheonline.com\/stageing\/wp-content\/uploads\/2016\/01\/4773.jpg","width":623,"height":748,"caption":"Protesi capelli Farcap 5"},{"@type":"BreadcrumbList","@id":"https:\/\/www.parruccheonline.com\/stageing\/protesi-capelli-farcap-5\/#breadcrumb","itemListElement":[{"@type":"ListItem","position":1,"name":"Home","item":"https:\/\/www.parruccheonline.com\/stageing\/"},{"@type":"ListItem","position":2,"name":"Shop","item":"https:\/\/www.parruccheonline.com\/stageing\/shop\/"},{"@type":"ListItem","position":3,"name":"Protesi capelli Farcap 5"}]},{"@type":"WebSite","@id":"https:\/\/www.parruccheonline.com\/#website","url":"https:\/\/www.parruccheonline.com\/","name":"Parrucche Online","description":"","publisher":{"@id":"https:\/\/www.parruccheonline.com\/#organization"},"potentialAction":[{"@type":"SearchAction","target":{"@type":"EntryPoint","urlTemplate":"https:\/\/www.parruccheonline.com\/?s={search_term_string}"},"query-input":{"@type":"PropertyValueSpecification","valueRequired":true,"valueName":"search_term_string"}}],"inLanguage":"it-IT"},{"@type":"Organization","@id":"https:\/\/www.parruccheonline.com\/#organization","name":"Parrucche Online","url":"https:\/\/www.parruccheonline.com\/","logo":{"@type":"ImageObject","inLanguage":"it-IT","@id":"https:\/\/www.parruccheonline.com\/#\/schema\/logo\/image\/","url":"http:\/\/www.parruccheonline.com\/stageing\/wp-content\/uploads\/2024\/11\/logo_parrucche-online_nero.svg","contentUrl":"http:\/\/www.parruccheonline.com\/stageing\/wp-content\/uploads\/2024\/11\/logo_parrucche-online_nero.svg","width":1000,"height":280,"caption":"Parrucche Online"},"image":{"@id":"https:\/\/www.parruccheonline.com\/#\/schema\/logo\/image\/"},"sameAs":["https:\/\/www.facebook.com\/farcaphair","https:\/\/www.instagram.com\/parrucche_online_official\/"]}]}},"_links":{"self":[{"href":"https:\/\/www.parruccheonline.com\/stageing\/wp-json\/wp\/v2\/product\/4736","targetHints":{"allow":["GET"]}}],"collection":[{"href":"https:\/\/www.parruccheonline.com\/stageing\/wp-json\/wp\/v2\/product"}],"about":[{"href":"https:\/\/www.parruccheonline.com\/stageing\/wp-json\/wp\/v2\/types\/product"}],"replies":[{"embeddable":true,"href":"https:\/\/www.parruccheonline.com\/stageing\/wp-json\/wp\/v2\/comments?post=4736"}],"wp:featuredmedia":[{"embeddable":true,"href":"https:\/\/www.parruccheonline.com\/stageing\/wp-json\/wp\/v2\/media\/4732"}],"wp:attachment":[{"href":"https:\/\/www.parruccheonline.com\/stageing\/wp-json\/wp\/v2\/media?parent=4736"}],"wp:term":[{"taxonomy":"product_cat","embeddable":true,"href":"https:\/\/www.parruccheonline.com\/stageing\/wp-json\/wp\/v2\/product_cat?post=4736"},{"taxonomy":"product_tag","embeddable":true,"href":"https:\/\/www.parruccheonline.com\/stageing\/wp-json\/wp\/v2\/product_tag?post=4736"}],"curies":[{"name":"wp","href":"https:\/\/api.w.org\/{rel}","templated":true}]}}