{"id":44462,"date":"2024-11-19T13:06:03","date_gmt":"2024-11-19T12:06:03","guid":{"rendered":"http:\/\/www.parruccheonline.com\/stageing\/?post_type=product&#038;p=44462"},"modified":"2026-02-26T11:22:02","modified_gmt":"2026-02-26T10:22:02","slug":"parrucca-naturale-fashion-capelli-europei","status":"publish","type":"product","link":"https:\/\/www.parruccheonline.com\/stageing\/parrucca-naturale-fashion-capelli-europei\/","title":{"rendered":"Parrucca naturale Fashion capelli europei"},"content":{"rendered":"<p>Parrucca naturale Fashion in capelli europei collezione Femina Diamond prodotta con materiali di alt\u00e0 qualit\u00e0 e studiate per garantire un massimo confort.<br \/>\nI capelli veri garantiscono naturalezza e bellezza all&#8217;immagine.<br \/>\nLa parrucca Fashion \u00e8 versatile e facilmente acconciabile ed \u00e8 da considerarsi ideale per usi prolungati nel tempo come nei casi di alopecia o, per periodi medio se si \u00e8 alla ricerca di una parrucca per chemioterapia.<\/p>\n<p>La parrucca naturale Fashion di capelli europei ha uno stile sartoriale realizzata da esperti artigiani consapevoli di offrirti un prodotto dalle enormi prestazioni.<\/p>\n<p>I capelli di matrice europa hanno una consistenza fine o media pi\u00f9 sottile rispetto a quelli di origine asiatica, lo spessore del capello pu\u00f2 sensibilmente cambiare in base alla tonalit\u00e0 del capello.<\/p>\n<p>Le parrucche di capelli europei avendo le cuticole intatte sono morbide al tatto ed estremamente piacevoli da poter acconciare. Altra preziosa caratteristica di questa parrucca sono il lace che non si limita solo alla zona frontale ma coinvolge anche la zona temporale, per rendere l&#8217;attaccatura pi\u00f9 naturale possibile.<\/p>\n<p>La parrucca Fashion possiede al centro testa un effetto cuoio capelluto estremamente realisticoe si pu\u00f2 spostare la riga a proprio piacimento.<\/p>\n<p>I preziosi inserti di silicone antiscivolo fanno si che il prodotto si allinei bene con le esigenze di chi soffre di alopecia o di perdita di capelli anche parziale in quanto garantiscono un grip superiore rispetto ad una canonica parrucca senza utilizzare forzatamente metodi di fissaggio come gli adesivi.<\/p>\n<p>Sul retro sono poste delle tessiture a macchina le quali consentono di ricreare effetti e acconciature elaborate.<\/p>\n<p>La parrucca naturale Fashion di capelli europei ha due bande elastiche per regolarne la taglia.<\/p>\n<p>Generalmente questo modello veste bene per misure medio\/piccine.<\/p>\n<p>Caratteristiche:<br \/>\nLace basette e su tutto l&#8217;arco frontale<br \/>\nCapelli Europei<br \/>\nLunghezza circa di cm 25\/30<br \/>\nTop centrale ad effetto cuoio capelluto ad iniezione<br \/>\nTessiture sul retro della calotta<br \/>\nParrucca fornita di antiscivolo<\/p>\n<p>&nbsp;<\/p>\n<p><a href=\"http:\/\/www.parruccheonline.com\/stageing\/wp-content\/uploads\/2025\/11\/Manuale-e-cura-parrucche-naturali.pdf\" target=\"_blank\" rel=\"noopener\">Manuale e cura parrucche naturali<\/a><\/p>\n","protected":false},"excerpt":{"rendered":"<p>Parrucca naturale Fashion capelli europei collezione Femina Diamond. Un modello che offre un aspetto incredibilmente realistico e naturale. Lace frontale e su basette top ad alto effetto realistico della cute sono i punti di forza di questo modello.<\/p>\n","protected":false},"featured_media":44430,"comment_status":"open","ping_status":"closed","template":"","meta":{"_acf_changed":false},"product_cat":[2186,2187,2188,1593,1623,1594,1601,1596,1597,1604,1548,1550,1551,1555,1556,1560,1572,1573,1575,1576,1579,1586,1589,1538,1546,1588],"product_tag":[],"class_list":{"0":"post-44462","1":"product","2":"type-product","3":"status-publish","4":"has-post-thumbnail","6":"product_cat-parrucche-di-lusso","7":"product_cat-parrucche-luxury-diamond","8":"product_cat-parrucche-luxury-emerald","9":"product_cat-tutte-le-parrucche","10":"product_cat-parrucche-femina","11":"product_cat-tutte-le-parrucche-donna","12":"product_cat-parrucche-naturali-donna","13":"product_cat-parrucca-alopecia-donna","14":"product_cat-parrucche-chemioterapia-donna","15":"product_cat-parrucche-capelli-europei-1","16":"product_cat-parrucche-in-lace","17":"product_cat-parrucche-lunghe","18":"product_cat-parrucche-medie","19":"product_cat-parrucche-lisce","20":"product_cat-parrucche-capello-naturale","21":"product_cat-parrucche","22":"product_cat-parrucca-rossa","23":"product_cat-parrucca-bionda","24":"product_cat-parrucche-capelli-europei","25":"product_cat-parrucche-milano","26":"product_cat-farcaphair-parrucche","27":"product_cat-125-parrucche-online","28":"product_cat-parrucche-capelli-veri-prezzi-1","29":"product_cat-parrucche-in-capello-naturale-fefa","30":"product_cat-parrucca-capelli-veri-in-lace","31":"product_cat-parrucche-capelli-veri-prezzi","32":"pa_brand-marchi-femina","33":"pa_colori_parrucche-18-22r","34":"pa_colori_parrucche-2233","35":"pa_colori_parrucche-coffe","36":"pa_colori_parrucche-colore-8-26-24","37":"pa_colori_parrucche-espresso-nc","38":"pa_colori_parrucche-nc7-22","39":"pa_colori_parrucche-sic","40":"pa_dispositivo_medico-si","41":"pa_lace_front_attaccatura-si","42":"pa_lavorazione_parrucca-f7-amanosucentrotesta_amacchi","43":"pa_piega-liscia","44":"pa_taglia-parrucca-media","45":"pa_taglio-medio","46":"pa_tipologia_capelli-naturale-europeo","48":"first","49":"instock","50":"sale","51":"taxable","52":"shipping-taxable","53":"purchasable","54":"product-type-variable","swatches":"rey-swatches","show_selected":""},"acf":[],"yoast_head":"<!-- This site is optimized with the Yoast SEO Premium plugin v24.8 (Yoast SEO v27.0) - https:\/\/yoast.com\/product\/yoast-seo-premium-wordpress\/ -->\n<title>Parrucca naturale Fashion capelli europei - Parrucche Online<\/title>\n<meta name=\"description\" content=\"Parrucca naturale Fashion capelli europei realizzata con materiali di alta qualit\u00e0 per garantire il massimo comfort. Solo su Parrucche Online.\" \/>\n<meta name=\"robots\" content=\"noindex, follow, max-snippet:-1, max-image-preview:large, max-video-preview:-1\" \/>\n<meta property=\"og:locale\" content=\"it_IT\" \/>\n<meta property=\"og:type\" content=\"article\" \/>\n<meta property=\"og:title\" content=\"Parrucca naturale Fashion capelli europei\" \/>\n<meta property=\"og:description\" content=\"Parrucca naturale Fashion capelli europei realizzata con materiali di alta qualit\u00e0 per garantire il massimo comfort. Solo su Parrucche Online.\" \/>\n<meta property=\"og:url\" content=\"https:\/\/www.parruccheonline.com\/stageing\/parrucca-naturale-fashion-capelli-europei\/\" \/>\n<meta property=\"og:site_name\" content=\"Parrucche Online\" \/>\n<meta property=\"article:publisher\" content=\"https:\/\/www.facebook.com\/farcaphair\" \/>\n<meta property=\"article:modified_time\" content=\"2026-02-26T10:22:02+00:00\" \/>\n<meta property=\"og:image\" content=\"https:\/\/www.parruccheonline.com\/stageing\/wp-content\/uploads\/2024\/11\/22.jpg\" \/>\n\t<meta property=\"og:image:width\" content=\"800\" \/>\n\t<meta property=\"og:image:height\" content=\"800\" \/>\n\t<meta property=\"og:image:type\" content=\"image\/jpeg\" \/>\n<meta name=\"twitter:card\" content=\"summary_large_image\" \/>\n<script type=\"application\/ld+json\" class=\"yoast-schema-graph\">{\"@context\":\"https:\/\/schema.org\",\"@graph\":[{\"@type\":\"WebPage\",\"@id\":\"https:\/\/www.parruccheonline.com\/stageing\/parrucca-naturale-fashion-capelli-europei\/\",\"url\":\"https:\/\/www.parruccheonline.com\/stageing\/parrucca-naturale-fashion-capelli-europei\/\",\"name\":\"Parrucca naturale Fashion capelli europei - Parrucche Online\",\"isPartOf\":{\"@id\":\"https:\/\/www.parruccheonline.com\/#website\"},\"primaryImageOfPage\":{\"@id\":\"https:\/\/www.parruccheonline.com\/stageing\/parrucca-naturale-fashion-capelli-europei\/#primaryimage\"},\"image\":{\"@id\":\"https:\/\/www.parruccheonline.com\/stageing\/parrucca-naturale-fashion-capelli-europei\/#primaryimage\"},\"thumbnailUrl\":\"https:\/\/www.parruccheonline.com\/stageing\/wp-content\/uploads\/2024\/11\/22.jpg\",\"datePublished\":\"2024-11-19T12:06:03+00:00\",\"dateModified\":\"2026-02-26T10:22:02+00:00\",\"description\":\"Parrucca naturale Fashion capelli europei realizzata con materiali di alta qualit\u00e0 per garantire il massimo comfort. Solo su Parrucche Online.\",\"breadcrumb\":{\"@id\":\"https:\/\/www.parruccheonline.com\/stageing\/parrucca-naturale-fashion-capelli-europei\/#breadcrumb\"},\"inLanguage\":\"it-IT\",\"potentialAction\":[{\"@type\":\"ReadAction\",\"target\":[\"https:\/\/www.parruccheonline.com\/stageing\/parrucca-naturale-fashion-capelli-europei\/\"]}]},{\"@type\":\"ImageObject\",\"inLanguage\":\"it-IT\",\"@id\":\"https:\/\/www.parruccheonline.com\/stageing\/parrucca-naturale-fashion-capelli-europei\/#primaryimage\",\"url\":\"https:\/\/www.parruccheonline.com\/stageing\/wp-content\/uploads\/2024\/11\/22.jpg\",\"contentUrl\":\"https:\/\/www.parruccheonline.com\/stageing\/wp-content\/uploads\/2024\/11\/22.jpg\",\"width\":800,\"height\":800},{\"@type\":\"BreadcrumbList\",\"@id\":\"https:\/\/www.parruccheonline.com\/stageing\/parrucca-naturale-fashion-capelli-europei\/#breadcrumb\",\"itemListElement\":[{\"@type\":\"ListItem\",\"position\":1,\"name\":\"Home\",\"item\":\"https:\/\/www.parruccheonline.com\/stageing\/\"},{\"@type\":\"ListItem\",\"position\":2,\"name\":\"Shop\",\"item\":\"https:\/\/www.parruccheonline.com\/stageing\/shop\/\"},{\"@type\":\"ListItem\",\"position\":3,\"name\":\"Parrucca naturale Fashion capelli europei\"}]},{\"@type\":\"WebSite\",\"@id\":\"https:\/\/www.parruccheonline.com\/#website\",\"url\":\"https:\/\/www.parruccheonline.com\/\",\"name\":\"Parrucche Online\",\"description\":\"\",\"publisher\":{\"@id\":\"https:\/\/www.parruccheonline.com\/#organization\"},\"potentialAction\":[{\"@type\":\"SearchAction\",\"target\":{\"@type\":\"EntryPoint\",\"urlTemplate\":\"https:\/\/www.parruccheonline.com\/?s={search_term_string}\"},\"query-input\":{\"@type\":\"PropertyValueSpecification\",\"valueRequired\":true,\"valueName\":\"search_term_string\"}}],\"inLanguage\":\"it-IT\"},{\"@type\":\"Organization\",\"@id\":\"https:\/\/www.parruccheonline.com\/#organization\",\"name\":\"Parrucche Online\",\"url\":\"https:\/\/www.parruccheonline.com\/\",\"logo\":{\"@type\":\"ImageObject\",\"inLanguage\":\"it-IT\",\"@id\":\"https:\/\/www.parruccheonline.com\/#\/schema\/logo\/image\/\",\"url\":\"http:\/\/www.parruccheonline.com\/stageing\/wp-content\/uploads\/2024\/11\/logo_parrucche-online_nero.svg\",\"contentUrl\":\"http:\/\/www.parruccheonline.com\/stageing\/wp-content\/uploads\/2024\/11\/logo_parrucche-online_nero.svg\",\"width\":1000,\"height\":280,\"caption\":\"Parrucche Online\"},\"image\":{\"@id\":\"https:\/\/www.parruccheonline.com\/#\/schema\/logo\/image\/\"},\"sameAs\":[\"https:\/\/www.facebook.com\/farcaphair\",\"https:\/\/www.instagram.com\/parrucche_online_official\/\"]}]}<\/script>\n<!-- \/ Yoast SEO Premium plugin. -->","yoast_head_json":{"title":"Parrucca naturale Fashion capelli europei - Parrucche Online","description":"Parrucca naturale Fashion capelli europei realizzata con materiali di alta qualit\u00e0 per garantire il massimo comfort. Solo su Parrucche Online.","robots":{"index":"noindex","follow":"follow","max-snippet":"max-snippet:-1","max-image-preview":"max-image-preview:large","max-video-preview":"max-video-preview:-1"},"og_locale":"it_IT","og_type":"article","og_title":"Parrucca naturale Fashion capelli europei","og_description":"Parrucca naturale Fashion capelli europei realizzata con materiali di alta qualit\u00e0 per garantire il massimo comfort. Solo su Parrucche Online.","og_url":"https:\/\/www.parruccheonline.com\/stageing\/parrucca-naturale-fashion-capelli-europei\/","og_site_name":"Parrucche Online","article_publisher":"https:\/\/www.facebook.com\/farcaphair","article_modified_time":"2026-02-26T10:22:02+00:00","og_image":[{"width":800,"height":800,"url":"https:\/\/www.parruccheonline.com\/stageing\/wp-content\/uploads\/2024\/11\/22.jpg","type":"image\/jpeg"}],"twitter_card":"summary_large_image","schema":{"@context":"https:\/\/schema.org","@graph":[{"@type":"WebPage","@id":"https:\/\/www.parruccheonline.com\/stageing\/parrucca-naturale-fashion-capelli-europei\/","url":"https:\/\/www.parruccheonline.com\/stageing\/parrucca-naturale-fashion-capelli-europei\/","name":"Parrucca naturale Fashion capelli europei - Parrucche Online","isPartOf":{"@id":"https:\/\/www.parruccheonline.com\/#website"},"primaryImageOfPage":{"@id":"https:\/\/www.parruccheonline.com\/stageing\/parrucca-naturale-fashion-capelli-europei\/#primaryimage"},"image":{"@id":"https:\/\/www.parruccheonline.com\/stageing\/parrucca-naturale-fashion-capelli-europei\/#primaryimage"},"thumbnailUrl":"https:\/\/www.parruccheonline.com\/stageing\/wp-content\/uploads\/2024\/11\/22.jpg","datePublished":"2024-11-19T12:06:03+00:00","dateModified":"2026-02-26T10:22:02+00:00","description":"Parrucca naturale Fashion capelli europei realizzata con materiali di alta qualit\u00e0 per garantire il massimo comfort. Solo su Parrucche Online.","breadcrumb":{"@id":"https:\/\/www.parruccheonline.com\/stageing\/parrucca-naturale-fashion-capelli-europei\/#breadcrumb"},"inLanguage":"it-IT","potentialAction":[{"@type":"ReadAction","target":["https:\/\/www.parruccheonline.com\/stageing\/parrucca-naturale-fashion-capelli-europei\/"]}]},{"@type":"ImageObject","inLanguage":"it-IT","@id":"https:\/\/www.parruccheonline.com\/stageing\/parrucca-naturale-fashion-capelli-europei\/#primaryimage","url":"https:\/\/www.parruccheonline.com\/stageing\/wp-content\/uploads\/2024\/11\/22.jpg","contentUrl":"https:\/\/www.parruccheonline.com\/stageing\/wp-content\/uploads\/2024\/11\/22.jpg","width":800,"height":800},{"@type":"BreadcrumbList","@id":"https:\/\/www.parruccheonline.com\/stageing\/parrucca-naturale-fashion-capelli-europei\/#breadcrumb","itemListElement":[{"@type":"ListItem","position":1,"name":"Home","item":"https:\/\/www.parruccheonline.com\/stageing\/"},{"@type":"ListItem","position":2,"name":"Shop","item":"https:\/\/www.parruccheonline.com\/stageing\/shop\/"},{"@type":"ListItem","position":3,"name":"Parrucca naturale Fashion capelli europei"}]},{"@type":"WebSite","@id":"https:\/\/www.parruccheonline.com\/#website","url":"https:\/\/www.parruccheonline.com\/","name":"Parrucche Online","description":"","publisher":{"@id":"https:\/\/www.parruccheonline.com\/#organization"},"potentialAction":[{"@type":"SearchAction","target":{"@type":"EntryPoint","urlTemplate":"https:\/\/www.parruccheonline.com\/?s={search_term_string}"},"query-input":{"@type":"PropertyValueSpecification","valueRequired":true,"valueName":"search_term_string"}}],"inLanguage":"it-IT"},{"@type":"Organization","@id":"https:\/\/www.parruccheonline.com\/#organization","name":"Parrucche Online","url":"https:\/\/www.parruccheonline.com\/","logo":{"@type":"ImageObject","inLanguage":"it-IT","@id":"https:\/\/www.parruccheonline.com\/#\/schema\/logo\/image\/","url":"http:\/\/www.parruccheonline.com\/stageing\/wp-content\/uploads\/2024\/11\/logo_parrucche-online_nero.svg","contentUrl":"http:\/\/www.parruccheonline.com\/stageing\/wp-content\/uploads\/2024\/11\/logo_parrucche-online_nero.svg","width":1000,"height":280,"caption":"Parrucche Online"},"image":{"@id":"https:\/\/www.parruccheonline.com\/#\/schema\/logo\/image\/"},"sameAs":["https:\/\/www.facebook.com\/farcaphair","https:\/\/www.instagram.com\/parrucche_online_official\/"]}]}},"_links":{"self":[{"href":"https:\/\/www.parruccheonline.com\/stageing\/wp-json\/wp\/v2\/product\/44462","targetHints":{"allow":["GET"]}}],"collection":[{"href":"https:\/\/www.parruccheonline.com\/stageing\/wp-json\/wp\/v2\/product"}],"about":[{"href":"https:\/\/www.parruccheonline.com\/stageing\/wp-json\/wp\/v2\/types\/product"}],"replies":[{"embeddable":true,"href":"https:\/\/www.parruccheonline.com\/stageing\/wp-json\/wp\/v2\/comments?post=44462"}],"wp:featuredmedia":[{"embeddable":true,"href":"https:\/\/www.parruccheonline.com\/stageing\/wp-json\/wp\/v2\/media\/44430"}],"wp:attachment":[{"href":"https:\/\/www.parruccheonline.com\/stageing\/wp-json\/wp\/v2\/media?parent=44462"}],"wp:term":[{"taxonomy":"product_cat","embeddable":true,"href":"https:\/\/www.parruccheonline.com\/stageing\/wp-json\/wp\/v2\/product_cat?post=44462"},{"taxonomy":"product_tag","embeddable":true,"href":"https:\/\/www.parruccheonline.com\/stageing\/wp-json\/wp\/v2\/product_tag?post=44462"}],"curies":[{"name":"wp","href":"https:\/\/api.w.org\/{rel}","templated":true}]}}