{"id":2025,"date":"2013-06-25T14:31:50","date_gmt":"2013-06-25T12:31:50","guid":{"rendered":"http:\/\/www.parruccheonline.com\/stageing\/prodotto\/default-category\/protesi-capelli\/accessori-protesi-capelli-1\/biadesivo-sensi-tak\/"},"modified":"2026-04-21T11:59:56","modified_gmt":"2026-04-21T09:59:56","slug":"biadesivo-sensi-tak","status":"publish","type":"product","link":"https:\/\/www.parruccheonline.com\/stageing\/biadesivo-sensi-tak\/","title":{"rendered":"Biadesivo SENSI-TAK"},"content":{"rendered":"<p><span style=\"font-size: 12pt;font-family: verdana, geneva\">Biadesivo SENSI-TAK\u00a0\u00e8 un nastro adesivo trasparente che pu\u00f2 essere applicato a tutti i tipi di protesi. E&#8217; facile da pulire durante la fase di rimozione, perch\u00e8 non lascia residui.<\/span><\/p>\n<p><span style=\"font-size: 10pt\"><span style=\"color: #0000ff\">Durata:<\/span> una settimana<\/span><\/p>\n<p><span style=\"font-size: 10pt\"><span style=\"color: #0000ff\">Misure:<\/span> Lunghezza 2,75 m. Larghezza 1,8 cm.<\/span><\/p>\n","protected":false},"excerpt":{"rendered":"<p><span style=\"font-size: 12pt;font-family: verdana, geneva\">Biadesivo SENSI-TAK Nastro adesivo trasparente che pu\u00f2 essere applicato a tutti i tipi di protesi.<\/span><\/p>\n","protected":false},"featured_media":2024,"comment_status":"open","ping_status":"closed","template":"","meta":{"_acf_changed":false},"product_cat":[1605],"product_tag":[1687,1626,1686],"class_list":{"0":"post-2025","1":"product","2":"type-product","3":"status-publish","4":"has-post-thumbnail","6":"product_cat-accessori","7":"product_tag-biadesivo-sensi-tak","8":"product_tag-protesi-capelli","9":"product_tag-sensi-tak","10":"pa_featured-no","12":"first","13":"instock","14":"taxable","15":"shipping-taxable","16":"purchasable","17":"product-type-simple","swatches":"rey-swatches","show_selected":""},"acf":[],"yoast_head":"<!-- This site is optimized with the Yoast SEO Premium plugin v24.8 (Yoast SEO v27.0) - https:\/\/yoast.com\/product\/yoast-seo-premium-wordpress\/ -->\n<title>Biodesivo sensi-tak |Parruccheonline<\/title>\n<meta name=\"description\" content=\"biadesivo sensi-tak per protesi capelli su Parruccheonline creotto rosso trasparente acquista ora ai migliori prezzi sul webi biadesivo sensi-tak.\" \/>\n<meta name=\"robots\" content=\"noindex, follow, max-snippet:-1, max-image-preview:large, max-video-preview:-1\" \/>\n<meta property=\"og:locale\" content=\"it_IT\" \/>\n<meta property=\"og:type\" content=\"article\" \/>\n<meta property=\"og:title\" content=\"Biadesivo SENSI-TAK\" \/>\n<meta property=\"og:description\" content=\"biadesivo sensi-tak per protesi capelli su Parruccheonline creotto rosso trasparente acquista ora ai migliori prezzi sul webi biadesivo sensi-tak.\" \/>\n<meta property=\"og:url\" content=\"https:\/\/www.parruccheonline.com\/stageing\/biadesivo-sensi-tak\/\" \/>\n<meta property=\"og:site_name\" content=\"Parrucche Online\" \/>\n<meta property=\"article:publisher\" content=\"https:\/\/www.facebook.com\/farcaphair\" \/>\n<meta property=\"article:modified_time\" content=\"2026-04-21T09:59:56+00:00\" \/>\n<meta property=\"og:image\" content=\"https:\/\/www.parruccheonline.com\/stageing\/wp-content\/uploads\/2013\/06\/3094.jpg\" \/>\n\t<meta property=\"og:image:width\" content=\"315\" \/>\n\t<meta property=\"og:image:height\" content=\"315\" \/>\n\t<meta property=\"og:image:type\" content=\"image\/jpeg\" \/>\n<meta name=\"twitter:card\" content=\"summary_large_image\" \/>\n<script type=\"application\/ld+json\" class=\"yoast-schema-graph\">{\"@context\":\"https:\/\/schema.org\",\"@graph\":[{\"@type\":\"WebPage\",\"@id\":\"https:\/\/www.parruccheonline.com\/stageing\/biadesivo-sensi-tak\/\",\"url\":\"https:\/\/www.parruccheonline.com\/stageing\/biadesivo-sensi-tak\/\",\"name\":\"Biodesivo sensi-tak |Parruccheonline\",\"isPartOf\":{\"@id\":\"https:\/\/www.parruccheonline.com\/#website\"},\"primaryImageOfPage\":{\"@id\":\"https:\/\/www.parruccheonline.com\/stageing\/biadesivo-sensi-tak\/#primaryimage\"},\"image\":{\"@id\":\"https:\/\/www.parruccheonline.com\/stageing\/biadesivo-sensi-tak\/#primaryimage\"},\"thumbnailUrl\":\"https:\/\/www.parruccheonline.com\/stageing\/wp-content\/uploads\/2013\/06\/3094.jpg\",\"datePublished\":\"2013-06-25T12:31:50+00:00\",\"dateModified\":\"2026-04-21T09:59:56+00:00\",\"description\":\"biadesivo sensi-tak per protesi capelli su Parruccheonline creotto rosso trasparente acquista ora ai migliori prezzi sul webi biadesivo sensi-tak.\",\"breadcrumb\":{\"@id\":\"https:\/\/www.parruccheonline.com\/stageing\/biadesivo-sensi-tak\/#breadcrumb\"},\"inLanguage\":\"it-IT\",\"potentialAction\":[{\"@type\":\"ReadAction\",\"target\":[\"https:\/\/www.parruccheonline.com\/stageing\/biadesivo-sensi-tak\/\"]}]},{\"@type\":\"ImageObject\",\"inLanguage\":\"it-IT\",\"@id\":\"https:\/\/www.parruccheonline.com\/stageing\/biadesivo-sensi-tak\/#primaryimage\",\"url\":\"https:\/\/www.parruccheonline.com\/stageing\/wp-content\/uploads\/2013\/06\/3094.jpg\",\"contentUrl\":\"https:\/\/www.parruccheonline.com\/stageing\/wp-content\/uploads\/2013\/06\/3094.jpg\",\"width\":315,\"height\":315,\"caption\":\"Biadesivo SENSI\/TAK\"},{\"@type\":\"BreadcrumbList\",\"@id\":\"https:\/\/www.parruccheonline.com\/stageing\/biadesivo-sensi-tak\/#breadcrumb\",\"itemListElement\":[{\"@type\":\"ListItem\",\"position\":1,\"name\":\"Home\",\"item\":\"https:\/\/www.parruccheonline.com\/stageing\/\"},{\"@type\":\"ListItem\",\"position\":2,\"name\":\"Shop\",\"item\":\"https:\/\/www.parruccheonline.com\/stageing\/shop\/\"},{\"@type\":\"ListItem\",\"position\":3,\"name\":\"Biadesivo SENSI-TAK\"}]},{\"@type\":\"WebSite\",\"@id\":\"https:\/\/www.parruccheonline.com\/#website\",\"url\":\"https:\/\/www.parruccheonline.com\/\",\"name\":\"Parrucche Online\",\"description\":\"\",\"publisher\":{\"@id\":\"https:\/\/www.parruccheonline.com\/#organization\"},\"potentialAction\":[{\"@type\":\"SearchAction\",\"target\":{\"@type\":\"EntryPoint\",\"urlTemplate\":\"https:\/\/www.parruccheonline.com\/?s={search_term_string}\"},\"query-input\":{\"@type\":\"PropertyValueSpecification\",\"valueRequired\":true,\"valueName\":\"search_term_string\"}}],\"inLanguage\":\"it-IT\"},{\"@type\":\"Organization\",\"@id\":\"https:\/\/www.parruccheonline.com\/#organization\",\"name\":\"Parrucche Online\",\"url\":\"https:\/\/www.parruccheonline.com\/\",\"logo\":{\"@type\":\"ImageObject\",\"inLanguage\":\"it-IT\",\"@id\":\"https:\/\/www.parruccheonline.com\/#\/schema\/logo\/image\/\",\"url\":\"http:\/\/www.parruccheonline.com\/stageing\/wp-content\/uploads\/2024\/11\/logo_parrucche-online_nero.svg\",\"contentUrl\":\"http:\/\/www.parruccheonline.com\/stageing\/wp-content\/uploads\/2024\/11\/logo_parrucche-online_nero.svg\",\"width\":1000,\"height\":280,\"caption\":\"Parrucche Online\"},\"image\":{\"@id\":\"https:\/\/www.parruccheonline.com\/#\/schema\/logo\/image\/\"},\"sameAs\":[\"https:\/\/www.facebook.com\/farcaphair\",\"https:\/\/www.instagram.com\/parrucche_online_official\/\"]}]}<\/script>\n<!-- \/ Yoast SEO Premium plugin. -->","yoast_head_json":{"title":"Biodesivo sensi-tak |Parruccheonline","description":"biadesivo sensi-tak per protesi capelli su Parruccheonline creotto rosso trasparente acquista ora ai migliori prezzi sul webi biadesivo sensi-tak.","robots":{"index":"noindex","follow":"follow","max-snippet":"max-snippet:-1","max-image-preview":"max-image-preview:large","max-video-preview":"max-video-preview:-1"},"og_locale":"it_IT","og_type":"article","og_title":"Biadesivo SENSI-TAK","og_description":"biadesivo sensi-tak per protesi capelli su Parruccheonline creotto rosso trasparente acquista ora ai migliori prezzi sul webi biadesivo sensi-tak.","og_url":"https:\/\/www.parruccheonline.com\/stageing\/biadesivo-sensi-tak\/","og_site_name":"Parrucche Online","article_publisher":"https:\/\/www.facebook.com\/farcaphair","article_modified_time":"2026-04-21T09:59:56+00:00","og_image":[{"width":315,"height":315,"url":"https:\/\/www.parruccheonline.com\/stageing\/wp-content\/uploads\/2013\/06\/3094.jpg","type":"image\/jpeg"}],"twitter_card":"summary_large_image","schema":{"@context":"https:\/\/schema.org","@graph":[{"@type":"WebPage","@id":"https:\/\/www.parruccheonline.com\/stageing\/biadesivo-sensi-tak\/","url":"https:\/\/www.parruccheonline.com\/stageing\/biadesivo-sensi-tak\/","name":"Biodesivo sensi-tak |Parruccheonline","isPartOf":{"@id":"https:\/\/www.parruccheonline.com\/#website"},"primaryImageOfPage":{"@id":"https:\/\/www.parruccheonline.com\/stageing\/biadesivo-sensi-tak\/#primaryimage"},"image":{"@id":"https:\/\/www.parruccheonline.com\/stageing\/biadesivo-sensi-tak\/#primaryimage"},"thumbnailUrl":"https:\/\/www.parruccheonline.com\/stageing\/wp-content\/uploads\/2013\/06\/3094.jpg","datePublished":"2013-06-25T12:31:50+00:00","dateModified":"2026-04-21T09:59:56+00:00","description":"biadesivo sensi-tak per protesi capelli su Parruccheonline creotto rosso trasparente acquista ora ai migliori prezzi sul webi biadesivo sensi-tak.","breadcrumb":{"@id":"https:\/\/www.parruccheonline.com\/stageing\/biadesivo-sensi-tak\/#breadcrumb"},"inLanguage":"it-IT","potentialAction":[{"@type":"ReadAction","target":["https:\/\/www.parruccheonline.com\/stageing\/biadesivo-sensi-tak\/"]}]},{"@type":"ImageObject","inLanguage":"it-IT","@id":"https:\/\/www.parruccheonline.com\/stageing\/biadesivo-sensi-tak\/#primaryimage","url":"https:\/\/www.parruccheonline.com\/stageing\/wp-content\/uploads\/2013\/06\/3094.jpg","contentUrl":"https:\/\/www.parruccheonline.com\/stageing\/wp-content\/uploads\/2013\/06\/3094.jpg","width":315,"height":315,"caption":"Biadesivo SENSI\/TAK"},{"@type":"BreadcrumbList","@id":"https:\/\/www.parruccheonline.com\/stageing\/biadesivo-sensi-tak\/#breadcrumb","itemListElement":[{"@type":"ListItem","position":1,"name":"Home","item":"https:\/\/www.parruccheonline.com\/stageing\/"},{"@type":"ListItem","position":2,"name":"Shop","item":"https:\/\/www.parruccheonline.com\/stageing\/shop\/"},{"@type":"ListItem","position":3,"name":"Biadesivo SENSI-TAK"}]},{"@type":"WebSite","@id":"https:\/\/www.parruccheonline.com\/#website","url":"https:\/\/www.parruccheonline.com\/","name":"Parrucche Online","description":"","publisher":{"@id":"https:\/\/www.parruccheonline.com\/#organization"},"potentialAction":[{"@type":"SearchAction","target":{"@type":"EntryPoint","urlTemplate":"https:\/\/www.parruccheonline.com\/?s={search_term_string}"},"query-input":{"@type":"PropertyValueSpecification","valueRequired":true,"valueName":"search_term_string"}}],"inLanguage":"it-IT"},{"@type":"Organization","@id":"https:\/\/www.parruccheonline.com\/#organization","name":"Parrucche Online","url":"https:\/\/www.parruccheonline.com\/","logo":{"@type":"ImageObject","inLanguage":"it-IT","@id":"https:\/\/www.parruccheonline.com\/#\/schema\/logo\/image\/","url":"http:\/\/www.parruccheonline.com\/stageing\/wp-content\/uploads\/2024\/11\/logo_parrucche-online_nero.svg","contentUrl":"http:\/\/www.parruccheonline.com\/stageing\/wp-content\/uploads\/2024\/11\/logo_parrucche-online_nero.svg","width":1000,"height":280,"caption":"Parrucche Online"},"image":{"@id":"https:\/\/www.parruccheonline.com\/#\/schema\/logo\/image\/"},"sameAs":["https:\/\/www.facebook.com\/farcaphair","https:\/\/www.instagram.com\/parrucche_online_official\/"]}]}},"_links":{"self":[{"href":"https:\/\/www.parruccheonline.com\/stageing\/wp-json\/wp\/v2\/product\/2025","targetHints":{"allow":["GET"]}}],"collection":[{"href":"https:\/\/www.parruccheonline.com\/stageing\/wp-json\/wp\/v2\/product"}],"about":[{"href":"https:\/\/www.parruccheonline.com\/stageing\/wp-json\/wp\/v2\/types\/product"}],"replies":[{"embeddable":true,"href":"https:\/\/www.parruccheonline.com\/stageing\/wp-json\/wp\/v2\/comments?post=2025"}],"wp:featuredmedia":[{"embeddable":true,"href":"https:\/\/www.parruccheonline.com\/stageing\/wp-json\/wp\/v2\/media\/2024"}],"wp:attachment":[{"href":"https:\/\/www.parruccheonline.com\/stageing\/wp-json\/wp\/v2\/media?parent=2025"}],"wp:term":[{"taxonomy":"product_cat","embeddable":true,"href":"https:\/\/www.parruccheonline.com\/stageing\/wp-json\/wp\/v2\/product_cat?post=2025"},{"taxonomy":"product_tag","embeddable":true,"href":"https:\/\/www.parruccheonline.com\/stageing\/wp-json\/wp\/v2\/product_tag?post=2025"}],"curies":[{"name":"wp","href":"https:\/\/api.w.org\/{rel}","templated":true}]}}